{"id":8243,"date":"2018-03-29T13:37:18","date_gmt":"2018-03-29T13:37:18","guid":{"rendered":"https:\/\/www.agrosistemos.lt\/galereja\/completed-objects\/"},"modified":"2019-05-22T20:30:51","modified_gmt":"2019-05-22T20:30:51","slug":"realizovannye-proekty","status":"publish","type":"page","link":"https:\/\/www.agrosistemos.lt\/ru\/galereja\/realizovannye-proekty\/","title":{"rendered":"\u0420\u0435\u0430\u043b\u0438\u0437\u043e\u0432\u0430\u043d\u043d\u044b\u0435 \u043f\u0440\u043e\u0435\u043a\u0442\u044b"},"content":{"rendered":"<p>[vc_row][vc_column][vc_column_text]<\/p>\n<h3>\u012egyvendinti projektai<\/h3>\n<p>[\/vc_column_text][vc_empty_space][\/vc_column][\/vc_row][vc_row][vc_column][vc_column_text]<\/p>\n<h4 style=\"text-align: left;\">Bene, Latvija<\/h4>\n<p>[\/vc_column_text][vc_empty_space][vc_row_inner][vc_column_inner width=&#187;2\/3&#8243;][vc_column_text]5 kompensaciniai konusiniai bok\u0161tai Feerum (798 m3)<\/p>\n<p>6 plok\u0161\u010diadugniai bok\u0161tai Feerum (3922 m3)<\/p>\n<p>150 t\/h transportavimo linija<\/p>\n<p>Nepertraukiamo veikimo gr\u016bd\u0173 d\u017eiovykla (90 t)<\/p>\n<p>2 pri\u0117mimo duob\u0117s[\/vc_column_text][\/vc_column_inner][vc_column_inner width=&#187;1\/3&#8243;][vc_gallery type=&#187;flexslider_slide&#187; interval=&#187;0&#8243; images=&#187;4649,4650,4651,4652,4653,4654,4655,4656,4657,4658,4659,4660&#8243; img_size=&#187;full&#187;][\/vc_column_inner][\/vc_row_inner][vc_empty_space][\/vc_column][\/vc_row][vc_row][vc_column][vc_column_text]<\/p>\n<h4 style=\"text-align: left;\">\u0160akiai<\/h4>\n<p>[\/vc_column_text][vc_empty_space][vc_row_inner][vc_column_inner width=&#187;2\/3&#8243;][vc_column_text]5 kompensaciniai konusiniai bok\u0161tai Feerum (644 m3)<\/p>\n<p>4 plok\u0161\u010diadugniai bok\u0161tai Feerum (2272 m3)<\/p>\n<p>Nepertraukiamo veikimo d\u017eiovykla su \u0161ilumokai\u010diu Feerum (90 t)<\/p>\n<p>130 t\/h transportavimo linija[\/vc_column_text][\/vc_column_inner][vc_column_inner width=&#187;1\/3&#8243;][vc_gallery type=&#187;flexslider_slide&#187; interval=&#187;0&#8243; images=&#187;4636,4637,4638,4639,4640,4641,4642,4643,4644,4645,4646,4647,4648&#8243; img_size=&#187;full&#187;][\/vc_column_inner][\/vc_row_inner][vc_empty_space][\/vc_column][\/vc_row][vc_row][vc_column][vc_column_text]<\/p>\n<h4 style=\"text-align: left;\">Pasvalio raj.<\/h4>\n<p>[\/vc_column_text][vc_empty_space][vc_row_inner][vc_column_inner width=&#187;2\/3&#8243;][vc_column_text]Kompensacinis konusinis bok\u0161tas MICHAL (234,65 m3)<\/p>\n<p>Dvigubo, porcijinio ir nepertraukiamo veikimo, d\u017eiovykla Feerum (29,5 t)[\/vc_column_text][\/vc_column_inner][vc_column_inner width=&#187;1\/3&#8243;][vc_gallery type=&#187;flexslider_slide&#187; interval=&#187;0&#8243; images=&#187;5536,5534,5535,5532,5533,5531&#8243; img_size=&#187;full&#187;][\/vc_column_inner][\/vc_row_inner][vc_empty_space][\/vc_column][\/vc_row][vc_row][vc_column][vc_column_text]<\/p>\n<h4 style=\"text-align: left;\">Bir\u017e\u0173 raj.<\/h4>\n<p>[\/vc_column_text][vc_empty_space][vc_row_inner][vc_column_inner width=&#187;2\/3&#8243;][vc_column_text]Konusinis bok\u0161tas MICHAL (134,68 m3)<\/p>\n<p>Konusinis bok\u0161tas MICHAL (45,5 m3)<\/p>\n<p>2 plok\u0161\u010diadugniai bok\u0161tai MICHAL (234,65 m3)<\/p>\n<p>Dvigubo, porcijinio ir nepertraukiamo veikimo, d\u017eiovykla Feerum (29,5 t)<\/p>\n<p>Plok\u0161\u010diadugnis bok\u0161tas Feerum (669 m3)<\/p>\n<p>Nepertraukiamo veikimo d\u017eiovykla Feerum (21,8 t)<\/p>\n<p>50 t\/h transportavimo linija[\/vc_column_text][\/vc_column_inner][vc_column_inner width=&#187;1\/3&#8243;][vc_gallery type=&#187;flexslider_slide&#187; interval=&#187;0&#8243; images=&#187;6031,6032,6033,6035,6038,6036&#8243; img_size=&#187;full&#187;][\/vc_column_inner][\/vc_row_inner][vc_empty_space][\/vc_column][\/vc_row][vc_row][vc_column][vc_column_text]<\/p>\n<h4 style=\"text-align: left;\">Pakruojo raj.<\/h4>\n<p>[\/vc_column_text][vc_empty_space][vc_row_inner][vc_column_inner width=&#187;2\/3&#8243;][vc_column_text]2 konusiniai bok\u0161tai MICHAL (94,52 m3)<\/p>\n<p>4 plok\u0161\u010diadugniai bok\u0161tai MICHAL (311,1 m3)[\/vc_column_text][\/vc_column_inner][vc_column_inner width=&#187;1\/3&#8243;][vc_gallery type=&#187;flexslider_slide&#187; interval=&#187;0&#8243; images=&#187;6040,6041,6042,6043,6044,6045,6038&#8243; img_size=&#187;full&#187;][\/vc_column_inner][\/vc_row_inner][vc_empty_space][\/vc_column][\/vc_row][vc_row][vc_column][vc_column_text]<\/p>\n<h4 style=\"text-align: left;\">Taurag\u0117s raj.<\/h4>\n<p>[\/vc_column_text][vc_empty_space][vc_row_inner][vc_column_inner width=&#187;2\/3&#8243;][vc_column_text]4 konusiniai bok\u0161tai MICHAL (134,68 m3)<\/p>\n<p>1 konusinis bok\u0161tas MICHAL (74,45 m3)<\/p>\n<p>Porcijin\u0117 gr\u016bd\u0173 d\u017eiovykla Feerum (13 t)[\/vc_column_text][\/vc_column_inner][vc_column_inner width=&#187;1\/3&#8243;][vc_gallery type=&#187;flexslider_slide&#187; interval=&#187;0&#8243; images=&#187;6047,6054,6055&#8243; img_size=&#187;full&#187;][\/vc_column_inner][\/vc_row_inner][vc_empty_space][\/vc_column][\/vc_row][vc_row][vc_column]<a itemprop=\"url\" href=\"http:\/\/www.agrosistemos.lt\/galerija\/\" target=\"_self\"  class=\"mkd-btn mkd-btn-medium mkd-btn-solid\"  >\n    <span class=\"mkd-btn-text\">Gr\u012f\u017eti atgal<\/span>\n    <\/a>[vc_empty_space][\/vc_column][\/vc_row]<\/p>\n","protected":false},"excerpt":{"rendered":"<p>[vc_row][vc_column][vc_column_text] \u012egyvendinti projektai [\/vc_column_text][vc_empty_space][\/vc_column][\/vc_row][vc_row][vc_column][vc_column_text] Bene, Latvija [\/vc_column_text][vc_empty_space][vc_row_inner][vc_column_inner width=&#187;2\/3&#8243;][vc_column_text]5 kompensaciniai konusiniai bok\u0161tai Feerum (798 m3) 6 plok\u0161\u010diadugniai bok\u0161tai Feerum (3922 m3) 150 t\/h transportavimo linija Nepertraukiamo veikimo gr\u016bd\u0173 d\u017eiovykla (90 t) 2 pri\u0117mimo duob\u0117s[\/vc_column_text][\/vc_column_inner][vc_column_inner width=&#187;1\/3&#8243;][vc_gallery type=&#187;flexslider_slide&#187; interval=&#187;0&#8243; images=&#187;4649,4650,4651,4652,4653,4654,4655,4656,4657,4658,4659,4660&#8243; img_size=&#187;full&#187;][\/vc_column_inner][\/vc_row_inner][vc_empty_space][\/vc_column][\/vc_row][vc_row][vc_column][vc_column_text] \u0160akiai [\/vc_column_text][vc_empty_space][vc_row_inner][vc_column_inner width=&#187;2\/3&#8243;][vc_column_text]5 kompensaciniai konusiniai bok\u0161tai Feerum&#8230;<\/p>\n","protected":false},"author":4,"featured_media":0,"parent":7972,"menu_order":0,"comment_status":"closed","ping_status":"closed","template":"","meta":{"footnotes":""},"yoast_head":"<!-- This site is optimized with the Yoast SEO plugin v22.1 - https:\/\/yoast.com\/wordpress\/plugins\/seo\/ -->\n<title>\u0420\u0435\u0430\u043b\u0438\u0437\u043e\u0432\u0430\u043d\u043d\u044b\u0435 \u043f\u0440\u043e\u0435\u043a\u0442\u044b | Agrosistemos | Modernus \u016bkis<\/title>\n<meta name=\"description\" content=\"UAB Agrosistemos \u012fgyvendinti projektai : Latvijoje, \u0160akiuose, Pasvalio, Bri\u017e\u0173, Pakruojo, Taurag\u0117s rajonuose.\" \/>\n<meta name=\"robots\" content=\"index, follow, max-snippet:-1, max-image-preview:large, max-video-preview:-1\" \/>\n<link rel=\"canonical\" href=\"https:\/\/www.agrosistemos.lt\/ru\/galereja\/realizovannye-proekty\/\" \/>\n<meta property=\"og:locale\" content=\"ru_RU\" \/>\n<meta property=\"og:type\" content=\"article\" \/>\n<meta property=\"og:title\" content=\"\u0420\u0435\u0430\u043b\u0438\u0437\u043e\u0432\u0430\u043d\u043d\u044b\u0435 \u043f\u0440\u043e\u0435\u043a\u0442\u044b | Agrosistemos | Modernus \u016bkis\" \/>\n<meta property=\"og:description\" content=\"UAB Agrosistemos \u012fgyvendinti projektai : Latvijoje, \u0160akiuose, Pasvalio, Bri\u017e\u0173, Pakruojo, Taurag\u0117s rajonuose.\" \/>\n<meta property=\"og:url\" content=\"https:\/\/www.agrosistemos.lt\/ru\/galereja\/realizovannye-proekty\/\" \/>\n<meta property=\"og:site_name\" content=\"Agrosistemos\" \/>\n<meta property=\"article:publisher\" content=\"https:\/\/www.facebook.com\/agrosistemos\/\" \/>\n<meta property=\"article:modified_time\" content=\"2019-05-22T20:30:51+00:00\" \/>\n<meta property=\"og:image\" content=\"https:\/\/www.agrosistemos.lt\/wp-content\/uploads\/2017\/07\/logo.png\" \/>\n\t<meta property=\"og:image:width\" content=\"170\" \/>\n\t<meta property=\"og:image:height\" content=\"92\" \/>\n\t<meta property=\"og:image:type\" content=\"image\/png\" \/>\n<meta name=\"twitter:card\" content=\"summary_large_image\" \/>\n<meta name=\"twitter:label1\" content=\"\u041f\u0440\u0438\u043c\u0435\u0440\u043d\u043e\u0435 \u0432\u0440\u0435\u043c\u044f \u0434\u043b\u044f \u0447\u0442\u0435\u043d\u0438\u044f\" \/>\n\t<meta name=\"twitter:data1\" content=\"3 \u043c\u0438\u043d\u0443\u0442\u044b\" \/>\n<script type=\"application\/ld+json\" class=\"yoast-schema-graph\">{\"@context\":\"https:\/\/schema.org\",\"@graph\":[{\"@type\":\"WebPage\",\"@id\":\"https:\/\/www.agrosistemos.lt\/ru\/galereja\/realizovannye-proekty\/\",\"url\":\"https:\/\/www.agrosistemos.lt\/ru\/galereja\/realizovannye-proekty\/\",\"name\":\"\u0420\u0435\u0430\u043b\u0438\u0437\u043e\u0432\u0430\u043d\u043d\u044b\u0435 \u043f\u0440\u043e\u0435\u043a\u0442\u044b | Agrosistemos | Modernus \u016bkis\",\"isPartOf\":{\"@id\":\"https:\/\/www.agrosistemos.lt\/ru\/#website\"},\"datePublished\":\"2018-03-29T13:37:18+00:00\",\"dateModified\":\"2019-05-22T20:30:51+00:00\",\"description\":\"UAB Agrosistemos \u012fgyvendinti projektai : Latvijoje, \u0160akiuose, Pasvalio, Bri\u017e\u0173, Pakruojo, Taurag\u0117s rajonuose.\",\"breadcrumb\":{\"@id\":\"https:\/\/www.agrosistemos.lt\/ru\/galereja\/realizovannye-proekty\/#breadcrumb\"},\"inLanguage\":\"ru-RU\",\"potentialAction\":[{\"@type\":\"ReadAction\",\"target\":[\"https:\/\/www.agrosistemos.lt\/ru\/galereja\/realizovannye-proekty\/\"]}]},{\"@type\":\"BreadcrumbList\",\"@id\":\"https:\/\/www.agrosistemos.lt\/ru\/galereja\/realizovannye-proekty\/#breadcrumb\",\"itemListElement\":[{\"@type\":\"ListItem\",\"position\":1,\"name\":\"Home\",\"item\":\"https:\/\/www.agrosistemos.lt\/ru\/\"},{\"@type\":\"ListItem\",\"position\":2,\"name\":\"\u0413\u0430\u043b\u0435\u0440\u0435\u044f\",\"item\":\"https:\/\/www.agrosistemos.lt\/ru\/galereja\/\"},{\"@type\":\"ListItem\",\"position\":3,\"name\":\"\u0420\u0435\u0430\u043b\u0438\u0437\u043e\u0432\u0430\u043d\u043d\u044b\u0435 \u043f\u0440\u043e\u0435\u043a\u0442\u044b\"}]},{\"@type\":\"WebSite\",\"@id\":\"https:\/\/www.agrosistemos.lt\/ru\/#website\",\"url\":\"https:\/\/www.agrosistemos.lt\/ru\/\",\"name\":\"Agrosistemos\",\"description\":\"Viskas moderniam \u016bkiui\",\"publisher\":{\"@id\":\"https:\/\/www.agrosistemos.lt\/ru\/#organization\"},\"potentialAction\":[{\"@type\":\"SearchAction\",\"target\":{\"@type\":\"EntryPoint\",\"urlTemplate\":\"https:\/\/www.agrosistemos.lt\/ru\/?s={search_term_string}\"},\"query-input\":\"required name=search_term_string\"}],\"inLanguage\":\"ru-RU\"},{\"@type\":\"Organization\",\"@id\":\"https:\/\/www.agrosistemos.lt\/ru\/#organization\",\"name\":\"UAB Agrosistemos\",\"url\":\"https:\/\/www.agrosistemos.lt\/ru\/\",\"logo\":{\"@type\":\"ImageObject\",\"inLanguage\":\"ru-RU\",\"@id\":\"https:\/\/www.agrosistemos.lt\/ru\/#\/schema\/logo\/image\/\",\"url\":\"https:\/\/www.agrosistemos.lt\/wp-content\/uploads\/2019\/03\/Piktogramai-e1582537433243.png\",\"contentUrl\":\"https:\/\/www.agrosistemos.lt\/wp-content\/uploads\/2019\/03\/Piktogramai-e1582537433243.png\",\"width\":100,\"height\":100,\"caption\":\"UAB Agrosistemos\"},\"image\":{\"@id\":\"https:\/\/www.agrosistemos.lt\/ru\/#\/schema\/logo\/image\/\"},\"sameAs\":[\"https:\/\/www.facebook.com\/agrosistemos\/\"]}]}<\/script>\n<!-- \/ Yoast SEO plugin. -->","yoast_head_json":{"title":"\u0420\u0435\u0430\u043b\u0438\u0437\u043e\u0432\u0430\u043d\u043d\u044b\u0435 \u043f\u0440\u043e\u0435\u043a\u0442\u044b | Agrosistemos | Modernus \u016bkis","description":"UAB Agrosistemos \u012fgyvendinti projektai : Latvijoje, \u0160akiuose, Pasvalio, Bri\u017e\u0173, Pakruojo, Taurag\u0117s rajonuose.","robots":{"index":"index","follow":"follow","max-snippet":"max-snippet:-1","max-image-preview":"max-image-preview:large","max-video-preview":"max-video-preview:-1"},"canonical":"https:\/\/www.agrosistemos.lt\/ru\/galereja\/realizovannye-proekty\/","og_locale":"ru_RU","og_type":"article","og_title":"\u0420\u0435\u0430\u043b\u0438\u0437\u043e\u0432\u0430\u043d\u043d\u044b\u0435 \u043f\u0440\u043e\u0435\u043a\u0442\u044b | Agrosistemos | Modernus \u016bkis","og_description":"UAB Agrosistemos \u012fgyvendinti projektai : Latvijoje, \u0160akiuose, Pasvalio, Bri\u017e\u0173, Pakruojo, Taurag\u0117s rajonuose.","og_url":"https:\/\/www.agrosistemos.lt\/ru\/galereja\/realizovannye-proekty\/","og_site_name":"Agrosistemos","article_publisher":"https:\/\/www.facebook.com\/agrosistemos\/","article_modified_time":"2019-05-22T20:30:51+00:00","og_image":[{"width":170,"height":92,"url":"https:\/\/www.agrosistemos.lt\/wp-content\/uploads\/2017\/07\/logo.png","type":"image\/png"}],"twitter_card":"summary_large_image","twitter_misc":{"\u041f\u0440\u0438\u043c\u0435\u0440\u043d\u043e\u0435 \u0432\u0440\u0435\u043c\u044f \u0434\u043b\u044f \u0447\u0442\u0435\u043d\u0438\u044f":"3 \u043c\u0438\u043d\u0443\u0442\u044b"},"schema":{"@context":"https:\/\/schema.org","@graph":[{"@type":"WebPage","@id":"https:\/\/www.agrosistemos.lt\/ru\/galereja\/realizovannye-proekty\/","url":"https:\/\/www.agrosistemos.lt\/ru\/galereja\/realizovannye-proekty\/","name":"\u0420\u0435\u0430\u043b\u0438\u0437\u043e\u0432\u0430\u043d\u043d\u044b\u0435 \u043f\u0440\u043e\u0435\u043a\u0442\u044b | Agrosistemos | Modernus \u016bkis","isPartOf":{"@id":"https:\/\/www.agrosistemos.lt\/ru\/#website"},"datePublished":"2018-03-29T13:37:18+00:00","dateModified":"2019-05-22T20:30:51+00:00","description":"UAB Agrosistemos \u012fgyvendinti projektai : Latvijoje, \u0160akiuose, Pasvalio, Bri\u017e\u0173, Pakruojo, Taurag\u0117s rajonuose.","breadcrumb":{"@id":"https:\/\/www.agrosistemos.lt\/ru\/galereja\/realizovannye-proekty\/#breadcrumb"},"inLanguage":"ru-RU","potentialAction":[{"@type":"ReadAction","target":["https:\/\/www.agrosistemos.lt\/ru\/galereja\/realizovannye-proekty\/"]}]},{"@type":"BreadcrumbList","@id":"https:\/\/www.agrosistemos.lt\/ru\/galereja\/realizovannye-proekty\/#breadcrumb","itemListElement":[{"@type":"ListItem","position":1,"name":"Home","item":"https:\/\/www.agrosistemos.lt\/ru\/"},{"@type":"ListItem","position":2,"name":"\u0413\u0430\u043b\u0435\u0440\u0435\u044f","item":"https:\/\/www.agrosistemos.lt\/ru\/galereja\/"},{"@type":"ListItem","position":3,"name":"\u0420\u0435\u0430\u043b\u0438\u0437\u043e\u0432\u0430\u043d\u043d\u044b\u0435 \u043f\u0440\u043e\u0435\u043a\u0442\u044b"}]},{"@type":"WebSite","@id":"https:\/\/www.agrosistemos.lt\/ru\/#website","url":"https:\/\/www.agrosistemos.lt\/ru\/","name":"Agrosistemos","description":"Viskas moderniam \u016bkiui","publisher":{"@id":"https:\/\/www.agrosistemos.lt\/ru\/#organization"},"potentialAction":[{"@type":"SearchAction","target":{"@type":"EntryPoint","urlTemplate":"https:\/\/www.agrosistemos.lt\/ru\/?s={search_term_string}"},"query-input":"required name=search_term_string"}],"inLanguage":"ru-RU"},{"@type":"Organization","@id":"https:\/\/www.agrosistemos.lt\/ru\/#organization","name":"UAB Agrosistemos","url":"https:\/\/www.agrosistemos.lt\/ru\/","logo":{"@type":"ImageObject","inLanguage":"ru-RU","@id":"https:\/\/www.agrosistemos.lt\/ru\/#\/schema\/logo\/image\/","url":"https:\/\/www.agrosistemos.lt\/wp-content\/uploads\/2019\/03\/Piktogramai-e1582537433243.png","contentUrl":"https:\/\/www.agrosistemos.lt\/wp-content\/uploads\/2019\/03\/Piktogramai-e1582537433243.png","width":100,"height":100,"caption":"UAB Agrosistemos"},"image":{"@id":"https:\/\/www.agrosistemos.lt\/ru\/#\/schema\/logo\/image\/"},"sameAs":["https:\/\/www.facebook.com\/agrosistemos\/"]}]}},"_links":{"self":[{"href":"https:\/\/www.agrosistemos.lt\/ru\/wp-json\/wp\/v2\/pages\/8243"}],"collection":[{"href":"https:\/\/www.agrosistemos.lt\/ru\/wp-json\/wp\/v2\/pages"}],"about":[{"href":"https:\/\/www.agrosistemos.lt\/ru\/wp-json\/wp\/v2\/types\/page"}],"author":[{"embeddable":true,"href":"https:\/\/www.agrosistemos.lt\/ru\/wp-json\/wp\/v2\/users\/4"}],"replies":[{"embeddable":true,"href":"https:\/\/www.agrosistemos.lt\/ru\/wp-json\/wp\/v2\/comments?post=8243"}],"version-history":[{"count":1,"href":"https:\/\/www.agrosistemos.lt\/ru\/wp-json\/wp\/v2\/pages\/8243\/revisions"}],"predecessor-version":[{"id":8244,"href":"https:\/\/www.agrosistemos.lt\/ru\/wp-json\/wp\/v2\/pages\/8243\/revisions\/8244"}],"up":[{"embeddable":true,"href":"https:\/\/www.agrosistemos.lt\/ru\/wp-json\/wp\/v2\/pages\/7972"}],"wp:attachment":[{"href":"https:\/\/www.agrosistemos.lt\/ru\/wp-json\/wp\/v2\/media?parent=8243"}],"curies":[{"name":"wp","href":"https:\/\/api.w.org\/{rel}","templated":true}]}}