{"id":8013,"date":"2018-03-09T17:11:37","date_gmt":"2018-03-09T17:11:37","guid":{"rendered":"https:\/\/www.agrosistemos.lt\/used-machinery\/"},"modified":"2020-02-25T19:02:53","modified_gmt":"2020-02-25T19:02:53","slug":"bu-tehnika","status":"publish","type":"page","link":"https:\/\/www.agrosistemos.lt\/ru\/bu-tehnika\/","title":{"rendered":"\u0411\/\u0423 \u0442\u0435\u0445\u043d\u0438\u043a\u0430"},"content":{"rendered":"<p>[vc_row][vc_column width=&#187;1\/3&#8243;][vc_column_text]<\/p>\n<h4 style=\"text-align: center;\"><a href=\"https:\/\/www.agrosistemos.lt\/naudota-technika\/traktoriai\/\">Traktoriai<\/a><\/h4>\n<p>[\/vc_column_text][vc_empty_space][vc_single_image image=&#187;4668&#8243; img_size=&#187;full&#187; onclick=&#187;custom_link&#187; link=&#187;https:\/\/autoplius.lt\/agrosistemos\/skelbimai\/statybos-sandeliavimo-komunaline-technika\/statybos-ir-keliu-tiesimo-technika&#187;][vc_empty_space][\/vc_column][vc_column width=&#187;1\/3&#8243;][vc_column_text]<\/p>\n<h4 style=\"text-align: center;\"><a href=\"https:\/\/www.agrosistemos.lt\/naudota-technika\/kombainai\/\">Kombainai<\/a><\/h4>\n<p>[\/vc_column_text][vc_empty_space][vc_single_image image=&#187;4669&#8243; img_size=&#187;full&#187; onclick=&#187;custom_link&#187; link=&#187;https:\/\/autoplius.lt\/agrosistemos\/skelbimai\/zemes-ukio-misko-technika-manipuliatoriai\/zemes-ukio-savaeige-technika&#187;][vc_empty_space][\/vc_column][vc_column width=&#187;1\/3&#8243;][vc_column_text]<\/p>\n<h4 style=\"text-align: center;\"><a href=\"https:\/\/www.agrosistemos.lt\/naudota-technika\/zemes-ukio-padargai\/\">\u017dem\u0117s \u016bkio padargai<\/a><\/h4>\n<p>[\/vc_column_text][vc_empty_space][vc_empty_space][vc_empty_space][vc_single_image image=&#187;3616&#8243; img_size=&#187;full&#187; onclick=&#187;custom_link&#187; link=&#187;https:\/\/autoplius.lt\/agrosistemos\/skelbimai\/zemes-ukio-misko-technika-manipuliatoriai\/zemes-ukio-padargai&#187;][vc_empty_space][\/vc_column][\/vc_row]<\/p>\n","protected":false},"excerpt":{"rendered":"<p>[vc_row][vc_column width=&#187;1\/3&#8243;][vc_column_text] Traktoriai [\/vc_column_text][vc_empty_space][vc_single_image image=&#187;4668&#8243; img_size=&#187;full&#187; onclick=&#187;custom_link&#187; link=&#187;https:\/\/autoplius.lt\/agrosistemos\/skelbimai\/statybos-sandeliavimo-komunaline-technika\/statybos-ir-keliu-tiesimo-technika&#187;][vc_empty_space][\/vc_column][vc_column width=&#187;1\/3&#8243;][vc_column_text] Kombainai [\/vc_column_text][vc_empty_space][vc_single_image image=&#187;4669&#8243; img_size=&#187;full&#187; onclick=&#187;custom_link&#187; link=&#187;https:\/\/autoplius.lt\/agrosistemos\/skelbimai\/zemes-ukio-misko-technika-manipuliatoriai\/zemes-ukio-savaeige-technika&#187;][vc_empty_space][\/vc_column][vc_column width=&#187;1\/3&#8243;][vc_column_text] \u017dem\u0117s \u016bkio padargai [\/vc_column_text][vc_empty_space][vc_empty_space][vc_empty_space][vc_single_image image=&#187;3616&#8243; img_size=&#187;full&#187; onclick=&#187;custom_link&#187; link=&#187;https:\/\/autoplius.lt\/agrosistemos\/skelbimai\/zemes-ukio-misko-technika-manipuliatoriai\/zemes-ukio-padargai&#187;][vc_empty_space][\/vc_column][\/vc_row]<\/p>\n","protected":false},"author":4,"featured_media":0,"parent":0,"menu_order":0,"comment_status":"closed","ping_status":"closed","template":"","meta":{"footnotes":""},"yoast_head":"<!-- This site is optimized with the Yoast SEO plugin v22.1 - https:\/\/yoast.com\/wordpress\/plugins\/seo\/ -->\n<title>Naudota \u017eem\u0117s \u016bkio technika | Traktoriai | Kombainai | Padargai<\/title>\n<meta name=\"description\" content=\"Kokybi\u0161ka naudota \u017eem\u0117s \u016bkio technika : Traktoriai, kombainai, \u017eem\u0117s \u016bkio padargai. Esant poreikiui pristatome visoje Lietuvoje tiesiai \u012f J\u016bs\u0173 \u016bk\u012f.\" \/>\n<meta name=\"robots\" content=\"index, follow, max-snippet:-1, max-image-preview:large, max-video-preview:-1\" \/>\n<link rel=\"canonical\" href=\"https:\/\/www.agrosistemos.lt\/ru\/bu-tehnika\/\" \/>\n<meta property=\"og:locale\" content=\"ru_RU\" \/>\n<meta property=\"og:type\" content=\"article\" \/>\n<meta property=\"og:title\" content=\"Naudota \u017eem\u0117s \u016bkio technika | Traktoriai | Kombainai | Padargai\" \/>\n<meta property=\"og:description\" content=\"Kokybi\u0161ka naudota \u017eem\u0117s \u016bkio technika : Traktoriai, kombainai, \u017eem\u0117s \u016bkio padargai. Esant poreikiui pristatome visoje Lietuvoje tiesiai \u012f J\u016bs\u0173 \u016bk\u012f.\" \/>\n<meta property=\"og:url\" content=\"https:\/\/www.agrosistemos.lt\/ru\/bu-tehnika\/\" \/>\n<meta property=\"og:site_name\" content=\"Agrosistemos\" \/>\n<meta property=\"article:publisher\" content=\"https:\/\/www.facebook.com\/agrosistemos\/\" \/>\n<meta property=\"article:modified_time\" content=\"2020-02-25T19:02:53+00:00\" \/>\n<meta property=\"og:image\" content=\"https:\/\/www.agrosistemos.lt\/wp-content\/uploads\/2017\/07\/logo.png\" \/>\n\t<meta property=\"og:image:width\" content=\"170\" \/>\n\t<meta property=\"og:image:height\" content=\"92\" \/>\n\t<meta property=\"og:image:type\" content=\"image\/png\" \/>\n<meta name=\"twitter:card\" content=\"summary_large_image\" \/>\n<meta name=\"twitter:label1\" content=\"\u041f\u0440\u0438\u043c\u0435\u0440\u043d\u043e\u0435 \u0432\u0440\u0435\u043c\u044f \u0434\u043b\u044f \u0447\u0442\u0435\u043d\u0438\u044f\" \/>\n\t<meta name=\"twitter:data1\" content=\"1 \u043c\u0438\u043d\u0443\u0442\u0430\" \/>\n<script type=\"application\/ld+json\" class=\"yoast-schema-graph\">{\"@context\":\"https:\/\/schema.org\",\"@graph\":[{\"@type\":\"WebPage\",\"@id\":\"https:\/\/www.agrosistemos.lt\/ru\/bu-tehnika\/\",\"url\":\"https:\/\/www.agrosistemos.lt\/ru\/bu-tehnika\/\",\"name\":\"Naudota \u017eem\u0117s \u016bkio technika | Traktoriai | Kombainai | Padargai\",\"isPartOf\":{\"@id\":\"https:\/\/www.agrosistemos.lt\/ru\/#website\"},\"datePublished\":\"2018-03-09T17:11:37+00:00\",\"dateModified\":\"2020-02-25T19:02:53+00:00\",\"description\":\"Kokybi\u0161ka naudota \u017eem\u0117s \u016bkio technika : Traktoriai, kombainai, \u017eem\u0117s \u016bkio padargai. Esant poreikiui pristatome visoje Lietuvoje tiesiai \u012f J\u016bs\u0173 \u016bk\u012f.\",\"breadcrumb\":{\"@id\":\"https:\/\/www.agrosistemos.lt\/ru\/bu-tehnika\/#breadcrumb\"},\"inLanguage\":\"ru-RU\",\"potentialAction\":[{\"@type\":\"ReadAction\",\"target\":[\"https:\/\/www.agrosistemos.lt\/ru\/bu-tehnika\/\"]}]},{\"@type\":\"BreadcrumbList\",\"@id\":\"https:\/\/www.agrosistemos.lt\/ru\/bu-tehnika\/#breadcrumb\",\"itemListElement\":[{\"@type\":\"ListItem\",\"position\":1,\"name\":\"Home\",\"item\":\"https:\/\/www.agrosistemos.lt\/ru\/\"},{\"@type\":\"ListItem\",\"position\":2,\"name\":\"\u0411\/\u0423 \u0442\u0435\u0445\u043d\u0438\u043a\u0430\"}]},{\"@type\":\"WebSite\",\"@id\":\"https:\/\/www.agrosistemos.lt\/ru\/#website\",\"url\":\"https:\/\/www.agrosistemos.lt\/ru\/\",\"name\":\"Agrosistemos\",\"description\":\"Viskas moderniam \u016bkiui\",\"publisher\":{\"@id\":\"https:\/\/www.agrosistemos.lt\/ru\/#organization\"},\"potentialAction\":[{\"@type\":\"SearchAction\",\"target\":{\"@type\":\"EntryPoint\",\"urlTemplate\":\"https:\/\/www.agrosistemos.lt\/ru\/?s={search_term_string}\"},\"query-input\":\"required name=search_term_string\"}],\"inLanguage\":\"ru-RU\"},{\"@type\":\"Organization\",\"@id\":\"https:\/\/www.agrosistemos.lt\/ru\/#organization\",\"name\":\"UAB Agrosistemos\",\"url\":\"https:\/\/www.agrosistemos.lt\/ru\/\",\"logo\":{\"@type\":\"ImageObject\",\"inLanguage\":\"ru-RU\",\"@id\":\"https:\/\/www.agrosistemos.lt\/ru\/#\/schema\/logo\/image\/\",\"url\":\"https:\/\/www.agrosistemos.lt\/wp-content\/uploads\/2019\/03\/Piktogramai-e1582537433243.png\",\"contentUrl\":\"https:\/\/www.agrosistemos.lt\/wp-content\/uploads\/2019\/03\/Piktogramai-e1582537433243.png\",\"width\":100,\"height\":100,\"caption\":\"UAB Agrosistemos\"},\"image\":{\"@id\":\"https:\/\/www.agrosistemos.lt\/ru\/#\/schema\/logo\/image\/\"},\"sameAs\":[\"https:\/\/www.facebook.com\/agrosistemos\/\"]}]}<\/script>\n<!-- \/ Yoast SEO plugin. -->","yoast_head_json":{"title":"Naudota \u017eem\u0117s \u016bkio technika | Traktoriai | Kombainai | Padargai","description":"Kokybi\u0161ka naudota \u017eem\u0117s \u016bkio technika : Traktoriai, kombainai, \u017eem\u0117s \u016bkio padargai. Esant poreikiui pristatome visoje Lietuvoje tiesiai \u012f J\u016bs\u0173 \u016bk\u012f.","robots":{"index":"index","follow":"follow","max-snippet":"max-snippet:-1","max-image-preview":"max-image-preview:large","max-video-preview":"max-video-preview:-1"},"canonical":"https:\/\/www.agrosistemos.lt\/ru\/bu-tehnika\/","og_locale":"ru_RU","og_type":"article","og_title":"Naudota \u017eem\u0117s \u016bkio technika | Traktoriai | Kombainai | Padargai","og_description":"Kokybi\u0161ka naudota \u017eem\u0117s \u016bkio technika : Traktoriai, kombainai, \u017eem\u0117s \u016bkio padargai. Esant poreikiui pristatome visoje Lietuvoje tiesiai \u012f J\u016bs\u0173 \u016bk\u012f.","og_url":"https:\/\/www.agrosistemos.lt\/ru\/bu-tehnika\/","og_site_name":"Agrosistemos","article_publisher":"https:\/\/www.facebook.com\/agrosistemos\/","article_modified_time":"2020-02-25T19:02:53+00:00","og_image":[{"width":170,"height":92,"url":"https:\/\/www.agrosistemos.lt\/wp-content\/uploads\/2017\/07\/logo.png","type":"image\/png"}],"twitter_card":"summary_large_image","twitter_misc":{"\u041f\u0440\u0438\u043c\u0435\u0440\u043d\u043e\u0435 \u0432\u0440\u0435\u043c\u044f \u0434\u043b\u044f \u0447\u0442\u0435\u043d\u0438\u044f":"1 \u043c\u0438\u043d\u0443\u0442\u0430"},"schema":{"@context":"https:\/\/schema.org","@graph":[{"@type":"WebPage","@id":"https:\/\/www.agrosistemos.lt\/ru\/bu-tehnika\/","url":"https:\/\/www.agrosistemos.lt\/ru\/bu-tehnika\/","name":"Naudota \u017eem\u0117s \u016bkio technika | Traktoriai | Kombainai | Padargai","isPartOf":{"@id":"https:\/\/www.agrosistemos.lt\/ru\/#website"},"datePublished":"2018-03-09T17:11:37+00:00","dateModified":"2020-02-25T19:02:53+00:00","description":"Kokybi\u0161ka naudota \u017eem\u0117s \u016bkio technika : Traktoriai, kombainai, \u017eem\u0117s \u016bkio padargai. Esant poreikiui pristatome visoje Lietuvoje tiesiai \u012f J\u016bs\u0173 \u016bk\u012f.","breadcrumb":{"@id":"https:\/\/www.agrosistemos.lt\/ru\/bu-tehnika\/#breadcrumb"},"inLanguage":"ru-RU","potentialAction":[{"@type":"ReadAction","target":["https:\/\/www.agrosistemos.lt\/ru\/bu-tehnika\/"]}]},{"@type":"BreadcrumbList","@id":"https:\/\/www.agrosistemos.lt\/ru\/bu-tehnika\/#breadcrumb","itemListElement":[{"@type":"ListItem","position":1,"name":"Home","item":"https:\/\/www.agrosistemos.lt\/ru\/"},{"@type":"ListItem","position":2,"name":"\u0411\/\u0423 \u0442\u0435\u0445\u043d\u0438\u043a\u0430"}]},{"@type":"WebSite","@id":"https:\/\/www.agrosistemos.lt\/ru\/#website","url":"https:\/\/www.agrosistemos.lt\/ru\/","name":"Agrosistemos","description":"Viskas moderniam \u016bkiui","publisher":{"@id":"https:\/\/www.agrosistemos.lt\/ru\/#organization"},"potentialAction":[{"@type":"SearchAction","target":{"@type":"EntryPoint","urlTemplate":"https:\/\/www.agrosistemos.lt\/ru\/?s={search_term_string}"},"query-input":"required name=search_term_string"}],"inLanguage":"ru-RU"},{"@type":"Organization","@id":"https:\/\/www.agrosistemos.lt\/ru\/#organization","name":"UAB Agrosistemos","url":"https:\/\/www.agrosistemos.lt\/ru\/","logo":{"@type":"ImageObject","inLanguage":"ru-RU","@id":"https:\/\/www.agrosistemos.lt\/ru\/#\/schema\/logo\/image\/","url":"https:\/\/www.agrosistemos.lt\/wp-content\/uploads\/2019\/03\/Piktogramai-e1582537433243.png","contentUrl":"https:\/\/www.agrosistemos.lt\/wp-content\/uploads\/2019\/03\/Piktogramai-e1582537433243.png","width":100,"height":100,"caption":"UAB Agrosistemos"},"image":{"@id":"https:\/\/www.agrosistemos.lt\/ru\/#\/schema\/logo\/image\/"},"sameAs":["https:\/\/www.facebook.com\/agrosistemos\/"]}]}},"_links":{"self":[{"href":"https:\/\/www.agrosistemos.lt\/ru\/wp-json\/wp\/v2\/pages\/8013"}],"collection":[{"href":"https:\/\/www.agrosistemos.lt\/ru\/wp-json\/wp\/v2\/pages"}],"about":[{"href":"https:\/\/www.agrosistemos.lt\/ru\/wp-json\/wp\/v2\/types\/page"}],"author":[{"embeddable":true,"href":"https:\/\/www.agrosistemos.lt\/ru\/wp-json\/wp\/v2\/users\/4"}],"replies":[{"embeddable":true,"href":"https:\/\/www.agrosistemos.lt\/ru\/wp-json\/wp\/v2\/comments?post=8013"}],"version-history":[{"count":3,"href":"https:\/\/www.agrosistemos.lt\/ru\/wp-json\/wp\/v2\/pages\/8013\/revisions"}],"predecessor-version":[{"id":9667,"href":"https:\/\/www.agrosistemos.lt\/ru\/wp-json\/wp\/v2\/pages\/8013\/revisions\/9667"}],"wp:attachment":[{"href":"https:\/\/www.agrosistemos.lt\/ru\/wp-json\/wp\/v2\/media?parent=8013"}],"curies":[{"name":"wp","href":"https:\/\/api.w.org\/{rel}","templated":true}]}}