{"id":7972,"date":"2017-08-03T09:59:33","date_gmt":"2017-08-03T09:59:33","guid":{"rendered":"https:\/\/www.agrosistemos.lt\/galerija\/"},"modified":"2019-05-16T18:13:54","modified_gmt":"2019-05-16T18:13:54","slug":"galereja","status":"publish","type":"page","link":"https:\/\/www.agrosistemos.lt\/ru\/galereja\/","title":{"rendered":"\u0413\u0430\u043b\u0435\u0440\u0435\u044f"},"content":{"rendered":"<p>[vc_row][vc_column][vc_column_text]<\/p>\n<h2>\u0413\u0430\u043b\u0435\u0440\u0435\u044f<\/h2>\n<p>[\/vc_column_text]<div class=\"mkd-separator-holder clearfix  mkd-separator-left\">\n\t<div class=\"mkd-separator\" style=\"border-color: #fdc94b;width: 40px;border-bottom-width: 2px;margin-top: 22px;margin-bottom: 22px\"><\/div>\n<\/div>\n[vc_empty_space height=&#187;13px&#187;][\/vc_column][\/vc_row][vc_row][vc_column width=&#187;1\/2&#8243;][vc_column_text]<\/p>\n<h4 style=\"text-align: center;\">\u012egyvendinti projektai<\/h4>\n<p>[\/vc_column_text][vc_empty_space][vc_single_image image=&#187;4649&#8243; img_size=&#187;full&#187; onclick=&#187;custom_link&#187; link=&#187;http:\/\/www.agrosistemos.lt\/galerija\/igyvendinti-projektai\/&#187;][vc_empty_space][\/vc_column][vc_column width=&#187;1\/2&#8243;][vc_column_text]<\/p>\n<h4 style=\"text-align: center;\">&#171;K\u0105 pas\u0117si&#8230;&#187;<\/h4>\n<p>[\/vc_column_text][vc_empty_space][vc_single_image image=&#187;4832&#8243; img_size=&#187;full&#187; onclick=&#187;custom_link&#187; link=&#187;http:\/\/www.agrosistemos.lt\/galerija\/ka-pasesi\/&#187;][vc_empty_space][\/vc_column][\/vc_row][vc_row][vc_column width=&#187;1\/2&#8243;][vc_column_text]<\/p>\n<h4 style=\"text-align: center;\">&#171;Sprendim\u0173 ratas&#187;<\/h4>\n<p>[\/vc_column_text][vc_empty_space][vc_single_image image=&#187;4873&#8243; img_size=&#187;full&#187; onclick=&#187;custom_link&#187; link=&#187;http:\/\/www.agrosistemos.lt\/galerija\/sprendimu-ratas\/&#187;][vc_empty_space][\/vc_column][vc_column width=&#187;1\/2&#8243;][vc_column_text]<\/p>\n<h4 style=\"text-align: center;\">&#171;AgroBalt&#187;<\/h4>\n<p>[\/vc_column_text][vc_empty_space][vc_single_image image=&#187;5857&#8243; img_size=&#187;full&#187; onclick=&#187;custom_link&#187; link=&#187;http:\/\/www.agrosistemos.lt\/galerija\/agrobalt\/&#187;][vc_empty_space][\/vc_column][\/vc_row]<\/p>\n","protected":false},"excerpt":{"rendered":"<p>[vc_row][vc_column][vc_column_text] \u0413\u0430\u043b\u0435\u0440\u0435\u044f [\/vc_column_text][vc_empty_space height=&#187;13px&#187;][\/vc_column][\/vc_row][vc_row][vc_column width=&#187;1\/2&#8243;][vc_column_text] \u012egyvendinti projektai [\/vc_column_text][vc_empty_space][vc_single_image image=&#187;4649&#8243; img_size=&#187;full&#187; onclick=&#187;custom_link&#187; link=&#187;http:\/\/www.agrosistemos.lt\/galerija\/igyvendinti-projektai\/&#187;][vc_empty_space][\/vc_column][vc_column width=&#187;1\/2&#8243;][vc_column_text] &#171;K\u0105 pas\u0117si&#8230;&#187; [\/vc_column_text][vc_empty_space][vc_single_image image=&#187;4832&#8243; img_size=&#187;full&#187; onclick=&#187;custom_link&#187; link=&#187;http:\/\/www.agrosistemos.lt\/galerija\/ka-pasesi\/&#187;][vc_empty_space][\/vc_column][\/vc_row][vc_row][vc_column width=&#187;1\/2&#8243;][vc_column_text] &#171;Sprendim\u0173 ratas&#187; [\/vc_column_text][vc_empty_space][vc_single_image image=&#187;4873&#8243; img_size=&#187;full&#187; onclick=&#187;custom_link&#187; link=&#187;http:\/\/www.agrosistemos.lt\/galerija\/sprendimu-ratas\/&#187;][vc_empty_space][\/vc_column][vc_column width=&#187;1\/2&#8243;][vc_column_text] &#171;AgroBalt&#187; [\/vc_column_text][vc_empty_space][vc_single_image image=&#187;5857&#8243; img_size=&#187;full&#187; onclick=&#187;custom_link&#187; link=&#187;http:\/\/www.agrosistemos.lt\/galerija\/agrobalt\/&#187;][vc_empty_space][\/vc_column][\/vc_row]<\/p>\n","protected":false},"author":4,"featured_media":0,"parent":0,"menu_order":0,"comment_status":"closed","ping_status":"closed","template":"","meta":{"footnotes":""},"yoast_head":"<!-- This site is optimized with the Yoast SEO plugin v22.1 - https:\/\/yoast.com\/wordpress\/plugins\/seo\/ -->\n<title>\u0413\u0430\u043b\u0435\u0440\u0435\u044f | Agrosistemos | Moderniam \u017eem\u0117s \u016bkiui<\/title>\n<meta name=\"description\" content=\"Agrosistemos.lt puslapio galerija su \u017eem\u0117s \u016bkiu susijusiomis temomis : \u017dem\u0117s \u016bkio technika, padargai, atsargin\u0117s dalys, gr\u016bd\u0173 bok\u0161tai ir kt.\" \/>\n<meta name=\"robots\" content=\"index, follow, max-snippet:-1, max-image-preview:large, max-video-preview:-1\" \/>\n<link rel=\"canonical\" href=\"https:\/\/www.agrosistemos.lt\/ru\/galereja\/\" \/>\n<meta property=\"og:locale\" content=\"ru_RU\" \/>\n<meta property=\"og:type\" content=\"article\" \/>\n<meta property=\"og:title\" content=\"\u0413\u0430\u043b\u0435\u0440\u0435\u044f | Agrosistemos | Moderniam \u017eem\u0117s \u016bkiui\" \/>\n<meta property=\"og:description\" content=\"Agrosistemos.lt puslapio galerija su \u017eem\u0117s \u016bkiu susijusiomis temomis : \u017dem\u0117s \u016bkio technika, padargai, atsargin\u0117s dalys, gr\u016bd\u0173 bok\u0161tai ir kt.\" \/>\n<meta property=\"og:url\" content=\"https:\/\/www.agrosistemos.lt\/ru\/galereja\/\" \/>\n<meta property=\"og:site_name\" content=\"Agrosistemos\" \/>\n<meta property=\"article:publisher\" content=\"https:\/\/www.facebook.com\/agrosistemos\/\" \/>\n<meta property=\"article:modified_time\" content=\"2019-05-16T18:13:54+00:00\" \/>\n<meta property=\"og:image\" content=\"https:\/\/www.agrosistemos.lt\/wp-content\/uploads\/2017\/07\/logo.png\" \/>\n\t<meta property=\"og:image:width\" content=\"170\" \/>\n\t<meta property=\"og:image:height\" content=\"92\" \/>\n\t<meta property=\"og:image:type\" content=\"image\/png\" \/>\n<meta name=\"twitter:card\" content=\"summary_large_image\" \/>\n<meta name=\"twitter:label1\" content=\"\u041f\u0440\u0438\u043c\u0435\u0440\u043d\u043e\u0435 \u0432\u0440\u0435\u043c\u044f \u0434\u043b\u044f \u0447\u0442\u0435\u043d\u0438\u044f\" \/>\n\t<meta name=\"twitter:data1\" content=\"1 \u043c\u0438\u043d\u0443\u0442\u0430\" \/>\n<script type=\"application\/ld+json\" class=\"yoast-schema-graph\">{\"@context\":\"https:\/\/schema.org\",\"@graph\":[{\"@type\":\"WebPage\",\"@id\":\"https:\/\/www.agrosistemos.lt\/ru\/galereja\/\",\"url\":\"https:\/\/www.agrosistemos.lt\/ru\/galereja\/\",\"name\":\"\u0413\u0430\u043b\u0435\u0440\u0435\u044f | Agrosistemos | Moderniam \u017eem\u0117s \u016bkiui\",\"isPartOf\":{\"@id\":\"https:\/\/www.agrosistemos.lt\/ru\/#website\"},\"datePublished\":\"2017-08-03T09:59:33+00:00\",\"dateModified\":\"2019-05-16T18:13:54+00:00\",\"description\":\"Agrosistemos.lt puslapio galerija su \u017eem\u0117s \u016bkiu susijusiomis temomis : \u017dem\u0117s \u016bkio technika, padargai, atsargin\u0117s dalys, gr\u016bd\u0173 bok\u0161tai ir kt.\",\"breadcrumb\":{\"@id\":\"https:\/\/www.agrosistemos.lt\/ru\/galereja\/#breadcrumb\"},\"inLanguage\":\"ru-RU\",\"potentialAction\":[{\"@type\":\"ReadAction\",\"target\":[\"https:\/\/www.agrosistemos.lt\/ru\/galereja\/\"]}]},{\"@type\":\"BreadcrumbList\",\"@id\":\"https:\/\/www.agrosistemos.lt\/ru\/galereja\/#breadcrumb\",\"itemListElement\":[{\"@type\":\"ListItem\",\"position\":1,\"name\":\"Home\",\"item\":\"https:\/\/www.agrosistemos.lt\/ru\/\"},{\"@type\":\"ListItem\",\"position\":2,\"name\":\"\u0413\u0430\u043b\u0435\u0440\u0435\u044f\"}]},{\"@type\":\"WebSite\",\"@id\":\"https:\/\/www.agrosistemos.lt\/ru\/#website\",\"url\":\"https:\/\/www.agrosistemos.lt\/ru\/\",\"name\":\"Agrosistemos\",\"description\":\"Viskas moderniam \u016bkiui\",\"publisher\":{\"@id\":\"https:\/\/www.agrosistemos.lt\/ru\/#organization\"},\"potentialAction\":[{\"@type\":\"SearchAction\",\"target\":{\"@type\":\"EntryPoint\",\"urlTemplate\":\"https:\/\/www.agrosistemos.lt\/ru\/?s={search_term_string}\"},\"query-input\":\"required name=search_term_string\"}],\"inLanguage\":\"ru-RU\"},{\"@type\":\"Organization\",\"@id\":\"https:\/\/www.agrosistemos.lt\/ru\/#organization\",\"name\":\"UAB Agrosistemos\",\"url\":\"https:\/\/www.agrosistemos.lt\/ru\/\",\"logo\":{\"@type\":\"ImageObject\",\"inLanguage\":\"ru-RU\",\"@id\":\"https:\/\/www.agrosistemos.lt\/ru\/#\/schema\/logo\/image\/\",\"url\":\"https:\/\/www.agrosistemos.lt\/wp-content\/uploads\/2019\/03\/Piktogramai-e1582537433243.png\",\"contentUrl\":\"https:\/\/www.agrosistemos.lt\/wp-content\/uploads\/2019\/03\/Piktogramai-e1582537433243.png\",\"width\":100,\"height\":100,\"caption\":\"UAB Agrosistemos\"},\"image\":{\"@id\":\"https:\/\/www.agrosistemos.lt\/ru\/#\/schema\/logo\/image\/\"},\"sameAs\":[\"https:\/\/www.facebook.com\/agrosistemos\/\"]}]}<\/script>\n<!-- \/ Yoast SEO plugin. -->","yoast_head_json":{"title":"\u0413\u0430\u043b\u0435\u0440\u0435\u044f | Agrosistemos | Moderniam \u017eem\u0117s \u016bkiui","description":"Agrosistemos.lt puslapio galerija su \u017eem\u0117s \u016bkiu susijusiomis temomis : \u017dem\u0117s \u016bkio technika, padargai, atsargin\u0117s dalys, gr\u016bd\u0173 bok\u0161tai ir kt.","robots":{"index":"index","follow":"follow","max-snippet":"max-snippet:-1","max-image-preview":"max-image-preview:large","max-video-preview":"max-video-preview:-1"},"canonical":"https:\/\/www.agrosistemos.lt\/ru\/galereja\/","og_locale":"ru_RU","og_type":"article","og_title":"\u0413\u0430\u043b\u0435\u0440\u0435\u044f | Agrosistemos | Moderniam \u017eem\u0117s \u016bkiui","og_description":"Agrosistemos.lt puslapio galerija su \u017eem\u0117s \u016bkiu susijusiomis temomis : \u017dem\u0117s \u016bkio technika, padargai, atsargin\u0117s dalys, gr\u016bd\u0173 bok\u0161tai ir kt.","og_url":"https:\/\/www.agrosistemos.lt\/ru\/galereja\/","og_site_name":"Agrosistemos","article_publisher":"https:\/\/www.facebook.com\/agrosistemos\/","article_modified_time":"2019-05-16T18:13:54+00:00","og_image":[{"width":170,"height":92,"url":"https:\/\/www.agrosistemos.lt\/wp-content\/uploads\/2017\/07\/logo.png","type":"image\/png"}],"twitter_card":"summary_large_image","twitter_misc":{"\u041f\u0440\u0438\u043c\u0435\u0440\u043d\u043e\u0435 \u0432\u0440\u0435\u043c\u044f \u0434\u043b\u044f \u0447\u0442\u0435\u043d\u0438\u044f":"1 \u043c\u0438\u043d\u0443\u0442\u0430"},"schema":{"@context":"https:\/\/schema.org","@graph":[{"@type":"WebPage","@id":"https:\/\/www.agrosistemos.lt\/ru\/galereja\/","url":"https:\/\/www.agrosistemos.lt\/ru\/galereja\/","name":"\u0413\u0430\u043b\u0435\u0440\u0435\u044f | Agrosistemos | Moderniam \u017eem\u0117s \u016bkiui","isPartOf":{"@id":"https:\/\/www.agrosistemos.lt\/ru\/#website"},"datePublished":"2017-08-03T09:59:33+00:00","dateModified":"2019-05-16T18:13:54+00:00","description":"Agrosistemos.lt puslapio galerija su \u017eem\u0117s \u016bkiu susijusiomis temomis : \u017dem\u0117s \u016bkio technika, padargai, atsargin\u0117s dalys, gr\u016bd\u0173 bok\u0161tai ir kt.","breadcrumb":{"@id":"https:\/\/www.agrosistemos.lt\/ru\/galereja\/#breadcrumb"},"inLanguage":"ru-RU","potentialAction":[{"@type":"ReadAction","target":["https:\/\/www.agrosistemos.lt\/ru\/galereja\/"]}]},{"@type":"BreadcrumbList","@id":"https:\/\/www.agrosistemos.lt\/ru\/galereja\/#breadcrumb","itemListElement":[{"@type":"ListItem","position":1,"name":"Home","item":"https:\/\/www.agrosistemos.lt\/ru\/"},{"@type":"ListItem","position":2,"name":"\u0413\u0430\u043b\u0435\u0440\u0435\u044f"}]},{"@type":"WebSite","@id":"https:\/\/www.agrosistemos.lt\/ru\/#website","url":"https:\/\/www.agrosistemos.lt\/ru\/","name":"Agrosistemos","description":"Viskas moderniam \u016bkiui","publisher":{"@id":"https:\/\/www.agrosistemos.lt\/ru\/#organization"},"potentialAction":[{"@type":"SearchAction","target":{"@type":"EntryPoint","urlTemplate":"https:\/\/www.agrosistemos.lt\/ru\/?s={search_term_string}"},"query-input":"required name=search_term_string"}],"inLanguage":"ru-RU"},{"@type":"Organization","@id":"https:\/\/www.agrosistemos.lt\/ru\/#organization","name":"UAB Agrosistemos","url":"https:\/\/www.agrosistemos.lt\/ru\/","logo":{"@type":"ImageObject","inLanguage":"ru-RU","@id":"https:\/\/www.agrosistemos.lt\/ru\/#\/schema\/logo\/image\/","url":"https:\/\/www.agrosistemos.lt\/wp-content\/uploads\/2019\/03\/Piktogramai-e1582537433243.png","contentUrl":"https:\/\/www.agrosistemos.lt\/wp-content\/uploads\/2019\/03\/Piktogramai-e1582537433243.png","width":100,"height":100,"caption":"UAB Agrosistemos"},"image":{"@id":"https:\/\/www.agrosistemos.lt\/ru\/#\/schema\/logo\/image\/"},"sameAs":["https:\/\/www.facebook.com\/agrosistemos\/"]}]}},"_links":{"self":[{"href":"https:\/\/www.agrosistemos.lt\/ru\/wp-json\/wp\/v2\/pages\/7972"}],"collection":[{"href":"https:\/\/www.agrosistemos.lt\/ru\/wp-json\/wp\/v2\/pages"}],"about":[{"href":"https:\/\/www.agrosistemos.lt\/ru\/wp-json\/wp\/v2\/types\/page"}],"author":[{"embeddable":true,"href":"https:\/\/www.agrosistemos.lt\/ru\/wp-json\/wp\/v2\/users\/4"}],"replies":[{"embeddable":true,"href":"https:\/\/www.agrosistemos.lt\/ru\/wp-json\/wp\/v2\/comments?post=7972"}],"version-history":[{"count":2,"href":"https:\/\/www.agrosistemos.lt\/ru\/wp-json\/wp\/v2\/pages\/7972\/revisions"}],"predecessor-version":[{"id":7982,"href":"https:\/\/www.agrosistemos.lt\/ru\/wp-json\/wp\/v2\/pages\/7972\/revisions\/7982"}],"wp:attachment":[{"href":"https:\/\/www.agrosistemos.lt\/ru\/wp-json\/wp\/v2\/media?parent=7972"}],"curies":[{"name":"wp","href":"https:\/\/api.w.org\/{rel}","templated":true}]}}