{"id":7968,"date":"2017-08-02T10:49:36","date_gmt":"2017-08-02T10:49:36","guid":{"rendered":"https:\/\/www.agrosistemos.lt\/naujienos\/"},"modified":"2019-05-16T18:08:42","modified_gmt":"2019-05-16T18:08:42","slug":"novosti","status":"publish","type":"page","link":"https:\/\/www.agrosistemos.lt\/ru\/novosti\/","title":{"rendered":"\u041d\u043e\u0432\u043e\u0441\u0442\u0438"},"content":{"rendered":"<p>[vc_row][vc_column][vc_column_text]<\/p>\n<h2>\u041d\u043e\u0432\u043e\u0441\u0442\u0438<\/h2>\n<p>[\/vc_column_text]<div class=\"mkd-separator-holder clearfix  mkd-separator-left\">\n\t<div class=\"mkd-separator\" style=\"border-color: #fdc94b;width: 40px;border-bottom-width: 2px;margin-top: 22px;margin-bottom: 22px\"><\/div>\n<\/div>\n[vc_empty_space height=&#187;13px&#187;]\n<div class=\"mkd-blog-list-holder mkd-boxes  mkd-column-3\">\n    <ul class=\"mkd-blog-list\">\n        <li class=\"mkd-blog-list-item clearfix\">\n    <div class=\"mkd-blog-list-item-inner\">\n        <div class=\"mkd-item-image\">\n            <a itemprop=\"url\" href=\"https:\/\/www.agrosistemos.lt\/ru\/2019\/03\/28\/my-izmenili-nash-logotip\/\">\n                <img loading=\"lazy\" decoding=\"async\" width=\"550\" height=\"550\" src=\"https:\/\/www.agrosistemos.lt\/wp-content\/uploads\/2019\/03\/logo-550x550.png\" class=\"attachment-industrialist_mikado_square size-industrialist_mikado_square wp-post-image\" alt=\"\" srcset=\"https:\/\/www.agrosistemos.lt\/wp-content\/uploads\/2019\/03\/logo-550x550.png 550w, https:\/\/www.agrosistemos.lt\/wp-content\/uploads\/2019\/03\/logo-150x150.png 150w, https:\/\/www.agrosistemos.lt\/wp-content\/uploads\/2019\/03\/logo-300x300.png 300w, https:\/\/www.agrosistemos.lt\/wp-content\/uploads\/2019\/03\/logo-100x100.png 100w\" sizes=\"(max-width: 550px) 100vw, 550px\" \/>            <\/a>\n        <\/div>\n        <div class=\"mkd-item-text-holder\" >\n        <h4 itemprop=\"name\" class=\"mkd-item-title entry-title\">\n        <a itemprop=\"url\" href=\"https:\/\/www.agrosistemos.lt\/ru\/2019\/03\/28\/my-izmenili-nash-logotip\/\">\n            \u041c\u044b \u0438\u0437\u043c\u0435\u043d\u0438\u043b\u0438 \u043d\u0430\u0448 \u043b\u043e\u0433\u043e\u0442\u0438\u043f        <\/a>\n    <\/h4>\n\n            <p itemprop=\"description\" class=\"mkd-excerpt\">[vc_row][vc_column width=&#187;1\/2&#8243;][vc_colu...<\/p>\n    \n            <div class=\"mkd-item-info-section clearfix\">\n            <div itemprop=\"dateCreated\" class=\"mkd-post-info-date entry-date updated\">\n\n    \n        2019-03-28\n        \n    <meta itemprop=\"interactionCount\" content=\"UserComments: 0\"\/>\n\n<\/div>        <\/div>\n    \n    \n    <\/div>\n    <\/div>\n<\/li>    <\/ul>\n<\/div>\n[\/vc_column][\/vc_row]<\/p>\n","protected":false},"excerpt":{"rendered":"<p>[vc_row][vc_column][vc_column_text] \u041d\u043e\u0432\u043e\u0441\u0442\u0438 [\/vc_column_text][vc_empty_space height=&#187;13px&#187;][\/vc_column][\/vc_row]<\/p>\n","protected":false},"author":4,"featured_media":0,"parent":0,"menu_order":0,"comment_status":"closed","ping_status":"closed","template":"","meta":{"footnotes":""},"yoast_head":"<!-- This site is optimized with the Yoast SEO plugin v22.1 - https:\/\/yoast.com\/wordpress\/plugins\/seo\/ -->\n<title>Agrosistemos naujienos | \u017dem\u0117s \u016bkio technika | \u017dem\u0117s \u016bkio \u012frengimai<\/title>\n<meta name=\"description\" content=\"Agrosistemos naujienos, tai visos naujienos susijusios su \u017eem\u0117s \u016bkio \u012frengimais, nauja ir naudota \u017eem\u0117s \u016bkio technika, padargais.\" \/>\n<meta name=\"robots\" content=\"index, follow, max-snippet:-1, max-image-preview:large, max-video-preview:-1\" \/>\n<link rel=\"canonical\" href=\"https:\/\/www.agrosistemos.lt\/ru\/novosti\/\" \/>\n<meta property=\"og:locale\" content=\"ru_RU\" \/>\n<meta property=\"og:type\" content=\"article\" \/>\n<meta property=\"og:title\" content=\"Agrosistemos naujienos | \u017dem\u0117s \u016bkio technika | \u017dem\u0117s \u016bkio \u012frengimai\" \/>\n<meta property=\"og:description\" content=\"Agrosistemos naujienos, tai visos naujienos susijusios su \u017eem\u0117s \u016bkio \u012frengimais, nauja ir naudota \u017eem\u0117s \u016bkio technika, padargais.\" \/>\n<meta property=\"og:url\" content=\"https:\/\/www.agrosistemos.lt\/ru\/novosti\/\" \/>\n<meta property=\"og:site_name\" content=\"Agrosistemos\" \/>\n<meta property=\"article:publisher\" content=\"https:\/\/www.facebook.com\/agrosistemos\/\" \/>\n<meta property=\"article:modified_time\" content=\"2019-05-16T18:08:42+00:00\" \/>\n<meta property=\"og:image\" content=\"https:\/\/www.agrosistemos.lt\/wp-content\/uploads\/2017\/07\/logo.png\" \/>\n\t<meta property=\"og:image:width\" content=\"170\" \/>\n\t<meta property=\"og:image:height\" content=\"92\" \/>\n\t<meta property=\"og:image:type\" content=\"image\/png\" \/>\n<meta name=\"twitter:card\" content=\"summary_large_image\" \/>\n<script type=\"application\/ld+json\" class=\"yoast-schema-graph\">{\"@context\":\"https:\/\/schema.org\",\"@graph\":[{\"@type\":\"WebPage\",\"@id\":\"https:\/\/www.agrosistemos.lt\/ru\/novosti\/\",\"url\":\"https:\/\/www.agrosistemos.lt\/ru\/novosti\/\",\"name\":\"Agrosistemos naujienos | \u017dem\u0117s \u016bkio technika | \u017dem\u0117s \u016bkio \u012frengimai\",\"isPartOf\":{\"@id\":\"https:\/\/www.agrosistemos.lt\/ru\/#website\"},\"datePublished\":\"2017-08-02T10:49:36+00:00\",\"dateModified\":\"2019-05-16T18:08:42+00:00\",\"description\":\"Agrosistemos naujienos, tai visos naujienos susijusios su \u017eem\u0117s \u016bkio \u012frengimais, nauja ir naudota \u017eem\u0117s \u016bkio technika, padargais.\",\"breadcrumb\":{\"@id\":\"https:\/\/www.agrosistemos.lt\/ru\/novosti\/#breadcrumb\"},\"inLanguage\":\"ru-RU\",\"potentialAction\":[{\"@type\":\"ReadAction\",\"target\":[\"https:\/\/www.agrosistemos.lt\/ru\/novosti\/\"]}]},{\"@type\":\"BreadcrumbList\",\"@id\":\"https:\/\/www.agrosistemos.lt\/ru\/novosti\/#breadcrumb\",\"itemListElement\":[{\"@type\":\"ListItem\",\"position\":1,\"name\":\"Home\",\"item\":\"https:\/\/www.agrosistemos.lt\/ru\/\"},{\"@type\":\"ListItem\",\"position\":2,\"name\":\"\u041d\u043e\u0432\u043e\u0441\u0442\u0438\"}]},{\"@type\":\"WebSite\",\"@id\":\"https:\/\/www.agrosistemos.lt\/ru\/#website\",\"url\":\"https:\/\/www.agrosistemos.lt\/ru\/\",\"name\":\"Agrosistemos\",\"description\":\"Viskas moderniam \u016bkiui\",\"publisher\":{\"@id\":\"https:\/\/www.agrosistemos.lt\/ru\/#organization\"},\"potentialAction\":[{\"@type\":\"SearchAction\",\"target\":{\"@type\":\"EntryPoint\",\"urlTemplate\":\"https:\/\/www.agrosistemos.lt\/ru\/?s={search_term_string}\"},\"query-input\":\"required name=search_term_string\"}],\"inLanguage\":\"ru-RU\"},{\"@type\":\"Organization\",\"@id\":\"https:\/\/www.agrosistemos.lt\/ru\/#organization\",\"name\":\"UAB Agrosistemos\",\"url\":\"https:\/\/www.agrosistemos.lt\/ru\/\",\"logo\":{\"@type\":\"ImageObject\",\"inLanguage\":\"ru-RU\",\"@id\":\"https:\/\/www.agrosistemos.lt\/ru\/#\/schema\/logo\/image\/\",\"url\":\"https:\/\/www.agrosistemos.lt\/wp-content\/uploads\/2019\/03\/Piktogramai-e1582537433243.png\",\"contentUrl\":\"https:\/\/www.agrosistemos.lt\/wp-content\/uploads\/2019\/03\/Piktogramai-e1582537433243.png\",\"width\":100,\"height\":100,\"caption\":\"UAB Agrosistemos\"},\"image\":{\"@id\":\"https:\/\/www.agrosistemos.lt\/ru\/#\/schema\/logo\/image\/\"},\"sameAs\":[\"https:\/\/www.facebook.com\/agrosistemos\/\"]}]}<\/script>\n<!-- \/ Yoast SEO plugin. -->","yoast_head_json":{"title":"Agrosistemos naujienos | \u017dem\u0117s \u016bkio technika | \u017dem\u0117s \u016bkio \u012frengimai","description":"Agrosistemos naujienos, tai visos naujienos susijusios su \u017eem\u0117s \u016bkio \u012frengimais, nauja ir naudota \u017eem\u0117s \u016bkio technika, padargais.","robots":{"index":"index","follow":"follow","max-snippet":"max-snippet:-1","max-image-preview":"max-image-preview:large","max-video-preview":"max-video-preview:-1"},"canonical":"https:\/\/www.agrosistemos.lt\/ru\/novosti\/","og_locale":"ru_RU","og_type":"article","og_title":"Agrosistemos naujienos | \u017dem\u0117s \u016bkio technika | \u017dem\u0117s \u016bkio \u012frengimai","og_description":"Agrosistemos naujienos, tai visos naujienos susijusios su \u017eem\u0117s \u016bkio \u012frengimais, nauja ir naudota \u017eem\u0117s \u016bkio technika, padargais.","og_url":"https:\/\/www.agrosistemos.lt\/ru\/novosti\/","og_site_name":"Agrosistemos","article_publisher":"https:\/\/www.facebook.com\/agrosistemos\/","article_modified_time":"2019-05-16T18:08:42+00:00","og_image":[{"width":170,"height":92,"url":"https:\/\/www.agrosistemos.lt\/wp-content\/uploads\/2017\/07\/logo.png","type":"image\/png"}],"twitter_card":"summary_large_image","schema":{"@context":"https:\/\/schema.org","@graph":[{"@type":"WebPage","@id":"https:\/\/www.agrosistemos.lt\/ru\/novosti\/","url":"https:\/\/www.agrosistemos.lt\/ru\/novosti\/","name":"Agrosistemos naujienos | \u017dem\u0117s \u016bkio technika | \u017dem\u0117s \u016bkio \u012frengimai","isPartOf":{"@id":"https:\/\/www.agrosistemos.lt\/ru\/#website"},"datePublished":"2017-08-02T10:49:36+00:00","dateModified":"2019-05-16T18:08:42+00:00","description":"Agrosistemos naujienos, tai visos naujienos susijusios su \u017eem\u0117s \u016bkio \u012frengimais, nauja ir naudota \u017eem\u0117s \u016bkio technika, padargais.","breadcrumb":{"@id":"https:\/\/www.agrosistemos.lt\/ru\/novosti\/#breadcrumb"},"inLanguage":"ru-RU","potentialAction":[{"@type":"ReadAction","target":["https:\/\/www.agrosistemos.lt\/ru\/novosti\/"]}]},{"@type":"BreadcrumbList","@id":"https:\/\/www.agrosistemos.lt\/ru\/novosti\/#breadcrumb","itemListElement":[{"@type":"ListItem","position":1,"name":"Home","item":"https:\/\/www.agrosistemos.lt\/ru\/"},{"@type":"ListItem","position":2,"name":"\u041d\u043e\u0432\u043e\u0441\u0442\u0438"}]},{"@type":"WebSite","@id":"https:\/\/www.agrosistemos.lt\/ru\/#website","url":"https:\/\/www.agrosistemos.lt\/ru\/","name":"Agrosistemos","description":"Viskas moderniam \u016bkiui","publisher":{"@id":"https:\/\/www.agrosistemos.lt\/ru\/#organization"},"potentialAction":[{"@type":"SearchAction","target":{"@type":"EntryPoint","urlTemplate":"https:\/\/www.agrosistemos.lt\/ru\/?s={search_term_string}"},"query-input":"required name=search_term_string"}],"inLanguage":"ru-RU"},{"@type":"Organization","@id":"https:\/\/www.agrosistemos.lt\/ru\/#organization","name":"UAB Agrosistemos","url":"https:\/\/www.agrosistemos.lt\/ru\/","logo":{"@type":"ImageObject","inLanguage":"ru-RU","@id":"https:\/\/www.agrosistemos.lt\/ru\/#\/schema\/logo\/image\/","url":"https:\/\/www.agrosistemos.lt\/wp-content\/uploads\/2019\/03\/Piktogramai-e1582537433243.png","contentUrl":"https:\/\/www.agrosistemos.lt\/wp-content\/uploads\/2019\/03\/Piktogramai-e1582537433243.png","width":100,"height":100,"caption":"UAB Agrosistemos"},"image":{"@id":"https:\/\/www.agrosistemos.lt\/ru\/#\/schema\/logo\/image\/"},"sameAs":["https:\/\/www.facebook.com\/agrosistemos\/"]}]}},"_links":{"self":[{"href":"https:\/\/www.agrosistemos.lt\/ru\/wp-json\/wp\/v2\/pages\/7968"}],"collection":[{"href":"https:\/\/www.agrosistemos.lt\/ru\/wp-json\/wp\/v2\/pages"}],"about":[{"href":"https:\/\/www.agrosistemos.lt\/ru\/wp-json\/wp\/v2\/types\/page"}],"author":[{"embeddable":true,"href":"https:\/\/www.agrosistemos.lt\/ru\/wp-json\/wp\/v2\/users\/4"}],"replies":[{"embeddable":true,"href":"https:\/\/www.agrosistemos.lt\/ru\/wp-json\/wp\/v2\/comments?post=7968"}],"version-history":[{"count":2,"href":"https:\/\/www.agrosistemos.lt\/ru\/wp-json\/wp\/v2\/pages\/7968\/revisions"}],"predecessor-version":[{"id":7977,"href":"https:\/\/www.agrosistemos.lt\/ru\/wp-json\/wp\/v2\/pages\/7968\/revisions\/7977"}],"wp:attachment":[{"href":"https:\/\/www.agrosistemos.lt\/ru\/wp-json\/wp\/v2\/media?parent=7968"}],"curies":[{"name":"wp","href":"https:\/\/api.w.org\/{rel}","templated":true}]}}