{"id":7416,"date":"2018-03-26T08:03:59","date_gmt":"2018-03-26T08:03:59","guid":{"rendered":"https:\/\/www.agrosistemos.lt\/grudu-malunai\/"},"modified":"2022-03-22T14:05:53","modified_gmt":"2022-03-22T14:05:53","slug":"grudu-malunai","status":"publish","type":"page","link":"https:\/\/www.agrosistemos.lt\/ru\/zhivotnovodcheskoe-oborudovanie\/grudu-malunai\/","title":{"rendered":"Gr\u016bd\u0173 mal\u016bnai"},"content":{"rendered":"<p>[vc_row][vc_column][vc_column_text]<\/p>\n<h3>Gr\u016bd\u0173 mal\u016bnai<\/h3>\n<p>[\/vc_column_text][vc_empty_space][vc_column_text]M\u016bs\u0173 asortimente galite rinktis i\u0161 gamintoj\u0173 <strong>Dozamech <\/strong>(Lenkija) arba <strong>Skiold<\/strong>\u00a0(Danija) mal\u016bn\u0173.[\/vc_column_text][vc_empty_space][\/vc_column][\/vc_row][vc_row][vc_column width=&#187;1\/2&#8243;][vc_column_text]<\/p>\n<h4 style=\"text-align: center;\"><a href=\"http:\/\/www.agrosistemos.lt\/gyvulininkystes-technika\/grudu-malunai\/dozamech\/\">Gr\u016bd\u0173 mal\u016bnai Dozamech<\/a><\/h4>\n<p>[\/vc_column_text][vc_empty_space height=&#187;20px&#187;][vc_single_image image=&#187;5446&#8243; img_size=&#187;full&#187; onclick=&#187;custom_link&#187; link=&#187;http:\/\/www.agrosistemos.lt\/gyvulininkystes-technika\/grudu-malunai\/dozamech\/&#187;][vc_empty_space][\/vc_column][vc_column width=&#187;1\/2&#8243;][vc_column_text]<\/p>\n<h4 style=\"text-align: center;\"><a href=\"http:\/\/www.agrosistemos.lt\/gyvulininkystes-technika\/grudu-malunai\/skiold\/\">Gr\u016bd\u0173 mal\u016bnai Skiold<\/a><\/h4>\n<p>[\/vc_column_text][vc_empty_space][vc_single_image image=&#187;3953&#8243; img_size=&#187;full&#187; onclick=&#187;custom_link&#187; link=&#187;http:\/\/www.agrosistemos.lt\/gyvulininkystes-technika\/grudu-malunai\/skiold\/&#187;][vc_empty_space][\/vc_column][\/vc_row][vc_row][vc_column][vc_empty_space]<a itemprop=\"url\" href=\"http:\/\/www.agrosistemos.lt\/gyvulininkystes-technika\/\" target=\"_self\"  class=\"mkd-btn mkd-btn-medium mkd-btn-solid\"  >\n    <span class=\"mkd-btn-text\">Gr\u012f\u017eti atgal<\/span>\n    <\/a>[\/vc_column][\/vc_row]<\/p>\n","protected":false},"excerpt":{"rendered":"<p>[vc_row][vc_column][vc_column_text] Gr\u016bd\u0173 mal\u016bnai [\/vc_column_text][vc_empty_space][vc_column_text]M\u016bs\u0173 asortimente galite rinktis i\u0161 gamintoj\u0173 Dozamech (Lenkija) arba Skiold\u00a0(Danija) mal\u016bn\u0173.[\/vc_column_text][vc_empty_space][\/vc_column][\/vc_row][vc_row][vc_column width=&#187;1\/2&#8243;][vc_column_text] Gr\u016bd\u0173 mal\u016bnai Dozamech [\/vc_column_text][vc_empty_space height=&#187;20px&#187;][vc_single_image image=&#187;5446&#8243; img_size=&#187;full&#187; onclick=&#187;custom_link&#187; link=&#187;http:\/\/www.agrosistemos.lt\/gyvulininkystes-technika\/grudu-malunai\/dozamech\/&#187;][vc_empty_space][\/vc_column][vc_column width=&#187;1\/2&#8243;][vc_column_text] Gr\u016bd\u0173 mal\u016bnai Skiold [\/vc_column_text][vc_empty_space][vc_single_image image=&#187;3953&#8243; img_size=&#187;full&#187; onclick=&#187;custom_link&#187; link=&#187;http:\/\/www.agrosistemos.lt\/gyvulininkystes-technika\/grudu-malunai\/skiold\/&#187;][vc_empty_space][\/vc_column][\/vc_row][vc_row][vc_column][vc_empty_space][\/vc_column][\/vc_row]<\/p>\n","protected":false},"author":4,"featured_media":0,"parent":7415,"menu_order":0,"comment_status":"closed","ping_status":"closed","template":"","meta":{"footnotes":""},"yoast_head":"<!-- This site is optimized with the Yoast SEO plugin v22.1 - https:\/\/yoast.com\/wordpress\/plugins\/seo\/ -->\n<title>Gr\u016bd\u0173 mal\u016bnai | Agrosistemos<\/title>\n<meta name=\"description\" content=\"M\u016bs\u0173 asortimente galite rinktis i\u0161 gamintoj\u0173 Dozamech (Lenkija), M Rol (Lenkija) arba Skiold (Danija) mal\u016bn\u0173.\" \/>\n<meta name=\"robots\" content=\"index, follow, max-snippet:-1, max-image-preview:large, max-video-preview:-1\" \/>\n<link rel=\"canonical\" href=\"https:\/\/www.agrosistemos.lt\/ru\/zhivotnovodcheskoe-oborudovanie\/grudu-malunai\/\" \/>\n<meta property=\"og:locale\" content=\"ru_RU\" \/>\n<meta property=\"og:type\" content=\"article\" \/>\n<meta property=\"og:title\" content=\"Gr\u016bd\u0173 mal\u016bnai | Agrosistemos\" \/>\n<meta property=\"og:description\" content=\"M\u016bs\u0173 asortimente galite rinktis i\u0161 gamintoj\u0173 Dozamech (Lenkija), M Rol (Lenkija) arba Skiold (Danija) mal\u016bn\u0173.\" \/>\n<meta property=\"og:url\" content=\"https:\/\/www.agrosistemos.lt\/ru\/zhivotnovodcheskoe-oborudovanie\/grudu-malunai\/\" \/>\n<meta property=\"og:site_name\" content=\"Agrosistemos\" \/>\n<meta property=\"article:publisher\" content=\"https:\/\/www.facebook.com\/agrosistemos\/\" \/>\n<meta property=\"article:modified_time\" content=\"2022-03-22T14:05:53+00:00\" \/>\n<meta property=\"og:image\" content=\"https:\/\/www.agrosistemos.lt\/wp-content\/uploads\/2017\/07\/logo.png\" \/>\n\t<meta property=\"og:image:width\" content=\"170\" \/>\n\t<meta property=\"og:image:height\" content=\"92\" \/>\n\t<meta property=\"og:image:type\" content=\"image\/png\" \/>\n<meta name=\"twitter:card\" content=\"summary_large_image\" \/>\n<meta name=\"twitter:label1\" content=\"\u041f\u0440\u0438\u043c\u0435\u0440\u043d\u043e\u0435 \u0432\u0440\u0435\u043c\u044f \u0434\u043b\u044f \u0447\u0442\u0435\u043d\u0438\u044f\" \/>\n\t<meta name=\"twitter:data1\" content=\"1 \u043c\u0438\u043d\u0443\u0442\u0430\" \/>\n<script type=\"application\/ld+json\" class=\"yoast-schema-graph\">{\"@context\":\"https:\/\/schema.org\",\"@graph\":[{\"@type\":\"WebPage\",\"@id\":\"https:\/\/www.agrosistemos.lt\/ru\/zhivotnovodcheskoe-oborudovanie\/grudu-malunai\/\",\"url\":\"https:\/\/www.agrosistemos.lt\/ru\/zhivotnovodcheskoe-oborudovanie\/grudu-malunai\/\",\"name\":\"Gr\u016bd\u0173 mal\u016bnai | Agrosistemos\",\"isPartOf\":{\"@id\":\"https:\/\/www.agrosistemos.lt\/ru\/#website\"},\"datePublished\":\"2018-03-26T08:03:59+00:00\",\"dateModified\":\"2022-03-22T14:05:53+00:00\",\"description\":\"M\u016bs\u0173 asortimente galite rinktis i\u0161 gamintoj\u0173 Dozamech (Lenkija), M Rol (Lenkija) arba Skiold (Danija) mal\u016bn\u0173.\",\"breadcrumb\":{\"@id\":\"https:\/\/www.agrosistemos.lt\/ru\/zhivotnovodcheskoe-oborudovanie\/grudu-malunai\/#breadcrumb\"},\"inLanguage\":\"ru-RU\",\"potentialAction\":[{\"@type\":\"ReadAction\",\"target\":[\"https:\/\/www.agrosistemos.lt\/ru\/zhivotnovodcheskoe-oborudovanie\/grudu-malunai\/\"]}]},{\"@type\":\"BreadcrumbList\",\"@id\":\"https:\/\/www.agrosistemos.lt\/ru\/zhivotnovodcheskoe-oborudovanie\/grudu-malunai\/#breadcrumb\",\"itemListElement\":[{\"@type\":\"ListItem\",\"position\":1,\"name\":\"Home\",\"item\":\"https:\/\/www.agrosistemos.lt\/ru\/\"},{\"@type\":\"ListItem\",\"position\":2,\"name\":\"\u0416\u0438\u0432\u043e\u0442\u043d\u043e\u0432\u043e\u0434\u0447\u0435\u0441\u043a\u043e\u0435 \u043e\u0431\u043e\u0440\u0443\u0434\u043e\u0432\u0430\u043d\u0438\u0435\",\"item\":\"https:\/\/www.agrosistemos.lt\/ru\/zhivotnovodcheskoe-oborudovanie\/\"},{\"@type\":\"ListItem\",\"position\":3,\"name\":\"Gr\u016bd\u0173 mal\u016bnai\"}]},{\"@type\":\"WebSite\",\"@id\":\"https:\/\/www.agrosistemos.lt\/ru\/#website\",\"url\":\"https:\/\/www.agrosistemos.lt\/ru\/\",\"name\":\"Agrosistemos\",\"description\":\"Viskas moderniam \u016bkiui\",\"publisher\":{\"@id\":\"https:\/\/www.agrosistemos.lt\/ru\/#organization\"},\"potentialAction\":[{\"@type\":\"SearchAction\",\"target\":{\"@type\":\"EntryPoint\",\"urlTemplate\":\"https:\/\/www.agrosistemos.lt\/ru\/?s={search_term_string}\"},\"query-input\":\"required name=search_term_string\"}],\"inLanguage\":\"ru-RU\"},{\"@type\":\"Organization\",\"@id\":\"https:\/\/www.agrosistemos.lt\/ru\/#organization\",\"name\":\"UAB Agrosistemos\",\"url\":\"https:\/\/www.agrosistemos.lt\/ru\/\",\"logo\":{\"@type\":\"ImageObject\",\"inLanguage\":\"ru-RU\",\"@id\":\"https:\/\/www.agrosistemos.lt\/ru\/#\/schema\/logo\/image\/\",\"url\":\"https:\/\/www.agrosistemos.lt\/wp-content\/uploads\/2019\/03\/Piktogramai-e1582537433243.png\",\"contentUrl\":\"https:\/\/www.agrosistemos.lt\/wp-content\/uploads\/2019\/03\/Piktogramai-e1582537433243.png\",\"width\":100,\"height\":100,\"caption\":\"UAB Agrosistemos\"},\"image\":{\"@id\":\"https:\/\/www.agrosistemos.lt\/ru\/#\/schema\/logo\/image\/\"},\"sameAs\":[\"https:\/\/www.facebook.com\/agrosistemos\/\"]}]}<\/script>\n<!-- \/ Yoast SEO plugin. -->","yoast_head_json":{"title":"Gr\u016bd\u0173 mal\u016bnai | Agrosistemos","description":"M\u016bs\u0173 asortimente galite rinktis i\u0161 gamintoj\u0173 Dozamech (Lenkija), M Rol (Lenkija) arba Skiold (Danija) mal\u016bn\u0173.","robots":{"index":"index","follow":"follow","max-snippet":"max-snippet:-1","max-image-preview":"max-image-preview:large","max-video-preview":"max-video-preview:-1"},"canonical":"https:\/\/www.agrosistemos.lt\/ru\/zhivotnovodcheskoe-oborudovanie\/grudu-malunai\/","og_locale":"ru_RU","og_type":"article","og_title":"Gr\u016bd\u0173 mal\u016bnai | Agrosistemos","og_description":"M\u016bs\u0173 asortimente galite rinktis i\u0161 gamintoj\u0173 Dozamech (Lenkija), M Rol (Lenkija) arba Skiold (Danija) mal\u016bn\u0173.","og_url":"https:\/\/www.agrosistemos.lt\/ru\/zhivotnovodcheskoe-oborudovanie\/grudu-malunai\/","og_site_name":"Agrosistemos","article_publisher":"https:\/\/www.facebook.com\/agrosistemos\/","article_modified_time":"2022-03-22T14:05:53+00:00","og_image":[{"width":170,"height":92,"url":"https:\/\/www.agrosistemos.lt\/wp-content\/uploads\/2017\/07\/logo.png","type":"image\/png"}],"twitter_card":"summary_large_image","twitter_misc":{"\u041f\u0440\u0438\u043c\u0435\u0440\u043d\u043e\u0435 \u0432\u0440\u0435\u043c\u044f \u0434\u043b\u044f \u0447\u0442\u0435\u043d\u0438\u044f":"1 \u043c\u0438\u043d\u0443\u0442\u0430"},"schema":{"@context":"https:\/\/schema.org","@graph":[{"@type":"WebPage","@id":"https:\/\/www.agrosistemos.lt\/ru\/zhivotnovodcheskoe-oborudovanie\/grudu-malunai\/","url":"https:\/\/www.agrosistemos.lt\/ru\/zhivotnovodcheskoe-oborudovanie\/grudu-malunai\/","name":"Gr\u016bd\u0173 mal\u016bnai | Agrosistemos","isPartOf":{"@id":"https:\/\/www.agrosistemos.lt\/ru\/#website"},"datePublished":"2018-03-26T08:03:59+00:00","dateModified":"2022-03-22T14:05:53+00:00","description":"M\u016bs\u0173 asortimente galite rinktis i\u0161 gamintoj\u0173 Dozamech (Lenkija), M Rol (Lenkija) arba Skiold (Danija) mal\u016bn\u0173.","breadcrumb":{"@id":"https:\/\/www.agrosistemos.lt\/ru\/zhivotnovodcheskoe-oborudovanie\/grudu-malunai\/#breadcrumb"},"inLanguage":"ru-RU","potentialAction":[{"@type":"ReadAction","target":["https:\/\/www.agrosistemos.lt\/ru\/zhivotnovodcheskoe-oborudovanie\/grudu-malunai\/"]}]},{"@type":"BreadcrumbList","@id":"https:\/\/www.agrosistemos.lt\/ru\/zhivotnovodcheskoe-oborudovanie\/grudu-malunai\/#breadcrumb","itemListElement":[{"@type":"ListItem","position":1,"name":"Home","item":"https:\/\/www.agrosistemos.lt\/ru\/"},{"@type":"ListItem","position":2,"name":"\u0416\u0438\u0432\u043e\u0442\u043d\u043e\u0432\u043e\u0434\u0447\u0435\u0441\u043a\u043e\u0435 \u043e\u0431\u043e\u0440\u0443\u0434\u043e\u0432\u0430\u043d\u0438\u0435","item":"https:\/\/www.agrosistemos.lt\/ru\/zhivotnovodcheskoe-oborudovanie\/"},{"@type":"ListItem","position":3,"name":"Gr\u016bd\u0173 mal\u016bnai"}]},{"@type":"WebSite","@id":"https:\/\/www.agrosistemos.lt\/ru\/#website","url":"https:\/\/www.agrosistemos.lt\/ru\/","name":"Agrosistemos","description":"Viskas moderniam \u016bkiui","publisher":{"@id":"https:\/\/www.agrosistemos.lt\/ru\/#organization"},"potentialAction":[{"@type":"SearchAction","target":{"@type":"EntryPoint","urlTemplate":"https:\/\/www.agrosistemos.lt\/ru\/?s={search_term_string}"},"query-input":"required name=search_term_string"}],"inLanguage":"ru-RU"},{"@type":"Organization","@id":"https:\/\/www.agrosistemos.lt\/ru\/#organization","name":"UAB Agrosistemos","url":"https:\/\/www.agrosistemos.lt\/ru\/","logo":{"@type":"ImageObject","inLanguage":"ru-RU","@id":"https:\/\/www.agrosistemos.lt\/ru\/#\/schema\/logo\/image\/","url":"https:\/\/www.agrosistemos.lt\/wp-content\/uploads\/2019\/03\/Piktogramai-e1582537433243.png","contentUrl":"https:\/\/www.agrosistemos.lt\/wp-content\/uploads\/2019\/03\/Piktogramai-e1582537433243.png","width":100,"height":100,"caption":"UAB Agrosistemos"},"image":{"@id":"https:\/\/www.agrosistemos.lt\/ru\/#\/schema\/logo\/image\/"},"sameAs":["https:\/\/www.facebook.com\/agrosistemos\/"]}]}},"_links":{"self":[{"href":"https:\/\/www.agrosistemos.lt\/ru\/wp-json\/wp\/v2\/pages\/7416"}],"collection":[{"href":"https:\/\/www.agrosistemos.lt\/ru\/wp-json\/wp\/v2\/pages"}],"about":[{"href":"https:\/\/www.agrosistemos.lt\/ru\/wp-json\/wp\/v2\/types\/page"}],"author":[{"embeddable":true,"href":"https:\/\/www.agrosistemos.lt\/ru\/wp-json\/wp\/v2\/users\/4"}],"replies":[{"embeddable":true,"href":"https:\/\/www.agrosistemos.lt\/ru\/wp-json\/wp\/v2\/comments?post=7416"}],"version-history":[{"count":2,"href":"https:\/\/www.agrosistemos.lt\/ru\/wp-json\/wp\/v2\/pages\/7416\/revisions"}],"predecessor-version":[{"id":10652,"href":"https:\/\/www.agrosistemos.lt\/ru\/wp-json\/wp\/v2\/pages\/7416\/revisions\/10652"}],"up":[{"embeddable":true,"href":"https:\/\/www.agrosistemos.lt\/ru\/wp-json\/wp\/v2\/pages\/7415"}],"wp:attachment":[{"href":"https:\/\/www.agrosistemos.lt\/ru\/wp-json\/wp\/v2\/media?parent=7416"}],"curies":[{"name":"wp","href":"https:\/\/api.w.org\/{rel}","templated":true}]}}