{"id":7297,"date":"2018-03-09T12:41:23","date_gmt":"2018-03-09T12:41:23","guid":{"rendered":"https:\/\/www.agrosistemos.lt\/grudu-sandeliavimo-ir-transportavimo-technika\/grudu-dziovyklos\/"},"modified":"2026-02-23T11:07:11","modified_gmt":"2026-02-23T11:07:11","slug":"zernosushilki","status":"publish","type":"page","link":"https:\/\/www.agrosistemos.lt\/ru\/oborudovanie-dlja-hranenija-zerna\/zernosushilki\/","title":{"rendered":"\u0417\u0435\u0440\u043d\u043e\u0441\u0443\u0448\u0438\u043b\u043a\u0438"},"content":{"rendered":"<p>[vc_row][vc_column][vc_column_text]<\/p>\n<h3>\u0417\u0435\u0440\u043d\u043e\u0432\u044b\u0435 \u0441\u0443\u0448\u0438\u043b\u043a\u0438<\/h3>\n<p>[\/vc_column_text][vc_empty_space][vc_column_text]\u0412\u044b\u043c\u043e\u043b\u043e\u0447\u0435\u043d\u043d\u044b\u0435 \u0437\u0435\u0440\u043d\u0430 \u043e\u0431\u044b\u0447\u043d\u043e \u0438\u043c\u0435\u044e\u0442 \u0431\u043e\u043b\u044c\u0448\u0443\u044e \u0432\u043b\u0430\u0436\u043d\u043e\u0441\u0442\u044c, \u0447\u0435\u043c \u043a\u043e\u043d\u0434\u0438\u0446\u0438\u043e\u043d\u043d\u044b\u0435 \u0437\u0435\u0440\u043d\u0430, \u0438 \u0447\u0442\u043e\u0431\u044b \u0443\u043b\u0443\u0447\u0448\u0438\u0442\u044c \u043d\u0443\u0436\u043d\u044b\u0435 \u0443\u0441\u043b\u043e\u0432\u0438\u044f \u0434\u043b\u044f \u0445\u0440\u0430\u043d\u0435\u043d\u0438\u044f \u0437\u0435\u0440\u043d\u0430, \u043e\u0434\u043d\u0438\u043c \u0438\u0437 \u0430\u043a\u0442\u0438\u0432\u043d\u044b\u0445 \u0441\u043f\u043e\u0441\u043e\u0431\u043e\u0432 \u044f\u0432\u043b\u044f\u0435\u0442\u0441\u044f \u043a\u043e\u043d\u0441\u0435\u0440\u0432\u0438\u0440\u043e\u0432\u0430\u043d\u0438\u0435 \u0438\u043b\u0438 \u0441\u043d\u0438\u0436\u0435\u043d\u0438\u0435 \u0431\u0438\u043e\u043b\u043e\u0433\u0438\u0447\u0435\u0441\u043a\u043e\u0439 \u0430\u043a\u0442\u0438\u0432\u043d\u043e\u0441\u0442\u0438, \u0432\u043e \u0432\u0440\u0435\u043c\u044f \u043a\u043e\u0442\u043e\u0440\u043e\u0439 \u0438\u0437 \u0437\u0435\u0440\u043d\u0430 \u0447\u0430\u0441\u0442\u0438\u0447\u043d\u043e \u0443\u0434\u0430\u043b\u044f\u0435\u0442\u0441\u044f \u0432\u043e\u0434\u0430. \u0426\u0435\u043b\u044c \u0441\u0443\u0448\u043a\u0438 &#8212; \u0443\u043b\u0443\u0447\u0448\u0438\u0442\u044c \u0438\u0445 \u0445\u0440\u0430\u043d\u0435\u043d\u0438\u0435 \u0432\u043e \u0432\u0440\u0435\u043c\u044f \u0441\u043a\u043b\u0430\u0434\u0438\u0440\u043e\u0432\u0430\u043d\u0438\u044f. \u0412\u043e \u0432\u0440\u0435\u043c\u044f \u0441\u0443\u0448\u043a\u0438 \u0443\u043b\u0443\u0447\u0448\u0430\u0435\u0442\u0441\u044f \u043a\u0430\u0447\u0435\u0441\u0442\u0432\u043e \u0437\u0435\u0440\u043d\u0430 \u0438 \u0441\u043e\u0437\u0440\u0435\u0432\u0430\u043d\u0438\u0435 \u0437\u0435\u0440\u043d\u043e\u0432\u044b\u0445 \u043f\u043e\u0441\u0435\u0432\u043d\u044b\u0445 \u0441\u0435\u043c\u044f\u043d \u043f\u043e\u0441\u043b\u0435 \u0441\u0431\u043e\u0440\u0430 \u0443\u0440\u043e\u0436\u0430\u044f, \u044d\u0442\u043e \u0443\u0432\u0435\u043b\u0438\u0447\u0438\u0432\u0430\u0435\u0442 \u0438\u0445 \u044d\u043d\u0435\u0440\u0433\u0438\u044e \u043f\u0440\u043e\u0440\u0430\u0441\u0442\u0430\u043d\u0438\u044f. \u041a\u0440\u043e\u043c\u0435 \u0442\u043e\u0433\u043e, \u043c\u043d\u043e\u0433\u0438\u0435 \u0432\u0440\u0435\u0434\u0438\u0442\u0435\u043b\u0438 \u043f\u043e\u0433\u0438\u0431\u0430\u044e\u0442 \u0438 \u0443\u043c\u0435\u043d\u044c\u0448\u0430\u0435\u0442\u0441\u044f \u043c\u0438\u043a\u0440\u043e\u0431\u0438\u043e\u043b\u043e\u0433\u0438\u0447\u0435\u0441\u043a\u043e\u0435 \u0437\u0430\u0433\u0440\u044f\u0437\u043d\u0435\u043d\u0438\u0435.<\/p>\n<p>\u041c\u043e\u0436\u0435\u0442\u0435 \u0432\u044b\u0431\u0440\u0430\u0442\u044c \u0438\u0437 \u043c\u043e\u0431\u0438\u043b\u044c\u043d\u044b\u0445 <strong>Strahl <\/strong>(Agrimec) \u0438 \u0441\u0442\u0430\u0446\u0438\u043e\u043d\u0430\u0440\u043d\u044b\u0445 <strong>Feerum<\/strong> \u0437\u0435\u0440\u043d\u043e\u0432\u044b\u0445 \u0441\u0443\u0448\u0438\u043b\u043e\u043a.[\/vc_column_text][vc_empty_space][\/vc_column][\/vc_row][vc_row][vc_column width=&#187;1\/2&#8243;][vc_column_text]<\/p>\n<h3 style=\"text-align: center;\"><a href=\"https:\/\/www.agrosistemos.lt\/ru\/oborudovanie-dlja-hranenija-zerna\/zernosushilki\/stacionarnye-zernosushilki\/\">\u0421\u0442\u0430\u0446\u0438\u043e\u043d\u0430\u0440\u043d\u044b\u0435 \u0437\u0435\u0440\u043d\u043e\u0432\u044b\u0435 \u0441\u0443\u0448\u0438\u043b\u043a\u0438<\/a><\/h3>\n<p>[\/vc_column_text][vc_empty_space][vc_single_image image=&#187;5327&#8243; img_size=&#187;full&#187; alignment=&#187;center&#187; onclick=&#187;custom_link&#187; link=&#187;https:\/\/www.agrosistemos.lt\/ru\/oborudovanie-dlja-hranenija-zerna\/zernosushilki\/stacionarnye-zernosushilki\/&#187;][vc_empty_space][\/vc_column][vc_column width=&#187;1\/2&#8243;][vc_column_text]<\/p>\n<h3 style=\"text-align: center;\"><a href=\"https:\/\/www.agrosistemos.lt\/ru\/oborudovanie-dlja-hranenija-zerna\/zernosushilki\/mobilnye-zernosushilki\/\">\u041c\u043e\u0431\u0438\u043b\u044c\u043d\u044b\u0435 \u0437\u0435\u0440\u043d\u043e\u0432\u044b\u0435 \u0441\u0443\u0448\u0438\u043b\u043a\u0438<\/a><\/h3>\n<p>[\/vc_column_text][vc_empty_space][vc_single_image image=&#187;4756&#8243; img_size=&#187;full&#187; alignment=&#187;center&#187; onclick=&#187;custom_link&#187; link=&#187;https:\/\/www.agrosistemos.lt\/ru\/oborudovanie-dlja-hranenija-zerna\/zernosushilki\/mobilnye-zernosushilki\/&#187;][vc_empty_space][\/vc_column][\/vc_row][vc_row][vc_column][vc_empty_space][\/vc_column][\/vc_row][vc_row][vc_column]<a itemprop=\"url\" href=\"https:\/\/www.agrosistemos.lt\/ru\/oborudovanie-dlja-hranenija-zerna\/\" target=\"_self\"  class=\"mkd-btn mkd-btn-medium mkd-btn-solid\"  >\n    <span class=\"mkd-btn-text\">\u041d\u0430\u0437\u0430\u0434<\/span>\n    <\/a>[\/vc_column][\/vc_row]<\/p>\n","protected":false},"excerpt":{"rendered":"<p>[vc_row][vc_column][vc_column_text] \u0417\u0435\u0440\u043d\u043e\u0432\u044b\u0435 \u0441\u0443\u0448\u0438\u043b\u043a\u0438 [\/vc_column_text][vc_empty_space][vc_column_text]\u0412\u044b\u043c\u043e\u043b\u043e\u0447\u0435\u043d\u043d\u044b\u0435 \u0437\u0435\u0440\u043d\u0430 \u043e\u0431\u044b\u0447\u043d\u043e \u0438\u043c\u0435\u044e\u0442 \u0431\u043e\u043b\u044c\u0448\u0443\u044e \u0432\u043b\u0430\u0436\u043d\u043e\u0441\u0442\u044c, \u0447\u0435\u043c \u043a\u043e\u043d\u0434\u0438\u0446\u0438\u043e\u043d\u043d\u044b\u0435 \u0437\u0435\u0440\u043d\u0430, \u0438 \u0447\u0442\u043e\u0431\u044b \u0443\u043b\u0443\u0447\u0448\u0438\u0442\u044c \u043d\u0443\u0436\u043d\u044b\u0435 \u0443\u0441\u043b\u043e\u0432\u0438\u044f \u0434\u043b\u044f \u0445\u0440\u0430\u043d\u0435\u043d\u0438\u044f \u0437\u0435\u0440\u043d\u0430, \u043e\u0434\u043d\u0438\u043c \u0438\u0437 \u0430\u043a\u0442\u0438\u0432\u043d\u044b\u0445 \u0441\u043f\u043e\u0441\u043e\u0431\u043e\u0432 \u044f\u0432\u043b\u044f\u0435\u0442\u0441\u044f \u043a\u043e\u043d\u0441\u0435\u0440\u0432\u0438\u0440\u043e\u0432\u0430\u043d\u0438\u0435 \u0438\u043b\u0438 \u0441\u043d\u0438\u0436\u0435\u043d\u0438\u0435 \u0431\u0438\u043e\u043b\u043e\u0433\u0438\u0447\u0435\u0441\u043a\u043e\u0439 \u0430\u043a\u0442\u0438\u0432\u043d\u043e\u0441\u0442\u0438, \u0432\u043e \u0432\u0440\u0435\u043c\u044f \u043a\u043e\u0442\u043e\u0440\u043e\u0439 \u0438\u0437 \u0437\u0435\u0440\u043d\u0430 \u0447\u0430\u0441\u0442\u0438\u0447\u043d\u043e \u0443\u0434\u0430\u043b\u044f\u0435\u0442\u0441\u044f \u0432\u043e\u0434\u0430. \u0426\u0435\u043b\u044c \u0441\u0443\u0448\u043a\u0438 &#8212; \u0443\u043b\u0443\u0447\u0448\u0438\u0442\u044c \u0438\u0445 \u0445\u0440\u0430\u043d\u0435\u043d\u0438\u0435 \u0432\u043e&#8230;<\/p>\n","protected":false},"author":4,"featured_media":0,"parent":7225,"menu_order":0,"comment_status":"closed","ping_status":"closed","template":"","meta":{"footnotes":""},"yoast_head":"<!-- This site is optimized with the Yoast SEO plugin v22.1 - https:\/\/yoast.com\/wordpress\/plugins\/seo\/ -->\n<title>\u0417\u0435\u0440\u043d\u043e\u0432\u044b\u0435 \u0441\u0443\u0448\u0438\u043b\u043a\u0438 | \u0421\u0442\u0430\u0446\u0438\u043e\u043d\u0430\u0440\u043d\u044b\u0435 \u0438 \u043c\u043e\u0431\u0438\u043b\u044c\u043d\u044b\u0435 | Agrosistemos<\/title>\n<meta name=\"description\" content=\"D\u017eiovinimo tikslas \u2013 pagerinti i\u0161laikym\u0105 sand\u0117liavimo metu. D\u017eiovinimo metu pager\u0117ja gr\u016bd\u0173 kokyb\u0117 bei s\u0117klini\u0173 gr\u016bd\u0173 brendimas po nu\u0117mimo, tai padidina j\u0173 dygimo energij\u0105\" \/>\n<meta name=\"robots\" content=\"index, follow, max-snippet:-1, max-image-preview:large, max-video-preview:-1\" \/>\n<link rel=\"canonical\" href=\"https:\/\/www.agrosistemos.lt\/ru\/oborudovanie-dlja-hranenija-zerna\/zernosushilki\/\" \/>\n<meta property=\"og:locale\" content=\"ru_RU\" \/>\n<meta property=\"og:type\" content=\"article\" \/>\n<meta property=\"og:title\" content=\"\u0417\u0435\u0440\u043d\u043e\u0432\u044b\u0435 \u0441\u0443\u0448\u0438\u043b\u043a\u0438 | \u0421\u0442\u0430\u0446\u0438\u043e\u043d\u0430\u0440\u043d\u044b\u0435 \u0438 \u043c\u043e\u0431\u0438\u043b\u044c\u043d\u044b\u0435 | Agrosistemos\" \/>\n<meta property=\"og:description\" content=\"D\u017eiovinimo tikslas \u2013 pagerinti i\u0161laikym\u0105 sand\u0117liavimo metu. D\u017eiovinimo metu pager\u0117ja gr\u016bd\u0173 kokyb\u0117 bei s\u0117klini\u0173 gr\u016bd\u0173 brendimas po nu\u0117mimo, tai padidina j\u0173 dygimo energij\u0105\" \/>\n<meta property=\"og:url\" content=\"https:\/\/www.agrosistemos.lt\/ru\/oborudovanie-dlja-hranenija-zerna\/zernosushilki\/\" \/>\n<meta property=\"og:site_name\" content=\"Agrosistemos\" \/>\n<meta property=\"article:publisher\" content=\"https:\/\/www.facebook.com\/agrosistemos\/\" \/>\n<meta property=\"article:modified_time\" content=\"2026-02-23T11:07:11+00:00\" \/>\n<meta property=\"og:image\" content=\"https:\/\/www.agrosistemos.lt\/wp-content\/uploads\/2017\/07\/logo.png\" \/>\n\t<meta property=\"og:image:width\" content=\"170\" \/>\n\t<meta property=\"og:image:height\" content=\"92\" \/>\n\t<meta property=\"og:image:type\" content=\"image\/png\" \/>\n<meta name=\"twitter:card\" content=\"summary_large_image\" \/>\n<meta name=\"twitter:label1\" content=\"\u041f\u0440\u0438\u043c\u0435\u0440\u043d\u043e\u0435 \u0432\u0440\u0435\u043c\u044f \u0434\u043b\u044f \u0447\u0442\u0435\u043d\u0438\u044f\" \/>\n\t<meta name=\"twitter:data1\" content=\"1 \u043c\u0438\u043d\u0443\u0442\u0430\" \/>\n<script type=\"application\/ld+json\" class=\"yoast-schema-graph\">{\"@context\":\"https:\/\/schema.org\",\"@graph\":[{\"@type\":\"WebPage\",\"@id\":\"https:\/\/www.agrosistemos.lt\/ru\/oborudovanie-dlja-hranenija-zerna\/zernosushilki\/\",\"url\":\"https:\/\/www.agrosistemos.lt\/ru\/oborudovanie-dlja-hranenija-zerna\/zernosushilki\/\",\"name\":\"\u0417\u0435\u0440\u043d\u043e\u0432\u044b\u0435 \u0441\u0443\u0448\u0438\u043b\u043a\u0438 | \u0421\u0442\u0430\u0446\u0438\u043e\u043d\u0430\u0440\u043d\u044b\u0435 \u0438 \u043c\u043e\u0431\u0438\u043b\u044c\u043d\u044b\u0435 | Agrosistemos\",\"isPartOf\":{\"@id\":\"https:\/\/www.agrosistemos.lt\/ru\/#website\"},\"datePublished\":\"2018-03-09T12:41:23+00:00\",\"dateModified\":\"2026-02-23T11:07:11+00:00\",\"description\":\"D\u017eiovinimo tikslas \u2013 pagerinti i\u0161laikym\u0105 sand\u0117liavimo metu. D\u017eiovinimo metu pager\u0117ja gr\u016bd\u0173 kokyb\u0117 bei s\u0117klini\u0173 gr\u016bd\u0173 brendimas po nu\u0117mimo, tai padidina j\u0173 dygimo energij\u0105\",\"breadcrumb\":{\"@id\":\"https:\/\/www.agrosistemos.lt\/ru\/oborudovanie-dlja-hranenija-zerna\/zernosushilki\/#breadcrumb\"},\"inLanguage\":\"ru-RU\",\"potentialAction\":[{\"@type\":\"ReadAction\",\"target\":[\"https:\/\/www.agrosistemos.lt\/ru\/oborudovanie-dlja-hranenija-zerna\/zernosushilki\/\"]}]},{\"@type\":\"BreadcrumbList\",\"@id\":\"https:\/\/www.agrosistemos.lt\/ru\/oborudovanie-dlja-hranenija-zerna\/zernosushilki\/#breadcrumb\",\"itemListElement\":[{\"@type\":\"ListItem\",\"position\":1,\"name\":\"Home\",\"item\":\"https:\/\/www.agrosistemos.lt\/ru\/\"},{\"@type\":\"ListItem\",\"position\":2,\"name\":\"\u041e\u0431\u043e\u0440\u0443\u0434\u043e\u0432\u0430\u043d\u0438\u0435 \u0434\u043b\u044f \u0445\u0440\u0430\u043d\u0435\u043d\u0438\u044f \u0437\u0435\u0440\u043d\u0430\",\"item\":\"https:\/\/www.agrosistemos.lt\/ru\/oborudovanie-dlja-hranenija-zerna\/\"},{\"@type\":\"ListItem\",\"position\":3,\"name\":\"\u0417\u0435\u0440\u043d\u043e\u0441\u0443\u0448\u0438\u043b\u043a\u0438\"}]},{\"@type\":\"WebSite\",\"@id\":\"https:\/\/www.agrosistemos.lt\/ru\/#website\",\"url\":\"https:\/\/www.agrosistemos.lt\/ru\/\",\"name\":\"Agrosistemos\",\"description\":\"Viskas moderniam \u016bkiui\",\"publisher\":{\"@id\":\"https:\/\/www.agrosistemos.lt\/ru\/#organization\"},\"potentialAction\":[{\"@type\":\"SearchAction\",\"target\":{\"@type\":\"EntryPoint\",\"urlTemplate\":\"https:\/\/www.agrosistemos.lt\/ru\/?s={search_term_string}\"},\"query-input\":\"required name=search_term_string\"}],\"inLanguage\":\"ru-RU\"},{\"@type\":\"Organization\",\"@id\":\"https:\/\/www.agrosistemos.lt\/ru\/#organization\",\"name\":\"UAB Agrosistemos\",\"url\":\"https:\/\/www.agrosistemos.lt\/ru\/\",\"logo\":{\"@type\":\"ImageObject\",\"inLanguage\":\"ru-RU\",\"@id\":\"https:\/\/www.agrosistemos.lt\/ru\/#\/schema\/logo\/image\/\",\"url\":\"https:\/\/www.agrosistemos.lt\/wp-content\/uploads\/2019\/03\/Piktogramai-e1582537433243.png\",\"contentUrl\":\"https:\/\/www.agrosistemos.lt\/wp-content\/uploads\/2019\/03\/Piktogramai-e1582537433243.png\",\"width\":100,\"height\":100,\"caption\":\"UAB Agrosistemos\"},\"image\":{\"@id\":\"https:\/\/www.agrosistemos.lt\/ru\/#\/schema\/logo\/image\/\"},\"sameAs\":[\"https:\/\/www.facebook.com\/agrosistemos\/\"]}]}<\/script>\n<!-- \/ Yoast SEO plugin. -->","yoast_head_json":{"title":"\u0417\u0435\u0440\u043d\u043e\u0432\u044b\u0435 \u0441\u0443\u0448\u0438\u043b\u043a\u0438 | \u0421\u0442\u0430\u0446\u0438\u043e\u043d\u0430\u0440\u043d\u044b\u0435 \u0438 \u043c\u043e\u0431\u0438\u043b\u044c\u043d\u044b\u0435 | Agrosistemos","description":"D\u017eiovinimo tikslas \u2013 pagerinti i\u0161laikym\u0105 sand\u0117liavimo metu. D\u017eiovinimo metu pager\u0117ja gr\u016bd\u0173 kokyb\u0117 bei s\u0117klini\u0173 gr\u016bd\u0173 brendimas po nu\u0117mimo, tai padidina j\u0173 dygimo energij\u0105","robots":{"index":"index","follow":"follow","max-snippet":"max-snippet:-1","max-image-preview":"max-image-preview:large","max-video-preview":"max-video-preview:-1"},"canonical":"https:\/\/www.agrosistemos.lt\/ru\/oborudovanie-dlja-hranenija-zerna\/zernosushilki\/","og_locale":"ru_RU","og_type":"article","og_title":"\u0417\u0435\u0440\u043d\u043e\u0432\u044b\u0435 \u0441\u0443\u0448\u0438\u043b\u043a\u0438 | \u0421\u0442\u0430\u0446\u0438\u043e\u043d\u0430\u0440\u043d\u044b\u0435 \u0438 \u043c\u043e\u0431\u0438\u043b\u044c\u043d\u044b\u0435 | Agrosistemos","og_description":"D\u017eiovinimo tikslas \u2013 pagerinti i\u0161laikym\u0105 sand\u0117liavimo metu. D\u017eiovinimo metu pager\u0117ja gr\u016bd\u0173 kokyb\u0117 bei s\u0117klini\u0173 gr\u016bd\u0173 brendimas po nu\u0117mimo, tai padidina j\u0173 dygimo energij\u0105","og_url":"https:\/\/www.agrosistemos.lt\/ru\/oborudovanie-dlja-hranenija-zerna\/zernosushilki\/","og_site_name":"Agrosistemos","article_publisher":"https:\/\/www.facebook.com\/agrosistemos\/","article_modified_time":"2026-02-23T11:07:11+00:00","og_image":[{"width":170,"height":92,"url":"https:\/\/www.agrosistemos.lt\/wp-content\/uploads\/2017\/07\/logo.png","type":"image\/png"}],"twitter_card":"summary_large_image","twitter_misc":{"\u041f\u0440\u0438\u043c\u0435\u0440\u043d\u043e\u0435 \u0432\u0440\u0435\u043c\u044f \u0434\u043b\u044f \u0447\u0442\u0435\u043d\u0438\u044f":"1 \u043c\u0438\u043d\u0443\u0442\u0430"},"schema":{"@context":"https:\/\/schema.org","@graph":[{"@type":"WebPage","@id":"https:\/\/www.agrosistemos.lt\/ru\/oborudovanie-dlja-hranenija-zerna\/zernosushilki\/","url":"https:\/\/www.agrosistemos.lt\/ru\/oborudovanie-dlja-hranenija-zerna\/zernosushilki\/","name":"\u0417\u0435\u0440\u043d\u043e\u0432\u044b\u0435 \u0441\u0443\u0448\u0438\u043b\u043a\u0438 | \u0421\u0442\u0430\u0446\u0438\u043e\u043d\u0430\u0440\u043d\u044b\u0435 \u0438 \u043c\u043e\u0431\u0438\u043b\u044c\u043d\u044b\u0435 | Agrosistemos","isPartOf":{"@id":"https:\/\/www.agrosistemos.lt\/ru\/#website"},"datePublished":"2018-03-09T12:41:23+00:00","dateModified":"2026-02-23T11:07:11+00:00","description":"D\u017eiovinimo tikslas \u2013 pagerinti i\u0161laikym\u0105 sand\u0117liavimo metu. D\u017eiovinimo metu pager\u0117ja gr\u016bd\u0173 kokyb\u0117 bei s\u0117klini\u0173 gr\u016bd\u0173 brendimas po nu\u0117mimo, tai padidina j\u0173 dygimo energij\u0105","breadcrumb":{"@id":"https:\/\/www.agrosistemos.lt\/ru\/oborudovanie-dlja-hranenija-zerna\/zernosushilki\/#breadcrumb"},"inLanguage":"ru-RU","potentialAction":[{"@type":"ReadAction","target":["https:\/\/www.agrosistemos.lt\/ru\/oborudovanie-dlja-hranenija-zerna\/zernosushilki\/"]}]},{"@type":"BreadcrumbList","@id":"https:\/\/www.agrosistemos.lt\/ru\/oborudovanie-dlja-hranenija-zerna\/zernosushilki\/#breadcrumb","itemListElement":[{"@type":"ListItem","position":1,"name":"Home","item":"https:\/\/www.agrosistemos.lt\/ru\/"},{"@type":"ListItem","position":2,"name":"\u041e\u0431\u043e\u0440\u0443\u0434\u043e\u0432\u0430\u043d\u0438\u0435 \u0434\u043b\u044f \u0445\u0440\u0430\u043d\u0435\u043d\u0438\u044f \u0437\u0435\u0440\u043d\u0430","item":"https:\/\/www.agrosistemos.lt\/ru\/oborudovanie-dlja-hranenija-zerna\/"},{"@type":"ListItem","position":3,"name":"\u0417\u0435\u0440\u043d\u043e\u0441\u0443\u0448\u0438\u043b\u043a\u0438"}]},{"@type":"WebSite","@id":"https:\/\/www.agrosistemos.lt\/ru\/#website","url":"https:\/\/www.agrosistemos.lt\/ru\/","name":"Agrosistemos","description":"Viskas moderniam \u016bkiui","publisher":{"@id":"https:\/\/www.agrosistemos.lt\/ru\/#organization"},"potentialAction":[{"@type":"SearchAction","target":{"@type":"EntryPoint","urlTemplate":"https:\/\/www.agrosistemos.lt\/ru\/?s={search_term_string}"},"query-input":"required name=search_term_string"}],"inLanguage":"ru-RU"},{"@type":"Organization","@id":"https:\/\/www.agrosistemos.lt\/ru\/#organization","name":"UAB Agrosistemos","url":"https:\/\/www.agrosistemos.lt\/ru\/","logo":{"@type":"ImageObject","inLanguage":"ru-RU","@id":"https:\/\/www.agrosistemos.lt\/ru\/#\/schema\/logo\/image\/","url":"https:\/\/www.agrosistemos.lt\/wp-content\/uploads\/2019\/03\/Piktogramai-e1582537433243.png","contentUrl":"https:\/\/www.agrosistemos.lt\/wp-content\/uploads\/2019\/03\/Piktogramai-e1582537433243.png","width":100,"height":100,"caption":"UAB Agrosistemos"},"image":{"@id":"https:\/\/www.agrosistemos.lt\/ru\/#\/schema\/logo\/image\/"},"sameAs":["https:\/\/www.facebook.com\/agrosistemos\/"]}]}},"_links":{"self":[{"href":"https:\/\/www.agrosistemos.lt\/ru\/wp-json\/wp\/v2\/pages\/7297"}],"collection":[{"href":"https:\/\/www.agrosistemos.lt\/ru\/wp-json\/wp\/v2\/pages"}],"about":[{"href":"https:\/\/www.agrosistemos.lt\/ru\/wp-json\/wp\/v2\/types\/page"}],"author":[{"embeddable":true,"href":"https:\/\/www.agrosistemos.lt\/ru\/wp-json\/wp\/v2\/users\/4"}],"replies":[{"embeddable":true,"href":"https:\/\/www.agrosistemos.lt\/ru\/wp-json\/wp\/v2\/comments?post=7297"}],"version-history":[{"count":5,"href":"https:\/\/www.agrosistemos.lt\/ru\/wp-json\/wp\/v2\/pages\/7297\/revisions"}],"predecessor-version":[{"id":7468,"href":"https:\/\/www.agrosistemos.lt\/ru\/wp-json\/wp\/v2\/pages\/7297\/revisions\/7468"}],"up":[{"embeddable":true,"href":"https:\/\/www.agrosistemos.lt\/ru\/wp-json\/wp\/v2\/pages\/7225"}],"wp:attachment":[{"href":"https:\/\/www.agrosistemos.lt\/ru\/wp-json\/wp\/v2\/media?parent=7297"}],"curies":[{"name":"wp","href":"https:\/\/api.w.org\/{rel}","templated":true}]}}