{"id":7232,"date":"2018-03-09T13:00:58","date_gmt":"2018-03-09T13:00:58","guid":{"rendered":"https:\/\/www.agrosistemos.lt\/grudu-sandeliavimo-ir-transportavimo-technika\/dregnomaciai\/"},"modified":"2026-03-12T09:26:03","modified_gmt":"2026-03-12T09:26:03","slug":"vlagomery","status":"publish","type":"page","link":"https:\/\/www.agrosistemos.lt\/ru\/oborudovanie-dlja-hranenija-zerna\/vlagomery\/","title":{"rendered":"\u0412\u043b\u0430\u0433\u043e\u043c\u0435\u0440\u044b Supertech Superpro"},"content":{"rendered":"<p>[vc_row][vc_column][vc_single_image image=&#187;3849&#8243; img_size=&#187;full&#187;][\/vc_column][\/vc_row][vc_row][vc_column width=&#187;2\/3&#8243;][vc_column_text]\u0412 \u0445\u043e\u0437\u044f\u0439\u0441\u0442\u0432\u0435\u043d\u043d\u044b\u0445 \u0443\u0441\u043b\u043e\u0432\u0438\u044f\u0445 \u0438\u0437\u043c\u0435\u0440\u0435\u043d\u0438\u0435 \u043a\u043e\u043b\u0438\u0447\u0435\u0441\u0442\u0432\u0430 \u0432\u043b\u0430\u0436\u043d\u043e\u0441\u0442\u0438 &#8212; \u044d\u0442\u043e \u0441\u0430\u043c\u044b\u0439 \u043f\u0440\u043e\u0441\u0442\u043e\u0439 \u0438 \u0432\u0430\u0436\u043d\u044b\u0439 \u0441\u043f\u043e\u0441\u043e\u0431 \u043e\u0446\u0435\u043d\u0438\u0432\u0430\u0442\u044c \u043a\u0430\u0447\u0435\u0441\u0442\u0432\u043e \u0437\u0435\u0440\u043d\u0430. \u0412 \u0445\u043e\u0437\u044f\u0439\u0441\u0442\u0432\u0430\u0445 \u0446\u0435\u043b\u0435\u0441\u043e\u043e\u0431\u0440\u0430\u0437\u043d\u043e \u0438\u0441\u043f\u043e\u043b\u044c\u0437\u043e\u0432\u0430\u0442\u044c \u0438\u0437\u043c\u0435\u0440\u0438\u0442\u0435\u043b\u0438 \u0432\u043b\u0430\u0436\u043d\u043e\u0441\u0442\u0438, \u043a\u043e\u0442\u043e\u0440\u044b\u0435 \u0431\u044b\u0441\u0442\u0440\u043e \u0438 \u0442\u043e\u0447\u043d\u043e \u0438\u0437\u043c\u0435\u0440\u044f\u044e\u0442 \u0432\u043b\u0430\u0433\u0443.<\/p>\n<p>\u0414\u0430\u0442\u0441\u043a\u0430\u044f \u043a\u043e\u043c\u043f\u0430\u043d\u0438\u044f <strong>Supertech Agroline APS<\/strong>, \u0438\u043c\u0435\u044e\u0449\u0430\u044f \u0431\u043e\u043b\u0435\u0435 20 \u043b\u0435\u0442 \u043e\u043f\u044b\u0442\u0430 \u0440\u0430\u0431\u043e\u0442\u044b \u043f\u043e \u0438\u0437\u0433\u043e\u0442\u043e\u0432\u043b\u0435\u043d\u0438\u044e \u0432\u044b\u0441\u043e\u043a\u043e\u043a\u0430\u0447\u0435\u0441\u0442\u0432\u0435\u043d\u043d\u043e\u0433\u043e \u043e\u0431\u043e\u0440\u0443\u0434\u043e\u0432\u0430\u043d\u0438\u044f \u0438\u0437\u043c\u0435\u0440\u0435\u043d\u0438\u044f \u0432\u043b\u0430\u0436\u043d\u043e\u0441\u0442\u0438 \u0438 \u0442\u0435\u043c\u043f\u0435\u0440\u0430\u0442\u0443\u0440\u044b, \u043f\u0440\u0435\u0434\u043b\u0430\u0433\u0430\u0435\u0442 \u044d\u0442\u043e\u0442 \u043e\u0447\u0435\u043d\u044c \u0443\u0434\u043e\u0431\u043d\u044b\u0439 \u043a\u043e\u043c\u0444\u043e\u0440\u0442\u043d\u044b\u0439 \u0438 \u043f\u0440\u043e\u0441\u0442\u043e\u0439 \u0432 \u0438\u0441\u043f\u043e\u043b\u044c\u0437\u043e\u0432\u0430\u043d\u0438\u0438 \u0438\u0437\u043c\u0435\u0440\u0438\u0442\u0435\u043b\u044c \u0432\u043b\u0430\u0436\u043d\u043e\u0441\u0442\u044c.[\/vc_column_text][vc_empty_space][vc_column_text]<\/p>\n<h3>\u0418\u0437\u043c\u0435\u0440\u0438\u0442\u0435\u043b\u044c \u0432\u043b\u0430\u0436\u043d\u043e\u0441\u0442\u0438 Supertech Superpro<\/h3>\n<p>[\/vc_column_text][vc_empty_space][vc_column_text]\u0418\u0437\u043c\u0435\u0440\u0438\u0442\u0435\u043b\u044c \u0432\u043b\u0430\u0436\u043d\u043e\u0441\u0442\u0438 Superpro &#8212; \u0432\u0441\u0435\u0433\u0434\u0430 \u043d\u0430\u0434\u0435\u0436\u043d\u043e \u0434\u0435\u0439\u0441\u0442\u0432\u0443\u044e\u0449\u0435\u0435 \u0446\u0438\u0444\u0440\u043e\u0432\u043e\u0435 \u0443\u0441\u0442\u0440\u043e\u0439\u0441\u0442\u0432\u043e \u043d\u043e\u0432\u043e\u0433\u043e \u043f\u043e\u043a\u043e\u043b\u0435\u043d\u0438\u044f. \u0414\u043b\u044f \u0438\u0437\u043c\u0435\u043b\u044c\u0447\u0435\u043d\u0438\u044f \u0438 \u0441\u0436\u0430\u0442\u0438\u044f \u0437\u0435\u0440\u043d\u0430 \u0438\u0441\u043f\u043e\u043b\u044c\u0437\u0443\u0435\u0442\u0441\u044f \u0442\u043e\u043b\u044c\u043a\u043e \u043e\u0434\u043d\u0430 \u043e\u043f\u0435\u0440\u0430\u0446\u0438\u044f, \u0430 \u0442\u0435\u043c\u043f\u0435\u0440\u0430\u0442\u0443\u0440\u0430 \u0430\u0432\u0442\u043e\u043c\u0430\u0442\u0438\u0447\u0435\u0441\u043a\u0438 \u043a\u043e\u043c\u043f\u0435\u043d\u0441\u0438\u0440\u0443\u0435\u0442\u0441\u044f, \u043f\u043e\u044d\u0442\u043e\u043c\u0443 \u0440\u0435\u0437\u0443\u043b\u044c\u0442\u0430\u0442\u044b \u043d\u0430\u0438\u0431\u043e\u043b\u0435\u0435 \u043d\u0430\u0434\u0435\u0436\u043d\u044b\u0435.<\/p>\n<ul>\n<li>\u0426\u0438\u0444\u0440\u043e\u0432\u044b\u0435 \u0434\u0430\u043d\u043d\u044b\u0435 \u0441 \u0442\u043e\u0447\u043d\u043e\u0441\u0442\u044c\u044e \u0434\u043e \u043e\u0434\u043d\u043e\u0433\u043e \u0437\u043d\u0430\u043a\u0430 \u043f\u043e\u0441\u043b\u0435 \u0437\u0430\u043f\u044f\u0442\u043e\u0439<\/li>\n<li>\u041e\u0431\u0440\u0430\u0437\u0435\u0446 \u0438\u0437\u043c\u0435\u043b\u044c\u0447\u0430\u0435\u0442\u0441\u044f \u0438 \u0441\u0436\u0438\u043c\u0430\u0435\u0442\u0441\u044f<\/li>\n<li>\u0418\u043d\u0442\u0435\u0433\u0440\u0438\u0440\u043e\u0432\u0430\u043d\u043d\u044b\u0435 \u0447\u0430\u0448\u043a\u0438 \u0438\u0437\u043c\u0435\u0440\u0435\u043d\u0438\u044f<\/li>\n<li>\u0414\u0438\u0441\u043f\u043b\u0435\u0439 \u0441 \u043f\u043e\u0434\u0441\u0432\u0435\u0442\u043a\u043e\u0439<\/li>\n<li>\u0410\u0432\u0442\u043e\u043c\u0430\u0442\u0438\u0447\u0435\u0441\u043a\u0430\u044f \u043a\u043e\u043c\u043f\u0435\u043d\u0441\u0430\u0446\u0438\u044f \u0442\u0435\u043c\u043f\u0435\u0440\u0430\u0442\u0443\u0440\u044b<\/li>\n<li>\u041c\u0435\u043b\u044c\u043d\u0438\u0446\u0430 \u0438\u0437\u0433\u043e\u0442\u043e\u0432\u043b\u0435\u043d\u0430 \u0438\u0437 \u0437\u0430\u043a\u0430\u043b\u0435\u043d\u043d\u043e\u0439 \u0433\u0430\u043b\u044c\u0432\u0430\u043d\u0438\u0437\u0438\u0440\u043e\u0432\u0430\u043d\u043d\u043e\u0439 \u0441\u0442\u0430\u043b\u0438<\/li>\n<li>\u041a\u043e\u0440\u043e\u0431\u043a\u0430 \u0438\u0437 \u0443\u0434\u0430\u0440\u043e\u043f\u0440\u043e\u0447\u043d\u043e\u0433\u043e \u043f\u043b\u0430\u0441\u0442\u0438\u043a\u0430 ABS<\/li>\n<li>\u0410\u0432\u0442\u043e\u043c\u0430\u0442\u0438\u0447\u0435\u0441\u043a\u043e\u0435 \u0432\u044b\u0447\u0438\u0441\u043b\u0435\u043d\u0438\u0435 \u0441\u0440\u0435\u0434\u043d\u0435\u0433\u043e \u0447\u0438\u0441\u043b\u0430<\/li>\n<li>\u041e\u0442\u0434\u0435\u043b\u044c\u043d\u0430\u044f \u043a\u0430\u043b\u0438\u0431\u0440\u043e\u0432\u043a\u0430 \u0434\u043b\u044f \u043a\u0430\u0436\u0434\u043e\u0433\u043e \u0442\u0438\u043f\u0430 \u0437\u0435\u0440\u043d\u0430<\/li>\n<li>\u041c\u043e\u0436\u043d\u043e \u043e\u0431\u043d\u043e\u0432\u0438\u0442\u044c, \u0432\u043d\u0435\u0434\u0440\u044f\u044f \u043d\u043e\u0432\u044b\u0435 \u0448\u043a\u0430\u043b\u044b \u0432\u043b\u0430\u0436\u043d\u043e\u0441\u0442\u0438<\/li>\n<li>\u041f\u043e\u0441\u0442\u0430\u0432\u043b\u044f\u0435\u0442\u0441\u044f \u0432 \u0443\u0434\u0430\u0440\u043e\u043f\u0440\u043e\u0447\u043d\u043e\u043c \u0447\u0435\u043c\u043e\u0434\u0430\u043d\u0435<\/li>\n<li>\u0413\u0430\u0440\u0430\u043d\u0442\u0438\u044f 2 \u0433\u043e\u0434\u0430<\/li>\n<\/ul>\n<p>[\/vc_column_text][vc_empty_space][vc_column_text]<\/p>\n<table border=\"1\" width=\"642\" cellspacing=\"0\" cellpadding=\"4\">\n<colgroup>\n<col width=\"209\" \/>\n<col width=\"415\" \/> <\/colgroup>\n<tbody>\n<tr>\n<td colspan=\"2\" valign=\"TOP\" width=\"632\">\n<p lang=\"ru-RU\" align=\"CENTER\">\u0422\u0435\u0445\u043d\u0438\u0447\u0435\u0441\u043a\u0438\u0435 \u0434\u0430\u043d\u043d\u044b\u0435<\/p>\n<\/td>\n<\/tr>\n<tr valign=\"TOP\">\n<td width=\"209\">\n<p lang=\"ru-RU\" align=\"CENTER\">\u0414\u0438\u0430\u043f\u0430\u0437\u043e\u043d \u0438\u0437\u043c\u0435\u0440\u0435\u043d\u0438\u0439 (\u0432\u043b\u0430\u0436\u043d\u043e\u0441\u0442\u044c)<\/p>\n<\/td>\n<td width=\"415\">\n<p lang=\"ru-RU\" align=\"CENTER\">5-50%, \u0437\u0430\u0432\u0438\u0441\u0438\u0442 \u043e\u0442 \u0442\u0438\u043f\u0430 \u0437\u0435\u0440\u043d\u0430<\/p>\n<\/td>\n<\/tr>\n<tr valign=\"TOP\">\n<td width=\"209\" height=\"9\">\n<p lang=\"ru-RU\" align=\"CENTER\">\u042d\u043a\u0441\u043f\u043b\u0443\u0430\u0442\u0438\u0440\u0443\u0435\u043c\u0430\u044f \u0442\u0435\u043c\u043f\u0435\u0440\u0430\u0442\u0443\u0440\u0430<\/p>\n<\/td>\n<td width=\"415\">\n<p lang=\"ru-RU\" align=\"CENTER\">\u0421 0\u00b0C \u0434\u043e +50\u00b0C<\/p>\n<\/td>\n<\/tr>\n<tr valign=\"TOP\">\n<td width=\"209\">\n<p lang=\"ru-RU\" align=\"CENTER\">\u0420\u0430\u0437\u043b\u0438\u0447\u0438\u0442\u0435\u043b\u044c\u043d\u0430\u044f \u0441\u043f\u043e\u0441\u043e\u0431\u043d\u043e\u0441\u0442\u044c<\/p>\n<\/td>\n<td width=\"415\">\n<p lang=\"ru-RU\" align=\"CENTER\">0,1% \u0432\u043b\u0430\u0436\u043d\u043e\u0441\u0442\u0438<\/p>\n<\/td>\n<\/tr>\n<tr valign=\"TOP\">\n<td width=\"209\">\n<p lang=\"ru-RU\" align=\"CENTER\">\u041a\u043e\u043c\u043f\u0435\u043d\u0441\u0430\u0446\u0438\u044f \u0442\u0435\u043c\u043f\u0435\u0440\u0430\u0442\u0443\u0440\u044b<\/p>\n<\/td>\n<td width=\"415\">\n<p lang=\"ru-RU\" align=\"CENTER\">\u0410\u0432\u0442\u043e\u043c\u0430\u0442\u0438\u0447\u0435\u0441\u043a\u0438\u0439<\/p>\n<\/td>\n<\/tr>\n<tr valign=\"TOP\">\n<td width=\"209\">\n<p lang=\"ru-RU\" align=\"CENTER\">\u0412\u0435\u0441 (\u0441 \u0447\u0435\u043c\u043e\u0434\u0430\u043d\u043e\u043c)<\/p>\n<\/td>\n<td width=\"415\">\n<p lang=\"ru-RU\" align=\"CENTER\">2 \u043a\u0433<\/p>\n<\/td>\n<\/tr>\n<tr valign=\"TOP\">\n<td width=\"209\">\n<p lang=\"ru-RU\" align=\"CENTER\">\u0420\u0430\u0437\u043c\u0435\u0440\u044b<\/p>\n<\/td>\n<td width=\"415\">\n<p lang=\"ru-RU\" align=\"CENTER\">13 x 21 x 8 \u0441\u043c<\/p>\n<\/td>\n<\/tr>\n<tr valign=\"TOP\">\n<td width=\"209\">\n<p lang=\"ru-RU\" align=\"CENTER\">\u042d\u043b\u0435\u043c\u0435\u043d\u0442<\/p>\n<\/td>\n<td width=\"415\">\n<p lang=\"ru-RU\" align=\"CENTER\">9 \u0432\u043e\u043b\u044c\u0442\u043e\u0432, \u0449\u0435\u043b\u043e\u0447\u043d\u043e\u0439.<\/p>\n<\/td>\n<\/tr>\n<tr valign=\"TOP\">\n<td width=\"209\">\n<p lang=\"ru-RU\" align=\"CENTER\">\u042d\u043a\u0440\u0430\u043d<\/p>\n<\/td>\n<td width=\"415\">\n<p lang=\"ru-RU\" align=\"CENTER\">2 \u043b\u0438\u043d\u0438\u0438 LCD-\u0434\u0438\u0441\u043f\u043b\u0435\u0439 \u0441 \u043f\u043e\u0434\u0441\u0432\u0435\u0442\u043a\u043e\u0439<\/p>\n<\/td>\n<\/tr>\n<tr valign=\"TOP\">\n<td width=\"209\">\n<p lang=\"ru-RU\" align=\"CENTER\">\u0422\u043e\u0447\u043d\u043e\u0441\u0442\u044c<\/p>\n<\/td>\n<td width=\"415\">\n<p lang=\"ru-RU\" align=\"CENTER\">\u0418\u0441\u043f\u043e\u043b\u044c\u0437\u0443\u044f \u0432\u044b\u0447\u0438\u0441\u043b\u0435\u043d\u0438\u0435 \u0441\u0440\u0435\u0434\u043d\u0435\u0433\u043e \u0447\u0438\u0441\u043b\u0430 \u0438 \u043a\u0430\u043b\u0438\u0431\u0440\u043e\u0432\u043a\u0443 \u0431\u043e\u043b\u0435\u0435 \u0447\u0435\u043c +\/- 0,25% \u0432 \u043d\u043e\u0440\u043c\u0430\u043b\u044c\u043d\u043e\u043c \u0434\u0438\u0430\u043f\u0430\u0437\u043e\u043d\u0435 \u0432\u043b\u0430\u0436\u043d\u043e\u0441\u0442\u0438<\/p>\n<\/td>\n<\/tr>\n<\/tbody>\n<\/table>\n<p>[\/vc_column_text][vc_empty_space][\/vc_column][vc_column width=&#187;1\/3&#8243;][vc_single_image image=&#187;5334&#8243; img_size=&#187;full&#187; onclick=&#187;link_image&#187;][vc_empty_space height=&#187;16px&#187;][vc_single_image image=&#187;5335&#8243; img_size=&#187;full&#187; onclick=&#187;link_image&#187;][vc_empty_space][vc_column_text]\n<div class=\"wpcf7 no-js\" id=\"wpcf7-f3091-o1\" lang=\"en-US\" dir=\"ltr\">\n<div class=\"screen-reader-response\"><p role=\"status\" aria-live=\"polite\" aria-atomic=\"true\"><\/p> <ul><\/ul><\/div>\n<form action=\"\/ru\/wp-json\/wp\/v2\/pages\/7232#wpcf7-f3091-o1\" method=\"post\" class=\"wpcf7-form init\" aria-label=\"Contact form\" novalidate=\"novalidate\" data-status=\"init\">\n<div style=\"display: none;\">\n<input type=\"hidden\" name=\"_wpcf7\" value=\"3091\" \/>\n<input type=\"hidden\" name=\"_wpcf7_version\" value=\"5.8.7\" \/>\n<input type=\"hidden\" name=\"_wpcf7_locale\" value=\"en_US\" \/>\n<input type=\"hidden\" name=\"_wpcf7_unit_tag\" value=\"wpcf7-f3091-o1\" \/>\n<input type=\"hidden\" name=\"_wpcf7_container_post\" value=\"0\" \/>\n<input type=\"hidden\" name=\"_wpcf7_posted_data_hash\" value=\"\" \/>\n<input type=\"hidden\" name=\"_wpcf7_recaptcha_response\" value=\"\" \/>\n<\/div>\n<p><label> J\u016bs\u0173 vardas<br \/>\n<span class=\"wpcf7-form-control-wrap\" data-name=\"your-name\"><input size=\"40\" class=\"wpcf7-form-control wpcf7-text wpcf7-validates-as-required\" aria-required=\"true\" aria-invalid=\"false\" value=\"\" type=\"text\" name=\"your-name\" \/><\/span> <\/label>\n<\/p>\n<p><label> J\u016bs\u0173 el. pa\u0161tas arba telefonas<br \/>\n<span class=\"wpcf7-form-control-wrap\" data-name=\"your-email\"><input size=\"40\" class=\"wpcf7-form-control wpcf7-email wpcf7-validates-as-required wpcf7-text wpcf7-validates-as-email\" aria-required=\"true\" aria-invalid=\"false\" value=\"\" type=\"email\" name=\"your-email\" \/><\/span> <\/label>\n<\/p>\n<p><label> J\u016bs\u0173 \u017einut\u0117<br \/>\n<span class=\"wpcf7-form-control-wrap\" data-name=\"your-message\"><textarea cols=\"40\" rows=\"10\" class=\"wpcf7-form-control wpcf7-textarea\" aria-invalid=\"false\" name=\"your-message\"><\/textarea><\/span> <\/label>\n<\/p>\n<div class=\"wpc7-privacy-box\">\n\t<p><span class=\"wpcf7-form-control-wrap\" data-name=\"acceptance-980\"><span class=\"wpcf7-form-control wpcf7-acceptance\"><span class=\"wpcf7-list-item\"><label><input type=\"checkbox\" name=\"acceptance-980\" value=\"1\" aria-invalid=\"false\" \/><span class=\"wpcf7-list-item-label\">Perskai\u010diau ir sutinku su <a href=\"\/privatumo-politika\" target=\"_blank\">privatumo politika<\/a><\/span><\/label><\/span><\/span><\/span>\n\t<\/p>\n<\/div>\n<p><input class=\"wpcf7-form-control wpcf7-submit has-spinner\" type=\"submit\" value=\"Si\u0173sti\" \/>\n<\/p><div class=\"inv-recaptcha-holder\"><\/div><div class=\"wpcf7-response-output\" aria-hidden=\"true\"><\/div>\n<\/form>\n<\/div>\n[\/vc_column_text][vc_empty_space][\/vc_column][\/vc_row][vc_row][vc_column][vc_empty_space][\/vc_column][\/vc_row][vc_row][vc_column]<a itemprop=\"url\" href=\"https:\/\/www.agrosistemos.lt\/ru\/oborudovanie-dlja-hranenija-zerna\/dregnomaciai\/?preview_id=12565&#038;preview_nonce=ac4ac3ada5&#038;_thumbnail_id=-1&#038;preview=true\" target=\"_self\"  class=\"mkd-btn mkd-btn-medium mkd-btn-solid\"  >\n    <span class=\"mkd-btn-text\">\u041d\u0430\u0437\u0430\u0434<\/span>\n    <\/a>[\/vc_column][\/vc_row][vc_row][vc_column][vc_empty_space][\/vc_column][\/vc_row]<\/p>\n","protected":false},"excerpt":{"rendered":"<p>[vc_row][vc_column][vc_single_image image=&#187;3849&#8243; img_size=&#187;full&#187;][\/vc_column][\/vc_row][vc_row][vc_column width=&#187;2\/3&#8243;][vc_column_text]\u0412 \u0445\u043e\u0437\u044f\u0439\u0441\u0442\u0432\u0435\u043d\u043d\u044b\u0445 \u0443\u0441\u043b\u043e\u0432\u0438\u044f\u0445 \u0438\u0437\u043c\u0435\u0440\u0435\u043d\u0438\u0435 \u043a\u043e\u043b\u0438\u0447\u0435\u0441\u0442\u0432\u0430 \u0432\u043b\u0430\u0436\u043d\u043e\u0441\u0442\u0438 &#8212; \u044d\u0442\u043e \u0441\u0430\u043c\u044b\u0439 \u043f\u0440\u043e\u0441\u0442\u043e\u0439 \u0438 \u0432\u0430\u0436\u043d\u044b\u0439 \u0441\u043f\u043e\u0441\u043e\u0431 \u043e\u0446\u0435\u043d\u0438\u0432\u0430\u0442\u044c \u043a\u0430\u0447\u0435\u0441\u0442\u0432\u043e \u0437\u0435\u0440\u043d\u0430. \u0412 \u0445\u043e\u0437\u044f\u0439\u0441\u0442\u0432\u0430\u0445 \u0446\u0435\u043b\u0435\u0441\u043e\u043e\u0431\u0440\u0430\u0437\u043d\u043e \u0438\u0441\u043f\u043e\u043b\u044c\u0437\u043e\u0432\u0430\u0442\u044c \u0438\u0437\u043c\u0435\u0440\u0438\u0442\u0435\u043b\u0438 \u0432\u043b\u0430\u0436\u043d\u043e\u0441\u0442\u0438, \u043a\u043e\u0442\u043e\u0440\u044b\u0435 \u0431\u044b\u0441\u0442\u0440\u043e \u0438 \u0442\u043e\u0447\u043d\u043e \u0438\u0437\u043c\u0435\u0440\u044f\u044e\u0442 \u0432\u043b\u0430\u0433\u0443. \u0414\u0430\u0442\u0441\u043a\u0430\u044f \u043a\u043e\u043c\u043f\u0430\u043d\u0438\u044f Supertech Agroline APS, \u0438\u043c\u0435\u044e\u0449\u0430\u044f \u0431\u043e\u043b\u0435\u0435 20 \u043b\u0435\u0442 \u043e\u043f\u044b\u0442\u0430 \u0440\u0430\u0431\u043e\u0442\u044b \u043f\u043e \u0438\u0437\u0433\u043e\u0442\u043e\u0432\u043b\u0435\u043d\u0438\u044e \u0432\u044b\u0441\u043e\u043a\u043e\u043a\u0430\u0447\u0435\u0441\u0442\u0432\u0435\u043d\u043d\u043e\u0433\u043e&#8230;<\/p>\n","protected":false},"author":4,"featured_media":0,"parent":7225,"menu_order":0,"comment_status":"closed","ping_status":"closed","template":"","meta":{"footnotes":""},"yoast_head":"<!-- This site is optimized with the Yoast SEO plugin v22.1 - https:\/\/yoast.com\/wordpress\/plugins\/seo\/ -->\n<title>\u0418\u0437\u043c\u0435\u0440\u0438\u0442\u0435\u043b\u044c \u0432\u043b\u0430\u0436\u043d\u043e\u0441\u0442\u0438 | Agrosistemos | Gr\u016bd\u0173 sand\u0117liavimui<\/title>\n<meta name=\"description\" content=\"Gr\u016bdams sumalti ir susl\u0117gti naudojama tik viena operacija, o temperat\u016bra kompensuojama automati\u0161kai, tod\u0117l rezultatai yra daug patikimesni\" \/>\n<meta name=\"robots\" content=\"index, follow, max-snippet:-1, max-image-preview:large, max-video-preview:-1\" \/>\n<link rel=\"canonical\" href=\"https:\/\/www.agrosistemos.lt\/ru\/oborudovanie-dlja-hranenija-zerna\/vlagomery\/\" \/>\n<meta property=\"og:locale\" content=\"ru_RU\" \/>\n<meta property=\"og:type\" content=\"article\" \/>\n<meta property=\"og:title\" content=\"\u0418\u0437\u043c\u0435\u0440\u0438\u0442\u0435\u043b\u044c \u0432\u043b\u0430\u0436\u043d\u043e\u0441\u0442\u0438 | Agrosistemos | Gr\u016bd\u0173 sand\u0117liavimui\" \/>\n<meta property=\"og:description\" content=\"Gr\u016bdams sumalti ir susl\u0117gti naudojama tik viena operacija, o temperat\u016bra kompensuojama automati\u0161kai, tod\u0117l rezultatai yra daug patikimesni\" \/>\n<meta property=\"og:url\" content=\"https:\/\/www.agrosistemos.lt\/ru\/oborudovanie-dlja-hranenija-zerna\/vlagomery\/\" \/>\n<meta property=\"og:site_name\" content=\"Agrosistemos\" \/>\n<meta property=\"article:publisher\" content=\"https:\/\/www.facebook.com\/agrosistemos\/\" \/>\n<meta property=\"article:modified_time\" content=\"2026-03-12T09:26:03+00:00\" \/>\n<meta property=\"og:image\" content=\"https:\/\/www.agrosistemos.lt\/wp-content\/uploads\/2017\/07\/logo.png\" \/>\n\t<meta property=\"og:image:width\" content=\"170\" \/>\n\t<meta property=\"og:image:height\" content=\"92\" \/>\n\t<meta property=\"og:image:type\" content=\"image\/png\" \/>\n<meta name=\"twitter:card\" content=\"summary_large_image\" \/>\n<meta name=\"twitter:label1\" content=\"\u041f\u0440\u0438\u043c\u0435\u0440\u043d\u043e\u0435 \u0432\u0440\u0435\u043c\u044f \u0434\u043b\u044f \u0447\u0442\u0435\u043d\u0438\u044f\" \/>\n\t<meta name=\"twitter:data1\" content=\"2 \u043c\u0438\u043d\u0443\u0442\u044b\" \/>\n<script type=\"application\/ld+json\" class=\"yoast-schema-graph\">{\"@context\":\"https:\/\/schema.org\",\"@graph\":[{\"@type\":\"WebPage\",\"@id\":\"https:\/\/www.agrosistemos.lt\/ru\/oborudovanie-dlja-hranenija-zerna\/vlagomery\/\",\"url\":\"https:\/\/www.agrosistemos.lt\/ru\/oborudovanie-dlja-hranenija-zerna\/vlagomery\/\",\"name\":\"\u0418\u0437\u043c\u0435\u0440\u0438\u0442\u0435\u043b\u044c \u0432\u043b\u0430\u0436\u043d\u043e\u0441\u0442\u0438 | Agrosistemos | Gr\u016bd\u0173 sand\u0117liavimui\",\"isPartOf\":{\"@id\":\"https:\/\/www.agrosistemos.lt\/ru\/#website\"},\"datePublished\":\"2018-03-09T13:00:58+00:00\",\"dateModified\":\"2026-03-12T09:26:03+00:00\",\"description\":\"Gr\u016bdams sumalti ir susl\u0117gti naudojama tik viena operacija, o temperat\u016bra kompensuojama automati\u0161kai, tod\u0117l rezultatai yra daug patikimesni\",\"breadcrumb\":{\"@id\":\"https:\/\/www.agrosistemos.lt\/ru\/oborudovanie-dlja-hranenija-zerna\/vlagomery\/#breadcrumb\"},\"inLanguage\":\"ru-RU\",\"potentialAction\":[{\"@type\":\"ReadAction\",\"target\":[\"https:\/\/www.agrosistemos.lt\/ru\/oborudovanie-dlja-hranenija-zerna\/vlagomery\/\"]}]},{\"@type\":\"BreadcrumbList\",\"@id\":\"https:\/\/www.agrosistemos.lt\/ru\/oborudovanie-dlja-hranenija-zerna\/vlagomery\/#breadcrumb\",\"itemListElement\":[{\"@type\":\"ListItem\",\"position\":1,\"name\":\"Home\",\"item\":\"https:\/\/www.agrosistemos.lt\/ru\/\"},{\"@type\":\"ListItem\",\"position\":2,\"name\":\"\u041e\u0431\u043e\u0440\u0443\u0434\u043e\u0432\u0430\u043d\u0438\u0435 \u0434\u043b\u044f \u0445\u0440\u0430\u043d\u0435\u043d\u0438\u044f \u0437\u0435\u0440\u043d\u0430\",\"item\":\"https:\/\/www.agrosistemos.lt\/ru\/oborudovanie-dlja-hranenija-zerna\/\"},{\"@type\":\"ListItem\",\"position\":3,\"name\":\"\u0412\u043b\u0430\u0433\u043e\u043c\u0435\u0440\u044b Supertech Superpro\"}]},{\"@type\":\"WebSite\",\"@id\":\"https:\/\/www.agrosistemos.lt\/ru\/#website\",\"url\":\"https:\/\/www.agrosistemos.lt\/ru\/\",\"name\":\"Agrosistemos\",\"description\":\"Viskas moderniam \u016bkiui\",\"publisher\":{\"@id\":\"https:\/\/www.agrosistemos.lt\/ru\/#organization\"},\"potentialAction\":[{\"@type\":\"SearchAction\",\"target\":{\"@type\":\"EntryPoint\",\"urlTemplate\":\"https:\/\/www.agrosistemos.lt\/ru\/?s={search_term_string}\"},\"query-input\":\"required name=search_term_string\"}],\"inLanguage\":\"ru-RU\"},{\"@type\":\"Organization\",\"@id\":\"https:\/\/www.agrosistemos.lt\/ru\/#organization\",\"name\":\"UAB Agrosistemos\",\"url\":\"https:\/\/www.agrosistemos.lt\/ru\/\",\"logo\":{\"@type\":\"ImageObject\",\"inLanguage\":\"ru-RU\",\"@id\":\"https:\/\/www.agrosistemos.lt\/ru\/#\/schema\/logo\/image\/\",\"url\":\"https:\/\/www.agrosistemos.lt\/wp-content\/uploads\/2019\/03\/Piktogramai-e1582537433243.png\",\"contentUrl\":\"https:\/\/www.agrosistemos.lt\/wp-content\/uploads\/2019\/03\/Piktogramai-e1582537433243.png\",\"width\":100,\"height\":100,\"caption\":\"UAB Agrosistemos\"},\"image\":{\"@id\":\"https:\/\/www.agrosistemos.lt\/ru\/#\/schema\/logo\/image\/\"},\"sameAs\":[\"https:\/\/www.facebook.com\/agrosistemos\/\"]}]}<\/script>\n<!-- \/ Yoast SEO plugin. -->","yoast_head_json":{"title":"\u0418\u0437\u043c\u0435\u0440\u0438\u0442\u0435\u043b\u044c \u0432\u043b\u0430\u0436\u043d\u043e\u0441\u0442\u0438 | Agrosistemos | Gr\u016bd\u0173 sand\u0117liavimui","description":"Gr\u016bdams sumalti ir susl\u0117gti naudojama tik viena operacija, o temperat\u016bra kompensuojama automati\u0161kai, tod\u0117l rezultatai yra daug patikimesni","robots":{"index":"index","follow":"follow","max-snippet":"max-snippet:-1","max-image-preview":"max-image-preview:large","max-video-preview":"max-video-preview:-1"},"canonical":"https:\/\/www.agrosistemos.lt\/ru\/oborudovanie-dlja-hranenija-zerna\/vlagomery\/","og_locale":"ru_RU","og_type":"article","og_title":"\u0418\u0437\u043c\u0435\u0440\u0438\u0442\u0435\u043b\u044c \u0432\u043b\u0430\u0436\u043d\u043e\u0441\u0442\u0438 | Agrosistemos | Gr\u016bd\u0173 sand\u0117liavimui","og_description":"Gr\u016bdams sumalti ir susl\u0117gti naudojama tik viena operacija, o temperat\u016bra kompensuojama automati\u0161kai, tod\u0117l rezultatai yra daug patikimesni","og_url":"https:\/\/www.agrosistemos.lt\/ru\/oborudovanie-dlja-hranenija-zerna\/vlagomery\/","og_site_name":"Agrosistemos","article_publisher":"https:\/\/www.facebook.com\/agrosistemos\/","article_modified_time":"2026-03-12T09:26:03+00:00","og_image":[{"width":170,"height":92,"url":"https:\/\/www.agrosistemos.lt\/wp-content\/uploads\/2017\/07\/logo.png","type":"image\/png"}],"twitter_card":"summary_large_image","twitter_misc":{"\u041f\u0440\u0438\u043c\u0435\u0440\u043d\u043e\u0435 \u0432\u0440\u0435\u043c\u044f \u0434\u043b\u044f \u0447\u0442\u0435\u043d\u0438\u044f":"2 \u043c\u0438\u043d\u0443\u0442\u044b"},"schema":{"@context":"https:\/\/schema.org","@graph":[{"@type":"WebPage","@id":"https:\/\/www.agrosistemos.lt\/ru\/oborudovanie-dlja-hranenija-zerna\/vlagomery\/","url":"https:\/\/www.agrosistemos.lt\/ru\/oborudovanie-dlja-hranenija-zerna\/vlagomery\/","name":"\u0418\u0437\u043c\u0435\u0440\u0438\u0442\u0435\u043b\u044c \u0432\u043b\u0430\u0436\u043d\u043e\u0441\u0442\u0438 | Agrosistemos | Gr\u016bd\u0173 sand\u0117liavimui","isPartOf":{"@id":"https:\/\/www.agrosistemos.lt\/ru\/#website"},"datePublished":"2018-03-09T13:00:58+00:00","dateModified":"2026-03-12T09:26:03+00:00","description":"Gr\u016bdams sumalti ir susl\u0117gti naudojama tik viena operacija, o temperat\u016bra kompensuojama automati\u0161kai, tod\u0117l rezultatai yra daug patikimesni","breadcrumb":{"@id":"https:\/\/www.agrosistemos.lt\/ru\/oborudovanie-dlja-hranenija-zerna\/vlagomery\/#breadcrumb"},"inLanguage":"ru-RU","potentialAction":[{"@type":"ReadAction","target":["https:\/\/www.agrosistemos.lt\/ru\/oborudovanie-dlja-hranenija-zerna\/vlagomery\/"]}]},{"@type":"BreadcrumbList","@id":"https:\/\/www.agrosistemos.lt\/ru\/oborudovanie-dlja-hranenija-zerna\/vlagomery\/#breadcrumb","itemListElement":[{"@type":"ListItem","position":1,"name":"Home","item":"https:\/\/www.agrosistemos.lt\/ru\/"},{"@type":"ListItem","position":2,"name":"\u041e\u0431\u043e\u0440\u0443\u0434\u043e\u0432\u0430\u043d\u0438\u0435 \u0434\u043b\u044f \u0445\u0440\u0430\u043d\u0435\u043d\u0438\u044f \u0437\u0435\u0440\u043d\u0430","item":"https:\/\/www.agrosistemos.lt\/ru\/oborudovanie-dlja-hranenija-zerna\/"},{"@type":"ListItem","position":3,"name":"\u0412\u043b\u0430\u0433\u043e\u043c\u0435\u0440\u044b Supertech Superpro"}]},{"@type":"WebSite","@id":"https:\/\/www.agrosistemos.lt\/ru\/#website","url":"https:\/\/www.agrosistemos.lt\/ru\/","name":"Agrosistemos","description":"Viskas moderniam \u016bkiui","publisher":{"@id":"https:\/\/www.agrosistemos.lt\/ru\/#organization"},"potentialAction":[{"@type":"SearchAction","target":{"@type":"EntryPoint","urlTemplate":"https:\/\/www.agrosistemos.lt\/ru\/?s={search_term_string}"},"query-input":"required name=search_term_string"}],"inLanguage":"ru-RU"},{"@type":"Organization","@id":"https:\/\/www.agrosistemos.lt\/ru\/#organization","name":"UAB Agrosistemos","url":"https:\/\/www.agrosistemos.lt\/ru\/","logo":{"@type":"ImageObject","inLanguage":"ru-RU","@id":"https:\/\/www.agrosistemos.lt\/ru\/#\/schema\/logo\/image\/","url":"https:\/\/www.agrosistemos.lt\/wp-content\/uploads\/2019\/03\/Piktogramai-e1582537433243.png","contentUrl":"https:\/\/www.agrosistemos.lt\/wp-content\/uploads\/2019\/03\/Piktogramai-e1582537433243.png","width":100,"height":100,"caption":"UAB Agrosistemos"},"image":{"@id":"https:\/\/www.agrosistemos.lt\/ru\/#\/schema\/logo\/image\/"},"sameAs":["https:\/\/www.facebook.com\/agrosistemos\/"]}]}},"_links":{"self":[{"href":"https:\/\/www.agrosistemos.lt\/ru\/wp-json\/wp\/v2\/pages\/7232"}],"collection":[{"href":"https:\/\/www.agrosistemos.lt\/ru\/wp-json\/wp\/v2\/pages"}],"about":[{"href":"https:\/\/www.agrosistemos.lt\/ru\/wp-json\/wp\/v2\/types\/page"}],"author":[{"embeddable":true,"href":"https:\/\/www.agrosistemos.lt\/ru\/wp-json\/wp\/v2\/users\/4"}],"replies":[{"embeddable":true,"href":"https:\/\/www.agrosistemos.lt\/ru\/wp-json\/wp\/v2\/comments?post=7232"}],"version-history":[{"count":5,"href":"https:\/\/www.agrosistemos.lt\/ru\/wp-json\/wp\/v2\/pages\/7232\/revisions"}],"predecessor-version":[{"id":12571,"href":"https:\/\/www.agrosistemos.lt\/ru\/wp-json\/wp\/v2\/pages\/7232\/revisions\/12571"}],"up":[{"embeddable":true,"href":"https:\/\/www.agrosistemos.lt\/ru\/wp-json\/wp\/v2\/pages\/7225"}],"wp:attachment":[{"href":"https:\/\/www.agrosistemos.lt\/ru\/wp-json\/wp\/v2\/media?parent=7232"}],"curies":[{"name":"wp","href":"https:\/\/api.w.org\/{rel}","templated":true}]}}