{"id":12760,"date":"2021-04-07T12:56:07","date_gmt":"2021-04-07T12:56:07","guid":{"rendered":"https:\/\/www.agrosistemos.lt\/zhivotnovodcheskoe-oborudovanie\/pasaru-bokstai\/agritech-siv\/"},"modified":"2026-05-05T06:32:26","modified_gmt":"2026-05-05T06:32:26","slug":"agritech-siv","status":"publish","type":"page","link":"https:\/\/www.agrosistemos.lt\/ru\/zhivotnovodcheskoe-oborudovanie\/k%d0%be%d1%80%d0%bc%d0%be%d0%b2%d1%8b%d0%b5-%d1%81%d0%b8%d0%bb%d0%be%d1%81%d1%8b\/agritech-siv\/","title":{"rendered":"Pa\u0161ar\u0173 bok\u0161tai Agritech SIV"},"content":{"rendered":"<p>[vc_row][vc_column][vc_column_text]<\/p>\n<h3 style=\"text-align: center;\">Agritech SIV<\/h3>\n<p>[\/vc_column_text][vc_empty_space][vc_column_text]<\/p>\n<div class=\"wpb_text_column wpb_content_element \">\n<div class=\"wpb_wrapper\">\n<p>Pa\u0161ar\u0173 bok\u0161tai yra skirti pa\u0161arams ir s\u0117lenoms sand\u0117liuoti. Jie naudojami gyvulininkyst\u0117s \u016bkiuose ir pauk\u0161tynuose. Lengvai surenkami ital\u0173 gamintojo Agritech stiklo pluo\u0161to, pa\u0161ar\u0173 bok\u0161tai &#171;SIV&#187;<\/p>\n<p>Agritech silos bok\u0161tai yra labai lengvi, bet pilnai atspar\u016bs svoriui. Kad ir koks lengvas bok\u0161tas, bet atlaiko didel\u0119 mas\u0119. Taip pat, produktai esantys patalpoje yra pilnai izoliuoti ir temperat\u016bra palaikoma ta pati. Permatoma juostel\u0117, esanti viduje bok\u0161to, leid\u017eia i\u0161 kart \u017einoti esamo produkto pasiekt\u0105 lyg\u012f. \u0160ie bok\u0161tai ner\u016bdija, pasi\u017eymi ilgaam\u017ei\u0161kumu ir nereikalauja specialios prie\u017ei\u016bros. Galiausiai, j\u012f nesunku surinkti ir nebrangu transportuoti.<\/p>\n<div class=\"\" data-block=\"true\" data-editor=\"fvno3\" data-offset-key=\"fsj9-0-0\"><\/div>\n<\/div>\n<\/div>\n<p>[\/vc_column_text][vc_empty_space][\/vc_column][\/vc_row][vc_row][vc_column width=&#187;2\/3&#8243;][vc_single_image image=&#187;10513&#8243; img_size=&#187;full&#187; onclick=&#187;link_image&#187;][\/vc_column][vc_column width=&#187;1\/3&#8243;][vc_single_image image=&#187;10516&#8243; img_size=&#187;full&#187; onclick=&#187;link_image&#187;][\/vc_column][\/vc_row][vc_row][vc_column width=&#187;1\/2&#8243;][vc_empty_space][vc_single_image image=&#187;10519&#8243; img_size=&#187;full&#187; onclick=&#187;link_image&#187;][vc_empty_space][\/vc_column][vc_column width=&#187;1\/2&#8243;][vc_empty_space][vc_single_image image=&#187;10523&#8243; img_size=&#187;full&#187; onclick=&#187;link_image&#187;][vc_empty_space][\/vc_column][\/vc_row][vc_row][vc_column][vc_empty_space]<a itemprop=\"url\" href=\"https:\/\/www.agrosistemos.lt\/ru\/zhivotnovodcheskoe-oborudovanie\/k%d0%be%d1%80%d0%bc%d0%be%d0%b2%d1%8b%d0%b5-%d1%81%d0%b8%d0%bb%d0%be%d1%81%d1%8b\/\" target=\"_self\"  class=\"mkd-btn mkd-btn-medium mkd-btn-solid\"  >\n    <span class=\"mkd-btn-text\">\u041d\u0430\u0437\u0430\u0434<\/span>\n    <\/a>[vc_empty_space][\/vc_column][\/vc_row]<\/p>\n","protected":false},"excerpt":{"rendered":"<p>[vc_row][vc_column][vc_column_text] Agritech SIV [\/vc_column_text][vc_empty_space][vc_column_text] Pa\u0161ar\u0173 bok\u0161tai yra skirti pa\u0161arams ir s\u0117lenoms sand\u0117liuoti. Jie naudojami gyvulininkyst\u0117s \u016bkiuose ir pauk\u0161tynuose. Lengvai surenkami ital\u0173 gamintojo Agritech stiklo pluo\u0161to, pa\u0161ar\u0173 bok\u0161tai &#171;SIV&#187; Agritech silos bok\u0161tai yra labai lengvi, bet pilnai atspar\u016bs svoriui. Kad ir koks lengvas bok\u0161tas, bet atlaiko&#8230;<\/p>\n","protected":false},"author":4,"featured_media":0,"parent":12741,"menu_order":0,"comment_status":"closed","ping_status":"closed","template":"","meta":{"footnotes":""},"yoast_head":"<!-- This site is optimized with the Yoast SEO plugin v22.1 - https:\/\/yoast.com\/wordpress\/plugins\/seo\/ -->\n<title>Pa\u0161ar\u0173 bok\u0161tai Agritech SIV | Agrosistemos<\/title>\n<meta name=\"robots\" content=\"index, follow, max-snippet:-1, max-image-preview:large, max-video-preview:-1\" \/>\n<link rel=\"canonical\" href=\"https:\/\/www.agrosistemos.lt\/ru\/zhivotnovodcheskoe-oborudovanie\/k\u043e\u0440\u043c\u043e\u0432\u044b\u0435-\u0441\u0438\u043b\u043e\u0441\u044b\/agritech-siv\/\" \/>\n<meta property=\"og:locale\" content=\"ru_RU\" \/>\n<meta property=\"og:type\" content=\"article\" \/>\n<meta property=\"og:title\" content=\"Pa\u0161ar\u0173 bok\u0161tai Agritech SIV | Agrosistemos\" \/>\n<meta property=\"og:description\" content=\"[vc_row][vc_column][vc_column_text] Agritech SIV [\/vc_column_text][vc_empty_space][vc_column_text] Pa\u0161ar\u0173 bok\u0161tai yra skirti pa\u0161arams ir s\u0117lenoms sand\u0117liuoti. Jie naudojami gyvulininkyst\u0117s \u016bkiuose ir pauk\u0161tynuose. Lengvai surenkami ital\u0173 gamintojo Agritech stiklo pluo\u0161to, pa\u0161ar\u0173 bok\u0161tai &#171;SIV&#187; Agritech silos bok\u0161tai yra labai lengvi, bet pilnai atspar\u016bs svoriui. Kad ir koks lengvas bok\u0161tas, bet atlaiko...\" \/>\n<meta property=\"og:url\" content=\"https:\/\/www.agrosistemos.lt\/ru\/zhivotnovodcheskoe-oborudovanie\/k\u043e\u0440\u043c\u043e\u0432\u044b\u0435-\u0441\u0438\u043b\u043e\u0441\u044b\/agritech-siv\/\" \/>\n<meta property=\"og:site_name\" content=\"Agrosistemos\" \/>\n<meta property=\"article:publisher\" content=\"https:\/\/www.facebook.com\/agrosistemos\/\" \/>\n<meta property=\"article:modified_time\" content=\"2026-05-05T06:32:26+00:00\" \/>\n<meta property=\"og:image\" content=\"https:\/\/www.agrosistemos.lt\/wp-content\/uploads\/2017\/07\/logo.png\" \/>\n\t<meta property=\"og:image:width\" content=\"170\" \/>\n\t<meta property=\"og:image:height\" content=\"92\" \/>\n\t<meta property=\"og:image:type\" content=\"image\/png\" \/>\n<meta name=\"twitter:card\" content=\"summary_large_image\" \/>\n<meta name=\"twitter:label1\" content=\"\u041f\u0440\u0438\u043c\u0435\u0440\u043d\u043e\u0435 \u0432\u0440\u0435\u043c\u044f \u0434\u043b\u044f \u0447\u0442\u0435\u043d\u0438\u044f\" \/>\n\t<meta name=\"twitter:data1\" content=\"1 \u043c\u0438\u043d\u0443\u0442\u0430\" \/>\n<script type=\"application\/ld+json\" class=\"yoast-schema-graph\">{\"@context\":\"https:\/\/schema.org\",\"@graph\":[{\"@type\":\"WebPage\",\"@id\":\"https:\/\/www.agrosistemos.lt\/ru\/zhivotnovodcheskoe-oborudovanie\/k%d0%be%d1%80%d0%bc%d0%be%d0%b2%d1%8b%d0%b5-%d1%81%d0%b8%d0%bb%d0%be%d1%81%d1%8b\/agritech-siv\/\",\"url\":\"https:\/\/www.agrosistemos.lt\/ru\/zhivotnovodcheskoe-oborudovanie\/k%d0%be%d1%80%d0%bc%d0%be%d0%b2%d1%8b%d0%b5-%d1%81%d0%b8%d0%bb%d0%be%d1%81%d1%8b\/agritech-siv\/\",\"name\":\"Pa\u0161ar\u0173 bok\u0161tai Agritech SIV | Agrosistemos\",\"isPartOf\":{\"@id\":\"https:\/\/www.agrosistemos.lt\/ru\/#website\"},\"datePublished\":\"2021-04-07T12:56:07+00:00\",\"dateModified\":\"2026-05-05T06:32:26+00:00\",\"breadcrumb\":{\"@id\":\"https:\/\/www.agrosistemos.lt\/ru\/zhivotnovodcheskoe-oborudovanie\/k%d0%be%d1%80%d0%bc%d0%be%d0%b2%d1%8b%d0%b5-%d1%81%d0%b8%d0%bb%d0%be%d1%81%d1%8b\/agritech-siv\/#breadcrumb\"},\"inLanguage\":\"ru-RU\",\"potentialAction\":[{\"@type\":\"ReadAction\",\"target\":[\"https:\/\/www.agrosistemos.lt\/ru\/zhivotnovodcheskoe-oborudovanie\/k%d0%be%d1%80%d0%bc%d0%be%d0%b2%d1%8b%d0%b5-%d1%81%d0%b8%d0%bb%d0%be%d1%81%d1%8b\/agritech-siv\/\"]}]},{\"@type\":\"BreadcrumbList\",\"@id\":\"https:\/\/www.agrosistemos.lt\/ru\/zhivotnovodcheskoe-oborudovanie\/k%d0%be%d1%80%d0%bc%d0%be%d0%b2%d1%8b%d0%b5-%d1%81%d0%b8%d0%bb%d0%be%d1%81%d1%8b\/agritech-siv\/#breadcrumb\",\"itemListElement\":[{\"@type\":\"ListItem\",\"position\":1,\"name\":\"Home\",\"item\":\"https:\/\/www.agrosistemos.lt\/ru\/\"},{\"@type\":\"ListItem\",\"position\":2,\"name\":\"\u0416\u0438\u0432\u043e\u0442\u043d\u043e\u0432\u043e\u0434\u0447\u0435\u0441\u043a\u043e\u0435 \u043e\u0431\u043e\u0440\u0443\u0434\u043e\u0432\u0430\u043d\u0438\u0435\",\"item\":\"https:\/\/www.agrosistemos.lt\/ru\/zhivotnovodcheskoe-oborudovanie\/\"},{\"@type\":\"ListItem\",\"position\":3,\"name\":\"\u041a\u043e\u0440\u043c\u043e\u0432\u044b\u0435 \u0441\u0438\u043b\u043e\u0441\u044b\",\"item\":\"https:\/\/www.agrosistemos.lt\/ru\/zhivotnovodcheskoe-oborudovanie\/k%d0%be%d1%80%d0%bc%d0%be%d0%b2%d1%8b%d0%b5-%d1%81%d0%b8%d0%bb%d0%be%d1%81%d1%8b\/\"},{\"@type\":\"ListItem\",\"position\":4,\"name\":\"Pa\u0161ar\u0173 bok\u0161tai Agritech SIV\"}]},{\"@type\":\"WebSite\",\"@id\":\"https:\/\/www.agrosistemos.lt\/ru\/#website\",\"url\":\"https:\/\/www.agrosistemos.lt\/ru\/\",\"name\":\"Agrosistemos\",\"description\":\"Viskas moderniam \u016bkiui\",\"publisher\":{\"@id\":\"https:\/\/www.agrosistemos.lt\/ru\/#organization\"},\"potentialAction\":[{\"@type\":\"SearchAction\",\"target\":{\"@type\":\"EntryPoint\",\"urlTemplate\":\"https:\/\/www.agrosistemos.lt\/ru\/?s={search_term_string}\"},\"query-input\":\"required name=search_term_string\"}],\"inLanguage\":\"ru-RU\"},{\"@type\":\"Organization\",\"@id\":\"https:\/\/www.agrosistemos.lt\/ru\/#organization\",\"name\":\"UAB Agrosistemos\",\"url\":\"https:\/\/www.agrosistemos.lt\/ru\/\",\"logo\":{\"@type\":\"ImageObject\",\"inLanguage\":\"ru-RU\",\"@id\":\"https:\/\/www.agrosistemos.lt\/ru\/#\/schema\/logo\/image\/\",\"url\":\"https:\/\/www.agrosistemos.lt\/wp-content\/uploads\/2019\/03\/Piktogramai-e1582537433243.png\",\"contentUrl\":\"https:\/\/www.agrosistemos.lt\/wp-content\/uploads\/2019\/03\/Piktogramai-e1582537433243.png\",\"width\":100,\"height\":100,\"caption\":\"UAB Agrosistemos\"},\"image\":{\"@id\":\"https:\/\/www.agrosistemos.lt\/ru\/#\/schema\/logo\/image\/\"},\"sameAs\":[\"https:\/\/www.facebook.com\/agrosistemos\/\"]}]}<\/script>\n<!-- \/ Yoast SEO plugin. -->","yoast_head_json":{"title":"Pa\u0161ar\u0173 bok\u0161tai Agritech SIV | Agrosistemos","robots":{"index":"index","follow":"follow","max-snippet":"max-snippet:-1","max-image-preview":"max-image-preview:large","max-video-preview":"max-video-preview:-1"},"canonical":"https:\/\/www.agrosistemos.lt\/ru\/zhivotnovodcheskoe-oborudovanie\/k\u043e\u0440\u043c\u043e\u0432\u044b\u0435-\u0441\u0438\u043b\u043e\u0441\u044b\/agritech-siv\/","og_locale":"ru_RU","og_type":"article","og_title":"Pa\u0161ar\u0173 bok\u0161tai Agritech SIV | Agrosistemos","og_description":"[vc_row][vc_column][vc_column_text] Agritech SIV [\/vc_column_text][vc_empty_space][vc_column_text] Pa\u0161ar\u0173 bok\u0161tai yra skirti pa\u0161arams ir s\u0117lenoms sand\u0117liuoti. Jie naudojami gyvulininkyst\u0117s \u016bkiuose ir pauk\u0161tynuose. Lengvai surenkami ital\u0173 gamintojo Agritech stiklo pluo\u0161to, pa\u0161ar\u0173 bok\u0161tai &#171;SIV&#187; Agritech silos bok\u0161tai yra labai lengvi, bet pilnai atspar\u016bs svoriui. Kad ir koks lengvas bok\u0161tas, bet atlaiko...","og_url":"https:\/\/www.agrosistemos.lt\/ru\/zhivotnovodcheskoe-oborudovanie\/k\u043e\u0440\u043c\u043e\u0432\u044b\u0435-\u0441\u0438\u043b\u043e\u0441\u044b\/agritech-siv\/","og_site_name":"Agrosistemos","article_publisher":"https:\/\/www.facebook.com\/agrosistemos\/","article_modified_time":"2026-05-05T06:32:26+00:00","og_image":[{"width":170,"height":92,"url":"https:\/\/www.agrosistemos.lt\/wp-content\/uploads\/2017\/07\/logo.png","type":"image\/png"}],"twitter_card":"summary_large_image","twitter_misc":{"\u041f\u0440\u0438\u043c\u0435\u0440\u043d\u043e\u0435 \u0432\u0440\u0435\u043c\u044f \u0434\u043b\u044f \u0447\u0442\u0435\u043d\u0438\u044f":"1 \u043c\u0438\u043d\u0443\u0442\u0430"},"schema":{"@context":"https:\/\/schema.org","@graph":[{"@type":"WebPage","@id":"https:\/\/www.agrosistemos.lt\/ru\/zhivotnovodcheskoe-oborudovanie\/k%d0%be%d1%80%d0%bc%d0%be%d0%b2%d1%8b%d0%b5-%d1%81%d0%b8%d0%bb%d0%be%d1%81%d1%8b\/agritech-siv\/","url":"https:\/\/www.agrosistemos.lt\/ru\/zhivotnovodcheskoe-oborudovanie\/k%d0%be%d1%80%d0%bc%d0%be%d0%b2%d1%8b%d0%b5-%d1%81%d0%b8%d0%bb%d0%be%d1%81%d1%8b\/agritech-siv\/","name":"Pa\u0161ar\u0173 bok\u0161tai Agritech SIV | Agrosistemos","isPartOf":{"@id":"https:\/\/www.agrosistemos.lt\/ru\/#website"},"datePublished":"2021-04-07T12:56:07+00:00","dateModified":"2026-05-05T06:32:26+00:00","breadcrumb":{"@id":"https:\/\/www.agrosistemos.lt\/ru\/zhivotnovodcheskoe-oborudovanie\/k%d0%be%d1%80%d0%bc%d0%be%d0%b2%d1%8b%d0%b5-%d1%81%d0%b8%d0%bb%d0%be%d1%81%d1%8b\/agritech-siv\/#breadcrumb"},"inLanguage":"ru-RU","potentialAction":[{"@type":"ReadAction","target":["https:\/\/www.agrosistemos.lt\/ru\/zhivotnovodcheskoe-oborudovanie\/k%d0%be%d1%80%d0%bc%d0%be%d0%b2%d1%8b%d0%b5-%d1%81%d0%b8%d0%bb%d0%be%d1%81%d1%8b\/agritech-siv\/"]}]},{"@type":"BreadcrumbList","@id":"https:\/\/www.agrosistemos.lt\/ru\/zhivotnovodcheskoe-oborudovanie\/k%d0%be%d1%80%d0%bc%d0%be%d0%b2%d1%8b%d0%b5-%d1%81%d0%b8%d0%bb%d0%be%d1%81%d1%8b\/agritech-siv\/#breadcrumb","itemListElement":[{"@type":"ListItem","position":1,"name":"Home","item":"https:\/\/www.agrosistemos.lt\/ru\/"},{"@type":"ListItem","position":2,"name":"\u0416\u0438\u0432\u043e\u0442\u043d\u043e\u0432\u043e\u0434\u0447\u0435\u0441\u043a\u043e\u0435 \u043e\u0431\u043e\u0440\u0443\u0434\u043e\u0432\u0430\u043d\u0438\u0435","item":"https:\/\/www.agrosistemos.lt\/ru\/zhivotnovodcheskoe-oborudovanie\/"},{"@type":"ListItem","position":3,"name":"\u041a\u043e\u0440\u043c\u043e\u0432\u044b\u0435 \u0441\u0438\u043b\u043e\u0441\u044b","item":"https:\/\/www.agrosistemos.lt\/ru\/zhivotnovodcheskoe-oborudovanie\/k%d0%be%d1%80%d0%bc%d0%be%d0%b2%d1%8b%d0%b5-%d1%81%d0%b8%d0%bb%d0%be%d1%81%d1%8b\/"},{"@type":"ListItem","position":4,"name":"Pa\u0161ar\u0173 bok\u0161tai Agritech SIV"}]},{"@type":"WebSite","@id":"https:\/\/www.agrosistemos.lt\/ru\/#website","url":"https:\/\/www.agrosistemos.lt\/ru\/","name":"Agrosistemos","description":"Viskas moderniam \u016bkiui","publisher":{"@id":"https:\/\/www.agrosistemos.lt\/ru\/#organization"},"potentialAction":[{"@type":"SearchAction","target":{"@type":"EntryPoint","urlTemplate":"https:\/\/www.agrosistemos.lt\/ru\/?s={search_term_string}"},"query-input":"required name=search_term_string"}],"inLanguage":"ru-RU"},{"@type":"Organization","@id":"https:\/\/www.agrosistemos.lt\/ru\/#organization","name":"UAB Agrosistemos","url":"https:\/\/www.agrosistemos.lt\/ru\/","logo":{"@type":"ImageObject","inLanguage":"ru-RU","@id":"https:\/\/www.agrosistemos.lt\/ru\/#\/schema\/logo\/image\/","url":"https:\/\/www.agrosistemos.lt\/wp-content\/uploads\/2019\/03\/Piktogramai-e1582537433243.png","contentUrl":"https:\/\/www.agrosistemos.lt\/wp-content\/uploads\/2019\/03\/Piktogramai-e1582537433243.png","width":100,"height":100,"caption":"UAB Agrosistemos"},"image":{"@id":"https:\/\/www.agrosistemos.lt\/ru\/#\/schema\/logo\/image\/"},"sameAs":["https:\/\/www.facebook.com\/agrosistemos\/"]}]}},"_links":{"self":[{"href":"https:\/\/www.agrosistemos.lt\/ru\/wp-json\/wp\/v2\/pages\/12760"}],"collection":[{"href":"https:\/\/www.agrosistemos.lt\/ru\/wp-json\/wp\/v2\/pages"}],"about":[{"href":"https:\/\/www.agrosistemos.lt\/ru\/wp-json\/wp\/v2\/types\/page"}],"author":[{"embeddable":true,"href":"https:\/\/www.agrosistemos.lt\/ru\/wp-json\/wp\/v2\/users\/4"}],"replies":[{"embeddable":true,"href":"https:\/\/www.agrosistemos.lt\/ru\/wp-json\/wp\/v2\/comments?post=12760"}],"version-history":[{"count":3,"href":"https:\/\/www.agrosistemos.lt\/ru\/wp-json\/wp\/v2\/pages\/12760\/revisions"}],"predecessor-version":[{"id":12778,"href":"https:\/\/www.agrosistemos.lt\/ru\/wp-json\/wp\/v2\/pages\/12760\/revisions\/12778"}],"up":[{"embeddable":true,"href":"https:\/\/www.agrosistemos.lt\/ru\/wp-json\/wp\/v2\/pages\/12741"}],"wp:attachment":[{"href":"https:\/\/www.agrosistemos.lt\/ru\/wp-json\/wp\/v2\/media?parent=12760"}],"curies":[{"name":"wp","href":"https:\/\/api.w.org\/{rel}","templated":true}]}}