{"id":12366,"date":"2018-03-28T08:11:57","date_gmt":"2018-03-28T08:11:57","guid":{"rendered":"https:\/\/www.agrosistemos.lt\/selskohozjajstvennaja-tehnika\/sejamosios\/sejamosios-apv\/"},"modified":"2026-03-06T08:40:45","modified_gmt":"2026-03-06T08:40:45","slug":"%d1%81%d0%b5%d1%8f%d0%bb%d0%ba%d0%b8-apv","status":"publish","type":"page","link":"https:\/\/www.agrosistemos.lt\/ru\/selskohozjajstvennaja-tehnika\/%d1%81%d0%b5%d1%8f%d0%bb%d0%ba%d0%b8\/%d1%81%d0%b5%d1%8f%d0%bb%d0%ba%d0%b8-apv\/","title":{"rendered":"\u0421\u0435\u044f\u043b\u043a\u0438 APV"},"content":{"rendered":"<p>[vc_row][vc_column][vc_column_text]<\/p>\n<h3>\u0421\u0435\u044f\u043b\u043a\u0438 APV<\/h3>\n<p>[\/vc_column_text][vc_empty_space][vc_column_text]<\/p>\n<p data-start=\"0\" data-end=\"191\">\u041a\u0430\u043a \u0441\u043e\u0432\u0440\u0435\u043c\u0435\u043d\u043d\u044b\u0439 \u0444\u0435\u0440\u043c\u0435\u0440, \u0432\u044b \u0441\u043e\u0447\u0435\u0442\u0430\u0435\u0442\u0435 \u043c\u0430\u043a\u0441\u0438\u043c\u0430\u043b\u044c\u043d\u0443\u044e \u044d\u0444\u0444\u0435\u043a\u0442\u0438\u0432\u043d\u043e\u0441\u0442\u044c \u0441 \u043e\u0442\u043b\u0438\u0447\u043d\u044b\u043c \u0443\u0440\u043e\u0436\u0430\u0435\u043c. \u041f\u043d\u0435\u0432\u043c\u0430\u0442\u0438\u0447\u0435\u0441\u043a\u0438\u0435 \u0441\u0435\u044f\u043b\u043a\u0438 <strong data-start=\"106\" data-end=\"113\">APV<\/strong> \u043f\u043e\u043c\u043e\u0433\u0430\u044e\u0442 \u044d\u0444\u0444\u0435\u043a\u0442\u0438\u0432\u043d\u043e \u0438\u0441\u043f\u043e\u043b\u044c\u0437\u043e\u0432\u0430\u0442\u044c \u0432\u0430\u0448\u0438 \u044d\u043a\u0441\u043f\u043b\u0443\u0430\u0442\u0430\u0446\u0438\u043e\u043d\u043d\u044b\u0435 \u0440\u0435\u0441\u0443\u0440\u0441\u044b, \u043f\u043e\u0442\u043e\u043c\u0443 \u0447\u0442\u043e:<\/p>\n<ul>\n<li data-start=\"195\" data-end=\"250\">\u0411\u043b\u0430\u0433\u043e\u0434\u0430\u0440\u044f \u0442\u043e\u0447\u043d\u043e\u043c\u0443 \u0434\u043e\u0437\u0438\u0440\u043e\u0432\u0430\u043d\u0438\u044e \u0442\u0440\u0435\u0431\u0443\u0435\u0442\u0441\u044f \u043c\u0435\u043d\u044c\u0448\u0435 \u0441\u0435\u043c\u044f\u043d.<\/li>\n<li data-start=\"195\" data-end=\"250\">\u041f\u043e\u0441\u043a\u043e\u043b\u044c\u043a\u0443 \u0430\u0433\u0440\u0435\u0433\u0430\u0442 \u043d\u0435 \u0442\u043e\u043b\u044c\u043a\u043e \u0441\u0435\u0435\u0442, \u043d\u043e \u0438 \u043f\u043e\u0434\u0433\u043e\u0442\u0430\u0432\u043b\u0438\u0432\u0430\u0435\u0442 \u043f\u043e\u0447\u0432\u0443 \u0434\u043b\u044f \u0441\u0435\u043c\u044f\u043d, \u0434\u043e\u0441\u0442\u0430\u0442\u043e\u0447\u043d\u043e \u043e\u0434\u043d\u043e\u0433\u043e \u043f\u0440\u043e\u0445\u043e\u0434\u0430 \u043f\u043e \u043f\u043e\u043b\u044e.<\/li>\n<\/ul>\n<p data-start=\"362\" data-end=\"442\" data-is-last-node=\"\" data-is-only-node=\"\">\u0422\u0430\u043a\u0438\u043c \u043e\u0431\u0440\u0430\u0437\u043e\u043c, \u0432\u044b \u043c\u043e\u0436\u0435\u0442\u0435 \u0441\u043e\u043a\u0440\u0430\u0442\u0438\u0442\u044c \u0440\u0430\u0431\u043e\u0447\u0438\u0435 \u0447\u0430\u0441\u044b, \u0438\u0437\u043d\u043e\u0441 \u0442\u0435\u0445\u043d\u0438\u043a\u0438 \u0438 \u0440\u0430\u0441\u0445\u043e\u0434 \u0442\u043e\u043f\u043b\u0438\u0432\u0430.<\/p>\n<p>[\/vc_column_text][vc_empty_space][\/vc_column][\/vc_row][vc_row][vc_column width=&#187;1\/3&#8243;][vc_column_text]<\/p>\n<h4 style=\"text-align: center;\"><a href=\"https:\/\/www.agrosistemos.lt\/ru\/selskohozjajstvennaja-tehnika\/sejamosios\/sejamosios-apv\/apv-ps-120-200-300\/\">PS 120 \/ 200 \/ 300<\/a><\/h4>\n<p>[\/vc_column_text][vc_empty_space][vc_single_image image=&#187;4338&#8243; img_size=&#187;full&#187; onclick=&#187;custom_link&#187; link=&#187;https:\/\/www.agrosistemos.lt\/ru\/selskohozjajstvennaja-tehnika\/sejamosios\/sejamosios-apv\/apv-ps-120-200-300\/&#187;][vc_empty_space][\/vc_column][vc_column width=&#187;1\/3&#8243;][vc_column_text]<\/p>\n<h4 style=\"text-align: center;\"><a href=\"https:\/\/www.agrosistemos.lt\/ru\/selskohozjajstvennaja-tehnika\/sejamosios\/sejamosios-apv\/apv-ps-500\/\">PS\u00a0500<\/a><\/h4>\n<p>[\/vc_column_text][vc_empty_space][vc_single_image image=&#187;4339&#8243; img_size=&#187;full&#187; onclick=&#187;custom_link&#187; link=&#187;https:\/\/www.agrosistemos.lt\/ru\/selskohozjajstvennaja-tehnika\/sejamosios\/sejamosios-apv\/apv-ps-500\/&#187;][vc_empty_space][\/vc_column][vc_column width=&#187;1\/3&#8243;][vc_column_text]<\/p>\n<h4 style=\"text-align: center;\"><a href=\"https:\/\/www.agrosistemos.lt\/ru\/selskohozjajstvennaja-tehnika\/sejamosios\/sejamosios-apv\/apv-ps-800\/\">PS\u00a0800<\/a><\/h4>\n<p>[\/vc_column_text][vc_empty_space][vc_single_image image=&#187;4340&#8243; img_size=&#187;full&#187; onclick=&#187;custom_link&#187; link=&#187;https:\/\/www.agrosistemos.lt\/ru\/selskohozjajstvennaja-tehnika\/sejamosios\/sejamosios-apv\/apv-ps-800\/&#187;][vc_empty_space][\/vc_column][\/vc_row][vc_row][vc_column][vc_empty_space]<a itemprop=\"url\" href=\"https:\/\/www.agrosistemos.lt\/ru\/selskohozjajstvennaja-tehnika\/sejamosios\/\" target=\"_self\"  class=\"mkd-btn mkd-btn-medium mkd-btn-solid\"  >\n    <span class=\"mkd-btn-text\">\u041d\u0430\u0437\u0430\u0434<\/span>\n    <\/a>[\/vc_column][\/vc_row]<\/p>\n","protected":false},"excerpt":{"rendered":"<p>[vc_row][vc_column][vc_column_text] \u0421\u0435\u044f\u043b\u043a\u0438 APV [\/vc_column_text][vc_empty_space][vc_column_text] \u041a\u0430\u043a \u0441\u043e\u0432\u0440\u0435\u043c\u0435\u043d\u043d\u044b\u0439 \u0444\u0435\u0440\u043c\u0435\u0440, \u0432\u044b \u0441\u043e\u0447\u0435\u0442\u0430\u0435\u0442\u0435 \u043c\u0430\u043a\u0441\u0438\u043c\u0430\u043b\u044c\u043d\u0443\u044e \u044d\u0444\u0444\u0435\u043a\u0442\u0438\u0432\u043d\u043e\u0441\u0442\u044c \u0441 \u043e\u0442\u043b\u0438\u0447\u043d\u044b\u043c \u0443\u0440\u043e\u0436\u0430\u0435\u043c. \u041f\u043d\u0435\u0432\u043c\u0430\u0442\u0438\u0447\u0435\u0441\u043a\u0438\u0435 \u0441\u0435\u044f\u043b\u043a\u0438 APV \u043f\u043e\u043c\u043e\u0433\u0430\u044e\u0442 \u044d\u0444\u0444\u0435\u043a\u0442\u0438\u0432\u043d\u043e \u0438\u0441\u043f\u043e\u043b\u044c\u0437\u043e\u0432\u0430\u0442\u044c \u0432\u0430\u0448\u0438 \u044d\u043a\u0441\u043f\u043b\u0443\u0430\u0442\u0430\u0446\u0438\u043e\u043d\u043d\u044b\u0435 \u0440\u0435\u0441\u0443\u0440\u0441\u044b, \u043f\u043e\u0442\u043e\u043c\u0443 \u0447\u0442\u043e: \u0411\u043b\u0430\u0433\u043e\u0434\u0430\u0440\u044f \u0442\u043e\u0447\u043d\u043e\u043c\u0443 \u0434\u043e\u0437\u0438\u0440\u043e\u0432\u0430\u043d\u0438\u044e \u0442\u0440\u0435\u0431\u0443\u0435\u0442\u0441\u044f \u043c\u0435\u043d\u044c\u0448\u0435 \u0441\u0435\u043c\u044f\u043d. \u041f\u043e\u0441\u043a\u043e\u043b\u044c\u043a\u0443 \u0430\u0433\u0440\u0435\u0433\u0430\u0442 \u043d\u0435 \u0442\u043e\u043b\u044c\u043a\u043e \u0441\u0435\u0435\u0442, \u043d\u043e \u0438 \u043f\u043e\u0434\u0433\u043e\u0442\u0430\u0432\u043b\u0438\u0432\u0430\u0435\u0442 \u043f\u043e\u0447\u0432\u0443 \u0434\u043b\u044f \u0441\u0435\u043c\u044f\u043d, \u0434\u043e\u0441\u0442\u0430\u0442\u043e\u0447\u043d\u043e \u043e\u0434\u043d\u043e\u0433\u043e \u043f\u0440\u043e\u0445\u043e\u0434\u0430&#8230;<\/p>\n","protected":false},"author":4,"featured_media":0,"parent":11492,"menu_order":0,"comment_status":"closed","ping_status":"closed","template":"","meta":{"footnotes":""},"yoast_head":"<!-- This site is optimized with the Yoast SEO plugin v22.1 - https:\/\/yoast.com\/wordpress\/plugins\/seo\/ -->\n<title>\u0421\u0435\u044f\u043b\u043a\u0438 APV | Agrosistemos | \u017dem\u0117s \u016bkio technika<\/title>\n<meta name=\"description\" content=\"D\u0117l to, kad \u012frenginys kartu ne tik s\u0117ja, bet ir paruo\u0161ia dirv\u0105 s\u0117klai, u\u017etenka vieno i\u0161va\u017eiavimo \u012f laukus.\" \/>\n<meta name=\"robots\" content=\"index, follow, max-snippet:-1, max-image-preview:large, max-video-preview:-1\" \/>\n<link rel=\"canonical\" href=\"https:\/\/www.agrosistemos.lt\/ru\/selskohozjajstvennaja-tehnika\/\u0441\u0435\u044f\u043b\u043a\u0438\/\u0441\u0435\u044f\u043b\u043a\u0438-apv\/\" \/>\n<meta property=\"og:locale\" content=\"ru_RU\" \/>\n<meta property=\"og:type\" content=\"article\" \/>\n<meta property=\"og:title\" content=\"\u0421\u0435\u044f\u043b\u043a\u0438 APV | Agrosistemos | \u017dem\u0117s \u016bkio technika\" \/>\n<meta property=\"og:description\" content=\"D\u0117l to, kad \u012frenginys kartu ne tik s\u0117ja, bet ir paruo\u0161ia dirv\u0105 s\u0117klai, u\u017etenka vieno i\u0161va\u017eiavimo \u012f laukus.\" \/>\n<meta property=\"og:url\" content=\"https:\/\/www.agrosistemos.lt\/ru\/selskohozjajstvennaja-tehnika\/\u0441\u0435\u044f\u043b\u043a\u0438\/\u0441\u0435\u044f\u043b\u043a\u0438-apv\/\" \/>\n<meta property=\"og:site_name\" content=\"Agrosistemos\" \/>\n<meta property=\"article:publisher\" content=\"https:\/\/www.facebook.com\/agrosistemos\/\" \/>\n<meta property=\"article:modified_time\" content=\"2026-03-06T08:40:45+00:00\" \/>\n<meta property=\"og:image\" content=\"https:\/\/www.agrosistemos.lt\/wp-content\/uploads\/2017\/07\/logo.png\" \/>\n\t<meta property=\"og:image:width\" content=\"170\" \/>\n\t<meta property=\"og:image:height\" content=\"92\" \/>\n\t<meta property=\"og:image:type\" content=\"image\/png\" \/>\n<meta name=\"twitter:card\" content=\"summary_large_image\" \/>\n<meta name=\"twitter:label1\" content=\"\u041f\u0440\u0438\u043c\u0435\u0440\u043d\u043e\u0435 \u0432\u0440\u0435\u043c\u044f \u0434\u043b\u044f \u0447\u0442\u0435\u043d\u0438\u044f\" \/>\n\t<meta name=\"twitter:data1\" content=\"1 \u043c\u0438\u043d\u0443\u0442\u0430\" \/>\n<script type=\"application\/ld+json\" class=\"yoast-schema-graph\">{\"@context\":\"https:\/\/schema.org\",\"@graph\":[{\"@type\":\"WebPage\",\"@id\":\"https:\/\/www.agrosistemos.lt\/ru\/selskohozjajstvennaja-tehnika\/%d1%81%d0%b5%d1%8f%d0%bb%d0%ba%d0%b8\/%d1%81%d0%b5%d1%8f%d0%bb%d0%ba%d0%b8-apv\/\",\"url\":\"https:\/\/www.agrosistemos.lt\/ru\/selskohozjajstvennaja-tehnika\/%d1%81%d0%b5%d1%8f%d0%bb%d0%ba%d0%b8\/%d1%81%d0%b5%d1%8f%d0%bb%d0%ba%d0%b8-apv\/\",\"name\":\"\u0421\u0435\u044f\u043b\u043a\u0438 APV | Agrosistemos | \u017dem\u0117s \u016bkio technika\",\"isPartOf\":{\"@id\":\"https:\/\/www.agrosistemos.lt\/ru\/#website\"},\"datePublished\":\"2018-03-28T08:11:57+00:00\",\"dateModified\":\"2026-03-06T08:40:45+00:00\",\"description\":\"D\u0117l to, kad \u012frenginys kartu ne tik s\u0117ja, bet ir paruo\u0161ia dirv\u0105 s\u0117klai, u\u017etenka vieno i\u0161va\u017eiavimo \u012f laukus.\",\"breadcrumb\":{\"@id\":\"https:\/\/www.agrosistemos.lt\/ru\/selskohozjajstvennaja-tehnika\/%d1%81%d0%b5%d1%8f%d0%bb%d0%ba%d0%b8\/%d1%81%d0%b5%d1%8f%d0%bb%d0%ba%d0%b8-apv\/#breadcrumb\"},\"inLanguage\":\"ru-RU\",\"potentialAction\":[{\"@type\":\"ReadAction\",\"target\":[\"https:\/\/www.agrosistemos.lt\/ru\/selskohozjajstvennaja-tehnika\/%d1%81%d0%b5%d1%8f%d0%bb%d0%ba%d0%b8\/%d1%81%d0%b5%d1%8f%d0%bb%d0%ba%d0%b8-apv\/\"]}]},{\"@type\":\"BreadcrumbList\",\"@id\":\"https:\/\/www.agrosistemos.lt\/ru\/selskohozjajstvennaja-tehnika\/%d1%81%d0%b5%d1%8f%d0%bb%d0%ba%d0%b8\/%d1%81%d0%b5%d1%8f%d0%bb%d0%ba%d0%b8-apv\/#breadcrumb\",\"itemListElement\":[{\"@type\":\"ListItem\",\"position\":1,\"name\":\"Home\",\"item\":\"https:\/\/www.agrosistemos.lt\/ru\/\"},{\"@type\":\"ListItem\",\"position\":2,\"name\":\"\u0421\u0435\u043b\u044c\u0441\u043a\u043e\u0445\u043e\u0437\u044f\u0439\u0441\u0442\u0432\u0435\u043d\u043d\u0430\u044f \u0442\u0435\u0445\u043d\u0438\u043a\u0430\",\"item\":\"https:\/\/www.agrosistemos.lt\/ru\/selskohozjajstvennaja-tehnika\/\"},{\"@type\":\"ListItem\",\"position\":3,\"name\":\"\u0421\u0435\u044f\u043b\u043a\u0438\",\"item\":\"https:\/\/www.agrosistemos.lt\/ru\/selskohozjajstvennaja-tehnika\/%d1%81%d0%b5%d1%8f%d0%bb%d0%ba%d0%b8\/\"},{\"@type\":\"ListItem\",\"position\":4,\"name\":\"\u0421\u0435\u044f\u043b\u043a\u0438 APV\"}]},{\"@type\":\"WebSite\",\"@id\":\"https:\/\/www.agrosistemos.lt\/ru\/#website\",\"url\":\"https:\/\/www.agrosistemos.lt\/ru\/\",\"name\":\"Agrosistemos\",\"description\":\"Viskas moderniam \u016bkiui\",\"publisher\":{\"@id\":\"https:\/\/www.agrosistemos.lt\/ru\/#organization\"},\"potentialAction\":[{\"@type\":\"SearchAction\",\"target\":{\"@type\":\"EntryPoint\",\"urlTemplate\":\"https:\/\/www.agrosistemos.lt\/ru\/?s={search_term_string}\"},\"query-input\":\"required name=search_term_string\"}],\"inLanguage\":\"ru-RU\"},{\"@type\":\"Organization\",\"@id\":\"https:\/\/www.agrosistemos.lt\/ru\/#organization\",\"name\":\"UAB Agrosistemos\",\"url\":\"https:\/\/www.agrosistemos.lt\/ru\/\",\"logo\":{\"@type\":\"ImageObject\",\"inLanguage\":\"ru-RU\",\"@id\":\"https:\/\/www.agrosistemos.lt\/ru\/#\/schema\/logo\/image\/\",\"url\":\"https:\/\/www.agrosistemos.lt\/wp-content\/uploads\/2019\/03\/Piktogramai-e1582537433243.png\",\"contentUrl\":\"https:\/\/www.agrosistemos.lt\/wp-content\/uploads\/2019\/03\/Piktogramai-e1582537433243.png\",\"width\":100,\"height\":100,\"caption\":\"UAB Agrosistemos\"},\"image\":{\"@id\":\"https:\/\/www.agrosistemos.lt\/ru\/#\/schema\/logo\/image\/\"},\"sameAs\":[\"https:\/\/www.facebook.com\/agrosistemos\/\"]}]}<\/script>\n<!-- \/ Yoast SEO plugin. -->","yoast_head_json":{"title":"\u0421\u0435\u044f\u043b\u043a\u0438 APV | Agrosistemos | \u017dem\u0117s \u016bkio technika","description":"D\u0117l to, kad \u012frenginys kartu ne tik s\u0117ja, bet ir paruo\u0161ia dirv\u0105 s\u0117klai, u\u017etenka vieno i\u0161va\u017eiavimo \u012f laukus.","robots":{"index":"index","follow":"follow","max-snippet":"max-snippet:-1","max-image-preview":"max-image-preview:large","max-video-preview":"max-video-preview:-1"},"canonical":"https:\/\/www.agrosistemos.lt\/ru\/selskohozjajstvennaja-tehnika\/\u0441\u0435\u044f\u043b\u043a\u0438\/\u0441\u0435\u044f\u043b\u043a\u0438-apv\/","og_locale":"ru_RU","og_type":"article","og_title":"\u0421\u0435\u044f\u043b\u043a\u0438 APV | Agrosistemos | \u017dem\u0117s \u016bkio technika","og_description":"D\u0117l to, kad \u012frenginys kartu ne tik s\u0117ja, bet ir paruo\u0161ia dirv\u0105 s\u0117klai, u\u017etenka vieno i\u0161va\u017eiavimo \u012f laukus.","og_url":"https:\/\/www.agrosistemos.lt\/ru\/selskohozjajstvennaja-tehnika\/\u0441\u0435\u044f\u043b\u043a\u0438\/\u0441\u0435\u044f\u043b\u043a\u0438-apv\/","og_site_name":"Agrosistemos","article_publisher":"https:\/\/www.facebook.com\/agrosistemos\/","article_modified_time":"2026-03-06T08:40:45+00:00","og_image":[{"width":170,"height":92,"url":"https:\/\/www.agrosistemos.lt\/wp-content\/uploads\/2017\/07\/logo.png","type":"image\/png"}],"twitter_card":"summary_large_image","twitter_misc":{"\u041f\u0440\u0438\u043c\u0435\u0440\u043d\u043e\u0435 \u0432\u0440\u0435\u043c\u044f \u0434\u043b\u044f \u0447\u0442\u0435\u043d\u0438\u044f":"1 \u043c\u0438\u043d\u0443\u0442\u0430"},"schema":{"@context":"https:\/\/schema.org","@graph":[{"@type":"WebPage","@id":"https:\/\/www.agrosistemos.lt\/ru\/selskohozjajstvennaja-tehnika\/%d1%81%d0%b5%d1%8f%d0%bb%d0%ba%d0%b8\/%d1%81%d0%b5%d1%8f%d0%bb%d0%ba%d0%b8-apv\/","url":"https:\/\/www.agrosistemos.lt\/ru\/selskohozjajstvennaja-tehnika\/%d1%81%d0%b5%d1%8f%d0%bb%d0%ba%d0%b8\/%d1%81%d0%b5%d1%8f%d0%bb%d0%ba%d0%b8-apv\/","name":"\u0421\u0435\u044f\u043b\u043a\u0438 APV | Agrosistemos | \u017dem\u0117s \u016bkio technika","isPartOf":{"@id":"https:\/\/www.agrosistemos.lt\/ru\/#website"},"datePublished":"2018-03-28T08:11:57+00:00","dateModified":"2026-03-06T08:40:45+00:00","description":"D\u0117l to, kad \u012frenginys kartu ne tik s\u0117ja, bet ir paruo\u0161ia dirv\u0105 s\u0117klai, u\u017etenka vieno i\u0161va\u017eiavimo \u012f laukus.","breadcrumb":{"@id":"https:\/\/www.agrosistemos.lt\/ru\/selskohozjajstvennaja-tehnika\/%d1%81%d0%b5%d1%8f%d0%bb%d0%ba%d0%b8\/%d1%81%d0%b5%d1%8f%d0%bb%d0%ba%d0%b8-apv\/#breadcrumb"},"inLanguage":"ru-RU","potentialAction":[{"@type":"ReadAction","target":["https:\/\/www.agrosistemos.lt\/ru\/selskohozjajstvennaja-tehnika\/%d1%81%d0%b5%d1%8f%d0%bb%d0%ba%d0%b8\/%d1%81%d0%b5%d1%8f%d0%bb%d0%ba%d0%b8-apv\/"]}]},{"@type":"BreadcrumbList","@id":"https:\/\/www.agrosistemos.lt\/ru\/selskohozjajstvennaja-tehnika\/%d1%81%d0%b5%d1%8f%d0%bb%d0%ba%d0%b8\/%d1%81%d0%b5%d1%8f%d0%bb%d0%ba%d0%b8-apv\/#breadcrumb","itemListElement":[{"@type":"ListItem","position":1,"name":"Home","item":"https:\/\/www.agrosistemos.lt\/ru\/"},{"@type":"ListItem","position":2,"name":"\u0421\u0435\u043b\u044c\u0441\u043a\u043e\u0445\u043e\u0437\u044f\u0439\u0441\u0442\u0432\u0435\u043d\u043d\u0430\u044f \u0442\u0435\u0445\u043d\u0438\u043a\u0430","item":"https:\/\/www.agrosistemos.lt\/ru\/selskohozjajstvennaja-tehnika\/"},{"@type":"ListItem","position":3,"name":"\u0421\u0435\u044f\u043b\u043a\u0438","item":"https:\/\/www.agrosistemos.lt\/ru\/selskohozjajstvennaja-tehnika\/%d1%81%d0%b5%d1%8f%d0%bb%d0%ba%d0%b8\/"},{"@type":"ListItem","position":4,"name":"\u0421\u0435\u044f\u043b\u043a\u0438 APV"}]},{"@type":"WebSite","@id":"https:\/\/www.agrosistemos.lt\/ru\/#website","url":"https:\/\/www.agrosistemos.lt\/ru\/","name":"Agrosistemos","description":"Viskas moderniam \u016bkiui","publisher":{"@id":"https:\/\/www.agrosistemos.lt\/ru\/#organization"},"potentialAction":[{"@type":"SearchAction","target":{"@type":"EntryPoint","urlTemplate":"https:\/\/www.agrosistemos.lt\/ru\/?s={search_term_string}"},"query-input":"required name=search_term_string"}],"inLanguage":"ru-RU"},{"@type":"Organization","@id":"https:\/\/www.agrosistemos.lt\/ru\/#organization","name":"UAB Agrosistemos","url":"https:\/\/www.agrosistemos.lt\/ru\/","logo":{"@type":"ImageObject","inLanguage":"ru-RU","@id":"https:\/\/www.agrosistemos.lt\/ru\/#\/schema\/logo\/image\/","url":"https:\/\/www.agrosistemos.lt\/wp-content\/uploads\/2019\/03\/Piktogramai-e1582537433243.png","contentUrl":"https:\/\/www.agrosistemos.lt\/wp-content\/uploads\/2019\/03\/Piktogramai-e1582537433243.png","width":100,"height":100,"caption":"UAB Agrosistemos"},"image":{"@id":"https:\/\/www.agrosistemos.lt\/ru\/#\/schema\/logo\/image\/"},"sameAs":["https:\/\/www.facebook.com\/agrosistemos\/"]}]}},"_links":{"self":[{"href":"https:\/\/www.agrosistemos.lt\/ru\/wp-json\/wp\/v2\/pages\/12366"}],"collection":[{"href":"https:\/\/www.agrosistemos.lt\/ru\/wp-json\/wp\/v2\/pages"}],"about":[{"href":"https:\/\/www.agrosistemos.lt\/ru\/wp-json\/wp\/v2\/types\/page"}],"author":[{"embeddable":true,"href":"https:\/\/www.agrosistemos.lt\/ru\/wp-json\/wp\/v2\/users\/4"}],"replies":[{"embeddable":true,"href":"https:\/\/www.agrosistemos.lt\/ru\/wp-json\/wp\/v2\/comments?post=12366"}],"version-history":[{"count":8,"href":"https:\/\/www.agrosistemos.lt\/ru\/wp-json\/wp\/v2\/pages\/12366\/revisions"}],"predecessor-version":[{"id":12370,"href":"https:\/\/www.agrosistemos.lt\/ru\/wp-json\/wp\/v2\/pages\/12366\/revisions\/12370"}],"up":[{"embeddable":true,"href":"https:\/\/www.agrosistemos.lt\/ru\/wp-json\/wp\/v2\/pages\/11492"}],"wp:attachment":[{"href":"https:\/\/www.agrosistemos.lt\/ru\/wp-json\/wp\/v2\/media?parent=12366"}],"curies":[{"name":"wp","href":"https:\/\/api.w.org\/{rel}","templated":true}]}}