{"id":11434,"date":"2018-03-28T11:42:38","date_gmt":"2018-03-28T11:42:38","guid":{"rendered":"https:\/\/www.agrosistemos.lt\/selskohozjajstvennaja-tehnika\/presai\/mascar\/"},"modified":"2026-03-02T07:57:56","modified_gmt":"2026-03-02T07:57:56","slug":"mascar","status":"publish","type":"page","link":"https:\/\/www.agrosistemos.lt\/ru\/selskohozjajstvennaja-tehnika\/presai\/mascar\/","title":{"rendered":"\u0420\u0443\u043b\u043e\u043d\u043d\u044b\u0435 \u043f\u0440\u0435\u0441\u0441-\u043f\u043e\u0434\u0431\u043e\u0440\u0449\u0438\u043a\u0438 Mascar"},"content":{"rendered":"<p>[vc_row][vc_column][vc_column_text]<\/p>\n<h3 style=\"text-align: center;\">\u0420\u0443\u043b\u043e\u043d\u043d\u044b\u0435 \u043f\u0440\u0435\u0441\u0441-\u043f\u043e\u0434\u0431\u043e\u0440\u0449\u0438\u043a\u0438 Mascar<\/h3>\n<p>[\/vc_column_text][vc_empty_space][vc_column_text]<strong><span class=\"hover:entity-accent entity-underline inline cursor-pointer align-baseline\"><span class=\"whitespace-normal\">Mascar S.p.a.<\/span><\/span><\/strong> \u2014 \u0438\u0442\u0430\u043b\u044c\u044f\u043d\u0441\u043a\u0438\u0439 \u043f\u0440\u043e\u0438\u0437\u0432\u043e\u0434\u0438\u0442\u0435\u043b\u044c, \u0441\u043f\u0435\u0446\u0438\u0430\u043b\u0438\u0437\u0438\u0440\u0443\u044e\u0449\u0438\u0439\u0441\u044f \u0432 \u043e\u0431\u043b\u0430\u0441\u0442\u0438 \u0437\u0430\u0433\u043e\u0442\u043e\u0432\u043a\u0438 \u0441\u0435\u043d\u0430 \u0438 \u043f\u043e\u0441\u0435\u0432\u0430. \u041a\u043e\u043c\u043f\u0430\u043d\u0438\u044f \u043f\u0440\u0435\u0434\u043b\u0430\u0433\u0430\u0435\u0442 \u043f\u043e\u043b\u043d\u044b\u0439 \u0441\u043f\u0435\u043a\u0442\u0440 \u0440\u0443\u043b\u043e\u043d\u043d\u044b\u0445 \u043f\u0440\u0435\u0441\u0441-\u043f\u043e\u0434\u0431\u043e\u0440\u0449\u0438\u043a\u043e\u0432, \u043e\u0431\u043c\u043e\u0442\u0447\u0438\u043a\u043e\u0432, \u0430 \u0442\u0430\u043a\u0436\u0435 \u043f\u043d\u0435\u0432\u043c\u0430\u0442\u0438\u0447\u0435\u0441\u043a\u0438\u0445 \u0438 \u043c\u0435\u0445\u0430\u043d\u0438\u0447\u0435\u0441\u043a\u0438\u0445 \u0441\u0435\u044f\u043b\u043e\u043a.[\/vc_column_text][vc_empty_space][\/vc_column][\/vc_row][vc_row][vc_column width=&#187;1\/4&#8243;][vc_column_text]<\/p>\n<h4 style=\"text-align: center;\"><a href=\"https:\/\/www.agrosistemos.lt\/ru\/selskohozjajstvennaja-tehnika\/presai\/mascar\/mascar-corsa-2\/\">Corsa<\/a><\/h4>\n<p>[\/vc_column_text][vc_empty_space][vc_single_image image=&#187;4436&#8243; img_size=&#187;full&#187; onclick=&#187;custom_link&#187; link=&#187;https:\/\/www.agrosistemos.lt\/ru\/selskohozjajstvennaja-tehnika\/presai\/mascar\/mascar-corsa-2\/&#187;][vc_empty_space][\/vc_column][vc_column width=&#187;1\/4&#8243;][vc_column_text]<\/p>\n<h4 style=\"text-align: center;\"><a href=\"https:\/\/www.agrosistemos.lt\/ru\/selskohozjajstvennaja-tehnika\/presai\/mascar\/mascar-tuareg\/\">Tuareg<\/a><\/h4>\n<p>[\/vc_column_text][vc_empty_space][vc_single_image image=&#187;4437&#8243; img_size=&#187;full&#187; onclick=&#187;custom_link&#187; link=&#187;https:\/\/www.agrosistemos.lt\/ru\/selskohozjajstvennaja-tehnika\/presai\/mascar\/mascar-tuareg\/&#187;][vc_empty_space][\/vc_column][vc_column width=&#187;1\/4&#8243;][vc_column_text]<\/p>\n<h4 style=\"text-align: center;\"><a href=\"https:\/\/www.agrosistemos.lt\/ru\/selskohozjajstvennaja-tehnika\/presai\/mascar\/mascar-diavel\/\">Diavel<\/a><\/h4>\n<p>[\/vc_column_text][vc_empty_space][vc_single_image image=&#187;4438&#8243; img_size=&#187;full&#187; onclick=&#187;custom_link&#187; link=&#187;https:\/\/www.agrosistemos.lt\/ru\/selskohozjajstvennaja-tehnika\/presai\/mascar\/mascar-diavel\/&#187;][vc_empty_space][\/vc_column][vc_column width=&#187;1\/4&#8243;][vc_column_text]<\/p>\n<h4 style=\"text-align: center;\"><a href=\"https:\/\/www.agrosistemos.lt\/ru\/selskohozjajstvennaja-tehnika\/presai\/mascar\/mascar-monster\/\">Monster<\/a><\/h4>\n<p>[\/vc_column_text][vc_empty_space][vc_single_image image=&#187;4439&#8243; img_size=&#187;full&#187; onclick=&#187;custom_link&#187; link=&#187;https:\/\/www.agrosistemos.lt\/ru\/selskohozjajstvennaja-tehnika\/presai\/mascar\/mascar-monster\/&#187;][vc_empty_space][\/vc_column][\/vc_row][vc_row][vc_column][vc_empty_space]<a itemprop=\"url\" href=\"https:\/\/www.agrosistemos.lt\/ru\/selskohozjajstvennaja-tehnika\/presai\/\" target=\"_self\"  class=\"mkd-btn mkd-btn-medium mkd-btn-solid\"  >\n    <span class=\"mkd-btn-text\">\u041d\u0430\u0437\u0430\u0434<\/span>\n    <\/a>[\/vc_column][\/vc_row]<\/p>\n","protected":false},"excerpt":{"rendered":"<p>[vc_row][vc_column][vc_column_text] \u0420\u0443\u043b\u043e\u043d\u043d\u044b\u0435 \u043f\u0440\u0435\u0441\u0441-\u043f\u043e\u0434\u0431\u043e\u0440\u0449\u0438\u043a\u0438 Mascar [\/vc_column_text][vc_empty_space][vc_column_text]Mascar S.p.a. \u2014 \u0438\u0442\u0430\u043b\u044c\u044f\u043d\u0441\u043a\u0438\u0439 \u043f\u0440\u043e\u0438\u0437\u0432\u043e\u0434\u0438\u0442\u0435\u043b\u044c, \u0441\u043f\u0435\u0446\u0438\u0430\u043b\u0438\u0437\u0438\u0440\u0443\u044e\u0449\u0438\u0439\u0441\u044f \u0432 \u043e\u0431\u043b\u0430\u0441\u0442\u0438 \u0437\u0430\u0433\u043e\u0442\u043e\u0432\u043a\u0438 \u0441\u0435\u043d\u0430 \u0438 \u043f\u043e\u0441\u0435\u0432\u0430. \u041a\u043e\u043c\u043f\u0430\u043d\u0438\u044f \u043f\u0440\u0435\u0434\u043b\u0430\u0433\u0430\u0435\u0442 \u043f\u043e\u043b\u043d\u044b\u0439 \u0441\u043f\u0435\u043a\u0442\u0440 \u0440\u0443\u043b\u043e\u043d\u043d\u044b\u0445 \u043f\u0440\u0435\u0441\u0441-\u043f\u043e\u0434\u0431\u043e\u0440\u0449\u0438\u043a\u043e\u0432, \u043e\u0431\u043c\u043e\u0442\u0447\u0438\u043a\u043e\u0432, \u0430 \u0442\u0430\u043a\u0436\u0435 \u043f\u043d\u0435\u0432\u043c\u0430\u0442\u0438\u0447\u0435\u0441\u043a\u0438\u0445 \u0438 \u043c\u0435\u0445\u0430\u043d\u0438\u0447\u0435\u0441\u043a\u0438\u0445 \u0441\u0435\u044f\u043b\u043e\u043a.[\/vc_column_text][vc_empty_space][\/vc_column][\/vc_row][vc_row][vc_column width=&#187;1\/4&#8243;][vc_column_text] Corsa [\/vc_column_text][vc_empty_space][vc_single_image image=&#187;4436&#8243; img_size=&#187;full&#187; onclick=&#187;custom_link&#187; link=&#187;https:\/\/www.agrosistemos.lt\/ru\/selskohozjajstvennaja-tehnika\/presai\/mascar\/mascar-corsa-2\/&#187;][vc_empty_space][\/vc_column][vc_column width=&#187;1\/4&#8243;][vc_column_text] Tuareg [\/vc_column_text][vc_empty_space][vc_single_image image=&#187;4437&#8243; img_size=&#187;full&#187; onclick=&#187;custom_link&#187; link=&#187;https:\/\/www.agrosistemos.lt\/ru\/selskohozjajstvennaja-tehnika\/presai\/mascar\/mascar-tuareg\/&#187;][vc_empty_space][\/vc_column][vc_column width=&#187;1\/4&#8243;][vc_column_text] Diavel&#8230;<\/p>\n","protected":false},"author":4,"featured_media":0,"parent":11431,"menu_order":0,"comment_status":"closed","ping_status":"closed","template":"","meta":{"footnotes":""},"yoast_head":"<!-- This site is optimized with the Yoast SEO plugin v22.1 - https:\/\/yoast.com\/wordpress\/plugins\/seo\/ -->\n<title>Ruloniniai presai Mascar | \u017dem\u0117s \u016bkio technika ir padargai | Agrosistemos<\/title>\n<meta name=\"description\" content=\"Mascar S.p.a. \u2014 \u0438\u0442\u0430\u043b\u044c\u044f\u043d\u0441\u043a\u0438\u0439 \u043f\u0440\u043e\u0438\u0437\u0432\u043e\u0434\u0438\u0442\u0435\u043b\u044c, \u0441\u043f\u0435\u0446\u0438\u0430\u043b\u0438\u0437\u0438\u0440\u0443\u044e\u0449\u0438\u0439\u0441\u044f \u0432 \u043e\u0431\u043b\u0430\u0441\u0442\u0438 \u0437\u0430\u0433\u043e\u0442\u043e\u0432\u043a\u0438 \u0441\u0435\u043d\u0430 \u0438 \u043f\u043e\u0441\u0435\u0432\u0430. \u041a\u043e\u043c\u043f\u0430\u043d\u0438\u044f \u043f\u0440\u0435\u0434\u043b\u0430\u0433\u0430\u0435\u0442 \u043f\u043e\u043b\u043d\u044b\u0439 \u0441\u043f\u0435\u043a\u0442\u0440 \u0440\u0443\u043b\u043e\u043d\u043d\u044b\u0445 \u043f\u0440\u0435\u0441\u0441-\u043f\u043e\u0434\u0431\u043e\u0440\u0449\u0438\u043a\u043e\u0432, \u043e\u0431\u043c\u043e\u0442\u0447\u0438\u043a\u043e\u0432, \u0430 \u0442\u0430\u043a\u0436\u0435 \u043f\u043d\u0435\u0432\u043c\u0430\u0442\u0438\u0447\u0435\u0441\u043a\u0438\u0445 \u0438 \u043c\u0435\u0445\u0430\u043d\u0438\u0447\u0435\u0441\u043a\u0438\u0445 \u0441\u0435\u044f\u043b\u043e\u043a.\" \/>\n<meta name=\"robots\" content=\"index, follow, max-snippet:-1, max-image-preview:large, max-video-preview:-1\" \/>\n<link rel=\"canonical\" href=\"https:\/\/www.agrosistemos.lt\/ru\/selskohozjajstvennaja-tehnika\/presai\/mascar\/\" \/>\n<meta property=\"og:locale\" content=\"ru_RU\" \/>\n<meta property=\"og:type\" content=\"article\" \/>\n<meta property=\"og:title\" content=\"Ruloniniai presai Mascar | \u017dem\u0117s \u016bkio technika ir padargai | Agrosistemos\" \/>\n<meta property=\"og:description\" content=\"Mascar S.p.a. \u2014 \u0438\u0442\u0430\u043b\u044c\u044f\u043d\u0441\u043a\u0438\u0439 \u043f\u0440\u043e\u0438\u0437\u0432\u043e\u0434\u0438\u0442\u0435\u043b\u044c, \u0441\u043f\u0435\u0446\u0438\u0430\u043b\u0438\u0437\u0438\u0440\u0443\u044e\u0449\u0438\u0439\u0441\u044f \u0432 \u043e\u0431\u043b\u0430\u0441\u0442\u0438 \u0437\u0430\u0433\u043e\u0442\u043e\u0432\u043a\u0438 \u0441\u0435\u043d\u0430 \u0438 \u043f\u043e\u0441\u0435\u0432\u0430. \u041a\u043e\u043c\u043f\u0430\u043d\u0438\u044f \u043f\u0440\u0435\u0434\u043b\u0430\u0433\u0430\u0435\u0442 \u043f\u043e\u043b\u043d\u044b\u0439 \u0441\u043f\u0435\u043a\u0442\u0440 \u0440\u0443\u043b\u043e\u043d\u043d\u044b\u0445 \u043f\u0440\u0435\u0441\u0441-\u043f\u043e\u0434\u0431\u043e\u0440\u0449\u0438\u043a\u043e\u0432, \u043e\u0431\u043c\u043e\u0442\u0447\u0438\u043a\u043e\u0432, \u0430 \u0442\u0430\u043a\u0436\u0435 \u043f\u043d\u0435\u0432\u043c\u0430\u0442\u0438\u0447\u0435\u0441\u043a\u0438\u0445 \u0438 \u043c\u0435\u0445\u0430\u043d\u0438\u0447\u0435\u0441\u043a\u0438\u0445 \u0441\u0435\u044f\u043b\u043e\u043a.\" \/>\n<meta property=\"og:url\" content=\"https:\/\/www.agrosistemos.lt\/ru\/selskohozjajstvennaja-tehnika\/presai\/mascar\/\" \/>\n<meta property=\"og:site_name\" content=\"Agrosistemos\" \/>\n<meta property=\"article:publisher\" content=\"https:\/\/www.facebook.com\/agrosistemos\/\" \/>\n<meta property=\"article:modified_time\" content=\"2026-03-02T07:57:56+00:00\" \/>\n<meta property=\"og:image\" content=\"https:\/\/www.agrosistemos.lt\/wp-content\/uploads\/2017\/07\/logo.png\" \/>\n\t<meta property=\"og:image:width\" content=\"170\" \/>\n\t<meta property=\"og:image:height\" content=\"92\" \/>\n\t<meta property=\"og:image:type\" content=\"image\/png\" \/>\n<meta name=\"twitter:card\" content=\"summary_large_image\" \/>\n<meta name=\"twitter:label1\" content=\"\u041f\u0440\u0438\u043c\u0435\u0440\u043d\u043e\u0435 \u0432\u0440\u0435\u043c\u044f \u0434\u043b\u044f \u0447\u0442\u0435\u043d\u0438\u044f\" \/>\n\t<meta name=\"twitter:data1\" content=\"1 \u043c\u0438\u043d\u0443\u0442\u0430\" \/>\n<script type=\"application\/ld+json\" class=\"yoast-schema-graph\">{\"@context\":\"https:\/\/schema.org\",\"@graph\":[{\"@type\":\"WebPage\",\"@id\":\"https:\/\/www.agrosistemos.lt\/ru\/selskohozjajstvennaja-tehnika\/presai\/mascar\/\",\"url\":\"https:\/\/www.agrosistemos.lt\/ru\/selskohozjajstvennaja-tehnika\/presai\/mascar\/\",\"name\":\"Ruloniniai presai Mascar | \u017dem\u0117s \u016bkio technika ir padargai | Agrosistemos\",\"isPartOf\":{\"@id\":\"https:\/\/www.agrosistemos.lt\/ru\/#website\"},\"datePublished\":\"2018-03-28T11:42:38+00:00\",\"dateModified\":\"2026-03-02T07:57:56+00:00\",\"description\":\"Mascar S.p.a. \u2014 \u0438\u0442\u0430\u043b\u044c\u044f\u043d\u0441\u043a\u0438\u0439 \u043f\u0440\u043e\u0438\u0437\u0432\u043e\u0434\u0438\u0442\u0435\u043b\u044c, \u0441\u043f\u0435\u0446\u0438\u0430\u043b\u0438\u0437\u0438\u0440\u0443\u044e\u0449\u0438\u0439\u0441\u044f \u0432 \u043e\u0431\u043b\u0430\u0441\u0442\u0438 \u0437\u0430\u0433\u043e\u0442\u043e\u0432\u043a\u0438 \u0441\u0435\u043d\u0430 \u0438 \u043f\u043e\u0441\u0435\u0432\u0430. \u041a\u043e\u043c\u043f\u0430\u043d\u0438\u044f \u043f\u0440\u0435\u0434\u043b\u0430\u0433\u0430\u0435\u0442 \u043f\u043e\u043b\u043d\u044b\u0439 \u0441\u043f\u0435\u043a\u0442\u0440 \u0440\u0443\u043b\u043e\u043d\u043d\u044b\u0445 \u043f\u0440\u0435\u0441\u0441-\u043f\u043e\u0434\u0431\u043e\u0440\u0449\u0438\u043a\u043e\u0432, \u043e\u0431\u043c\u043e\u0442\u0447\u0438\u043a\u043e\u0432, \u0430 \u0442\u0430\u043a\u0436\u0435 \u043f\u043d\u0435\u0432\u043c\u0430\u0442\u0438\u0447\u0435\u0441\u043a\u0438\u0445 \u0438 \u043c\u0435\u0445\u0430\u043d\u0438\u0447\u0435\u0441\u043a\u0438\u0445 \u0441\u0435\u044f\u043b\u043e\u043a.\",\"breadcrumb\":{\"@id\":\"https:\/\/www.agrosistemos.lt\/ru\/selskohozjajstvennaja-tehnika\/presai\/mascar\/#breadcrumb\"},\"inLanguage\":\"ru-RU\",\"potentialAction\":[{\"@type\":\"ReadAction\",\"target\":[\"https:\/\/www.agrosistemos.lt\/ru\/selskohozjajstvennaja-tehnika\/presai\/mascar\/\"]}]},{\"@type\":\"BreadcrumbList\",\"@id\":\"https:\/\/www.agrosistemos.lt\/ru\/selskohozjajstvennaja-tehnika\/presai\/mascar\/#breadcrumb\",\"itemListElement\":[{\"@type\":\"ListItem\",\"position\":1,\"name\":\"Home\",\"item\":\"https:\/\/www.agrosistemos.lt\/ru\/\"},{\"@type\":\"ListItem\",\"position\":2,\"name\":\"\u0421\u0435\u043b\u044c\u0441\u043a\u043e\u0445\u043e\u0437\u044f\u0439\u0441\u0442\u0432\u0435\u043d\u043d\u0430\u044f \u0442\u0435\u0445\u043d\u0438\u043a\u0430\",\"item\":\"https:\/\/www.agrosistemos.lt\/ru\/selskohozjajstvennaja-tehnika\/\"},{\"@type\":\"ListItem\",\"position\":3,\"name\":\"\u041fp\u0435\u0441\u0441\u044b\",\"item\":\"https:\/\/www.agrosistemos.lt\/ru\/selskohozjajstvennaja-tehnika\/presai\/\"},{\"@type\":\"ListItem\",\"position\":4,\"name\":\"\u0420\u0443\u043b\u043e\u043d\u043d\u044b\u0435 \u043f\u0440\u0435\u0441\u0441-\u043f\u043e\u0434\u0431\u043e\u0440\u0449\u0438\u043a\u0438 Mascar\"}]},{\"@type\":\"WebSite\",\"@id\":\"https:\/\/www.agrosistemos.lt\/ru\/#website\",\"url\":\"https:\/\/www.agrosistemos.lt\/ru\/\",\"name\":\"Agrosistemos\",\"description\":\"Viskas moderniam \u016bkiui\",\"publisher\":{\"@id\":\"https:\/\/www.agrosistemos.lt\/ru\/#organization\"},\"potentialAction\":[{\"@type\":\"SearchAction\",\"target\":{\"@type\":\"EntryPoint\",\"urlTemplate\":\"https:\/\/www.agrosistemos.lt\/ru\/?s={search_term_string}\"},\"query-input\":\"required name=search_term_string\"}],\"inLanguage\":\"ru-RU\"},{\"@type\":\"Organization\",\"@id\":\"https:\/\/www.agrosistemos.lt\/ru\/#organization\",\"name\":\"UAB Agrosistemos\",\"url\":\"https:\/\/www.agrosistemos.lt\/ru\/\",\"logo\":{\"@type\":\"ImageObject\",\"inLanguage\":\"ru-RU\",\"@id\":\"https:\/\/www.agrosistemos.lt\/ru\/#\/schema\/logo\/image\/\",\"url\":\"https:\/\/www.agrosistemos.lt\/wp-content\/uploads\/2019\/03\/Piktogramai-e1582537433243.png\",\"contentUrl\":\"https:\/\/www.agrosistemos.lt\/wp-content\/uploads\/2019\/03\/Piktogramai-e1582537433243.png\",\"width\":100,\"height\":100,\"caption\":\"UAB Agrosistemos\"},\"image\":{\"@id\":\"https:\/\/www.agrosistemos.lt\/ru\/#\/schema\/logo\/image\/\"},\"sameAs\":[\"https:\/\/www.facebook.com\/agrosistemos\/\"]}]}<\/script>\n<!-- \/ Yoast SEO plugin. -->","yoast_head_json":{"title":"Ruloniniai presai Mascar | \u017dem\u0117s \u016bkio technika ir padargai | Agrosistemos","description":"Mascar S.p.a. \u2014 \u0438\u0442\u0430\u043b\u044c\u044f\u043d\u0441\u043a\u0438\u0439 \u043f\u0440\u043e\u0438\u0437\u0432\u043e\u0434\u0438\u0442\u0435\u043b\u044c, \u0441\u043f\u0435\u0446\u0438\u0430\u043b\u0438\u0437\u0438\u0440\u0443\u044e\u0449\u0438\u0439\u0441\u044f \u0432 \u043e\u0431\u043b\u0430\u0441\u0442\u0438 \u0437\u0430\u0433\u043e\u0442\u043e\u0432\u043a\u0438 \u0441\u0435\u043d\u0430 \u0438 \u043f\u043e\u0441\u0435\u0432\u0430. \u041a\u043e\u043c\u043f\u0430\u043d\u0438\u044f \u043f\u0440\u0435\u0434\u043b\u0430\u0433\u0430\u0435\u0442 \u043f\u043e\u043b\u043d\u044b\u0439 \u0441\u043f\u0435\u043a\u0442\u0440 \u0440\u0443\u043b\u043e\u043d\u043d\u044b\u0445 \u043f\u0440\u0435\u0441\u0441-\u043f\u043e\u0434\u0431\u043e\u0440\u0449\u0438\u043a\u043e\u0432, \u043e\u0431\u043c\u043e\u0442\u0447\u0438\u043a\u043e\u0432, \u0430 \u0442\u0430\u043a\u0436\u0435 \u043f\u043d\u0435\u0432\u043c\u0430\u0442\u0438\u0447\u0435\u0441\u043a\u0438\u0445 \u0438 \u043c\u0435\u0445\u0430\u043d\u0438\u0447\u0435\u0441\u043a\u0438\u0445 \u0441\u0435\u044f\u043b\u043e\u043a.","robots":{"index":"index","follow":"follow","max-snippet":"max-snippet:-1","max-image-preview":"max-image-preview:large","max-video-preview":"max-video-preview:-1"},"canonical":"https:\/\/www.agrosistemos.lt\/ru\/selskohozjajstvennaja-tehnika\/presai\/mascar\/","og_locale":"ru_RU","og_type":"article","og_title":"Ruloniniai presai Mascar | \u017dem\u0117s \u016bkio technika ir padargai | Agrosistemos","og_description":"Mascar S.p.a. \u2014 \u0438\u0442\u0430\u043b\u044c\u044f\u043d\u0441\u043a\u0438\u0439 \u043f\u0440\u043e\u0438\u0437\u0432\u043e\u0434\u0438\u0442\u0435\u043b\u044c, \u0441\u043f\u0435\u0446\u0438\u0430\u043b\u0438\u0437\u0438\u0440\u0443\u044e\u0449\u0438\u0439\u0441\u044f \u0432 \u043e\u0431\u043b\u0430\u0441\u0442\u0438 \u0437\u0430\u0433\u043e\u0442\u043e\u0432\u043a\u0438 \u0441\u0435\u043d\u0430 \u0438 \u043f\u043e\u0441\u0435\u0432\u0430. \u041a\u043e\u043c\u043f\u0430\u043d\u0438\u044f \u043f\u0440\u0435\u0434\u043b\u0430\u0433\u0430\u0435\u0442 \u043f\u043e\u043b\u043d\u044b\u0439 \u0441\u043f\u0435\u043a\u0442\u0440 \u0440\u0443\u043b\u043e\u043d\u043d\u044b\u0445 \u043f\u0440\u0435\u0441\u0441-\u043f\u043e\u0434\u0431\u043e\u0440\u0449\u0438\u043a\u043e\u0432, \u043e\u0431\u043c\u043e\u0442\u0447\u0438\u043a\u043e\u0432, \u0430 \u0442\u0430\u043a\u0436\u0435 \u043f\u043d\u0435\u0432\u043c\u0430\u0442\u0438\u0447\u0435\u0441\u043a\u0438\u0445 \u0438 \u043c\u0435\u0445\u0430\u043d\u0438\u0447\u0435\u0441\u043a\u0438\u0445 \u0441\u0435\u044f\u043b\u043e\u043a.","og_url":"https:\/\/www.agrosistemos.lt\/ru\/selskohozjajstvennaja-tehnika\/presai\/mascar\/","og_site_name":"Agrosistemos","article_publisher":"https:\/\/www.facebook.com\/agrosistemos\/","article_modified_time":"2026-03-02T07:57:56+00:00","og_image":[{"width":170,"height":92,"url":"https:\/\/www.agrosistemos.lt\/wp-content\/uploads\/2017\/07\/logo.png","type":"image\/png"}],"twitter_card":"summary_large_image","twitter_misc":{"\u041f\u0440\u0438\u043c\u0435\u0440\u043d\u043e\u0435 \u0432\u0440\u0435\u043c\u044f \u0434\u043b\u044f \u0447\u0442\u0435\u043d\u0438\u044f":"1 \u043c\u0438\u043d\u0443\u0442\u0430"},"schema":{"@context":"https:\/\/schema.org","@graph":[{"@type":"WebPage","@id":"https:\/\/www.agrosistemos.lt\/ru\/selskohozjajstvennaja-tehnika\/presai\/mascar\/","url":"https:\/\/www.agrosistemos.lt\/ru\/selskohozjajstvennaja-tehnika\/presai\/mascar\/","name":"Ruloniniai presai Mascar | \u017dem\u0117s \u016bkio technika ir padargai | Agrosistemos","isPartOf":{"@id":"https:\/\/www.agrosistemos.lt\/ru\/#website"},"datePublished":"2018-03-28T11:42:38+00:00","dateModified":"2026-03-02T07:57:56+00:00","description":"Mascar S.p.a. \u2014 \u0438\u0442\u0430\u043b\u044c\u044f\u043d\u0441\u043a\u0438\u0439 \u043f\u0440\u043e\u0438\u0437\u0432\u043e\u0434\u0438\u0442\u0435\u043b\u044c, \u0441\u043f\u0435\u0446\u0438\u0430\u043b\u0438\u0437\u0438\u0440\u0443\u044e\u0449\u0438\u0439\u0441\u044f \u0432 \u043e\u0431\u043b\u0430\u0441\u0442\u0438 \u0437\u0430\u0433\u043e\u0442\u043e\u0432\u043a\u0438 \u0441\u0435\u043d\u0430 \u0438 \u043f\u043e\u0441\u0435\u0432\u0430. \u041a\u043e\u043c\u043f\u0430\u043d\u0438\u044f \u043f\u0440\u0435\u0434\u043b\u0430\u0433\u0430\u0435\u0442 \u043f\u043e\u043b\u043d\u044b\u0439 \u0441\u043f\u0435\u043a\u0442\u0440 \u0440\u0443\u043b\u043e\u043d\u043d\u044b\u0445 \u043f\u0440\u0435\u0441\u0441-\u043f\u043e\u0434\u0431\u043e\u0440\u0449\u0438\u043a\u043e\u0432, \u043e\u0431\u043c\u043e\u0442\u0447\u0438\u043a\u043e\u0432, \u0430 \u0442\u0430\u043a\u0436\u0435 \u043f\u043d\u0435\u0432\u043c\u0430\u0442\u0438\u0447\u0435\u0441\u043a\u0438\u0445 \u0438 \u043c\u0435\u0445\u0430\u043d\u0438\u0447\u0435\u0441\u043a\u0438\u0445 \u0441\u0435\u044f\u043b\u043e\u043a.","breadcrumb":{"@id":"https:\/\/www.agrosistemos.lt\/ru\/selskohozjajstvennaja-tehnika\/presai\/mascar\/#breadcrumb"},"inLanguage":"ru-RU","potentialAction":[{"@type":"ReadAction","target":["https:\/\/www.agrosistemos.lt\/ru\/selskohozjajstvennaja-tehnika\/presai\/mascar\/"]}]},{"@type":"BreadcrumbList","@id":"https:\/\/www.agrosistemos.lt\/ru\/selskohozjajstvennaja-tehnika\/presai\/mascar\/#breadcrumb","itemListElement":[{"@type":"ListItem","position":1,"name":"Home","item":"https:\/\/www.agrosistemos.lt\/ru\/"},{"@type":"ListItem","position":2,"name":"\u0421\u0435\u043b\u044c\u0441\u043a\u043e\u0445\u043e\u0437\u044f\u0439\u0441\u0442\u0432\u0435\u043d\u043d\u0430\u044f \u0442\u0435\u0445\u043d\u0438\u043a\u0430","item":"https:\/\/www.agrosistemos.lt\/ru\/selskohozjajstvennaja-tehnika\/"},{"@type":"ListItem","position":3,"name":"\u041fp\u0435\u0441\u0441\u044b","item":"https:\/\/www.agrosistemos.lt\/ru\/selskohozjajstvennaja-tehnika\/presai\/"},{"@type":"ListItem","position":4,"name":"\u0420\u0443\u043b\u043e\u043d\u043d\u044b\u0435 \u043f\u0440\u0435\u0441\u0441-\u043f\u043e\u0434\u0431\u043e\u0440\u0449\u0438\u043a\u0438 Mascar"}]},{"@type":"WebSite","@id":"https:\/\/www.agrosistemos.lt\/ru\/#website","url":"https:\/\/www.agrosistemos.lt\/ru\/","name":"Agrosistemos","description":"Viskas moderniam \u016bkiui","publisher":{"@id":"https:\/\/www.agrosistemos.lt\/ru\/#organization"},"potentialAction":[{"@type":"SearchAction","target":{"@type":"EntryPoint","urlTemplate":"https:\/\/www.agrosistemos.lt\/ru\/?s={search_term_string}"},"query-input":"required name=search_term_string"}],"inLanguage":"ru-RU"},{"@type":"Organization","@id":"https:\/\/www.agrosistemos.lt\/ru\/#organization","name":"UAB Agrosistemos","url":"https:\/\/www.agrosistemos.lt\/ru\/","logo":{"@type":"ImageObject","inLanguage":"ru-RU","@id":"https:\/\/www.agrosistemos.lt\/ru\/#\/schema\/logo\/image\/","url":"https:\/\/www.agrosistemos.lt\/wp-content\/uploads\/2019\/03\/Piktogramai-e1582537433243.png","contentUrl":"https:\/\/www.agrosistemos.lt\/wp-content\/uploads\/2019\/03\/Piktogramai-e1582537433243.png","width":100,"height":100,"caption":"UAB Agrosistemos"},"image":{"@id":"https:\/\/www.agrosistemos.lt\/ru\/#\/schema\/logo\/image\/"},"sameAs":["https:\/\/www.facebook.com\/agrosistemos\/"]}]}},"_links":{"self":[{"href":"https:\/\/www.agrosistemos.lt\/ru\/wp-json\/wp\/v2\/pages\/11434"}],"collection":[{"href":"https:\/\/www.agrosistemos.lt\/ru\/wp-json\/wp\/v2\/pages"}],"about":[{"href":"https:\/\/www.agrosistemos.lt\/ru\/wp-json\/wp\/v2\/types\/page"}],"author":[{"embeddable":true,"href":"https:\/\/www.agrosistemos.lt\/ru\/wp-json\/wp\/v2\/users\/4"}],"replies":[{"embeddable":true,"href":"https:\/\/www.agrosistemos.lt\/ru\/wp-json\/wp\/v2\/comments?post=11434"}],"version-history":[{"count":9,"href":"https:\/\/www.agrosistemos.lt\/ru\/wp-json\/wp\/v2\/pages\/11434\/revisions"}],"predecessor-version":[{"id":12171,"href":"https:\/\/www.agrosistemos.lt\/ru\/wp-json\/wp\/v2\/pages\/11434\/revisions\/12171"}],"up":[{"embeddable":true,"href":"https:\/\/www.agrosistemos.lt\/ru\/wp-json\/wp\/v2\/pages\/11431"}],"wp:attachment":[{"href":"https:\/\/www.agrosistemos.lt\/ru\/wp-json\/wp\/v2\/media?parent=11434"}],"curies":[{"name":"wp","href":"https:\/\/api.w.org\/{rel}","templated":true}]}}