{"id":11412,"date":"2018-03-28T12:53:34","date_gmt":"2018-03-28T12:53:34","guid":{"rendered":"https:\/\/www.agrosistemos.lt\/selskohozjajstvennaja-tehnika\/vyniotuvai\/"},"modified":"2026-03-06T09:02:56","modified_gmt":"2026-03-06T09:02:56","slug":"%d0%be%d0%b1%d0%b5%d1%80%d1%82%d0%ba%d0%b8","status":"publish","type":"page","link":"https:\/\/www.agrosistemos.lt\/ru\/selskohozjajstvennaja-tehnika\/%d0%be%d0%b1%d0%b5%d1%80%d1%82%d0%ba%d0%b8\/","title":{"rendered":"\u041e\u0431\u043c\u043e\u0442\u0447\u0438\u043a \u0440\u0443\u043b\u043e\u043d\u043e\u0432"},"content":{"rendered":"<p>[vc_row][vc_column][vc_column_text]<\/p>\n<h3>\u041e\u0431\u043c\u043e\u0442\u0447\u0438\u043a \u0440\u0443\u043b\u043e\u043d\u043e\u0432 Mascar<\/h3>\n<p>[\/vc_column_text][vc_empty_space][vc_column_text]\u041a\u043e\u043c\u043f\u0430\u043d\u0438\u044f <strong data-start=\"9\" data-end=\"26\">Mascar S.p.a.<\/strong> \u2014 \u0438\u0442\u0430\u043b\u044c\u044f\u043d\u0441\u043a\u0438\u0439 \u043f\u0440\u043e\u0438\u0437\u0432\u043e\u0434\u0438\u0442\u0435\u043b\u044c, \u0441\u043f\u0435\u0446\u0438\u0430\u043b\u0438\u0437\u0438\u0440\u0443\u044e\u0449\u0438\u0439\u0441\u044f \u043d\u0430 \u0437\u0430\u0433\u043e\u0442\u043e\u0432\u043a\u0435 \u0441\u0435\u043d\u0430 \u0438 \u043f\u043e\u0441\u0435\u0432\u0435. \u041f\u0440\u043e\u0438\u0437\u0432\u043e\u0434\u0438\u0442\u0435\u043b\u044c \u043f\u0440\u0435\u0434\u043b\u0430\u0433\u0430\u0435\u0442 \u043f\u043e\u043b\u043d\u044b\u0439 \u0430\u0441\u0441\u043e\u0440\u0442\u0438\u043c\u0435\u043d\u0442 \u0440\u0443\u043b\u043e\u043d\u043d\u044b\u0445 \u043f\u0440\u0435\u0441\u0441-\u043f\u043e\u0434\u0431\u043e\u0440\u0449\u0438\u043a\u043e\u0432, \u043e\u0431\u043c\u043e\u0442\u0447\u0438\u043a\u043e\u0432, \u043f\u043d\u0435\u0432\u043c\u0430\u0442\u0438\u0447\u0435\u0441\u043a\u0438\u0445 \u0438 \u043c\u0435\u0445\u0430\u043d\u0438\u0447\u0435\u0441\u043a\u0438\u0445 \u0441\u0435\u044f\u043b\u043e\u043a.[\/vc_column_text][vc_empty_space][\/vc_column][\/vc_row][vc_row][vc_column width=&#187;1\/4&#8243;][vc_column_text]<\/p>\n<h4 style=\"text-align: center;\"><a href=\"https:\/\/www.agrosistemos.lt\/ru\/selskohozjajstvennaja-tehnika\/%d0%be%d0%b1%d0%b5%d1%80%d1%82%d0%ba%d0%b8\/1200s-1800s\/\">1200S ir 1800S<\/a><\/h4>\n<p>[\/vc_column_text][vc_empty_space][vc_single_image image=&#187;4493&#8243; img_size=&#187;full&#187; onclick=&#187;custom_link&#187; link=&#187;https:\/\/www.agrosistemos.lt\/ru\/selskohozjajstvennaja-tehnika\/%d0%be%d0%b1%d0%b5%d1%80%d1%82%d0%ba%d0%b8\/1200s-1800s\/&#187;][vc_empty_space][\/vc_column][vc_column width=&#187;1\/4&#8243;][vc_column_text]<\/p>\n<h4 style=\"text-align: center;\"><a href=\"https:\/\/www.agrosistemos.lt\/ru\/selskohozjajstvennaja-tehnika\/%d0%be%d0%b1%d0%b5%d1%80%d1%82%d0%ba%d0%b8\/mascar-1600\/\">1600<\/a><\/h4>\n<p>[\/vc_column_text][vc_empty_space][vc_single_image image=&#187;4492&#8243; img_size=&#187;full&#187; onclick=&#187;custom_link&#187; link=&#187;https:\/\/www.agrosistemos.lt\/ru\/selskohozjajstvennaja-tehnika\/%d0%be%d0%b1%d0%b5%d1%80%d1%82%d0%ba%d0%b8\/mascar-1600\/&#187;][vc_empty_space][\/vc_column][vc_column width=&#187;1\/4&#8243;][vc_column_text]<\/p>\n<h4 style=\"text-align: center;\"><a href=\"https:\/\/www.agrosistemos.lt\/ru\/selskohozjajstvennaja-tehnika\/%d0%be%d0%b1%d0%b5%d1%80%d1%82%d0%ba%d0%b8\/2100s-ir-3100s\/\">2100S ir 3100S<\/a><\/h4>\n<p>[\/vc_column_text][vc_empty_space][vc_single_image image=&#187;4494&#8243; img_size=&#187;full&#187; onclick=&#187;custom_link&#187; link=&#187;https:\/\/www.agrosistemos.lt\/ru\/selskohozjajstvennaja-tehnika\/%d0%be%d0%b1%d0%b5%d1%80%d1%82%d0%ba%d0%b8\/2100s-ir-3100s\/&#187;][vc_empty_space][\/vc_column][vc_column width=&#187;1\/4&#8243;][vc_column_text]<\/p>\n<h4 style=\"text-align: center;\"><a href=\"https:\/\/www.agrosistemos.lt\/ru\/selskohozjajstvennaja-tehnika\/%d0%be%d0%b1%d0%b5%d1%80%d1%82%d0%ba%d0%b8\/mascar-5100\/\">5100<\/a><\/h4>\n<p>[\/vc_column_text][vc_empty_space][vc_single_image image=&#187;4495&#8243; img_size=&#187;full&#187; onclick=&#187;custom_link&#187; link=&#187;https:\/\/www.agrosistemos.lt\/ru\/selskohozjajstvennaja-tehnika\/%d0%be%d0%b1%d0%b5%d1%80%d1%82%d0%ba%d0%b8\/mascar-5100\/&#187;][vc_empty_space][\/vc_column][\/vc_row][vc_row][vc_column][vc_empty_space]<a itemprop=\"url\" href=\"https:\/\/www.agrosistemos.lt\/ru\/selskohozjajstvennaja-tehnika\/\" target=\"_self\"  class=\"mkd-btn mkd-btn-medium mkd-btn-solid\"  >\n    <span class=\"mkd-btn-text\">\u041d\u0430\u0437\u0430\u0434<\/span>\n    <\/a>[\/vc_column][\/vc_row]<\/p>\n","protected":false},"excerpt":{"rendered":"<p>[vc_row][vc_column][vc_column_text] \u041e\u0431\u043c\u043e\u0442\u0447\u0438\u043a \u0440\u0443\u043b\u043e\u043d\u043e\u0432 Mascar [\/vc_column_text][vc_empty_space][vc_column_text]\u041a\u043e\u043c\u043f\u0430\u043d\u0438\u044f Mascar S.p.a. \u2014 \u0438\u0442\u0430\u043b\u044c\u044f\u043d\u0441\u043a\u0438\u0439 \u043f\u0440\u043e\u0438\u0437\u0432\u043e\u0434\u0438\u0442\u0435\u043b\u044c, \u0441\u043f\u0435\u0446\u0438\u0430\u043b\u0438\u0437\u0438\u0440\u0443\u044e\u0449\u0438\u0439\u0441\u044f \u043d\u0430 \u0437\u0430\u0433\u043e\u0442\u043e\u0432\u043a\u0435 \u0441\u0435\u043d\u0430 \u0438 \u043f\u043e\u0441\u0435\u0432\u0435. \u041f\u0440\u043e\u0438\u0437\u0432\u043e\u0434\u0438\u0442\u0435\u043b\u044c \u043f\u0440\u0435\u0434\u043b\u0430\u0433\u0430\u0435\u0442 \u043f\u043e\u043b\u043d\u044b\u0439 \u0430\u0441\u0441\u043e\u0440\u0442\u0438\u043c\u0435\u043d\u0442 \u0440\u0443\u043b\u043e\u043d\u043d\u044b\u0445 \u043f\u0440\u0435\u0441\u0441-\u043f\u043e\u0434\u0431\u043e\u0440\u0449\u0438\u043a\u043e\u0432, \u043e\u0431\u043c\u043e\u0442\u0447\u0438\u043a\u043e\u0432, \u043f\u043d\u0435\u0432\u043c\u0430\u0442\u0438\u0447\u0435\u0441\u043a\u0438\u0445 \u0438 \u043c\u0435\u0445\u0430\u043d\u0438\u0447\u0435\u0441\u043a\u0438\u0445 \u0441\u0435\u044f\u043b\u043e\u043a.[\/vc_column_text][vc_empty_space][\/vc_column][\/vc_row][vc_row][vc_column width=&#187;1\/4&#8243;][vc_column_text] 1200S ir 1800S [\/vc_column_text][vc_empty_space][vc_single_image image=&#187;4493&#8243; img_size=&#187;full&#187; onclick=&#187;custom_link&#187; link=&#187;https:\/\/www.agrosistemos.lt\/ru\/selskohozjajstvennaja-tehnika\/%d0%be%d0%b1%d0%b5%d1%80%d1%82%d0%ba%d0%b8\/1200s-1800s\/&#187;][vc_empty_space][\/vc_column][vc_column width=&#187;1\/4&#8243;][vc_column_text] 1600 [\/vc_column_text][vc_empty_space][vc_single_image image=&#187;4492&#8243; img_size=&#187;full&#187; onclick=&#187;custom_link&#187; link=&#187;https:\/\/www.agrosistemos.lt\/ru\/selskohozjajstvennaja-tehnika\/%d0%be%d0%b1%d0%b5%d1%80%d1%82%d0%ba%d0%b8\/mascar-1600\/&#187;][vc_empty_space][\/vc_column][vc_column width=&#187;1\/4&#8243;][vc_column_text] 2100S&#8230;<\/p>\n","protected":false},"author":4,"featured_media":0,"parent":8019,"menu_order":0,"comment_status":"closed","ping_status":"closed","template":"","meta":{"footnotes":""},"yoast_head":"<!-- This site is optimized with the Yoast SEO plugin v22.1 - https:\/\/yoast.com\/wordpress\/plugins\/seo\/ -->\n<title>\u0160ieno vyniotuvai | Mascar | \u017dem\u0117s \u016bkio technika | Agrosistemos<\/title>\n<meta name=\"description\" content=\"\u0160ieno vyniotuv\u0173 gamintojas Mascar si\u016blo vis\u0105 spektr\u0105 rulonini\u0173 pres\u0173, vyniotuv\u0173, pneumatini\u0173 ir mechanini\u0173 s\u0117jam\u0173j\u0173.\" \/>\n<meta name=\"robots\" content=\"index, follow, max-snippet:-1, max-image-preview:large, max-video-preview:-1\" \/>\n<link rel=\"canonical\" href=\"https:\/\/www.agrosistemos.lt\/ru\/selskohozjajstvennaja-tehnika\/\u043e\u0431\u0435\u0440\u0442\u043a\u0438\/\" \/>\n<meta property=\"og:locale\" content=\"ru_RU\" \/>\n<meta property=\"og:type\" content=\"article\" \/>\n<meta property=\"og:title\" content=\"\u0160ieno vyniotuvai | Mascar | \u017dem\u0117s \u016bkio technika | Agrosistemos\" \/>\n<meta property=\"og:description\" content=\"\u0160ieno vyniotuv\u0173 gamintojas Mascar si\u016blo vis\u0105 spektr\u0105 rulonini\u0173 pres\u0173, vyniotuv\u0173, pneumatini\u0173 ir mechanini\u0173 s\u0117jam\u0173j\u0173.\" \/>\n<meta property=\"og:url\" content=\"https:\/\/www.agrosistemos.lt\/ru\/selskohozjajstvennaja-tehnika\/\u043e\u0431\u0435\u0440\u0442\u043a\u0438\/\" \/>\n<meta property=\"og:site_name\" content=\"Agrosistemos\" \/>\n<meta property=\"article:publisher\" content=\"https:\/\/www.facebook.com\/agrosistemos\/\" \/>\n<meta property=\"article:modified_time\" content=\"2026-03-06T09:02:56+00:00\" \/>\n<meta property=\"og:image\" content=\"https:\/\/www.agrosistemos.lt\/wp-content\/uploads\/2017\/07\/logo.png\" \/>\n\t<meta property=\"og:image:width\" content=\"170\" \/>\n\t<meta property=\"og:image:height\" content=\"92\" \/>\n\t<meta property=\"og:image:type\" content=\"image\/png\" \/>\n<meta name=\"twitter:card\" content=\"summary_large_image\" \/>\n<meta name=\"twitter:label1\" content=\"\u041f\u0440\u0438\u043c\u0435\u0440\u043d\u043e\u0435 \u0432\u0440\u0435\u043c\u044f \u0434\u043b\u044f \u0447\u0442\u0435\u043d\u0438\u044f\" \/>\n\t<meta name=\"twitter:data1\" content=\"1 \u043c\u0438\u043d\u0443\u0442\u0430\" \/>\n<script type=\"application\/ld+json\" class=\"yoast-schema-graph\">{\"@context\":\"https:\/\/schema.org\",\"@graph\":[{\"@type\":\"WebPage\",\"@id\":\"https:\/\/www.agrosistemos.lt\/ru\/selskohozjajstvennaja-tehnika\/%d0%be%d0%b1%d0%b5%d1%80%d1%82%d0%ba%d0%b8\/\",\"url\":\"https:\/\/www.agrosistemos.lt\/ru\/selskohozjajstvennaja-tehnika\/%d0%be%d0%b1%d0%b5%d1%80%d1%82%d0%ba%d0%b8\/\",\"name\":\"\u0160ieno vyniotuvai | Mascar | \u017dem\u0117s \u016bkio technika | Agrosistemos\",\"isPartOf\":{\"@id\":\"https:\/\/www.agrosistemos.lt\/ru\/#website\"},\"datePublished\":\"2018-03-28T12:53:34+00:00\",\"dateModified\":\"2026-03-06T09:02:56+00:00\",\"description\":\"\u0160ieno vyniotuv\u0173 gamintojas Mascar si\u016blo vis\u0105 spektr\u0105 rulonini\u0173 pres\u0173, vyniotuv\u0173, pneumatini\u0173 ir mechanini\u0173 s\u0117jam\u0173j\u0173.\",\"breadcrumb\":{\"@id\":\"https:\/\/www.agrosistemos.lt\/ru\/selskohozjajstvennaja-tehnika\/%d0%be%d0%b1%d0%b5%d1%80%d1%82%d0%ba%d0%b8\/#breadcrumb\"},\"inLanguage\":\"ru-RU\",\"potentialAction\":[{\"@type\":\"ReadAction\",\"target\":[\"https:\/\/www.agrosistemos.lt\/ru\/selskohozjajstvennaja-tehnika\/%d0%be%d0%b1%d0%b5%d1%80%d1%82%d0%ba%d0%b8\/\"]}]},{\"@type\":\"BreadcrumbList\",\"@id\":\"https:\/\/www.agrosistemos.lt\/ru\/selskohozjajstvennaja-tehnika\/%d0%be%d0%b1%d0%b5%d1%80%d1%82%d0%ba%d0%b8\/#breadcrumb\",\"itemListElement\":[{\"@type\":\"ListItem\",\"position\":1,\"name\":\"Home\",\"item\":\"https:\/\/www.agrosistemos.lt\/ru\/\"},{\"@type\":\"ListItem\",\"position\":2,\"name\":\"\u0421\u0435\u043b\u044c\u0441\u043a\u043e\u0445\u043e\u0437\u044f\u0439\u0441\u0442\u0432\u0435\u043d\u043d\u0430\u044f \u0442\u0435\u0445\u043d\u0438\u043a\u0430\",\"item\":\"https:\/\/www.agrosistemos.lt\/ru\/selskohozjajstvennaja-tehnika\/\"},{\"@type\":\"ListItem\",\"position\":3,\"name\":\"\u041e\u0431\u043c\u043e\u0442\u0447\u0438\u043a \u0440\u0443\u043b\u043e\u043d\u043e\u0432\"}]},{\"@type\":\"WebSite\",\"@id\":\"https:\/\/www.agrosistemos.lt\/ru\/#website\",\"url\":\"https:\/\/www.agrosistemos.lt\/ru\/\",\"name\":\"Agrosistemos\",\"description\":\"Viskas moderniam \u016bkiui\",\"publisher\":{\"@id\":\"https:\/\/www.agrosistemos.lt\/ru\/#organization\"},\"potentialAction\":[{\"@type\":\"SearchAction\",\"target\":{\"@type\":\"EntryPoint\",\"urlTemplate\":\"https:\/\/www.agrosistemos.lt\/ru\/?s={search_term_string}\"},\"query-input\":\"required name=search_term_string\"}],\"inLanguage\":\"ru-RU\"},{\"@type\":\"Organization\",\"@id\":\"https:\/\/www.agrosistemos.lt\/ru\/#organization\",\"name\":\"UAB Agrosistemos\",\"url\":\"https:\/\/www.agrosistemos.lt\/ru\/\",\"logo\":{\"@type\":\"ImageObject\",\"inLanguage\":\"ru-RU\",\"@id\":\"https:\/\/www.agrosistemos.lt\/ru\/#\/schema\/logo\/image\/\",\"url\":\"https:\/\/www.agrosistemos.lt\/wp-content\/uploads\/2019\/03\/Piktogramai-e1582537433243.png\",\"contentUrl\":\"https:\/\/www.agrosistemos.lt\/wp-content\/uploads\/2019\/03\/Piktogramai-e1582537433243.png\",\"width\":100,\"height\":100,\"caption\":\"UAB Agrosistemos\"},\"image\":{\"@id\":\"https:\/\/www.agrosistemos.lt\/ru\/#\/schema\/logo\/image\/\"},\"sameAs\":[\"https:\/\/www.facebook.com\/agrosistemos\/\"]}]}<\/script>\n<!-- \/ Yoast SEO plugin. -->","yoast_head_json":{"title":"\u0160ieno vyniotuvai | Mascar | \u017dem\u0117s \u016bkio technika | Agrosistemos","description":"\u0160ieno vyniotuv\u0173 gamintojas Mascar si\u016blo vis\u0105 spektr\u0105 rulonini\u0173 pres\u0173, vyniotuv\u0173, pneumatini\u0173 ir mechanini\u0173 s\u0117jam\u0173j\u0173.","robots":{"index":"index","follow":"follow","max-snippet":"max-snippet:-1","max-image-preview":"max-image-preview:large","max-video-preview":"max-video-preview:-1"},"canonical":"https:\/\/www.agrosistemos.lt\/ru\/selskohozjajstvennaja-tehnika\/\u043e\u0431\u0435\u0440\u0442\u043a\u0438\/","og_locale":"ru_RU","og_type":"article","og_title":"\u0160ieno vyniotuvai | Mascar | \u017dem\u0117s \u016bkio technika | Agrosistemos","og_description":"\u0160ieno vyniotuv\u0173 gamintojas Mascar si\u016blo vis\u0105 spektr\u0105 rulonini\u0173 pres\u0173, vyniotuv\u0173, pneumatini\u0173 ir mechanini\u0173 s\u0117jam\u0173j\u0173.","og_url":"https:\/\/www.agrosistemos.lt\/ru\/selskohozjajstvennaja-tehnika\/\u043e\u0431\u0435\u0440\u0442\u043a\u0438\/","og_site_name":"Agrosistemos","article_publisher":"https:\/\/www.facebook.com\/agrosistemos\/","article_modified_time":"2026-03-06T09:02:56+00:00","og_image":[{"width":170,"height":92,"url":"https:\/\/www.agrosistemos.lt\/wp-content\/uploads\/2017\/07\/logo.png","type":"image\/png"}],"twitter_card":"summary_large_image","twitter_misc":{"\u041f\u0440\u0438\u043c\u0435\u0440\u043d\u043e\u0435 \u0432\u0440\u0435\u043c\u044f \u0434\u043b\u044f \u0447\u0442\u0435\u043d\u0438\u044f":"1 \u043c\u0438\u043d\u0443\u0442\u0430"},"schema":{"@context":"https:\/\/schema.org","@graph":[{"@type":"WebPage","@id":"https:\/\/www.agrosistemos.lt\/ru\/selskohozjajstvennaja-tehnika\/%d0%be%d0%b1%d0%b5%d1%80%d1%82%d0%ba%d0%b8\/","url":"https:\/\/www.agrosistemos.lt\/ru\/selskohozjajstvennaja-tehnika\/%d0%be%d0%b1%d0%b5%d1%80%d1%82%d0%ba%d0%b8\/","name":"\u0160ieno vyniotuvai | Mascar | \u017dem\u0117s \u016bkio technika | Agrosistemos","isPartOf":{"@id":"https:\/\/www.agrosistemos.lt\/ru\/#website"},"datePublished":"2018-03-28T12:53:34+00:00","dateModified":"2026-03-06T09:02:56+00:00","description":"\u0160ieno vyniotuv\u0173 gamintojas Mascar si\u016blo vis\u0105 spektr\u0105 rulonini\u0173 pres\u0173, vyniotuv\u0173, pneumatini\u0173 ir mechanini\u0173 s\u0117jam\u0173j\u0173.","breadcrumb":{"@id":"https:\/\/www.agrosistemos.lt\/ru\/selskohozjajstvennaja-tehnika\/%d0%be%d0%b1%d0%b5%d1%80%d1%82%d0%ba%d0%b8\/#breadcrumb"},"inLanguage":"ru-RU","potentialAction":[{"@type":"ReadAction","target":["https:\/\/www.agrosistemos.lt\/ru\/selskohozjajstvennaja-tehnika\/%d0%be%d0%b1%d0%b5%d1%80%d1%82%d0%ba%d0%b8\/"]}]},{"@type":"BreadcrumbList","@id":"https:\/\/www.agrosistemos.lt\/ru\/selskohozjajstvennaja-tehnika\/%d0%be%d0%b1%d0%b5%d1%80%d1%82%d0%ba%d0%b8\/#breadcrumb","itemListElement":[{"@type":"ListItem","position":1,"name":"Home","item":"https:\/\/www.agrosistemos.lt\/ru\/"},{"@type":"ListItem","position":2,"name":"\u0421\u0435\u043b\u044c\u0441\u043a\u043e\u0445\u043e\u0437\u044f\u0439\u0441\u0442\u0432\u0435\u043d\u043d\u0430\u044f \u0442\u0435\u0445\u043d\u0438\u043a\u0430","item":"https:\/\/www.agrosistemos.lt\/ru\/selskohozjajstvennaja-tehnika\/"},{"@type":"ListItem","position":3,"name":"\u041e\u0431\u043c\u043e\u0442\u0447\u0438\u043a \u0440\u0443\u043b\u043e\u043d\u043e\u0432"}]},{"@type":"WebSite","@id":"https:\/\/www.agrosistemos.lt\/ru\/#website","url":"https:\/\/www.agrosistemos.lt\/ru\/","name":"Agrosistemos","description":"Viskas moderniam \u016bkiui","publisher":{"@id":"https:\/\/www.agrosistemos.lt\/ru\/#organization"},"potentialAction":[{"@type":"SearchAction","target":{"@type":"EntryPoint","urlTemplate":"https:\/\/www.agrosistemos.lt\/ru\/?s={search_term_string}"},"query-input":"required name=search_term_string"}],"inLanguage":"ru-RU"},{"@type":"Organization","@id":"https:\/\/www.agrosistemos.lt\/ru\/#organization","name":"UAB Agrosistemos","url":"https:\/\/www.agrosistemos.lt\/ru\/","logo":{"@type":"ImageObject","inLanguage":"ru-RU","@id":"https:\/\/www.agrosistemos.lt\/ru\/#\/schema\/logo\/image\/","url":"https:\/\/www.agrosistemos.lt\/wp-content\/uploads\/2019\/03\/Piktogramai-e1582537433243.png","contentUrl":"https:\/\/www.agrosistemos.lt\/wp-content\/uploads\/2019\/03\/Piktogramai-e1582537433243.png","width":100,"height":100,"caption":"UAB Agrosistemos"},"image":{"@id":"https:\/\/www.agrosistemos.lt\/ru\/#\/schema\/logo\/image\/"},"sameAs":["https:\/\/www.facebook.com\/agrosistemos\/"]}]}},"_links":{"self":[{"href":"https:\/\/www.agrosistemos.lt\/ru\/wp-json\/wp\/v2\/pages\/11412"}],"collection":[{"href":"https:\/\/www.agrosistemos.lt\/ru\/wp-json\/wp\/v2\/pages"}],"about":[{"href":"https:\/\/www.agrosistemos.lt\/ru\/wp-json\/wp\/v2\/types\/page"}],"author":[{"embeddable":true,"href":"https:\/\/www.agrosistemos.lt\/ru\/wp-json\/wp\/v2\/users\/4"}],"replies":[{"embeddable":true,"href":"https:\/\/www.agrosistemos.lt\/ru\/wp-json\/wp\/v2\/comments?post=11412"}],"version-history":[{"count":10,"href":"https:\/\/www.agrosistemos.lt\/ru\/wp-json\/wp\/v2\/pages\/11412\/revisions"}],"predecessor-version":[{"id":12084,"href":"https:\/\/www.agrosistemos.lt\/ru\/wp-json\/wp\/v2\/pages\/11412\/revisions\/12084"}],"up":[{"embeddable":true,"href":"https:\/\/www.agrosistemos.lt\/ru\/wp-json\/wp\/v2\/pages\/8019"}],"wp:attachment":[{"href":"https:\/\/www.agrosistemos.lt\/ru\/wp-json\/wp\/v2\/media?parent=11412"}],"curies":[{"name":"wp","href":"https:\/\/api.w.org\/{rel}","templated":true}]}}