{"id":11400,"date":"2018-03-19T08:44:33","date_gmt":"2018-03-19T08:44:33","guid":{"rendered":"https:\/\/www.agrosistemos.lt\/selskohozjajstvennaja-tehnika\/plugai\/"},"modified":"2026-02-27T12:32:55","modified_gmt":"2026-02-27T12:32:55","slug":"%d0%bf%d0%bb%d1%83%d0%b3%d0%b8","status":"publish","type":"page","link":"https:\/\/www.agrosistemos.lt\/ru\/selskohozjajstvennaja-tehnika\/%d0%bf%d0%bb%d1%83%d0%b3%d0%b8\/","title":{"rendered":"\u041f\u043b\u0443\u0433\u0438"},"content":{"rendered":"<p>[vc_row][vc_column][vc_column_text]<\/p>\n<h3>\u041f\u043b\u0443\u0433\u0438<\/h3>\n<p>[\/vc_column_text][vc_empty_space][vc_column_text]<\/p>\n<p data-start=\"0\" data-end=\"235\">\u0421\u0430\u043c\u0430\u044f \u0432\u0430\u0436\u043d\u0430\u044f \u0438 \u0441\u0430\u043c\u0430\u044f \u0442\u0440\u0443\u0434\u043e\u0451\u043c\u043a\u0430\u044f \u0440\u0430\u0431\u043e\u0442\u0430 \u043f\u043e \u043f\u043e\u0434\u0433\u043e\u0442\u043e\u0432\u043a\u0435 \u043f\u043e\u0447\u0432\u044b \u2014 \u044d\u0442\u043e \u0432\u0441\u043f\u0430\u0448\u043a\u0430, \u0430 \u043a\u0430\u0447\u0435\u0441\u0442\u0432\u0435\u043d\u043d\u043e \u0432\u0441\u043f\u0430\u0445\u0430\u043d\u043d\u043e\u0435 \u043f\u043e\u043b\u0435 \u044f\u0432\u043b\u044f\u0435\u0442\u0441\u044f \u043e\u0442\u043b\u0438\u0447\u043d\u043e\u0439 \u043e\u0441\u043d\u043e\u0432\u043e\u0439 \u0434\u043b\u044f \u0431\u0443\u0434\u0443\u0449\u0435\u0433\u043e \u0443\u0440\u043e\u0436\u0430\u044f. \u041e\u0434\u043d\u0430\u043a\u043e \u043e\u0431\u0440\u0430\u0431\u043e\u0442\u043a\u0430 \u043f\u043e\u0447\u0432\u044b \u2014 \u044d\u0442\u043e \u043f\u0440\u043e\u0446\u0435\u0441\u0441, \u0442\u0440\u0435\u0431\u0443\u044e\u0449\u0438\u0439 \u043d\u0430\u0438\u0431\u043e\u043b\u044c\u0448\u0438\u0445 \u0437\u0430\u0442\u0440\u0430\u0442 \u0442\u0440\u0443\u0434\u0430 \u0438 \u044d\u043d\u0435\u0440\u0433\u0438\u0438.<\/p>\n<p data-start=\"237\" data-end=\"376\">\u041e\u0442 \u043a\u0430\u0447\u0435\u0441\u0442\u0432\u0430 \u0432\u0441\u043f\u0430\u0448\u043a\u0438 \u0437\u0430\u0432\u0438\u0441\u0438\u0442 \u0438 \u043a\u0430\u0447\u0435\u0441\u0442\u0432\u043e \u0434\u0440\u0443\u0433\u0438\u0445 \u0440\u0430\u0431\u043e\u0442, \u0442\u0430\u043a\u0438\u0445 \u043a\u0430\u043a \u043a\u0443\u043b\u044c\u0442\u0438\u0432\u0430\u0446\u0438\u044f \u0438 \u043f\u043e\u0441\u0435\u0432, \u0430 \u0442\u0430\u043a\u0436\u0435 \u0443\u0441\u043b\u043e\u0432\u0438\u044f \u0432\u044b\u0440\u0430\u0449\u0438\u0432\u0430\u043d\u0438\u044f \u0440\u0430\u0441\u0442\u0435\u043d\u0438\u0439 \u0438 \u0443\u0431\u043e\u0440\u043a\u0430 \u0443\u0440\u043e\u0436\u0430\u044f.<\/p>\n<p data-start=\"378\" data-end=\"515\" data-is-last-node=\"\" data-is-only-node=\"\">\u0427\u0442\u043e\u0431\u044b \u043e\u0431\u043b\u0435\u0433\u0447\u0438\u0442\u044c \u044d\u0442\u043e\u0442 \u043f\u0440\u043e\u0446\u0435\u0441\u0441, \u043c\u044b \u043f\u0440\u0435\u0434\u043b\u0430\u0433\u0430\u0435\u043c \u043e\u0431\u043e\u0440\u043e\u0442\u043d\u044b\u0435 \u043f\u043b\u0443\u0433\u0438 \u0447\u0435\u0448\u0441\u043a\u043e\u0433\u043e \u043f\u0440\u043e\u0438\u0437\u0432\u043e\u0434\u0438\u0442\u0435\u043b\u044f <strong data-start=\"461\" data-end=\"475\">Opall-Agri<\/strong> \u0438 \u043f\u043e\u043b\u044c\u0441\u043a\u043e\u0433\u043e \u043f\u0440\u043e\u0438\u0437\u0432\u043e\u0434\u0438\u0442\u0435\u043b\u044f <strong data-start=\"502\" data-end=\"514\">Agro Tom<\/strong>.<\/p>\n<p>[\/vc_column_text][vc_empty_space][\/vc_column][\/vc_row][vc_row][vc_column width=&#187;1\/2&#8243;][vc_column_text]<\/p>\n<h4 style=\"text-align: center;\"><a href=\"https:\/\/www.agrosistemos.lt\/ru\/selskohozjajstvennaja-tehnika\/%d0%bf%d0%bb%d1%83%d0%b3%d0%b8\/jupiter-ii\/\">\u041f\u043b\u0443\u0433\u0438 Opall-Agri<\/a><\/h4>\n<p>[\/vc_column_text][vc_empty_space][vc_single_image image=&#187;4085&#8243; img_size=&#187;full&#187; onclick=&#187;custom_link&#187; link=&#187;https:\/\/www.agrosistemos.lt\/ru\/selskohozjajstvennaja-tehnika\/%d0%bf%d0%bb%d1%83%d0%b3%d0%b8\/jupiter-ii\/&#187;][vc_empty_space][\/vc_column][vc_column width=&#187;1\/2&#8243;][vc_column_text]<\/p>\n<h4 style=\"text-align: center;\"><a href=\"https:\/\/www.agrosistemos.lt\/ru\/selskohozjajstvennaja-tehnika\/%d0%bf%d0%bb%d1%83%d0%b3%d0%b8\/plugai-agro-tom\/\">\u041f\u043b\u0443\u0433\u0438Pl\u016bgai Agro-Tom<\/a><\/h4>\n<p>[\/vc_column_text][vc_empty_space][vc_single_image image=&#187;10451&#8243; img_size=&#187;600&#215;450&#8243; onclick=&#187;custom_link&#187; link=&#187;https:\/\/www.agrosistemos.lt\/ru\/selskohozjajstvennaja-tehnika\/%d0%bf%d0%bb%d1%83%d0%b3%d0%b8\/plugai-agro-tom\/&#187;][vc_empty_space][\/vc_column][\/vc_row][vc_row][vc_column][vc_empty_space]<a itemprop=\"url\" href=\"https:\/\/www.agrosistemos.lt\/ru\/selskohozjajstvennaja-tehnika\/\" target=\"_self\"  class=\"mkd-btn mkd-btn-medium mkd-btn-solid\"  >\n    <span class=\"mkd-btn-text\">\u041d\u0430\u0437\u0430\u0434<\/span>\n    <\/a>[\/vc_column][\/vc_row]<\/p>\n","protected":false},"excerpt":{"rendered":"<p>[vc_row][vc_column][vc_column_text] \u041f\u043b\u0443\u0433\u0438 [\/vc_column_text][vc_empty_space][vc_column_text] \u0421\u0430\u043c\u0430\u044f \u0432\u0430\u0436\u043d\u0430\u044f \u0438 \u0441\u0430\u043c\u0430\u044f \u0442\u0440\u0443\u0434\u043e\u0451\u043c\u043a\u0430\u044f \u0440\u0430\u0431\u043e\u0442\u0430 \u043f\u043e \u043f\u043e\u0434\u0433\u043e\u0442\u043e\u0432\u043a\u0435 \u043f\u043e\u0447\u0432\u044b \u2014 \u044d\u0442\u043e \u0432\u0441\u043f\u0430\u0448\u043a\u0430, \u0430 \u043a\u0430\u0447\u0435\u0441\u0442\u0432\u0435\u043d\u043d\u043e \u0432\u0441\u043f\u0430\u0445\u0430\u043d\u043d\u043e\u0435 \u043f\u043e\u043b\u0435 \u044f\u0432\u043b\u044f\u0435\u0442\u0441\u044f \u043e\u0442\u043b\u0438\u0447\u043d\u043e\u0439 \u043e\u0441\u043d\u043e\u0432\u043e\u0439 \u0434\u043b\u044f \u0431\u0443\u0434\u0443\u0449\u0435\u0433\u043e \u0443\u0440\u043e\u0436\u0430\u044f. \u041e\u0434\u043d\u0430\u043a\u043e \u043e\u0431\u0440\u0430\u0431\u043e\u0442\u043a\u0430 \u043f\u043e\u0447\u0432\u044b \u2014 \u044d\u0442\u043e \u043f\u0440\u043e\u0446\u0435\u0441\u0441, \u0442\u0440\u0435\u0431\u0443\u044e\u0449\u0438\u0439 \u043d\u0430\u0438\u0431\u043e\u043b\u044c\u0448\u0438\u0445 \u0437\u0430\u0442\u0440\u0430\u0442 \u0442\u0440\u0443\u0434\u0430 \u0438 \u044d\u043d\u0435\u0440\u0433\u0438\u0438. \u041e\u0442 \u043a\u0430\u0447\u0435\u0441\u0442\u0432\u0430 \u0432\u0441\u043f\u0430\u0448\u043a\u0438 \u0437\u0430\u0432\u0438\u0441\u0438\u0442 \u0438 \u043a\u0430\u0447\u0435\u0441\u0442\u0432\u043e \u0434\u0440\u0443\u0433\u0438\u0445 \u0440\u0430\u0431\u043e\u0442,&#8230;<\/p>\n","protected":false},"author":4,"featured_media":0,"parent":8019,"menu_order":0,"comment_status":"closed","ping_status":"closed","template":"","meta":{"footnotes":""},"yoast_head":"<!-- This site is optimized with the Yoast SEO plugin v22.1 - https:\/\/yoast.com\/wordpress\/plugins\/seo\/ -->\n<title>Pl\u016bgai | Agrosistemos | \u017dem\u0117s \u016bkio technika<\/title>\n<meta name=\"description\" content=\"\u041e\u0442 \u043a\u0430\u0447\u0435\u0441\u0442\u0432\u0430 \u0432\u0441\u043f\u0430\u0448\u043a\u0438 \u0437\u0430\u0432\u0438\u0441\u0438\u0442 \u0438 \u043a\u0430\u0447\u0435\u0441\u0442\u0432\u043e \u0434\u0440\u0443\u0433\u0438\u0445 \u0440\u0430\u0431\u043e\u0442, \u0442\u0430\u043a\u0438\u0445 \u043a\u0430\u043a \u043a\u0443\u043b\u044c\u0442\u0438\u0432\u0430\u0446\u0438\u044f \u0438 \u043f\u043e\u0441\u0435\u0432, \u0430 \u0442\u0430\u043a\u0436\u0435 \u0443\u0441\u043b\u043e\u0432\u0438\u044f \u0432\u044b\u0440\u0430\u0449\u0438\u0432\u0430\u043d\u0438\u044f \u0440\u0430\u0441\u0442\u0435\u043d\u0438\u0439 \u0438 \u0443\u0431\u043e\u0440\u043a\u0430 \u0443\u0440\u043e\u0436\u0430\u044f.\" \/>\n<meta name=\"robots\" content=\"index, follow, max-snippet:-1, max-image-preview:large, max-video-preview:-1\" \/>\n<link rel=\"canonical\" href=\"https:\/\/www.agrosistemos.lt\/ru\/selskohozjajstvennaja-tehnika\/\u043f\u043b\u0443\u0433\u0438\/\" \/>\n<meta property=\"og:locale\" content=\"ru_RU\" \/>\n<meta property=\"og:type\" content=\"article\" \/>\n<meta property=\"og:title\" content=\"Pl\u016bgai | Agrosistemos | \u017dem\u0117s \u016bkio technika\" \/>\n<meta property=\"og:description\" content=\"\u041e\u0442 \u043a\u0430\u0447\u0435\u0441\u0442\u0432\u0430 \u0432\u0441\u043f\u0430\u0448\u043a\u0438 \u0437\u0430\u0432\u0438\u0441\u0438\u0442 \u0438 \u043a\u0430\u0447\u0435\u0441\u0442\u0432\u043e \u0434\u0440\u0443\u0433\u0438\u0445 \u0440\u0430\u0431\u043e\u0442, \u0442\u0430\u043a\u0438\u0445 \u043a\u0430\u043a \u043a\u0443\u043b\u044c\u0442\u0438\u0432\u0430\u0446\u0438\u044f \u0438 \u043f\u043e\u0441\u0435\u0432, \u0430 \u0442\u0430\u043a\u0436\u0435 \u0443\u0441\u043b\u043e\u0432\u0438\u044f \u0432\u044b\u0440\u0430\u0449\u0438\u0432\u0430\u043d\u0438\u044f \u0440\u0430\u0441\u0442\u0435\u043d\u0438\u0439 \u0438 \u0443\u0431\u043e\u0440\u043a\u0430 \u0443\u0440\u043e\u0436\u0430\u044f.\" \/>\n<meta property=\"og:url\" content=\"https:\/\/www.agrosistemos.lt\/ru\/selskohozjajstvennaja-tehnika\/\u043f\u043b\u0443\u0433\u0438\/\" \/>\n<meta property=\"og:site_name\" content=\"Agrosistemos\" \/>\n<meta property=\"article:publisher\" content=\"https:\/\/www.facebook.com\/agrosistemos\/\" \/>\n<meta property=\"article:modified_time\" content=\"2026-02-27T12:32:55+00:00\" \/>\n<meta property=\"og:image\" content=\"https:\/\/www.agrosistemos.lt\/wp-content\/uploads\/2017\/07\/logo.png\" \/>\n\t<meta property=\"og:image:width\" content=\"170\" \/>\n\t<meta property=\"og:image:height\" content=\"92\" \/>\n\t<meta property=\"og:image:type\" content=\"image\/png\" \/>\n<meta name=\"twitter:card\" content=\"summary_large_image\" \/>\n<meta name=\"twitter:label1\" content=\"\u041f\u0440\u0438\u043c\u0435\u0440\u043d\u043e\u0435 \u0432\u0440\u0435\u043c\u044f \u0434\u043b\u044f \u0447\u0442\u0435\u043d\u0438\u044f\" \/>\n\t<meta name=\"twitter:data1\" content=\"1 \u043c\u0438\u043d\u0443\u0442\u0430\" \/>\n<script type=\"application\/ld+json\" class=\"yoast-schema-graph\">{\"@context\":\"https:\/\/schema.org\",\"@graph\":[{\"@type\":\"WebPage\",\"@id\":\"https:\/\/www.agrosistemos.lt\/ru\/selskohozjajstvennaja-tehnika\/%d0%bf%d0%bb%d1%83%d0%b3%d0%b8\/\",\"url\":\"https:\/\/www.agrosistemos.lt\/ru\/selskohozjajstvennaja-tehnika\/%d0%bf%d0%bb%d1%83%d0%b3%d0%b8\/\",\"name\":\"Pl\u016bgai | Agrosistemos | \u017dem\u0117s \u016bkio technika\",\"isPartOf\":{\"@id\":\"https:\/\/www.agrosistemos.lt\/ru\/#website\"},\"datePublished\":\"2018-03-19T08:44:33+00:00\",\"dateModified\":\"2026-02-27T12:32:55+00:00\",\"description\":\"\u041e\u0442 \u043a\u0430\u0447\u0435\u0441\u0442\u0432\u0430 \u0432\u0441\u043f\u0430\u0448\u043a\u0438 \u0437\u0430\u0432\u0438\u0441\u0438\u0442 \u0438 \u043a\u0430\u0447\u0435\u0441\u0442\u0432\u043e \u0434\u0440\u0443\u0433\u0438\u0445 \u0440\u0430\u0431\u043e\u0442, \u0442\u0430\u043a\u0438\u0445 \u043a\u0430\u043a \u043a\u0443\u043b\u044c\u0442\u0438\u0432\u0430\u0446\u0438\u044f \u0438 \u043f\u043e\u0441\u0435\u0432, \u0430 \u0442\u0430\u043a\u0436\u0435 \u0443\u0441\u043b\u043e\u0432\u0438\u044f \u0432\u044b\u0440\u0430\u0449\u0438\u0432\u0430\u043d\u0438\u044f \u0440\u0430\u0441\u0442\u0435\u043d\u0438\u0439 \u0438 \u0443\u0431\u043e\u0440\u043a\u0430 \u0443\u0440\u043e\u0436\u0430\u044f.\",\"breadcrumb\":{\"@id\":\"https:\/\/www.agrosistemos.lt\/ru\/selskohozjajstvennaja-tehnika\/%d0%bf%d0%bb%d1%83%d0%b3%d0%b8\/#breadcrumb\"},\"inLanguage\":\"ru-RU\",\"potentialAction\":[{\"@type\":\"ReadAction\",\"target\":[\"https:\/\/www.agrosistemos.lt\/ru\/selskohozjajstvennaja-tehnika\/%d0%bf%d0%bb%d1%83%d0%b3%d0%b8\/\"]}]},{\"@type\":\"BreadcrumbList\",\"@id\":\"https:\/\/www.agrosistemos.lt\/ru\/selskohozjajstvennaja-tehnika\/%d0%bf%d0%bb%d1%83%d0%b3%d0%b8\/#breadcrumb\",\"itemListElement\":[{\"@type\":\"ListItem\",\"position\":1,\"name\":\"Home\",\"item\":\"https:\/\/www.agrosistemos.lt\/ru\/\"},{\"@type\":\"ListItem\",\"position\":2,\"name\":\"\u0421\u0435\u043b\u044c\u0441\u043a\u043e\u0445\u043e\u0437\u044f\u0439\u0441\u0442\u0432\u0435\u043d\u043d\u0430\u044f \u0442\u0435\u0445\u043d\u0438\u043a\u0430\",\"item\":\"https:\/\/www.agrosistemos.lt\/ru\/selskohozjajstvennaja-tehnika\/\"},{\"@type\":\"ListItem\",\"position\":3,\"name\":\"\u041f\u043b\u0443\u0433\u0438\"}]},{\"@type\":\"WebSite\",\"@id\":\"https:\/\/www.agrosistemos.lt\/ru\/#website\",\"url\":\"https:\/\/www.agrosistemos.lt\/ru\/\",\"name\":\"Agrosistemos\",\"description\":\"Viskas moderniam \u016bkiui\",\"publisher\":{\"@id\":\"https:\/\/www.agrosistemos.lt\/ru\/#organization\"},\"potentialAction\":[{\"@type\":\"SearchAction\",\"target\":{\"@type\":\"EntryPoint\",\"urlTemplate\":\"https:\/\/www.agrosistemos.lt\/ru\/?s={search_term_string}\"},\"query-input\":\"required name=search_term_string\"}],\"inLanguage\":\"ru-RU\"},{\"@type\":\"Organization\",\"@id\":\"https:\/\/www.agrosistemos.lt\/ru\/#organization\",\"name\":\"UAB Agrosistemos\",\"url\":\"https:\/\/www.agrosistemos.lt\/ru\/\",\"logo\":{\"@type\":\"ImageObject\",\"inLanguage\":\"ru-RU\",\"@id\":\"https:\/\/www.agrosistemos.lt\/ru\/#\/schema\/logo\/image\/\",\"url\":\"https:\/\/www.agrosistemos.lt\/wp-content\/uploads\/2019\/03\/Piktogramai-e1582537433243.png\",\"contentUrl\":\"https:\/\/www.agrosistemos.lt\/wp-content\/uploads\/2019\/03\/Piktogramai-e1582537433243.png\",\"width\":100,\"height\":100,\"caption\":\"UAB Agrosistemos\"},\"image\":{\"@id\":\"https:\/\/www.agrosistemos.lt\/ru\/#\/schema\/logo\/image\/\"},\"sameAs\":[\"https:\/\/www.facebook.com\/agrosistemos\/\"]}]}<\/script>\n<!-- \/ Yoast SEO plugin. -->","yoast_head_json":{"title":"Pl\u016bgai | Agrosistemos | \u017dem\u0117s \u016bkio technika","description":"\u041e\u0442 \u043a\u0430\u0447\u0435\u0441\u0442\u0432\u0430 \u0432\u0441\u043f\u0430\u0448\u043a\u0438 \u0437\u0430\u0432\u0438\u0441\u0438\u0442 \u0438 \u043a\u0430\u0447\u0435\u0441\u0442\u0432\u043e \u0434\u0440\u0443\u0433\u0438\u0445 \u0440\u0430\u0431\u043e\u0442, \u0442\u0430\u043a\u0438\u0445 \u043a\u0430\u043a \u043a\u0443\u043b\u044c\u0442\u0438\u0432\u0430\u0446\u0438\u044f \u0438 \u043f\u043e\u0441\u0435\u0432, \u0430 \u0442\u0430\u043a\u0436\u0435 \u0443\u0441\u043b\u043e\u0432\u0438\u044f \u0432\u044b\u0440\u0430\u0449\u0438\u0432\u0430\u043d\u0438\u044f \u0440\u0430\u0441\u0442\u0435\u043d\u0438\u0439 \u0438 \u0443\u0431\u043e\u0440\u043a\u0430 \u0443\u0440\u043e\u0436\u0430\u044f.","robots":{"index":"index","follow":"follow","max-snippet":"max-snippet:-1","max-image-preview":"max-image-preview:large","max-video-preview":"max-video-preview:-1"},"canonical":"https:\/\/www.agrosistemos.lt\/ru\/selskohozjajstvennaja-tehnika\/\u043f\u043b\u0443\u0433\u0438\/","og_locale":"ru_RU","og_type":"article","og_title":"Pl\u016bgai | Agrosistemos | \u017dem\u0117s \u016bkio technika","og_description":"\u041e\u0442 \u043a\u0430\u0447\u0435\u0441\u0442\u0432\u0430 \u0432\u0441\u043f\u0430\u0448\u043a\u0438 \u0437\u0430\u0432\u0438\u0441\u0438\u0442 \u0438 \u043a\u0430\u0447\u0435\u0441\u0442\u0432\u043e \u0434\u0440\u0443\u0433\u0438\u0445 \u0440\u0430\u0431\u043e\u0442, \u0442\u0430\u043a\u0438\u0445 \u043a\u0430\u043a \u043a\u0443\u043b\u044c\u0442\u0438\u0432\u0430\u0446\u0438\u044f \u0438 \u043f\u043e\u0441\u0435\u0432, \u0430 \u0442\u0430\u043a\u0436\u0435 \u0443\u0441\u043b\u043e\u0432\u0438\u044f \u0432\u044b\u0440\u0430\u0449\u0438\u0432\u0430\u043d\u0438\u044f \u0440\u0430\u0441\u0442\u0435\u043d\u0438\u0439 \u0438 \u0443\u0431\u043e\u0440\u043a\u0430 \u0443\u0440\u043e\u0436\u0430\u044f.","og_url":"https:\/\/www.agrosistemos.lt\/ru\/selskohozjajstvennaja-tehnika\/\u043f\u043b\u0443\u0433\u0438\/","og_site_name":"Agrosistemos","article_publisher":"https:\/\/www.facebook.com\/agrosistemos\/","article_modified_time":"2026-02-27T12:32:55+00:00","og_image":[{"width":170,"height":92,"url":"https:\/\/www.agrosistemos.lt\/wp-content\/uploads\/2017\/07\/logo.png","type":"image\/png"}],"twitter_card":"summary_large_image","twitter_misc":{"\u041f\u0440\u0438\u043c\u0435\u0440\u043d\u043e\u0435 \u0432\u0440\u0435\u043c\u044f \u0434\u043b\u044f \u0447\u0442\u0435\u043d\u0438\u044f":"1 \u043c\u0438\u043d\u0443\u0442\u0430"},"schema":{"@context":"https:\/\/schema.org","@graph":[{"@type":"WebPage","@id":"https:\/\/www.agrosistemos.lt\/ru\/selskohozjajstvennaja-tehnika\/%d0%bf%d0%bb%d1%83%d0%b3%d0%b8\/","url":"https:\/\/www.agrosistemos.lt\/ru\/selskohozjajstvennaja-tehnika\/%d0%bf%d0%bb%d1%83%d0%b3%d0%b8\/","name":"Pl\u016bgai | Agrosistemos | \u017dem\u0117s \u016bkio technika","isPartOf":{"@id":"https:\/\/www.agrosistemos.lt\/ru\/#website"},"datePublished":"2018-03-19T08:44:33+00:00","dateModified":"2026-02-27T12:32:55+00:00","description":"\u041e\u0442 \u043a\u0430\u0447\u0435\u0441\u0442\u0432\u0430 \u0432\u0441\u043f\u0430\u0448\u043a\u0438 \u0437\u0430\u0432\u0438\u0441\u0438\u0442 \u0438 \u043a\u0430\u0447\u0435\u0441\u0442\u0432\u043e \u0434\u0440\u0443\u0433\u0438\u0445 \u0440\u0430\u0431\u043e\u0442, \u0442\u0430\u043a\u0438\u0445 \u043a\u0430\u043a \u043a\u0443\u043b\u044c\u0442\u0438\u0432\u0430\u0446\u0438\u044f \u0438 \u043f\u043e\u0441\u0435\u0432, \u0430 \u0442\u0430\u043a\u0436\u0435 \u0443\u0441\u043b\u043e\u0432\u0438\u044f \u0432\u044b\u0440\u0430\u0449\u0438\u0432\u0430\u043d\u0438\u044f \u0440\u0430\u0441\u0442\u0435\u043d\u0438\u0439 \u0438 \u0443\u0431\u043e\u0440\u043a\u0430 \u0443\u0440\u043e\u0436\u0430\u044f.","breadcrumb":{"@id":"https:\/\/www.agrosistemos.lt\/ru\/selskohozjajstvennaja-tehnika\/%d0%bf%d0%bb%d1%83%d0%b3%d0%b8\/#breadcrumb"},"inLanguage":"ru-RU","potentialAction":[{"@type":"ReadAction","target":["https:\/\/www.agrosistemos.lt\/ru\/selskohozjajstvennaja-tehnika\/%d0%bf%d0%bb%d1%83%d0%b3%d0%b8\/"]}]},{"@type":"BreadcrumbList","@id":"https:\/\/www.agrosistemos.lt\/ru\/selskohozjajstvennaja-tehnika\/%d0%bf%d0%bb%d1%83%d0%b3%d0%b8\/#breadcrumb","itemListElement":[{"@type":"ListItem","position":1,"name":"Home","item":"https:\/\/www.agrosistemos.lt\/ru\/"},{"@type":"ListItem","position":2,"name":"\u0421\u0435\u043b\u044c\u0441\u043a\u043e\u0445\u043e\u0437\u044f\u0439\u0441\u0442\u0432\u0435\u043d\u043d\u0430\u044f \u0442\u0435\u0445\u043d\u0438\u043a\u0430","item":"https:\/\/www.agrosistemos.lt\/ru\/selskohozjajstvennaja-tehnika\/"},{"@type":"ListItem","position":3,"name":"\u041f\u043b\u0443\u0433\u0438"}]},{"@type":"WebSite","@id":"https:\/\/www.agrosistemos.lt\/ru\/#website","url":"https:\/\/www.agrosistemos.lt\/ru\/","name":"Agrosistemos","description":"Viskas moderniam \u016bkiui","publisher":{"@id":"https:\/\/www.agrosistemos.lt\/ru\/#organization"},"potentialAction":[{"@type":"SearchAction","target":{"@type":"EntryPoint","urlTemplate":"https:\/\/www.agrosistemos.lt\/ru\/?s={search_term_string}"},"query-input":"required name=search_term_string"}],"inLanguage":"ru-RU"},{"@type":"Organization","@id":"https:\/\/www.agrosistemos.lt\/ru\/#organization","name":"UAB Agrosistemos","url":"https:\/\/www.agrosistemos.lt\/ru\/","logo":{"@type":"ImageObject","inLanguage":"ru-RU","@id":"https:\/\/www.agrosistemos.lt\/ru\/#\/schema\/logo\/image\/","url":"https:\/\/www.agrosistemos.lt\/wp-content\/uploads\/2019\/03\/Piktogramai-e1582537433243.png","contentUrl":"https:\/\/www.agrosistemos.lt\/wp-content\/uploads\/2019\/03\/Piktogramai-e1582537433243.png","width":100,"height":100,"caption":"UAB Agrosistemos"},"image":{"@id":"https:\/\/www.agrosistemos.lt\/ru\/#\/schema\/logo\/image\/"},"sameAs":["https:\/\/www.facebook.com\/agrosistemos\/"]}]}},"_links":{"self":[{"href":"https:\/\/www.agrosistemos.lt\/ru\/wp-json\/wp\/v2\/pages\/11400"}],"collection":[{"href":"https:\/\/www.agrosistemos.lt\/ru\/wp-json\/wp\/v2\/pages"}],"about":[{"href":"https:\/\/www.agrosistemos.lt\/ru\/wp-json\/wp\/v2\/types\/page"}],"author":[{"embeddable":true,"href":"https:\/\/www.agrosistemos.lt\/ru\/wp-json\/wp\/v2\/users\/4"}],"replies":[{"embeddable":true,"href":"https:\/\/www.agrosistemos.lt\/ru\/wp-json\/wp\/v2\/comments?post=11400"}],"version-history":[{"count":5,"href":"https:\/\/www.agrosistemos.lt\/ru\/wp-json\/wp\/v2\/pages\/11400\/revisions"}],"predecessor-version":[{"id":12031,"href":"https:\/\/www.agrosistemos.lt\/ru\/wp-json\/wp\/v2\/pages\/11400\/revisions\/12031"}],"up":[{"embeddable":true,"href":"https:\/\/www.agrosistemos.lt\/ru\/wp-json\/wp\/v2\/pages\/8019"}],"wp:attachment":[{"href":"https:\/\/www.agrosistemos.lt\/ru\/wp-json\/wp\/v2\/media?parent=11400"}],"curies":[{"name":"wp","href":"https:\/\/api.w.org\/{rel}","templated":true}]}}