{"id":11277,"date":"2018-03-29T08:14:30","date_gmt":"2018-03-29T08:14:30","guid":{"rendered":"https:\/\/www.agrosistemos.lt\/selskohozjajstvennaja-tehnika\/traktoriu-priedai-2\/frontaliniai-krautuvai\/"},"modified":"2026-02-26T08:04:55","modified_gmt":"2026-02-26T08:04:55","slug":"frontaliniai-krautuvai","status":"publish","type":"page","link":"https:\/\/www.agrosistemos.lt\/ru\/selskohozjajstvennaja-tehnika\/%d0%bd%d0%b0%d0%b2%d0%b5%d1%81%d0%bd%d0%be%d0%b5-%d0%be%d0%b1%d0%be%d1%80%d1%83%d0%b4%d0%be%d0%b2%d0%b0%d0%bd%d0%b8%d0%b5-%d0%b4%d0%bb%d1%8f-%d1%82%d1%80%d0%b0%d0%ba%d1%82%d0%be%d1%80%d0%be%d0%b2\/frontaliniai-krautuvai\/","title":{"rendered":"\u0424\u0440\u043e\u043d\u0442\u0430\u043b\u044c\u043d\u044b\u0435 \u043f\u043e\u0433\u0440\u0443\u0437\u0447\u0438\u043a\u0438"},"content":{"rendered":"<p>[vc_row][vc_column][vc_column_text]<\/p>\n<h3>\u0424\u0440\u043e\u043d\u0442\u0430\u043b\u044c\u043d\u044b\u0435 \u043f\u043e\u0433\u0440\u0443\u0437\u0447\u0438\u043a\u0438<\/h3>\n<p>[\/vc_column_text][vc_empty_space][\/vc_column][\/vc_row][vc_row][vc_column width=&#187;1\/2&#8243;][vc_column_text]<\/p>\n<h4 style=\"text-align: center;\"><a href=\"https:\/\/www.agrosistemos.lt\/ru\/selskohozjajstvennaja-tehnika\/%d0%bd%d0%b0%d0%b2%d0%b5%d1%81%d0%bd%d0%be%d0%b5-%d0%be%d0%b1%d0%be%d1%80%d1%83%d0%b4%d0%be%d0%b2%d0%b0%d0%bd%d0%b8%d0%b5-%d0%b4%d0%bb%d1%8f-%d1%82%d1%80%d0%b0%d0%ba%d1%82%d0%be%d1%80%d0%be%d0%b2\/frontaliniai-krautuvai\/ursus\/\">\u0424\u0440\u043e\u043d\u0442\u0430\u043b\u044c\u043d\u044b\u0435 \u043f\u043e\u0433\u0440\u0443\u0437\u0447\u0438\u043a\u0438 Ursus<\/a><\/h4>\n<p>[\/vc_column_text][vc_empty_space][vc_empty_space][vc_single_image image=&#187;7077&#8243; img_size=&#187;full&#187; onclick=&#187;custom_link&#187; link=&#187;https:\/\/www.agrosistemos.lt\/ru\/selskohozjajstvennaja-tehnika\/%d0%bd%d0%b0%d0%b2%d0%b5%d1%81%d0%bd%d0%be%d0%b5-%d0%be%d0%b1%d0%be%d1%80%d1%83%d0%b4%d0%be%d0%b2%d0%b0%d0%bd%d0%b8%d0%b5-%d0%b4%d0%bb%d1%8f-%d1%82%d1%80%d0%b0%d0%ba%d1%82%d0%be%d1%80%d0%be%d0%b2\/frontaliniai-krautuvai\/ursus\/&#187;][vc_empty_space][\/vc_column][vc_column width=&#187;1\/2&#8243;][vc_column_text]<\/p>\n<h4 style=\"text-align: center;\"><a href=\"https:\/\/www.agrosistemos.lt\/ru\/selskohozjajstvennaja-tehnika\/%d0%bd%d0%b0%d0%b2%d0%b5%d1%81%d0%bd%d0%be%d0%b5-%d0%be%d0%b1%d0%be%d1%80%d1%83%d0%b4%d0%be%d0%b2%d0%b0%d0%bd%d0%b8%d0%b5-%d0%b4%d0%bb%d1%8f-%d1%82%d1%80%d0%b0%d0%ba%d1%82%d0%be%d1%80%d0%be%d0%b2\/frontaliniai-krautuvai\/metal-fach\/\">\u0424\u0440\u043e\u043d\u0442\u0430\u043b\u044c\u043d\u044b\u0435 \u043f\u043e\u0433\u0440\u0443\u0437\u0447\u0438\u043a\u0438 Metal-Fach<\/a><\/h4>\n<p>[\/vc_column_text][vc_empty_space][vc_single_image image=&#187;4601&#8243; img_size=&#187;full&#187; onclick=&#187;custom_link&#187; link=&#187;https:\/\/www.agrosistemos.lt\/ru\/selskohozjajstvennaja-tehnika\/%d0%bd%d0%b0%d0%b2%d0%b5%d1%81%d0%bd%d0%be%d0%b5-%d0%be%d0%b1%d0%be%d1%80%d1%83%d0%b4%d0%be%d0%b2%d0%b0%d0%bd%d0%b8%d0%b5-%d0%b4%d0%bb%d1%8f-%d1%82%d1%80%d0%b0%d0%ba%d1%82%d0%be%d1%80%d0%be%d0%b2\/frontaliniai-krautuvai\/metal-fach\/&#187;][vc_empty_space][\/vc_column][\/vc_row][vc_row][vc_column][vc_empty_space]<a itemprop=\"url\" href=\"https:\/\/www.agrosistemos.lt\/ru\/selskohozjajstvennaja-tehnika\/%d0%bd%d0%b0%d0%b2%d0%b5%d1%81%d0%bd%d0%be%d0%b5-%d0%be%d0%b1%d0%be%d1%80%d1%83%d0%b4%d0%be%d0%b2%d0%b0%d0%bd%d0%b8%d0%b5-%d0%b4%d0%bb%d1%8f-%d1%82%d1%80%d0%b0%d0%ba%d1%82%d0%be%d1%80%d0%be%d0%b2\/\" target=\"_self\"  class=\"mkd-btn mkd-btn-medium mkd-btn-solid\"  >\n    <span class=\"mkd-btn-text\">\u041d\u0430\u0437\u0430\u0434<\/span>\n    <\/a>[vc_empty_space][\/vc_column][\/vc_row]<\/p>\n","protected":false},"excerpt":{"rendered":"<p>[vc_row][vc_column][vc_column_text] \u0424\u0440\u043e\u043d\u0442\u0430\u043b\u044c\u043d\u044b\u0435 \u043f\u043e\u0433\u0440\u0443\u0437\u0447\u0438\u043a\u0438 [\/vc_column_text][vc_empty_space][\/vc_column][\/vc_row][vc_row][vc_column width=&#187;1\/2&#8243;][vc_column_text] \u0424\u0440\u043e\u043d\u0442\u0430\u043b\u044c\u043d\u044b\u0435 \u043f\u043e\u0433\u0440\u0443\u0437\u0447\u0438\u043a\u0438 Ursus [\/vc_column_text][vc_empty_space][vc_empty_space][vc_single_image image=&#187;7077&#8243; img_size=&#187;full&#187; onclick=&#187;custom_link&#187; link=&#187;https:\/\/www.agrosistemos.lt\/ru\/selskohozjajstvennaja-tehnika\/%d0%bd%d0%b0%d0%b2%d0%b5%d1%81%d0%bd%d0%be%d0%b5-%d0%be%d0%b1%d0%be%d1%80%d1%83%d0%b4%d0%be%d0%b2%d0%b0%d0%bd%d0%b8%d0%b5-%d0%b4%d0%bb%d1%8f-%d1%82%d1%80%d0%b0%d0%ba%d1%82%d0%be%d1%80%d0%be%d0%b2\/frontaliniai-krautuvai\/ursus\/&#187;][vc_empty_space][\/vc_column][vc_column width=&#187;1\/2&#8243;][vc_column_text] \u0424\u0440\u043e\u043d\u0442\u0430\u043b\u044c\u043d\u044b\u0435 \u043f\u043e\u0433\u0440\u0443\u0437\u0447\u0438\u043a\u0438 Metal-Fach [\/vc_column_text][vc_empty_space][vc_single_image image=&#187;4601&#8243; img_size=&#187;full&#187; onclick=&#187;custom_link&#187; link=&#187;https:\/\/www.agrosistemos.lt\/ru\/selskohozjajstvennaja-tehnika\/%d0%bd%d0%b0%d0%b2%d0%b5%d1%81%d0%bd%d0%be%d0%b5-%d0%be%d0%b1%d0%be%d1%80%d1%83%d0%b4%d0%be%d0%b2%d0%b0%d0%bd%d0%b8%d0%b5-%d0%b4%d0%bb%d1%8f-%d1%82%d1%80%d0%b0%d0%ba%d1%82%d0%be%d1%80%d0%be%d0%b2\/frontaliniai-krautuvai\/metal-fach\/&#187;][vc_empty_space][\/vc_column][\/vc_row][vc_row][vc_column][vc_empty_space][vc_empty_space][\/vc_column][\/vc_row]<\/p>\n","protected":false},"author":4,"featured_media":0,"parent":11274,"menu_order":0,"comment_status":"closed","ping_status":"closed","template":"","meta":{"footnotes":""},"yoast_head":"<!-- This site is optimized with the Yoast SEO plugin v22.1 - https:\/\/yoast.com\/wordpress\/plugins\/seo\/ -->\n<title>Frontaliniai krautuvai | Agrosistemos | \u017dem\u0117s \u016bkio technika | Dalys<\/title>\n<meta name=\"description\" content=\"Frontaliniai krautuvai. Agrosistemos si\u016blo \u017eem\u0117s \u016bkio technika, atsasrgines dalis. Frontalinius krautuvus URSUS ir METAL FACH\" \/>\n<meta name=\"robots\" content=\"index, follow, max-snippet:-1, max-image-preview:large, max-video-preview:-1\" \/>\n<link rel=\"canonical\" href=\"https:\/\/www.agrosistemos.lt\/ru\/selskohozjajstvennaja-tehnika\/\u043d\u0430\u0432\u0435\u0441\u043d\u043e\u0435-\u043e\u0431\u043e\u0440\u0443\u0434\u043e\u0432\u0430\u043d\u0438\u0435-\u0434\u043b\u044f-\u0442\u0440\u0430\u043a\u0442\u043e\u0440\u043e\u0432\/frontaliniai-krautuvai\/\" \/>\n<meta property=\"og:locale\" content=\"ru_RU\" \/>\n<meta property=\"og:type\" content=\"article\" \/>\n<meta property=\"og:title\" content=\"Frontaliniai krautuvai | Agrosistemos | \u017dem\u0117s \u016bkio technika | Dalys\" \/>\n<meta property=\"og:description\" content=\"Frontaliniai krautuvai. Agrosistemos si\u016blo \u017eem\u0117s \u016bkio technika, atsasrgines dalis. Frontalinius krautuvus URSUS ir METAL FACH\" \/>\n<meta property=\"og:url\" content=\"https:\/\/www.agrosistemos.lt\/ru\/selskohozjajstvennaja-tehnika\/\u043d\u0430\u0432\u0435\u0441\u043d\u043e\u0435-\u043e\u0431\u043e\u0440\u0443\u0434\u043e\u0432\u0430\u043d\u0438\u0435-\u0434\u043b\u044f-\u0442\u0440\u0430\u043a\u0442\u043e\u0440\u043e\u0432\/frontaliniai-krautuvai\/\" \/>\n<meta property=\"og:site_name\" content=\"Agrosistemos\" \/>\n<meta property=\"article:publisher\" content=\"https:\/\/www.facebook.com\/agrosistemos\/\" \/>\n<meta property=\"article:modified_time\" content=\"2026-02-26T08:04:55+00:00\" \/>\n<meta property=\"og:image\" content=\"https:\/\/www.agrosistemos.lt\/wp-content\/uploads\/2017\/07\/logo.png\" \/>\n\t<meta property=\"og:image:width\" content=\"170\" \/>\n\t<meta property=\"og:image:height\" content=\"92\" \/>\n\t<meta property=\"og:image:type\" content=\"image\/png\" \/>\n<meta name=\"twitter:card\" content=\"summary_large_image\" \/>\n<meta name=\"twitter:label1\" content=\"\u041f\u0440\u0438\u043c\u0435\u0440\u043d\u043e\u0435 \u0432\u0440\u0435\u043c\u044f \u0434\u043b\u044f \u0447\u0442\u0435\u043d\u0438\u044f\" \/>\n\t<meta name=\"twitter:data1\" content=\"1 \u043c\u0438\u043d\u0443\u0442\u0430\" \/>\n<script type=\"application\/ld+json\" class=\"yoast-schema-graph\">{\"@context\":\"https:\/\/schema.org\",\"@graph\":[{\"@type\":\"WebPage\",\"@id\":\"https:\/\/www.agrosistemos.lt\/ru\/selskohozjajstvennaja-tehnika\/%d0%bd%d0%b0%d0%b2%d0%b5%d1%81%d0%bd%d0%be%d0%b5-%d0%be%d0%b1%d0%be%d1%80%d1%83%d0%b4%d0%be%d0%b2%d0%b0%d0%bd%d0%b8%d0%b5-%d0%b4%d0%bb%d1%8f-%d1%82%d1%80%d0%b0%d0%ba%d1%82%d0%be%d1%80%d0%be%d0%b2\/frontaliniai-krautuvai\/\",\"url\":\"https:\/\/www.agrosistemos.lt\/ru\/selskohozjajstvennaja-tehnika\/%d0%bd%d0%b0%d0%b2%d0%b5%d1%81%d0%bd%d0%be%d0%b5-%d0%be%d0%b1%d0%be%d1%80%d1%83%d0%b4%d0%be%d0%b2%d0%b0%d0%bd%d0%b8%d0%b5-%d0%b4%d0%bb%d1%8f-%d1%82%d1%80%d0%b0%d0%ba%d1%82%d0%be%d1%80%d0%be%d0%b2\/frontaliniai-krautuvai\/\",\"name\":\"Frontaliniai krautuvai | Agrosistemos | \u017dem\u0117s \u016bkio technika | Dalys\",\"isPartOf\":{\"@id\":\"https:\/\/www.agrosistemos.lt\/ru\/#website\"},\"datePublished\":\"2018-03-29T08:14:30+00:00\",\"dateModified\":\"2026-02-26T08:04:55+00:00\",\"description\":\"Frontaliniai krautuvai. Agrosistemos si\u016blo \u017eem\u0117s \u016bkio technika, atsasrgines dalis. Frontalinius krautuvus URSUS ir METAL FACH\",\"breadcrumb\":{\"@id\":\"https:\/\/www.agrosistemos.lt\/ru\/selskohozjajstvennaja-tehnika\/%d0%bd%d0%b0%d0%b2%d0%b5%d1%81%d0%bd%d0%be%d0%b5-%d0%be%d0%b1%d0%be%d1%80%d1%83%d0%b4%d0%be%d0%b2%d0%b0%d0%bd%d0%b8%d0%b5-%d0%b4%d0%bb%d1%8f-%d1%82%d1%80%d0%b0%d0%ba%d1%82%d0%be%d1%80%d0%be%d0%b2\/frontaliniai-krautuvai\/#breadcrumb\"},\"inLanguage\":\"ru-RU\",\"potentialAction\":[{\"@type\":\"ReadAction\",\"target\":[\"https:\/\/www.agrosistemos.lt\/ru\/selskohozjajstvennaja-tehnika\/%d0%bd%d0%b0%d0%b2%d0%b5%d1%81%d0%bd%d0%be%d0%b5-%d0%be%d0%b1%d0%be%d1%80%d1%83%d0%b4%d0%be%d0%b2%d0%b0%d0%bd%d0%b8%d0%b5-%d0%b4%d0%bb%d1%8f-%d1%82%d1%80%d0%b0%d0%ba%d1%82%d0%be%d1%80%d0%be%d0%b2\/frontaliniai-krautuvai\/\"]}]},{\"@type\":\"BreadcrumbList\",\"@id\":\"https:\/\/www.agrosistemos.lt\/ru\/selskohozjajstvennaja-tehnika\/%d0%bd%d0%b0%d0%b2%d0%b5%d1%81%d0%bd%d0%be%d0%b5-%d0%be%d0%b1%d0%be%d1%80%d1%83%d0%b4%d0%be%d0%b2%d0%b0%d0%bd%d0%b8%d0%b5-%d0%b4%d0%bb%d1%8f-%d1%82%d1%80%d0%b0%d0%ba%d1%82%d0%be%d1%80%d0%be%d0%b2\/frontaliniai-krautuvai\/#breadcrumb\",\"itemListElement\":[{\"@type\":\"ListItem\",\"position\":1,\"name\":\"Home\",\"item\":\"https:\/\/www.agrosistemos.lt\/ru\/\"},{\"@type\":\"ListItem\",\"position\":2,\"name\":\"\u0421\u0435\u043b\u044c\u0441\u043a\u043e\u0445\u043e\u0437\u044f\u0439\u0441\u0442\u0432\u0435\u043d\u043d\u0430\u044f \u0442\u0435\u0445\u043d\u0438\u043a\u0430\",\"item\":\"https:\/\/www.agrosistemos.lt\/ru\/selskohozjajstvennaja-tehnika\/\"},{\"@type\":\"ListItem\",\"position\":3,\"name\":\"\u0422\u0440\u0430\u043a\u0442\u043e\u0440\u043d\u044b\u0435 \u0430\u043a\u0441\u0435\u0441\u0441\u0443\u0430\u0440\u044b\",\"item\":\"https:\/\/www.agrosistemos.lt\/ru\/selskohozjajstvennaja-tehnika\/%d0%bd%d0%b0%d0%b2%d0%b5%d1%81%d0%bd%d0%be%d0%b5-%d0%be%d0%b1%d0%be%d1%80%d1%83%d0%b4%d0%be%d0%b2%d0%b0%d0%bd%d0%b8%d0%b5-%d0%b4%d0%bb%d1%8f-%d1%82%d1%80%d0%b0%d0%ba%d1%82%d0%be%d1%80%d0%be%d0%b2\/\"},{\"@type\":\"ListItem\",\"position\":4,\"name\":\"\u0424\u0440\u043e\u043d\u0442\u0430\u043b\u044c\u043d\u044b\u0435 \u043f\u043e\u0433\u0440\u0443\u0437\u0447\u0438\u043a\u0438\"}]},{\"@type\":\"WebSite\",\"@id\":\"https:\/\/www.agrosistemos.lt\/ru\/#website\",\"url\":\"https:\/\/www.agrosistemos.lt\/ru\/\",\"name\":\"Agrosistemos\",\"description\":\"Viskas moderniam \u016bkiui\",\"publisher\":{\"@id\":\"https:\/\/www.agrosistemos.lt\/ru\/#organization\"},\"potentialAction\":[{\"@type\":\"SearchAction\",\"target\":{\"@type\":\"EntryPoint\",\"urlTemplate\":\"https:\/\/www.agrosistemos.lt\/ru\/?s={search_term_string}\"},\"query-input\":\"required name=search_term_string\"}],\"inLanguage\":\"ru-RU\"},{\"@type\":\"Organization\",\"@id\":\"https:\/\/www.agrosistemos.lt\/ru\/#organization\",\"name\":\"UAB Agrosistemos\",\"url\":\"https:\/\/www.agrosistemos.lt\/ru\/\",\"logo\":{\"@type\":\"ImageObject\",\"inLanguage\":\"ru-RU\",\"@id\":\"https:\/\/www.agrosistemos.lt\/ru\/#\/schema\/logo\/image\/\",\"url\":\"https:\/\/www.agrosistemos.lt\/wp-content\/uploads\/2019\/03\/Piktogramai-e1582537433243.png\",\"contentUrl\":\"https:\/\/www.agrosistemos.lt\/wp-content\/uploads\/2019\/03\/Piktogramai-e1582537433243.png\",\"width\":100,\"height\":100,\"caption\":\"UAB Agrosistemos\"},\"image\":{\"@id\":\"https:\/\/www.agrosistemos.lt\/ru\/#\/schema\/logo\/image\/\"},\"sameAs\":[\"https:\/\/www.facebook.com\/agrosistemos\/\"]}]}<\/script>\n<!-- \/ Yoast SEO plugin. -->","yoast_head_json":{"title":"Frontaliniai krautuvai | Agrosistemos | \u017dem\u0117s \u016bkio technika | Dalys","description":"Frontaliniai krautuvai. Agrosistemos si\u016blo \u017eem\u0117s \u016bkio technika, atsasrgines dalis. Frontalinius krautuvus URSUS ir METAL FACH","robots":{"index":"index","follow":"follow","max-snippet":"max-snippet:-1","max-image-preview":"max-image-preview:large","max-video-preview":"max-video-preview:-1"},"canonical":"https:\/\/www.agrosistemos.lt\/ru\/selskohozjajstvennaja-tehnika\/\u043d\u0430\u0432\u0435\u0441\u043d\u043e\u0435-\u043e\u0431\u043e\u0440\u0443\u0434\u043e\u0432\u0430\u043d\u0438\u0435-\u0434\u043b\u044f-\u0442\u0440\u0430\u043a\u0442\u043e\u0440\u043e\u0432\/frontaliniai-krautuvai\/","og_locale":"ru_RU","og_type":"article","og_title":"Frontaliniai krautuvai | Agrosistemos | \u017dem\u0117s \u016bkio technika | Dalys","og_description":"Frontaliniai krautuvai. Agrosistemos si\u016blo \u017eem\u0117s \u016bkio technika, atsasrgines dalis. Frontalinius krautuvus URSUS ir METAL FACH","og_url":"https:\/\/www.agrosistemos.lt\/ru\/selskohozjajstvennaja-tehnika\/\u043d\u0430\u0432\u0435\u0441\u043d\u043e\u0435-\u043e\u0431\u043e\u0440\u0443\u0434\u043e\u0432\u0430\u043d\u0438\u0435-\u0434\u043b\u044f-\u0442\u0440\u0430\u043a\u0442\u043e\u0440\u043e\u0432\/frontaliniai-krautuvai\/","og_site_name":"Agrosistemos","article_publisher":"https:\/\/www.facebook.com\/agrosistemos\/","article_modified_time":"2026-02-26T08:04:55+00:00","og_image":[{"width":170,"height":92,"url":"https:\/\/www.agrosistemos.lt\/wp-content\/uploads\/2017\/07\/logo.png","type":"image\/png"}],"twitter_card":"summary_large_image","twitter_misc":{"\u041f\u0440\u0438\u043c\u0435\u0440\u043d\u043e\u0435 \u0432\u0440\u0435\u043c\u044f \u0434\u043b\u044f \u0447\u0442\u0435\u043d\u0438\u044f":"1 \u043c\u0438\u043d\u0443\u0442\u0430"},"schema":{"@context":"https:\/\/schema.org","@graph":[{"@type":"WebPage","@id":"https:\/\/www.agrosistemos.lt\/ru\/selskohozjajstvennaja-tehnika\/%d0%bd%d0%b0%d0%b2%d0%b5%d1%81%d0%bd%d0%be%d0%b5-%d0%be%d0%b1%d0%be%d1%80%d1%83%d0%b4%d0%be%d0%b2%d0%b0%d0%bd%d0%b8%d0%b5-%d0%b4%d0%bb%d1%8f-%d1%82%d1%80%d0%b0%d0%ba%d1%82%d0%be%d1%80%d0%be%d0%b2\/frontaliniai-krautuvai\/","url":"https:\/\/www.agrosistemos.lt\/ru\/selskohozjajstvennaja-tehnika\/%d0%bd%d0%b0%d0%b2%d0%b5%d1%81%d0%bd%d0%be%d0%b5-%d0%be%d0%b1%d0%be%d1%80%d1%83%d0%b4%d0%be%d0%b2%d0%b0%d0%bd%d0%b8%d0%b5-%d0%b4%d0%bb%d1%8f-%d1%82%d1%80%d0%b0%d0%ba%d1%82%d0%be%d1%80%d0%be%d0%b2\/frontaliniai-krautuvai\/","name":"Frontaliniai krautuvai | Agrosistemos | \u017dem\u0117s \u016bkio technika | Dalys","isPartOf":{"@id":"https:\/\/www.agrosistemos.lt\/ru\/#website"},"datePublished":"2018-03-29T08:14:30+00:00","dateModified":"2026-02-26T08:04:55+00:00","description":"Frontaliniai krautuvai. Agrosistemos si\u016blo \u017eem\u0117s \u016bkio technika, atsasrgines dalis. Frontalinius krautuvus URSUS ir METAL FACH","breadcrumb":{"@id":"https:\/\/www.agrosistemos.lt\/ru\/selskohozjajstvennaja-tehnika\/%d0%bd%d0%b0%d0%b2%d0%b5%d1%81%d0%bd%d0%be%d0%b5-%d0%be%d0%b1%d0%be%d1%80%d1%83%d0%b4%d0%be%d0%b2%d0%b0%d0%bd%d0%b8%d0%b5-%d0%b4%d0%bb%d1%8f-%d1%82%d1%80%d0%b0%d0%ba%d1%82%d0%be%d1%80%d0%be%d0%b2\/frontaliniai-krautuvai\/#breadcrumb"},"inLanguage":"ru-RU","potentialAction":[{"@type":"ReadAction","target":["https:\/\/www.agrosistemos.lt\/ru\/selskohozjajstvennaja-tehnika\/%d0%bd%d0%b0%d0%b2%d0%b5%d1%81%d0%bd%d0%be%d0%b5-%d0%be%d0%b1%d0%be%d1%80%d1%83%d0%b4%d0%be%d0%b2%d0%b0%d0%bd%d0%b8%d0%b5-%d0%b4%d0%bb%d1%8f-%d1%82%d1%80%d0%b0%d0%ba%d1%82%d0%be%d1%80%d0%be%d0%b2\/frontaliniai-krautuvai\/"]}]},{"@type":"BreadcrumbList","@id":"https:\/\/www.agrosistemos.lt\/ru\/selskohozjajstvennaja-tehnika\/%d0%bd%d0%b0%d0%b2%d0%b5%d1%81%d0%bd%d0%be%d0%b5-%d0%be%d0%b1%d0%be%d1%80%d1%83%d0%b4%d0%be%d0%b2%d0%b0%d0%bd%d0%b8%d0%b5-%d0%b4%d0%bb%d1%8f-%d1%82%d1%80%d0%b0%d0%ba%d1%82%d0%be%d1%80%d0%be%d0%b2\/frontaliniai-krautuvai\/#breadcrumb","itemListElement":[{"@type":"ListItem","position":1,"name":"Home","item":"https:\/\/www.agrosistemos.lt\/ru\/"},{"@type":"ListItem","position":2,"name":"\u0421\u0435\u043b\u044c\u0441\u043a\u043e\u0445\u043e\u0437\u044f\u0439\u0441\u0442\u0432\u0435\u043d\u043d\u0430\u044f \u0442\u0435\u0445\u043d\u0438\u043a\u0430","item":"https:\/\/www.agrosistemos.lt\/ru\/selskohozjajstvennaja-tehnika\/"},{"@type":"ListItem","position":3,"name":"\u0422\u0440\u0430\u043a\u0442\u043e\u0440\u043d\u044b\u0435 \u0430\u043a\u0441\u0435\u0441\u0441\u0443\u0430\u0440\u044b","item":"https:\/\/www.agrosistemos.lt\/ru\/selskohozjajstvennaja-tehnika\/%d0%bd%d0%b0%d0%b2%d0%b5%d1%81%d0%bd%d0%be%d0%b5-%d0%be%d0%b1%d0%be%d1%80%d1%83%d0%b4%d0%be%d0%b2%d0%b0%d0%bd%d0%b8%d0%b5-%d0%b4%d0%bb%d1%8f-%d1%82%d1%80%d0%b0%d0%ba%d1%82%d0%be%d1%80%d0%be%d0%b2\/"},{"@type":"ListItem","position":4,"name":"\u0424\u0440\u043e\u043d\u0442\u0430\u043b\u044c\u043d\u044b\u0435 \u043f\u043e\u0433\u0440\u0443\u0437\u0447\u0438\u043a\u0438"}]},{"@type":"WebSite","@id":"https:\/\/www.agrosistemos.lt\/ru\/#website","url":"https:\/\/www.agrosistemos.lt\/ru\/","name":"Agrosistemos","description":"Viskas moderniam \u016bkiui","publisher":{"@id":"https:\/\/www.agrosistemos.lt\/ru\/#organization"},"potentialAction":[{"@type":"SearchAction","target":{"@type":"EntryPoint","urlTemplate":"https:\/\/www.agrosistemos.lt\/ru\/?s={search_term_string}"},"query-input":"required name=search_term_string"}],"inLanguage":"ru-RU"},{"@type":"Organization","@id":"https:\/\/www.agrosistemos.lt\/ru\/#organization","name":"UAB Agrosistemos","url":"https:\/\/www.agrosistemos.lt\/ru\/","logo":{"@type":"ImageObject","inLanguage":"ru-RU","@id":"https:\/\/www.agrosistemos.lt\/ru\/#\/schema\/logo\/image\/","url":"https:\/\/www.agrosistemos.lt\/wp-content\/uploads\/2019\/03\/Piktogramai-e1582537433243.png","contentUrl":"https:\/\/www.agrosistemos.lt\/wp-content\/uploads\/2019\/03\/Piktogramai-e1582537433243.png","width":100,"height":100,"caption":"UAB Agrosistemos"},"image":{"@id":"https:\/\/www.agrosistemos.lt\/ru\/#\/schema\/logo\/image\/"},"sameAs":["https:\/\/www.facebook.com\/agrosistemos\/"]}]}},"_links":{"self":[{"href":"https:\/\/www.agrosistemos.lt\/ru\/wp-json\/wp\/v2\/pages\/11277"}],"collection":[{"href":"https:\/\/www.agrosistemos.lt\/ru\/wp-json\/wp\/v2\/pages"}],"about":[{"href":"https:\/\/www.agrosistemos.lt\/ru\/wp-json\/wp\/v2\/types\/page"}],"author":[{"embeddable":true,"href":"https:\/\/www.agrosistemos.lt\/ru\/wp-json\/wp\/v2\/users\/4"}],"replies":[{"embeddable":true,"href":"https:\/\/www.agrosistemos.lt\/ru\/wp-json\/wp\/v2\/comments?post=11277"}],"version-history":[{"count":5,"href":"https:\/\/www.agrosistemos.lt\/ru\/wp-json\/wp\/v2\/pages\/11277\/revisions"}],"predecessor-version":[{"id":11669,"href":"https:\/\/www.agrosistemos.lt\/ru\/wp-json\/wp\/v2\/pages\/11277\/revisions\/11669"}],"up":[{"embeddable":true,"href":"https:\/\/www.agrosistemos.lt\/ru\/wp-json\/wp\/v2\/pages\/11274"}],"wp:attachment":[{"href":"https:\/\/www.agrosistemos.lt\/ru\/wp-json\/wp\/v2\/media?parent=11277"}],"curies":[{"name":"wp","href":"https:\/\/api.w.org\/{rel}","templated":true}]}}