{"id":9198,"date":"2019-02-08T08:13:54","date_gmt":"2019-02-08T08:13:54","guid":{"rendered":"https:\/\/www.agrosistemos.lt\/farming-equipment\/slurry-spreaders-tankers\/meslo-kratytuvai-alimabis\/"},"modified":"2019-08-01T11:01:07","modified_gmt":"2019-08-01T11:01:07","slug":"manure-spreaders-alimabis","status":"publish","type":"page","link":"https:\/\/www.agrosistemos.lt\/en\/farming-equipment\/slurry-spreaders-tankers\/manure-spreaders-alimabis\/","title":{"rendered":"M\u0117\u0161lo kratytuvai AlimaBis"},"content":{"rendered":"<p>[vc_row][vc_column][vc_column_text]<\/p>\n<h2>Manure spreader AlimaBis Evo Spreader<\/h2>\n<p>Manure spreader with detachable spreading adapter[\/vc_column_text][vc_empty_space][vc_single_image image=&#8221;6457&#8243; img_size=&#8221;full&#8221; onclick=&#8221;link_image&#8221;][vc_empty_space][\/vc_column][\/vc_row][vc_row][vc_column width=&#8221;2\/3&#8243;][vc_column_text]<strong>Body construction<\/strong><\/p>\n<p>The body is built in the shape of a Y, which allows free sliding of the material off the walls. It has low loading side walls made of (one) monocoque element as a result of precise bending, reinforced with profiles with a cross-section of 200 x 100 x 5 mm. The capacity of the spreader can be easily extended by using wooden or metal extension sides(optional)<\/p>\n<p>&nbsp;<\/p>\n<p><strong>Adapter&#8217;s drive<\/strong><\/p>\n<p>The adapter is driven by a monoblock angle-gearbox from a renowned German producer ROEGELBERG. The gearbox was protected against damage by a shaft with shear bolt coupling or a torque limiting slip clutch (optional). There is also mounted a one-way clutch that prevents shaft rotation in the opposite direction. There is a metal cover at the joint between the PTO shaft and the spreader.<\/p>\n<p>&nbsp;<\/p>\n<p><strong>Slurry door<\/strong><\/p>\n<p>The flap closing the cargo space opens hydraulically with two cylinders. It allows you to transport of agricultural products with the self-discharge function (after disassembling the adapter). Gate valve is secured against excessive rocking in he fully open condition and additionally equipped with a bottom rubber sealing strip.<\/p>\n<p>&nbsp;<\/p>\n<p><strong>Chain-floor conveyor<\/strong><\/p>\n<p>One-slat floor conveyor with two chains and two slats with four chains, 14 mm cell thickness. Chains are reinforced, tempered,class 5 (strength 19 t\/chain) or class 8 (strength 25 t\/chain). These chains are made exlusively in Poland. Robust scraper strips ensure efficient feeding of the load onto the spreading beaters. Strips can be quickly replaced thanks t the use of a detachable, threaded connection. Transmission is carried out via the use of a top-class hydraulic motor with floor speed control. It is possible to adjust the feed speed of the chain floor from the tractor, using the remote control \/ in-cab electric control box &#8211; as an additional option.<\/p>\n<p><strong>Front cover<\/strong><\/p>\n<p>Front loading spreader cover with a wall thickness of 8 mm, increase it&#8217;s capacity, and the holes in it are enabling better visual control of manure loading.[\/vc_column_text][\/vc_column][vc_column width=&#8221;1\/3&#8243;][vc_single_image image=&#8221;6416&#8243; img_size=&#8221;full&#8221; onclick=&#8221;link_image&#8221;][vc_empty_space height=&#8221;150px&#8221;][vc_single_image image=&#8221;6419&#8243; img_size=&#8221;full&#8221; onclick=&#8221;link_image&#8221;][vc_empty_space height=&#8221;150px&#8221;][vc_single_image image=&#8221;6422&#8243; img_size=&#8221;full&#8221; onclick=&#8221;link_image&#8221;][vc_empty_space][vc_column_text]<strong>Lighting<\/strong><\/p>\n<p>LED technology with automatic covers, protecting against dirt and damage. Opening and closing of the cover is automatically synchronized with the operation of the spreader door.[\/vc_column_text][\/vc_column][\/vc_row][vc_row][vc_column][vc_column_text]<strong>Chassis<\/strong><\/p>\n<p>One axle with rigid beam cross-section from 100 x 100 mm to 130 x 130 mm, in standard equipped with air or hydraulic brakes. A wide range of very durable, large diameter wheels with a very strong rim, for easier driving in difficult terrain, and increasing maneuverability (good flotation and traction in adverse conditions).[\/vc_column_text][vc_empty_space][vc_column_text]<\/p>\n<table border=\"0\" frame=\"VOID\" rules=\"NONE\" cellspacing=\"0\">\n<colgroup>\n<col width=\"204\" \/>\n<col width=\"86\" \/>\n<col width=\"86\" \/>\n<col width=\"86\" \/>\n<col width=\"86\" \/>\n<col width=\"86\" \/>\n<col width=\"86\" \/>\n<col width=\"86\" \/><\/colgroup>\n<tbody>\n<tr>\n<td align=\"LEFT\" width=\"204\" height=\"17\">Model<\/td>\n<td align=\"CENTER\" width=\"86\"><\/td>\n<td align=\"CENTER\" width=\"86\">ES 9<\/td>\n<td align=\"CENTER\" width=\"86\">ES 10<\/td>\n<td align=\"CENTER\" width=\"86\">ES 11<\/td>\n<td align=\"CENTER\" width=\"86\">ES 12<\/td>\n<td align=\"CENTER\" width=\"86\">ES 14<\/td>\n<td align=\"CENTER\" width=\"86\">ES 16<\/td>\n<\/tr>\n<tr>\n<td align=\"LEFT\" height=\"17\">Capacity, kg<\/td>\n<td align=\"CENTER\">6000<\/td>\n<td align=\"CENTER\">9000<\/td>\n<td align=\"CENTER\">10000<\/td>\n<td align=\"CENTER\">11000<\/td>\n<td align=\"CENTER\">12000<\/td>\n<td align=\"CENTER\">14000<\/td>\n<td align=\"CENTER\">16000<\/td>\n<\/tr>\n<tr>\n<td align=\"LEFT\" height=\"18\">Capacity, m\u00b3<\/td>\n<td align=\"CENTER\">7,3<\/td>\n<td align=\"CENTER\">10,8<\/td>\n<td align=\"CENTER\">12<\/td>\n<td align=\"CENTER\">13<\/td>\n<td align=\"CENTER\">14,8<\/td>\n<td align=\"CENTER\">15,7<\/td>\n<td align=\"CENTER\">16,8<\/td>\n<\/tr>\n<tr>\n<td align=\"LEFT\" height=\"18\">Capacity with extensions, m\u00b3<\/td>\n<td align=\"CENTER\">8,2<\/td>\n<td align=\"CENTER\">13<\/td>\n<td align=\"CENTER\">15,6<\/td>\n<td align=\"CENTER\">17<\/td>\n<td align=\"CENTER\">19,7<\/td>\n<td align=\"CENTER\">20,8<\/td>\n<td align=\"CENTER\">22,3<\/td>\n<\/tr>\n<tr>\n<td align=\"LEFT\" height=\"17\">Overall length, cm<\/td>\n<td align=\"CENTER\">610<\/td>\n<td align=\"CENTER\">715<\/td>\n<td align=\"CENTER\">775<\/td>\n<td align=\"CENTER\">795<\/td>\n<td align=\"CENTER\">810<\/td>\n<td align=\"CENTER\">845<\/td>\n<td align=\"CENTER\">928<\/td>\n<\/tr>\n<tr>\n<td align=\"LEFT\" height=\"17\">Overall height, cm<\/td>\n<td align=\"CENTER\">265<\/td>\n<td align=\"CENTER\">290<\/td>\n<td align=\"CENTER\">290<\/td>\n<td align=\"CENTER\">315<\/td>\n<td align=\"CENTER\">295<\/td>\n<td align=\"CENTER\">320<\/td>\n<td align=\"CENTER\">322<\/td>\n<\/tr>\n<tr>\n<td align=\"LEFT\" height=\"17\">Loading height, cm<\/td>\n<td align=\"CENTER\">195<\/td>\n<td align=\"CENTER\">210<\/td>\n<td align=\"CENTER\">210<\/td>\n<td align=\"CENTER\">235<\/td>\n<td align=\"CENTER\">215<\/td>\n<td align=\"CENTER\">140<\/td>\n<td align=\"CENTER\">242<\/td>\n<\/tr>\n<tr>\n<td align=\"LEFT\" height=\"17\">Internal length, cm<\/td>\n<td align=\"CENTER\">316<\/td>\n<td align=\"CENTER\">416<\/td>\n<td align=\"CENTER\">466<\/td>\n<td align=\"CENTER\">466<\/td>\n<td align=\"CENTER\">516<\/td>\n<td align=\"CENTER\">516<\/td>\n<td align=\"CENTER\">616<\/td>\n<\/tr>\n<tr>\n<td align=\"LEFT\" height=\"17\">Overall width, cm<\/td>\n<td align=\"CENTER\">245<\/td>\n<td align=\"CENTER\">280<\/td>\n<td align=\"CENTER\">280<\/td>\n<td align=\"CENTER\">285<\/td>\n<td align=\"CENTER\">295<\/td>\n<td align=\"CENTER\">295<\/td>\n<td align=\"CENTER\">295<\/td>\n<\/tr>\n<tr>\n<td align=\"LEFT\" height=\"17\">Standard wheels<\/td>\n<td align=\"CENTER\">16,9 \u2013 R24<\/td>\n<td align=\"CENTER\">460\/85 R34<\/td>\n<td align=\"CENTER\">460\/85 R34<\/td>\n<td align=\"CENTER\">460\/85 R34<\/td>\n<td align=\"CENTER\">520\/70 R38<\/td>\n<td align=\"CENTER\">580\/70 R38<\/td>\n<td align=\"CENTER\">580\/70 R38<\/td>\n<\/tr>\n<tr>\n<td align=\"LEFT\" height=\"17\">Weight without load, kg<\/td>\n<td align=\"CENTER\">3250<\/td>\n<td align=\"CENTER\">4200<\/td>\n<td align=\"CENTER\">4500<\/td>\n<td align=\"CENTER\">4750<\/td>\n<td align=\"CENTER\">5050<\/td>\n<td align=\"CENTER\">5950<\/td>\n<td align=\"CENTER\">7200<\/td>\n<\/tr>\n<tr>\n<td align=\"LEFT\" height=\"17\">Power requirement, HP<\/td>\n<td align=\"CENTER\">85<\/td>\n<td align=\"CENTER\">90<\/td>\n<td align=\"CENTER\">100<\/td>\n<td align=\"CENTER\">100<\/td>\n<td align=\"CENTER\">110<\/td>\n<td align=\"CENTER\">120<\/td>\n<td align=\"CENTER\">130<\/td>\n<\/tr>\n<\/tbody>\n<\/table>\n<p>[\/vc_column_text][\/vc_column][\/vc_row][vc_row][vc_column width=&#8221;1\/2&#8243;][vc_column_text]<strong>Even more&#8230;<\/strong><\/p>\n<ul>\n<li>Stable ladder fixed to the frame, to inspect the interior of the spreader.<\/li>\n<li>Front boom for mounting and hanging hydraulic and electrical hoses.<\/li>\n<li>Cable harnesses hidden from damage in the side profiles.<\/li>\n<li>Spreader adapter with central lubrication point of the rotors. Thanks to this, grease is easily and quickly applied to the upper roller bearings, without having to climb onto the ladder.<\/li>\n<li>Rigid or sprung drawbar (option) equipped with a rotary towing eye. Additional possibility of adjusting the position and unscrewing the hitch.<\/li>\n<li>Mechanical or hydraulic jack.<\/li>\n<li>Large wheels provide good flotation and traction in adverse conditions.<\/li>\n<\/ul>\n<p>[\/vc_column_text][vc_empty_space height=&#8221;64px&#8221;]<a itemprop=\"url\" href=\"https:\/\/www.agrosistemos.lt\/en\/farming-equipment\/slurry-spreaders-tankers\/manure-spreaders\/\" target=\"_self\"  class=\"mkd-btn mkd-btn-medium mkd-btn-solid\"  >\n    <span class=\"mkd-btn-text\">Back<\/span>\n    <\/a>[vc_empty_space][\/vc_column][vc_column width=&#8221;1\/2&#8243;][vc_column_text]<strong>Additional options<\/strong><\/p>\n<ul>\n<li>Weighing system<\/li>\n<li>GPS control<\/li>\n<li>Mechanically or hydraulically controlled deflectors<\/li>\n<li>Integrated control system for all options, including GPS control &#8211; using a remote control<\/li>\n<li>Fenders<\/li>\n<\/ul>\n<p>[\/vc_column_text][vc_empty_space][vc_column_text]\n<div class=\"wpcf7 no-js\" id=\"wpcf7-f7827-o1\" lang=\"en-US\" dir=\"ltr\">\n<div class=\"screen-reader-response\"><p role=\"status\" aria-live=\"polite\" aria-atomic=\"true\"><\/p> <ul><\/ul><\/div>\n<form action=\"\/en\/wp-json\/wp\/v2\/pages\/9198#wpcf7-f7827-o1\" method=\"post\" class=\"wpcf7-form init\" aria-label=\"Contact form\" novalidate=\"novalidate\" data-status=\"init\">\n<div style=\"display: none;\">\n<input type=\"hidden\" name=\"_wpcf7\" value=\"7827\" \/>\n<input type=\"hidden\" name=\"_wpcf7_version\" value=\"5.8.7\" \/>\n<input type=\"hidden\" name=\"_wpcf7_locale\" value=\"en_US\" \/>\n<input type=\"hidden\" name=\"_wpcf7_unit_tag\" value=\"wpcf7-f7827-o1\" \/>\n<input type=\"hidden\" name=\"_wpcf7_container_post\" value=\"0\" \/>\n<input type=\"hidden\" name=\"_wpcf7_posted_data_hash\" value=\"\" \/>\n<input type=\"hidden\" name=\"_wpcf7_recaptcha_response\" value=\"\" \/>\n<\/div>\n<p><label> Your Name<br \/>\n<span class=\"wpcf7-form-control-wrap\" data-name=\"your-name\"><input size=\"40\" class=\"wpcf7-form-control wpcf7-text wpcf7-validates-as-required\" aria-required=\"true\" aria-invalid=\"false\" value=\"\" type=\"text\" name=\"your-name\" \/><\/span> <\/label>\n<\/p>\n<p><label> Your e-mail or phone number<br \/>\n<span class=\"wpcf7-form-control-wrap\" data-name=\"your-email\"><input size=\"40\" class=\"wpcf7-form-control wpcf7-email wpcf7-validates-as-required wpcf7-text wpcf7-validates-as-email\" aria-required=\"true\" aria-invalid=\"false\" value=\"\" type=\"email\" name=\"your-email\" \/><\/span> <\/label>\n<\/p>\n<p><label> Your message<br \/>\n<span class=\"wpcf7-form-control-wrap\" data-name=\"your-message\"><textarea cols=\"40\" rows=\"10\" class=\"wpcf7-form-control wpcf7-textarea\" aria-invalid=\"false\" name=\"your-message\"><\/textarea><\/span> <\/label>\n<\/p>\n<div class=\"wpc7-privacy-box\">\n\t<p><span class=\"wpcf7-form-control-wrap\" data-name=\"acceptance-125\"><span class=\"wpcf7-form-control wpcf7-acceptance\"><span class=\"wpcf7-list-item\"><label><input type=\"checkbox\" name=\"acceptance-125\" value=\"1\" aria-invalid=\"false\" \/><span class=\"wpcf7-list-item-label\">I have read and agree to the <a href=\"\/privacy-policy\" target=\"_blank\">privacy policy<\/a><\/span><\/label><\/span><\/span><\/span>\n\t<\/p>\n<\/div>\n<p><input class=\"wpcf7-form-control wpcf7-submit has-spinner\" type=\"submit\" value=\"Send\" \/>\n<\/p><div class=\"inv-recaptcha-holder\"><\/div><div class=\"wpcf7-response-output\" aria-hidden=\"true\"><\/div>\n<\/form>\n<\/div>\n[\/vc_column_text][vc_empty_space][\/vc_column][\/vc_row]<\/p>\n","protected":false},"excerpt":{"rendered":"<p>[vc_row][vc_column][vc_column_text] Manure spreader AlimaBis Evo Spreader Manure spreader with detachable spreading adapter[\/vc_column_text][vc_empty_space][vc_single_image image=&#8221;6457&#8243; img_size=&#8221;full&#8221; onclick=&#8221;link_image&#8221;][vc_empty_space][\/vc_column][\/vc_row][vc_row][vc_column width=&#8221;2\/3&#8243;][vc_column_text]Body construction The body is built in the shape of a Y, which allows free sliding of the material off the walls. It has low loading side walls made of&#8230;<\/p>\n","protected":false},"author":4,"featured_media":0,"parent":9184,"menu_order":0,"comment_status":"closed","ping_status":"closed","template":"","meta":{"footnotes":""},"yoast_head":"<!-- This site is optimized with the Yoast SEO plugin v22.1 - https:\/\/yoast.com\/wordpress\/plugins\/seo\/ -->\n<title>Manure spreaders AlimaBis | Agrosistemos | Farming equipment<\/title>\n<meta name=\"description\" content=\"The detachable vertical spreader adapter is constructed of a frame made of 6 mm thick metal and two screw shafts with a 8 mm thick screw.\" \/>\n<meta name=\"robots\" content=\"index, follow, max-snippet:-1, max-image-preview:large, max-video-preview:-1\" \/>\n<link rel=\"canonical\" href=\"https:\/\/www.agrosistemos.lt\/en\/farming-equipment\/slurry-spreaders-tankers\/manure-spreaders-alimabis\/\" \/>\n<meta property=\"og:locale\" content=\"en_US\" \/>\n<meta property=\"og:type\" content=\"article\" \/>\n<meta property=\"og:title\" content=\"Manure spreaders AlimaBis | Agrosistemos | Farming equipment\" \/>\n<meta property=\"og:description\" content=\"The detachable vertical spreader adapter is constructed of a frame made of 6 mm thick metal and two screw shafts with a 8 mm thick screw.\" \/>\n<meta property=\"og:url\" content=\"https:\/\/www.agrosistemos.lt\/en\/farming-equipment\/slurry-spreaders-tankers\/manure-spreaders-alimabis\/\" \/>\n<meta property=\"og:site_name\" content=\"Agrosistemos\" \/>\n<meta property=\"article:publisher\" content=\"https:\/\/www.facebook.com\/agrosistemos\/\" \/>\n<meta property=\"article:modified_time\" content=\"2019-08-01T11:01:07+00:00\" \/>\n<meta property=\"og:image\" content=\"https:\/\/www.agrosistemos.lt\/wp-content\/uploads\/2017\/07\/logo.png\" \/>\n\t<meta property=\"og:image:width\" content=\"170\" \/>\n\t<meta property=\"og:image:height\" content=\"92\" \/>\n\t<meta property=\"og:image:type\" content=\"image\/png\" \/>\n<meta name=\"twitter:card\" content=\"summary_large_image\" \/>\n<meta name=\"twitter:label1\" content=\"Est. reading time\" \/>\n\t<meta name=\"twitter:data1\" content=\"4 minutes\" \/>\n<script type=\"application\/ld+json\" class=\"yoast-schema-graph\">{\"@context\":\"https:\/\/schema.org\",\"@graph\":[{\"@type\":\"WebPage\",\"@id\":\"https:\/\/www.agrosistemos.lt\/en\/farming-equipment\/slurry-spreaders-tankers\/manure-spreaders-alimabis\/\",\"url\":\"https:\/\/www.agrosistemos.lt\/en\/farming-equipment\/slurry-spreaders-tankers\/manure-spreaders-alimabis\/\",\"name\":\"Manure spreaders AlimaBis | Agrosistemos | Farming equipment\",\"isPartOf\":{\"@id\":\"https:\/\/www.agrosistemos.lt\/ru\/#website\"},\"datePublished\":\"2019-02-08T08:13:54+00:00\",\"dateModified\":\"2019-08-01T11:01:07+00:00\",\"description\":\"The detachable vertical spreader adapter is constructed of a frame made of 6 mm thick metal and two screw shafts with a 8 mm thick screw.\",\"breadcrumb\":{\"@id\":\"https:\/\/www.agrosistemos.lt\/en\/farming-equipment\/slurry-spreaders-tankers\/manure-spreaders-alimabis\/#breadcrumb\"},\"inLanguage\":\"en-US\",\"potentialAction\":[{\"@type\":\"ReadAction\",\"target\":[\"https:\/\/www.agrosistemos.lt\/en\/farming-equipment\/slurry-spreaders-tankers\/manure-spreaders-alimabis\/\"]}]},{\"@type\":\"BreadcrumbList\",\"@id\":\"https:\/\/www.agrosistemos.lt\/en\/farming-equipment\/slurry-spreaders-tankers\/manure-spreaders-alimabis\/#breadcrumb\",\"itemListElement\":[{\"@type\":\"ListItem\",\"position\":1,\"name\":\"Home\",\"item\":\"https:\/\/www.agrosistemos.lt\/en\/\"},{\"@type\":\"ListItem\",\"position\":2,\"name\":\"Gyvulininkyst\u0117s \u012franga\",\"item\":\"https:\/\/www.agrosistemos.lt\/en\/farming-equipment\/\"},{\"@type\":\"ListItem\",\"position\":3,\"name\":\"M\u0117\u0161lo kratytuvai, srutove\u017eiai\",\"item\":\"https:\/\/www.agrosistemos.lt\/en\/farming-equipment\/slurry-spreaders-tankers\/\"},{\"@type\":\"ListItem\",\"position\":4,\"name\":\"M\u0117\u0161lo kratytuvai AlimaBis\"}]},{\"@type\":\"WebSite\",\"@id\":\"https:\/\/www.agrosistemos.lt\/ru\/#website\",\"url\":\"https:\/\/www.agrosistemos.lt\/ru\/\",\"name\":\"Agrosistemos\",\"description\":\"Viskas moderniam \u016bkiui\",\"publisher\":{\"@id\":\"https:\/\/www.agrosistemos.lt\/ru\/#organization\"},\"potentialAction\":[{\"@type\":\"SearchAction\",\"target\":{\"@type\":\"EntryPoint\",\"urlTemplate\":\"https:\/\/www.agrosistemos.lt\/ru\/?s={search_term_string}\"},\"query-input\":\"required name=search_term_string\"}],\"inLanguage\":\"en-US\"},{\"@type\":\"Organization\",\"@id\":\"https:\/\/www.agrosistemos.lt\/ru\/#organization\",\"name\":\"UAB Agrosistemos\",\"url\":\"https:\/\/www.agrosistemos.lt\/ru\/\",\"logo\":{\"@type\":\"ImageObject\",\"inLanguage\":\"en-US\",\"@id\":\"https:\/\/www.agrosistemos.lt\/ru\/#\/schema\/logo\/image\/\",\"url\":\"https:\/\/www.agrosistemos.lt\/wp-content\/uploads\/2019\/03\/Piktogramai-e1582537433243.png\",\"contentUrl\":\"https:\/\/www.agrosistemos.lt\/wp-content\/uploads\/2019\/03\/Piktogramai-e1582537433243.png\",\"width\":100,\"height\":100,\"caption\":\"UAB Agrosistemos\"},\"image\":{\"@id\":\"https:\/\/www.agrosistemos.lt\/ru\/#\/schema\/logo\/image\/\"},\"sameAs\":[\"https:\/\/www.facebook.com\/agrosistemos\/\"]}]}<\/script>\n<!-- \/ Yoast SEO plugin. -->","yoast_head_json":{"title":"Manure spreaders AlimaBis | Agrosistemos | Farming equipment","description":"The detachable vertical spreader adapter is constructed of a frame made of 6 mm thick metal and two screw shafts with a 8 mm thick screw.","robots":{"index":"index","follow":"follow","max-snippet":"max-snippet:-1","max-image-preview":"max-image-preview:large","max-video-preview":"max-video-preview:-1"},"canonical":"https:\/\/www.agrosistemos.lt\/en\/farming-equipment\/slurry-spreaders-tankers\/manure-spreaders-alimabis\/","og_locale":"en_US","og_type":"article","og_title":"Manure spreaders AlimaBis | Agrosistemos | Farming equipment","og_description":"The detachable vertical spreader adapter is constructed of a frame made of 6 mm thick metal and two screw shafts with a 8 mm thick screw.","og_url":"https:\/\/www.agrosistemos.lt\/en\/farming-equipment\/slurry-spreaders-tankers\/manure-spreaders-alimabis\/","og_site_name":"Agrosistemos","article_publisher":"https:\/\/www.facebook.com\/agrosistemos\/","article_modified_time":"2019-08-01T11:01:07+00:00","og_image":[{"width":170,"height":92,"url":"https:\/\/www.agrosistemos.lt\/wp-content\/uploads\/2017\/07\/logo.png","type":"image\/png"}],"twitter_card":"summary_large_image","twitter_misc":{"Est. reading time":"4 minutes"},"schema":{"@context":"https:\/\/schema.org","@graph":[{"@type":"WebPage","@id":"https:\/\/www.agrosistemos.lt\/en\/farming-equipment\/slurry-spreaders-tankers\/manure-spreaders-alimabis\/","url":"https:\/\/www.agrosistemos.lt\/en\/farming-equipment\/slurry-spreaders-tankers\/manure-spreaders-alimabis\/","name":"Manure spreaders AlimaBis | Agrosistemos | Farming equipment","isPartOf":{"@id":"https:\/\/www.agrosistemos.lt\/ru\/#website"},"datePublished":"2019-02-08T08:13:54+00:00","dateModified":"2019-08-01T11:01:07+00:00","description":"The detachable vertical spreader adapter is constructed of a frame made of 6 mm thick metal and two screw shafts with a 8 mm thick screw.","breadcrumb":{"@id":"https:\/\/www.agrosistemos.lt\/en\/farming-equipment\/slurry-spreaders-tankers\/manure-spreaders-alimabis\/#breadcrumb"},"inLanguage":"en-US","potentialAction":[{"@type":"ReadAction","target":["https:\/\/www.agrosistemos.lt\/en\/farming-equipment\/slurry-spreaders-tankers\/manure-spreaders-alimabis\/"]}]},{"@type":"BreadcrumbList","@id":"https:\/\/www.agrosistemos.lt\/en\/farming-equipment\/slurry-spreaders-tankers\/manure-spreaders-alimabis\/#breadcrumb","itemListElement":[{"@type":"ListItem","position":1,"name":"Home","item":"https:\/\/www.agrosistemos.lt\/en\/"},{"@type":"ListItem","position":2,"name":"Gyvulininkyst\u0117s \u012franga","item":"https:\/\/www.agrosistemos.lt\/en\/farming-equipment\/"},{"@type":"ListItem","position":3,"name":"M\u0117\u0161lo kratytuvai, srutove\u017eiai","item":"https:\/\/www.agrosistemos.lt\/en\/farming-equipment\/slurry-spreaders-tankers\/"},{"@type":"ListItem","position":4,"name":"M\u0117\u0161lo kratytuvai AlimaBis"}]},{"@type":"WebSite","@id":"https:\/\/www.agrosistemos.lt\/ru\/#website","url":"https:\/\/www.agrosistemos.lt\/ru\/","name":"Agrosistemos","description":"Viskas moderniam \u016bkiui","publisher":{"@id":"https:\/\/www.agrosistemos.lt\/ru\/#organization"},"potentialAction":[{"@type":"SearchAction","target":{"@type":"EntryPoint","urlTemplate":"https:\/\/www.agrosistemos.lt\/ru\/?s={search_term_string}"},"query-input":"required name=search_term_string"}],"inLanguage":"en-US"},{"@type":"Organization","@id":"https:\/\/www.agrosistemos.lt\/ru\/#organization","name":"UAB Agrosistemos","url":"https:\/\/www.agrosistemos.lt\/ru\/","logo":{"@type":"ImageObject","inLanguage":"en-US","@id":"https:\/\/www.agrosistemos.lt\/ru\/#\/schema\/logo\/image\/","url":"https:\/\/www.agrosistemos.lt\/wp-content\/uploads\/2019\/03\/Piktogramai-e1582537433243.png","contentUrl":"https:\/\/www.agrosistemos.lt\/wp-content\/uploads\/2019\/03\/Piktogramai-e1582537433243.png","width":100,"height":100,"caption":"UAB Agrosistemos"},"image":{"@id":"https:\/\/www.agrosistemos.lt\/ru\/#\/schema\/logo\/image\/"},"sameAs":["https:\/\/www.facebook.com\/agrosistemos\/"]}]}},"_links":{"self":[{"href":"https:\/\/www.agrosistemos.lt\/en\/wp-json\/wp\/v2\/pages\/9198"}],"collection":[{"href":"https:\/\/www.agrosistemos.lt\/en\/wp-json\/wp\/v2\/pages"}],"about":[{"href":"https:\/\/www.agrosistemos.lt\/en\/wp-json\/wp\/v2\/types\/page"}],"author":[{"embeddable":true,"href":"https:\/\/www.agrosistemos.lt\/en\/wp-json\/wp\/v2\/users\/4"}],"replies":[{"embeddable":true,"href":"https:\/\/www.agrosistemos.lt\/en\/wp-json\/wp\/v2\/comments?post=9198"}],"version-history":[{"count":3,"href":"https:\/\/www.agrosistemos.lt\/en\/wp-json\/wp\/v2\/pages\/9198\/revisions"}],"predecessor-version":[{"id":9416,"href":"https:\/\/www.agrosistemos.lt\/en\/wp-json\/wp\/v2\/pages\/9198\/revisions\/9416"}],"up":[{"embeddable":true,"href":"https:\/\/www.agrosistemos.lt\/en\/wp-json\/wp\/v2\/pages\/9184"}],"wp:attachment":[{"href":"https:\/\/www.agrosistemos.lt\/en\/wp-json\/wp\/v2\/media?parent=9198"}],"curies":[{"name":"wp","href":"https:\/\/api.w.org\/{rel}","templated":true}]}}