{"id":9147,"date":"2018-03-26T12:42:05","date_gmt":"2018-03-26T12:42:05","guid":{"rendered":"https:\/\/www.agrosistemos.lt\/farming-equipment\/sieno-dregmes-matuokliai\/"},"modified":"2019-08-01T10:55:53","modified_gmt":"2019-08-01T10:55:53","slug":"hay-moisture-analyzer","status":"publish","type":"page","link":"https:\/\/www.agrosistemos.lt\/en\/farming-equipment\/hay-moisture-analyzer\/","title":{"rendered":"\u0160ieno dr\u0117gm\u0117s matuokliai"},"content":{"rendered":"<p>[vc_row][vc_column][vc_column_text]<\/p>\n<h3>Moisture analyzer Superpro Combi<\/h3>\n<p>The portable moisture analyzer for hay, straw and silage[\/vc_column_text][vc_column_text]Supertech Agroline APS is a Danish company with over 20 years of experience in producing high-quality moisture and temperature measuring equipment.[\/vc_column_text][vc_empty_space][\/vc_column][\/vc_row][vc_row][vc_column width=&#8221;2\/3&#8243;][vc_column_text]The Superpro Combi is a new generation of reliable moisture, and temperature meters for hay , straw and silage. The Superpro Combi enables you to read actual moisture in the bale, average the moisture content, display the stored measurements and read bale temperature.<\/p>\n<p>The Superpro Combi is a sturdy tool with a 50 cm stainless steel probe with moisture and temperature sensor and a casing made of shockproof ABS plastic.<br \/>\nThe robust design makes the Superpro Combi very handy. It is quick and easy to use and the backlit display is easy to read, even in poor light conditions.<\/p>\n<p>The changing nature of hay, straw and silage post-harvest, makes average readings a significant advantage. Greater variability can be seen in freshly harvested bales, compared to bales stored for some time. Traditionally, errors are frequently \u00b10.5% and can be greater in very wet, very dry or freshly pressed bales.<br \/>\nThe Superpro Combi makes it quick and easy to make several separate measurements and to get an average value. By using average and calibration adjustment, the accuracy can be better than \u00b11.5%, in the normal moisture range.[\/vc_column_text][vc_empty_space][vc_column_text]<\/p>\n<style type=\"text\/css\">\n\t<!-- @page { margin: 2cm } TD P { margin-bottom: 0cm } P { margin-bottom: 0.21cm } --><br \/>\n<\/style>\n<table border=\"1\" width=\"100%\" cellspacing=\"0\" cellpadding=\"4\">\n<colgroup>\n<col width=\"87*\" \/>\n<col width=\"169*\" \/> <\/colgroup>\n<tbody>\n<tr>\n<td colspan=\"2\" valign=\"TOP\" width=\"100%\">Technical data<\/td>\n<\/tr>\n<tr valign=\"TOP\">\n<td width=\"34%\">Measuring range (moisture)<\/td>\n<td width=\"66%\">8,5-80%<\/td>\n<\/tr>\n<tr valign=\"TOP\">\n<td width=\"34%\" height=\"9\">Operating range (temperature)<\/td>\n<td width=\"66%\">Nuo -5\u00b0C iki +70\u00b0C<\/td>\n<\/tr>\n<tr valign=\"TOP\">\n<td width=\"34%\">Resolution<\/td>\n<td width=\"66%\">0,1% moisture<\/td>\n<\/tr>\n<tr valign=\"TOP\">\n<td width=\"34%\">Probe<\/td>\n<td width=\"66%\">50 cm<\/td>\n<\/tr>\n<tr valign=\"TOP\">\n<td width=\"34%\">Battery<\/td>\n<td width=\"66%\">9 V, alkaline<\/td>\n<\/tr>\n<tr valign=\"TOP\">\n<td width=\"34%\">Display:<\/td>\n<td width=\"66%\">2 line LCD with backlight<\/td>\n<\/tr>\n<tr valign=\"TOP\">\n<td width=\"34%\">Accuracy<\/td>\n<td width=\"66%\">Better than +\/- 1.5% in normal moisture range, by using average and calibration adjustments<\/td>\n<\/tr>\n<\/tbody>\n<\/table>\n<p>[\/vc_column_text][vc_empty_space height=&#8221;64px&#8221;]<a itemprop=\"url\" href=\"https:\/\/www.agrosistemos.lt\/en\/farming-equipment\/\" target=\"_self\"  class=\"mkd-btn mkd-btn-medium mkd-btn-solid\"  >\n    <span class=\"mkd-btn-text\">Back<\/span>\n    <\/a>[vc_empty_space][\/vc_column][vc_column width=&#8221;1\/3&#8243;][vc_single_image image=&#8221;5470&#8243; img_size=&#8221;full&#8221; onclick=&#8221;link_image&#8221;][vc_empty_space height=&#8221;16px&#8221;][vc_single_image image=&#8221;5471&#8243; img_size=&#8221;full&#8221; onclick=&#8221;link_image&#8221;][vc_empty_space][vc_column_text]\n<div class=\"wpcf7 no-js\" id=\"wpcf7-f7827-o1\" lang=\"en-US\" dir=\"ltr\">\n<div class=\"screen-reader-response\"><p role=\"status\" aria-live=\"polite\" aria-atomic=\"true\"><\/p> <ul><\/ul><\/div>\n<form action=\"\/en\/wp-json\/wp\/v2\/pages\/9147#wpcf7-f7827-o1\" method=\"post\" class=\"wpcf7-form init\" aria-label=\"Contact form\" novalidate=\"novalidate\" data-status=\"init\">\n<div style=\"display: none;\">\n<input type=\"hidden\" name=\"_wpcf7\" value=\"7827\" \/>\n<input type=\"hidden\" name=\"_wpcf7_version\" value=\"5.8.7\" \/>\n<input type=\"hidden\" name=\"_wpcf7_locale\" value=\"en_US\" \/>\n<input type=\"hidden\" name=\"_wpcf7_unit_tag\" value=\"wpcf7-f7827-o1\" \/>\n<input type=\"hidden\" name=\"_wpcf7_container_post\" value=\"0\" \/>\n<input type=\"hidden\" name=\"_wpcf7_posted_data_hash\" value=\"\" \/>\n<input type=\"hidden\" name=\"_wpcf7_recaptcha_response\" value=\"\" \/>\n<\/div>\n<p><label> Your Name<br \/>\n<span class=\"wpcf7-form-control-wrap\" data-name=\"your-name\"><input size=\"40\" class=\"wpcf7-form-control wpcf7-text wpcf7-validates-as-required\" aria-required=\"true\" aria-invalid=\"false\" value=\"\" type=\"text\" name=\"your-name\" \/><\/span> <\/label>\n<\/p>\n<p><label> Your e-mail or phone number<br \/>\n<span class=\"wpcf7-form-control-wrap\" data-name=\"your-email\"><input size=\"40\" class=\"wpcf7-form-control wpcf7-email wpcf7-validates-as-required wpcf7-text wpcf7-validates-as-email\" aria-required=\"true\" aria-invalid=\"false\" value=\"\" type=\"email\" name=\"your-email\" \/><\/span> <\/label>\n<\/p>\n<p><label> Your message<br \/>\n<span class=\"wpcf7-form-control-wrap\" data-name=\"your-message\"><textarea cols=\"40\" rows=\"10\" class=\"wpcf7-form-control wpcf7-textarea\" aria-invalid=\"false\" name=\"your-message\"><\/textarea><\/span> <\/label>\n<\/p>\n<div class=\"wpc7-privacy-box\">\n\t<p><span class=\"wpcf7-form-control-wrap\" data-name=\"acceptance-125\"><span class=\"wpcf7-form-control wpcf7-acceptance\"><span class=\"wpcf7-list-item\"><label><input type=\"checkbox\" name=\"acceptance-125\" value=\"1\" aria-invalid=\"false\" \/><span class=\"wpcf7-list-item-label\">I have read and agree to the <a href=\"\/privacy-policy\" target=\"_blank\">privacy policy<\/a><\/span><\/label><\/span><\/span><\/span>\n\t<\/p>\n<\/div>\n<p><input class=\"wpcf7-form-control wpcf7-submit has-spinner\" type=\"submit\" value=\"Send\" \/>\n<\/p><div class=\"inv-recaptcha-holder\"><\/div><div class=\"wpcf7-response-output\" aria-hidden=\"true\"><\/div>\n<\/form>\n<\/div>\n[\/vc_column_text][vc_empty_space][\/vc_column][\/vc_row]<\/p>\n","protected":false},"excerpt":{"rendered":"<p>[vc_row][vc_column][vc_column_text] Moisture analyzer Superpro Combi The portable moisture analyzer for hay, straw and silage[\/vc_column_text][vc_column_text]Supertech Agroline APS is a Danish company with over 20 years of experience in producing high-quality moisture and temperature measuring equipment.[\/vc_column_text][vc_empty_space][\/vc_column][\/vc_row][vc_row][vc_column width=&#8221;2\/3&#8243;][vc_column_text]The Superpro Combi is a new generation of reliable moisture, and&#8230;<\/p>\n","protected":false},"author":4,"featured_media":0,"parent":7999,"menu_order":0,"comment_status":"closed","ping_status":"closed","template":"","meta":{"footnotes":""},"yoast_head":"<!-- This site is optimized with the Yoast SEO plugin v22.1 - https:\/\/yoast.com\/wordpress\/plugins\/seo\/ -->\n<title>Hay moisture analyzer Superpro Combi | Farming equipment | Agrosistemos<\/title>\n<meta name=\"description\" content=\"Moisture meter Superpro Combi. It is a Danish company with over 20 years of experience in producing high quality humidity and temperature measuring equipment.\" \/>\n<meta name=\"robots\" content=\"index, follow, max-snippet:-1, max-image-preview:large, max-video-preview:-1\" \/>\n<link rel=\"canonical\" href=\"https:\/\/www.agrosistemos.lt\/en\/farming-equipment\/hay-moisture-analyzer\/\" \/>\n<meta property=\"og:locale\" content=\"en_US\" \/>\n<meta property=\"og:type\" content=\"article\" \/>\n<meta property=\"og:title\" content=\"Hay moisture analyzer Superpro Combi | Farming equipment | Agrosistemos\" \/>\n<meta property=\"og:description\" content=\"Moisture meter Superpro Combi. It is a Danish company with over 20 years of experience in producing high quality humidity and temperature measuring equipment.\" \/>\n<meta property=\"og:url\" content=\"https:\/\/www.agrosistemos.lt\/en\/farming-equipment\/hay-moisture-analyzer\/\" \/>\n<meta property=\"og:site_name\" content=\"Agrosistemos\" \/>\n<meta property=\"article:publisher\" content=\"https:\/\/www.facebook.com\/agrosistemos\/\" \/>\n<meta property=\"article:modified_time\" content=\"2019-08-01T10:55:53+00:00\" \/>\n<meta property=\"og:image\" content=\"https:\/\/www.agrosistemos.lt\/wp-content\/uploads\/2017\/07\/logo.png\" \/>\n\t<meta property=\"og:image:width\" content=\"170\" \/>\n\t<meta property=\"og:image:height\" content=\"92\" \/>\n\t<meta property=\"og:image:type\" content=\"image\/png\" \/>\n<meta name=\"twitter:card\" content=\"summary_large_image\" \/>\n<meta name=\"twitter:label1\" content=\"Est. reading time\" \/>\n\t<meta name=\"twitter:data1\" content=\"2 minutes\" \/>\n<script type=\"application\/ld+json\" class=\"yoast-schema-graph\">{\"@context\":\"https:\/\/schema.org\",\"@graph\":[{\"@type\":\"WebPage\",\"@id\":\"https:\/\/www.agrosistemos.lt\/en\/farming-equipment\/hay-moisture-analyzer\/\",\"url\":\"https:\/\/www.agrosistemos.lt\/en\/farming-equipment\/hay-moisture-analyzer\/\",\"name\":\"Hay moisture analyzer Superpro Combi | Farming equipment | Agrosistemos\",\"isPartOf\":{\"@id\":\"https:\/\/www.agrosistemos.lt\/ru\/#website\"},\"datePublished\":\"2018-03-26T12:42:05+00:00\",\"dateModified\":\"2019-08-01T10:55:53+00:00\",\"description\":\"Moisture meter Superpro Combi. It is a Danish company with over 20 years of experience in producing high quality humidity and temperature measuring equipment.\",\"breadcrumb\":{\"@id\":\"https:\/\/www.agrosistemos.lt\/en\/farming-equipment\/hay-moisture-analyzer\/#breadcrumb\"},\"inLanguage\":\"en-US\",\"potentialAction\":[{\"@type\":\"ReadAction\",\"target\":[\"https:\/\/www.agrosistemos.lt\/en\/farming-equipment\/hay-moisture-analyzer\/\"]}]},{\"@type\":\"BreadcrumbList\",\"@id\":\"https:\/\/www.agrosistemos.lt\/en\/farming-equipment\/hay-moisture-analyzer\/#breadcrumb\",\"itemListElement\":[{\"@type\":\"ListItem\",\"position\":1,\"name\":\"Home\",\"item\":\"https:\/\/www.agrosistemos.lt\/en\/\"},{\"@type\":\"ListItem\",\"position\":2,\"name\":\"Gyvulininkyst\u0117s \u012franga\",\"item\":\"https:\/\/www.agrosistemos.lt\/en\/farming-equipment\/\"},{\"@type\":\"ListItem\",\"position\":3,\"name\":\"\u0160ieno dr\u0117gm\u0117s matuokliai\"}]},{\"@type\":\"WebSite\",\"@id\":\"https:\/\/www.agrosistemos.lt\/ru\/#website\",\"url\":\"https:\/\/www.agrosistemos.lt\/ru\/\",\"name\":\"Agrosistemos\",\"description\":\"Viskas moderniam \u016bkiui\",\"publisher\":{\"@id\":\"https:\/\/www.agrosistemos.lt\/ru\/#organization\"},\"potentialAction\":[{\"@type\":\"SearchAction\",\"target\":{\"@type\":\"EntryPoint\",\"urlTemplate\":\"https:\/\/www.agrosistemos.lt\/ru\/?s={search_term_string}\"},\"query-input\":\"required name=search_term_string\"}],\"inLanguage\":\"en-US\"},{\"@type\":\"Organization\",\"@id\":\"https:\/\/www.agrosistemos.lt\/ru\/#organization\",\"name\":\"UAB Agrosistemos\",\"url\":\"https:\/\/www.agrosistemos.lt\/ru\/\",\"logo\":{\"@type\":\"ImageObject\",\"inLanguage\":\"en-US\",\"@id\":\"https:\/\/www.agrosistemos.lt\/ru\/#\/schema\/logo\/image\/\",\"url\":\"https:\/\/www.agrosistemos.lt\/wp-content\/uploads\/2019\/03\/Piktogramai-e1582537433243.png\",\"contentUrl\":\"https:\/\/www.agrosistemos.lt\/wp-content\/uploads\/2019\/03\/Piktogramai-e1582537433243.png\",\"width\":100,\"height\":100,\"caption\":\"UAB Agrosistemos\"},\"image\":{\"@id\":\"https:\/\/www.agrosistemos.lt\/ru\/#\/schema\/logo\/image\/\"},\"sameAs\":[\"https:\/\/www.facebook.com\/agrosistemos\/\"]}]}<\/script>\n<!-- \/ Yoast SEO plugin. -->","yoast_head_json":{"title":"Hay moisture analyzer Superpro Combi | Farming equipment | Agrosistemos","description":"Moisture meter Superpro Combi. It is a Danish company with over 20 years of experience in producing high quality humidity and temperature measuring equipment.","robots":{"index":"index","follow":"follow","max-snippet":"max-snippet:-1","max-image-preview":"max-image-preview:large","max-video-preview":"max-video-preview:-1"},"canonical":"https:\/\/www.agrosistemos.lt\/en\/farming-equipment\/hay-moisture-analyzer\/","og_locale":"en_US","og_type":"article","og_title":"Hay moisture analyzer Superpro Combi | Farming equipment | Agrosistemos","og_description":"Moisture meter Superpro Combi. It is a Danish company with over 20 years of experience in producing high quality humidity and temperature measuring equipment.","og_url":"https:\/\/www.agrosistemos.lt\/en\/farming-equipment\/hay-moisture-analyzer\/","og_site_name":"Agrosistemos","article_publisher":"https:\/\/www.facebook.com\/agrosistemos\/","article_modified_time":"2019-08-01T10:55:53+00:00","og_image":[{"width":170,"height":92,"url":"https:\/\/www.agrosistemos.lt\/wp-content\/uploads\/2017\/07\/logo.png","type":"image\/png"}],"twitter_card":"summary_large_image","twitter_misc":{"Est. reading time":"2 minutes"},"schema":{"@context":"https:\/\/schema.org","@graph":[{"@type":"WebPage","@id":"https:\/\/www.agrosistemos.lt\/en\/farming-equipment\/hay-moisture-analyzer\/","url":"https:\/\/www.agrosistemos.lt\/en\/farming-equipment\/hay-moisture-analyzer\/","name":"Hay moisture analyzer Superpro Combi | Farming equipment | Agrosistemos","isPartOf":{"@id":"https:\/\/www.agrosistemos.lt\/ru\/#website"},"datePublished":"2018-03-26T12:42:05+00:00","dateModified":"2019-08-01T10:55:53+00:00","description":"Moisture meter Superpro Combi. It is a Danish company with over 20 years of experience in producing high quality humidity and temperature measuring equipment.","breadcrumb":{"@id":"https:\/\/www.agrosistemos.lt\/en\/farming-equipment\/hay-moisture-analyzer\/#breadcrumb"},"inLanguage":"en-US","potentialAction":[{"@type":"ReadAction","target":["https:\/\/www.agrosistemos.lt\/en\/farming-equipment\/hay-moisture-analyzer\/"]}]},{"@type":"BreadcrumbList","@id":"https:\/\/www.agrosistemos.lt\/en\/farming-equipment\/hay-moisture-analyzer\/#breadcrumb","itemListElement":[{"@type":"ListItem","position":1,"name":"Home","item":"https:\/\/www.agrosistemos.lt\/en\/"},{"@type":"ListItem","position":2,"name":"Gyvulininkyst\u0117s \u012franga","item":"https:\/\/www.agrosistemos.lt\/en\/farming-equipment\/"},{"@type":"ListItem","position":3,"name":"\u0160ieno dr\u0117gm\u0117s matuokliai"}]},{"@type":"WebSite","@id":"https:\/\/www.agrosistemos.lt\/ru\/#website","url":"https:\/\/www.agrosistemos.lt\/ru\/","name":"Agrosistemos","description":"Viskas moderniam \u016bkiui","publisher":{"@id":"https:\/\/www.agrosistemos.lt\/ru\/#organization"},"potentialAction":[{"@type":"SearchAction","target":{"@type":"EntryPoint","urlTemplate":"https:\/\/www.agrosistemos.lt\/ru\/?s={search_term_string}"},"query-input":"required name=search_term_string"}],"inLanguage":"en-US"},{"@type":"Organization","@id":"https:\/\/www.agrosistemos.lt\/ru\/#organization","name":"UAB Agrosistemos","url":"https:\/\/www.agrosistemos.lt\/ru\/","logo":{"@type":"ImageObject","inLanguage":"en-US","@id":"https:\/\/www.agrosistemos.lt\/ru\/#\/schema\/logo\/image\/","url":"https:\/\/www.agrosistemos.lt\/wp-content\/uploads\/2019\/03\/Piktogramai-e1582537433243.png","contentUrl":"https:\/\/www.agrosistemos.lt\/wp-content\/uploads\/2019\/03\/Piktogramai-e1582537433243.png","width":100,"height":100,"caption":"UAB Agrosistemos"},"image":{"@id":"https:\/\/www.agrosistemos.lt\/ru\/#\/schema\/logo\/image\/"},"sameAs":["https:\/\/www.facebook.com\/agrosistemos\/"]}]}},"_links":{"self":[{"href":"https:\/\/www.agrosistemos.lt\/en\/wp-json\/wp\/v2\/pages\/9147"}],"collection":[{"href":"https:\/\/www.agrosistemos.lt\/en\/wp-json\/wp\/v2\/pages"}],"about":[{"href":"https:\/\/www.agrosistemos.lt\/en\/wp-json\/wp\/v2\/types\/page"}],"author":[{"embeddable":true,"href":"https:\/\/www.agrosistemos.lt\/en\/wp-json\/wp\/v2\/users\/4"}],"replies":[{"embeddable":true,"href":"https:\/\/www.agrosistemos.lt\/en\/wp-json\/wp\/v2\/comments?post=9147"}],"version-history":[{"count":3,"href":"https:\/\/www.agrosistemos.lt\/en\/wp-json\/wp\/v2\/pages\/9147\/revisions"}],"predecessor-version":[{"id":9410,"href":"https:\/\/www.agrosistemos.lt\/en\/wp-json\/wp\/v2\/pages\/9147\/revisions\/9410"}],"up":[{"embeddable":true,"href":"https:\/\/www.agrosistemos.lt\/en\/wp-json\/wp\/v2\/pages\/7999"}],"wp:attachment":[{"href":"https:\/\/www.agrosistemos.lt\/en\/wp-json\/wp\/v2\/media?parent=9147"}],"curies":[{"name":"wp","href":"https:\/\/api.w.org\/{rel}","templated":true}]}}