{"id":9098,"date":"2018-03-26T10:32:57","date_gmt":"2018-03-26T10:32:57","guid":{"rendered":"https:\/\/www.agrosistemos.lt\/farming-equipment\/pasaru-maisytuvai\/dozamech\/"},"modified":"2019-08-01T10:40:01","modified_gmt":"2019-08-01T10:40:01","slug":"dozamech","status":"publish","type":"page","link":"https:\/\/www.agrosistemos.lt\/en\/farming-equipment\/feed-mixers\/dozamech\/","title":{"rendered":"Dozamech"},"content":{"rendered":"<p>[vc_row][vc_column][vc_column_text]<\/p>\n<h3>Feed mixers Dozamech<\/h3>\n<p>[\/vc_column_text][vc_empty_space][\/vc_column][\/vc_row][vc_row][vc_column width=&#8221;2\/3&#8243;][vc_column_text]<\/p>\n<h4>Heavy-Duty feed mixers PMP-1<\/h4>\n<p>[\/vc_column_text][vc_empty_space][vc_column_text]An innovative mixing system ensuring mixing accuracy of 1:100,000. Owing to its high output (10 t of feed\/h), the device is designed for feed production plants and large-scale farms.<\/p>\n<p>The mixer is controlled by fully automatic electronic control and ingredient dosing system.[\/vc_column_text][vc_empty_space][vc_column_text]<\/p>\n<style type=\"text\/css\">\n\t<!-- @page { margin: 2cm } TD P { margin-bottom: 0cm } P { margin-bottom: 0.21cm } --><br \/>\n<\/style>\n<table border=\"1\" width=\"100%\" cellspacing=\"0\" cellpadding=\"4\">\n<colgroup>\n<col width=\"65*\" \/>\n<col width=\"30*\" \/>\n<col width=\"33*\" \/>\n<col width=\"33*\" \/>\n<col width=\"34*\" \/>\n<col width=\"31*\" \/>\n<col width=\"29*\" \/> <\/colgroup>\n<tbody>\n<tr valign=\"TOP\">\n<td width=\"25%\">Series<\/td>\n<td width=\"12%\">\n<p align=\"CENTER\">H-033<\/p>\n<\/td>\n<td width=\"13%\">\n<p align=\"CENTER\">H-033\/1<\/p>\n<\/td>\n<td width=\"13%\">\n<p align=\"CENTER\">H-033\/2<\/p>\n<\/td>\n<td width=\"13%\">\n<p align=\"CENTER\">H-033\/2*<\/p>\n<\/td>\n<td width=\"12%\">\n<p align=\"CENTER\">H-033\/3<\/p>\n<\/td>\n<td width=\"11%\">\n<p align=\"CENTER\">H-033\/4<\/p>\n<\/td>\n<\/tr>\n<tr valign=\"TOP\">\n<td width=\"25%\">Capacity, kg<\/td>\n<td width=\"12%\">\n<p align=\"CENTER\">500<\/p>\n<\/td>\n<td width=\"13%\">\n<p align=\"CENTER\">800<\/p>\n<\/td>\n<td width=\"13%\">\n<p align=\"CENTER\">1000<\/p>\n<\/td>\n<td width=\"13%\">\n<p align=\"CENTER\">100<\/p>\n<\/td>\n<td width=\"12%\">\n<p align=\"CENTER\">1500<\/p>\n<\/td>\n<td width=\"11%\">\n<p align=\"CENTER\">2000<\/p>\n<\/td>\n<\/tr>\n<tr valign=\"TOP\">\n<td width=\"25%\">Capacity, l<\/td>\n<td width=\"12%\">\n<p align=\"CENTER\">1100<\/p>\n<\/td>\n<td width=\"13%\">\n<p align=\"CENTER\">1600<\/p>\n<\/td>\n<td width=\"13%\">\n<p align=\"CENTER\">2000<\/p>\n<\/td>\n<td width=\"13%\">\n<p align=\"CENTER\">2300<\/p>\n<\/td>\n<td width=\"12%\">\n<p align=\"CENTER\">3200<\/p>\n<\/td>\n<td width=\"11%\">\n<p align=\"CENTER\">4400<\/p>\n<\/td>\n<\/tr>\n<tr valign=\"TOP\">\n<td width=\"25%\">Height, m<\/td>\n<td width=\"12%\">\n<p align=\"CENTER\">2,1<\/p>\n<\/td>\n<td width=\"13%\">\n<p align=\"CENTER\">2,3<\/p>\n<\/td>\n<td width=\"13%\">\n<p align=\"CENTER\">2,35<\/p>\n<\/td>\n<td width=\"13%\">\n<p align=\"CENTER\">2,55<\/p>\n<\/td>\n<td width=\"12%\">\n<p align=\"CENTER\">2,75<\/p>\n<\/td>\n<td width=\"11%\">\n<p align=\"CENTER\">3,05<\/p>\n<\/td>\n<\/tr>\n<tr valign=\"TOP\">\n<td width=\"25%\">Diameter, m<\/td>\n<td width=\"12%\">\n<p align=\"CENTER\">1,1<\/p>\n<\/td>\n<td width=\"13%\">\n<p align=\"CENTER\">1,3<\/p>\n<\/td>\n<td width=\"13%\">\n<p align=\"CENTER\">1,45<\/p>\n<\/td>\n<td width=\"13%\">\n<p align=\"CENTER\">1,45<\/p>\n<\/td>\n<td width=\"12%\">\n<p align=\"CENTER\">1,65<\/p>\n<\/td>\n<td width=\"11%\">\n<p align=\"CENTER\">1,85<\/p>\n<\/td>\n<\/tr>\n<tr valign=\"TOP\">\n<td width=\"25%\">Power output, kW<\/td>\n<td width=\"12%\">\n<p align=\"CENTER\">1,5<\/p>\n<\/td>\n<td width=\"13%\">\n<p align=\"CENTER\">2,2<\/p>\n<\/td>\n<td width=\"13%\">\n<p align=\"CENTER\">2,2<\/p>\n<\/td>\n<td width=\"13%\">\n<p align=\"CENTER\">2,2<\/p>\n<\/td>\n<td width=\"12%\">\n<p align=\"CENTER\">2,2<\/p>\n<\/td>\n<td width=\"11%\">\n<p align=\"CENTER\">3<\/p>\n<\/td>\n<\/tr>\n<tr valign=\"TOP\">\n<td width=\"25%\">Weight, kg<\/td>\n<td width=\"12%\">\n<p align=\"CENTER\">240<\/p>\n<\/td>\n<td width=\"13%\">\n<p align=\"CENTER\">270<\/p>\n<\/td>\n<td width=\"13%\">\n<p align=\"CENTER\">290<\/p>\n<\/td>\n<td width=\"13%\">\n<p align=\"CENTER\">310<\/p>\n<\/td>\n<td width=\"12%\">\n<p align=\"CENTER\">370<\/p>\n<\/td>\n<td width=\"11%\">\n<p align=\"CENTER\">470<\/p>\n<\/td>\n<\/tr>\n<\/tbody>\n<\/table>\n<p>[\/vc_column_text][vc_empty_space][\/vc_column][vc_column width=&#8221;1\/3&#8243;][vc_single_image image=&#8221;5457&#8243; img_size=&#8221;full&#8221; onclick=&#8221;link_image&#8221;][vc_empty_space][\/vc_column][\/vc_row][vc_row][vc_column width=&#8221;2\/3&#8243;][vc_column_text]<\/p>\n<h4>Heavy-Duty feed mixers PMP-1 with vertical feeders<\/h4>\n<p>[\/vc_column_text][vc_empty_space][vc_column_text]Loose feed mixers with vertical feeders are available in capacities: 500 kg, 800 kg, 1000 kg, 1500 kg, 2000 kg. The mixer as seen in the picture is placed on a mechanical scale with an alarm, which facilitates accurate dosing of individual feed ingredients.[\/vc_column_text][vc_empty_space][vc_column_text]<\/p>\n<style type=\"text\/css\">\n\t<!-- @page { margin: 2cm } TD P { margin-bottom: 0cm } P { margin-bottom: 0.21cm } --><br \/>\n<\/style>\n<table border=\"1\" width=\"100%\" cellspacing=\"0\" cellpadding=\"4\">\n<colgroup>\n<col width=\"65*\" \/>\n<col width=\"30*\" \/>\n<col width=\"33*\" \/>\n<col width=\"33*\" \/>\n<col width=\"34*\" \/>\n<col width=\"31*\" \/>\n<col width=\"29*\" \/> <\/colgroup>\n<tbody>\n<tr valign=\"TOP\">\n<td width=\"25%\">Series<\/td>\n<td width=\"12%\">\n<p align=\"CENTER\">H-033<\/p>\n<\/td>\n<td width=\"13%\">\n<p align=\"CENTER\">H-033\/1<\/p>\n<\/td>\n<td width=\"13%\">\n<p align=\"CENTER\">H-033\/2<\/p>\n<\/td>\n<td width=\"13%\">\n<p align=\"CENTER\">H-033\/2*<\/p>\n<\/td>\n<td width=\"12%\">\n<p align=\"CENTER\">H-033\/3<\/p>\n<\/td>\n<td width=\"11%\">\n<p align=\"CENTER\">H-033\/4<\/p>\n<\/td>\n<\/tr>\n<tr valign=\"TOP\">\n<td width=\"25%\">Capacity, kg<\/td>\n<td width=\"12%\">\n<p align=\"CENTER\">500<\/p>\n<\/td>\n<td width=\"13%\">\n<p align=\"CENTER\">800<\/p>\n<\/td>\n<td width=\"13%\">\n<p align=\"CENTER\">1000<\/p>\n<\/td>\n<td width=\"13%\">\n<p align=\"CENTER\">100<\/p>\n<\/td>\n<td width=\"12%\">\n<p align=\"CENTER\">1500<\/p>\n<\/td>\n<td width=\"11%\">\n<p align=\"CENTER\">2000<\/p>\n<\/td>\n<\/tr>\n<tr valign=\"TOP\">\n<td width=\"25%\">Capacity, l<\/td>\n<td width=\"12%\">\n<p align=\"CENTER\">1100<\/p>\n<\/td>\n<td width=\"13%\">\n<p align=\"CENTER\">1600<\/p>\n<\/td>\n<td width=\"13%\">\n<p align=\"CENTER\">2000<\/p>\n<\/td>\n<td width=\"13%\">\n<p align=\"CENTER\">2300<\/p>\n<\/td>\n<td width=\"12%\">\n<p align=\"CENTER\">3200<\/p>\n<\/td>\n<td width=\"11%\">\n<p align=\"CENTER\">4400<\/p>\n<\/td>\n<\/tr>\n<tr valign=\"TOP\">\n<td width=\"25%\">Height, m<\/td>\n<td width=\"12%\">\n<p align=\"CENTER\">2,1<\/p>\n<\/td>\n<td width=\"13%\">\n<p align=\"CENTER\">2,3<\/p>\n<\/td>\n<td width=\"13%\">\n<p align=\"CENTER\">2,35<\/p>\n<\/td>\n<td width=\"13%\">\n<p align=\"CENTER\">2,55<\/p>\n<\/td>\n<td width=\"12%\">\n<p align=\"CENTER\">2,75<\/p>\n<\/td>\n<td width=\"11%\">\n<p align=\"CENTER\">3,05<\/p>\n<\/td>\n<\/tr>\n<tr valign=\"TOP\">\n<td width=\"25%\">Diameter, m<\/td>\n<td width=\"12%\">\n<p align=\"CENTER\">1,1<\/p>\n<\/td>\n<td width=\"13%\">\n<p align=\"CENTER\">1,3<\/p>\n<\/td>\n<td width=\"13%\">\n<p align=\"CENTER\">1,45<\/p>\n<\/td>\n<td width=\"13%\">\n<p align=\"CENTER\">1,45<\/p>\n<\/td>\n<td width=\"12%\">\n<p align=\"CENTER\">1,65<\/p>\n<\/td>\n<td width=\"11%\">\n<p align=\"CENTER\">1,85<\/p>\n<\/td>\n<\/tr>\n<tr valign=\"TOP\">\n<td width=\"25%\">Power output, kW<\/td>\n<td width=\"12%\">\n<p align=\"CENTER\">1,5<\/p>\n<\/td>\n<td width=\"13%\">\n<p align=\"CENTER\">2,2<\/p>\n<\/td>\n<td width=\"13%\">\n<p align=\"CENTER\">2,2<\/p>\n<\/td>\n<td width=\"13%\">\n<p align=\"CENTER\">2,2<\/p>\n<\/td>\n<td width=\"12%\">\n<p align=\"CENTER\">2,2<\/p>\n<\/td>\n<td width=\"11%\">\n<p align=\"CENTER\">3<\/p>\n<\/td>\n<\/tr>\n<tr valign=\"TOP\">\n<td width=\"25%\">Weight, kg<\/td>\n<td width=\"12%\">\n<p align=\"CENTER\">240<\/p>\n<\/td>\n<td width=\"13%\">\n<p align=\"CENTER\">270<\/p>\n<\/td>\n<td width=\"13%\">\n<p align=\"CENTER\">290<\/p>\n<\/td>\n<td width=\"13%\">\n<p align=\"CENTER\">310<\/p>\n<\/td>\n<td width=\"12%\">\n<p align=\"CENTER\">370<\/p>\n<\/td>\n<td width=\"11%\">\n<p align=\"CENTER\">470<\/p>\n<\/td>\n<\/tr>\n<\/tbody>\n<\/table>\n<p>[\/vc_column_text][vc_empty_space][\/vc_column][vc_column width=&#8221;1\/3&#8243;][vc_single_image image=&#8221;5460&#8243; img_size=&#8221;full&#8221; onclick=&#8221;link_image&#8221;][vc_empty_space][\/vc_column][\/vc_row][vc_row][vc_column width=&#8221;2\/3&#8243;][vc_column_text]<\/p>\n<h4>Heavy-Duty feed mixers PMP-1 with filters<\/h4>\n<p>[\/vc_column_text][vc_empty_space][vc_column_text]Each mixer is equipped with dust filters. The mixer as seen in the picture is equipped with side hanging filters used in low rooms.<\/p>\n<p>The mixer is placed on an electronic scale, which allows to program the doses of ingredients at the user&#8221;s discretion.[\/vc_column_text][vc_empty_space][vc_column_text]<\/p>\n<style type=\"text\/css\">\n\t<!-- @page { margin: 2cm } TD P { margin-bottom: 0cm } P { margin-bottom: 0.21cm } --><br \/>\n<\/style>\n<table border=\"1\" width=\"100%\" cellspacing=\"0\" cellpadding=\"4\">\n<colgroup>\n<col width=\"65*\" \/>\n<col width=\"30*\" \/>\n<col width=\"33*\" \/>\n<col width=\"33*\" \/>\n<col width=\"34*\" \/>\n<col width=\"31*\" \/>\n<col width=\"29*\" \/> <\/colgroup>\n<tbody>\n<tr valign=\"TOP\">\n<td width=\"25%\">Series<\/td>\n<td width=\"12%\">\n<p align=\"CENTER\">H-033<\/p>\n<\/td>\n<td width=\"13%\">\n<p align=\"CENTER\">H-033\/1<\/p>\n<\/td>\n<td width=\"13%\">\n<p align=\"CENTER\">H-033\/2<\/p>\n<\/td>\n<td width=\"13%\">\n<p align=\"CENTER\">H-033\/2*<\/p>\n<\/td>\n<td width=\"12%\">\n<p align=\"CENTER\">H-033\/3<\/p>\n<\/td>\n<td width=\"11%\">\n<p align=\"CENTER\">H-033\/4<\/p>\n<\/td>\n<\/tr>\n<tr valign=\"TOP\">\n<td width=\"25%\">Capacity, kg<\/td>\n<td width=\"12%\">\n<p align=\"CENTER\">500<\/p>\n<\/td>\n<td width=\"13%\">\n<p align=\"CENTER\">800<\/p>\n<\/td>\n<td width=\"13%\">\n<p align=\"CENTER\">1000<\/p>\n<\/td>\n<td width=\"13%\">\n<p align=\"CENTER\">100<\/p>\n<\/td>\n<td width=\"12%\">\n<p align=\"CENTER\">1500<\/p>\n<\/td>\n<td width=\"11%\">\n<p align=\"CENTER\">2000<\/p>\n<\/td>\n<\/tr>\n<tr valign=\"TOP\">\n<td width=\"25%\">Capacity, l<\/td>\n<td width=\"12%\">\n<p align=\"CENTER\">1100<\/p>\n<\/td>\n<td width=\"13%\">\n<p align=\"CENTER\">1600<\/p>\n<\/td>\n<td width=\"13%\">\n<p align=\"CENTER\">2000<\/p>\n<\/td>\n<td width=\"13%\">\n<p align=\"CENTER\">2300<\/p>\n<\/td>\n<td width=\"12%\">\n<p align=\"CENTER\">3200<\/p>\n<\/td>\n<td width=\"11%\">\n<p align=\"CENTER\">4400<\/p>\n<\/td>\n<\/tr>\n<tr valign=\"TOP\">\n<td width=\"25%\">Height, m<\/td>\n<td width=\"12%\">\n<p align=\"CENTER\">2,1<\/p>\n<\/td>\n<td width=\"13%\">\n<p align=\"CENTER\">2,3<\/p>\n<\/td>\n<td width=\"13%\">\n<p align=\"CENTER\">2,35<\/p>\n<\/td>\n<td width=\"13%\">\n<p align=\"CENTER\">2,55<\/p>\n<\/td>\n<td width=\"12%\">\n<p align=\"CENTER\">2,75<\/p>\n<\/td>\n<td width=\"11%\">\n<p align=\"CENTER\">3,05<\/p>\n<\/td>\n<\/tr>\n<tr valign=\"TOP\">\n<td width=\"25%\">Diameter, m<\/td>\n<td width=\"12%\">\n<p align=\"CENTER\">1,1<\/p>\n<\/td>\n<td width=\"13%\">\n<p align=\"CENTER\">1,3<\/p>\n<\/td>\n<td width=\"13%\">\n<p align=\"CENTER\">1,45<\/p>\n<\/td>\n<td width=\"13%\">\n<p align=\"CENTER\">1,45<\/p>\n<\/td>\n<td width=\"12%\">\n<p align=\"CENTER\">1,65<\/p>\n<\/td>\n<td width=\"11%\">\n<p align=\"CENTER\">1,85<\/p>\n<\/td>\n<\/tr>\n<tr valign=\"TOP\">\n<td width=\"25%\">Power output, kW<\/td>\n<td width=\"12%\">\n<p align=\"CENTER\">1,5<\/p>\n<\/td>\n<td width=\"13%\">\n<p align=\"CENTER\">2,2<\/p>\n<\/td>\n<td width=\"13%\">\n<p align=\"CENTER\">2,2<\/p>\n<\/td>\n<td width=\"13%\">\n<p align=\"CENTER\">2,2<\/p>\n<\/td>\n<td width=\"12%\">\n<p align=\"CENTER\">2,2<\/p>\n<\/td>\n<td width=\"11%\">\n<p align=\"CENTER\">3<\/p>\n<\/td>\n<\/tr>\n<tr valign=\"TOP\">\n<td width=\"25%\">Weight, kg<\/td>\n<td width=\"12%\">\n<p align=\"CENTER\">240<\/p>\n<\/td>\n<td width=\"13%\">\n<p align=\"CENTER\">270<\/p>\n<\/td>\n<td width=\"13%\">\n<p align=\"CENTER\">290<\/p>\n<\/td>\n<td width=\"13%\">\n<p align=\"CENTER\">310<\/p>\n<\/td>\n<td width=\"12%\">\n<p align=\"CENTER\">370<\/p>\n<\/td>\n<td width=\"11%\">\n<p align=\"CENTER\">470<\/p>\n<\/td>\n<\/tr>\n<\/tbody>\n<\/table>\n<p>[\/vc_column_text][vc_empty_space]<a itemprop=\"url\" href=\"https:\/\/www.agrosistemos.lt\/en\/farming-equipment\/feed-mixers\/\" target=\"_self\"  class=\"mkd-btn mkd-btn-medium mkd-btn-solid\"  >\n    <span class=\"mkd-btn-text\">Back<\/span>\n    <\/a>[vc_empty_space][\/vc_column][vc_column width=&#8221;1\/3&#8243;][vc_single_image image=&#8221;5461&#8243; img_size=&#8221;full&#8221; onclick=&#8221;link_image&#8221;][vc_empty_space][vc_column_text]\n<div class=\"wpcf7 no-js\" id=\"wpcf7-f7827-o1\" lang=\"en-US\" dir=\"ltr\">\n<div class=\"screen-reader-response\"><p role=\"status\" aria-live=\"polite\" aria-atomic=\"true\"><\/p> <ul><\/ul><\/div>\n<form action=\"\/en\/wp-json\/wp\/v2\/pages\/9098#wpcf7-f7827-o1\" method=\"post\" class=\"wpcf7-form init\" aria-label=\"Contact form\" novalidate=\"novalidate\" data-status=\"init\">\n<div style=\"display: none;\">\n<input type=\"hidden\" name=\"_wpcf7\" value=\"7827\" \/>\n<input type=\"hidden\" name=\"_wpcf7_version\" value=\"5.8.7\" \/>\n<input type=\"hidden\" name=\"_wpcf7_locale\" value=\"en_US\" \/>\n<input type=\"hidden\" name=\"_wpcf7_unit_tag\" value=\"wpcf7-f7827-o1\" \/>\n<input type=\"hidden\" name=\"_wpcf7_container_post\" value=\"0\" \/>\n<input type=\"hidden\" name=\"_wpcf7_posted_data_hash\" value=\"\" \/>\n<input type=\"hidden\" name=\"_wpcf7_recaptcha_response\" value=\"\" \/>\n<\/div>\n<p><label> Your Name<br \/>\n<span class=\"wpcf7-form-control-wrap\" data-name=\"your-name\"><input size=\"40\" class=\"wpcf7-form-control wpcf7-text wpcf7-validates-as-required\" aria-required=\"true\" aria-invalid=\"false\" value=\"\" type=\"text\" name=\"your-name\" \/><\/span> <\/label>\n<\/p>\n<p><label> Your e-mail or phone number<br \/>\n<span class=\"wpcf7-form-control-wrap\" data-name=\"your-email\"><input size=\"40\" class=\"wpcf7-form-control wpcf7-email wpcf7-validates-as-required wpcf7-text wpcf7-validates-as-email\" aria-required=\"true\" aria-invalid=\"false\" value=\"\" type=\"email\" name=\"your-email\" \/><\/span> <\/label>\n<\/p>\n<p><label> Your message<br \/>\n<span class=\"wpcf7-form-control-wrap\" data-name=\"your-message\"><textarea cols=\"40\" rows=\"10\" class=\"wpcf7-form-control wpcf7-textarea\" aria-invalid=\"false\" name=\"your-message\"><\/textarea><\/span> <\/label>\n<\/p>\n<div class=\"wpc7-privacy-box\">\n\t<p><span class=\"wpcf7-form-control-wrap\" data-name=\"acceptance-125\"><span class=\"wpcf7-form-control wpcf7-acceptance\"><span class=\"wpcf7-list-item\"><label><input type=\"checkbox\" name=\"acceptance-125\" value=\"1\" aria-invalid=\"false\" \/><span class=\"wpcf7-list-item-label\">I have read and agree to the <a href=\"\/privacy-policy\" target=\"_blank\">privacy policy<\/a><\/span><\/label><\/span><\/span><\/span>\n\t<\/p>\n<\/div>\n<p><input class=\"wpcf7-form-control wpcf7-submit has-spinner\" type=\"submit\" value=\"Send\" \/>\n<\/p><div class=\"inv-recaptcha-holder\"><\/div><div class=\"wpcf7-response-output\" aria-hidden=\"true\"><\/div>\n<\/form>\n<\/div>\n[\/vc_column_text][vc_empty_space][\/vc_column][\/vc_row]<\/p>\n","protected":false},"excerpt":{"rendered":"<p>[vc_row][vc_column][vc_column_text] Feed mixers Dozamech [\/vc_column_text][vc_empty_space][\/vc_column][\/vc_row][vc_row][vc_column width=&#8221;2\/3&#8243;][vc_column_text] Heavy-Duty feed mixers PMP-1 [\/vc_column_text][vc_empty_space][vc_column_text]An innovative mixing system ensuring mixing accuracy of 1:100,000. Owing to its high output (10 t of feed\/h), the device is designed for feed production plants and large-scale farms. The mixer is controlled by fully&#8230;<\/p>\n","protected":false},"author":4,"featured_media":0,"parent":9094,"menu_order":0,"comment_status":"closed","ping_status":"closed","template":"","meta":{"footnotes":""},"yoast_head":"<!-- This site is optimized with the Yoast SEO plugin v22.1 - https:\/\/yoast.com\/wordpress\/plugins\/seo\/ -->\n<title>Feed mixers Dozamech | Agrosistemos | Modern farming<\/title>\n<meta name=\"description\" content=\"Heavy duty feed Mixer PMP - 1 New mixing system with 1: 100,000 mixing accuracy.\" \/>\n<meta name=\"robots\" content=\"index, follow, max-snippet:-1, max-image-preview:large, max-video-preview:-1\" \/>\n<link rel=\"canonical\" href=\"https:\/\/www.agrosistemos.lt\/en\/farming-equipment\/feed-mixers\/dozamech\/\" \/>\n<meta property=\"og:locale\" content=\"en_US\" \/>\n<meta property=\"og:type\" content=\"article\" \/>\n<meta property=\"og:title\" content=\"Feed mixers Dozamech | Agrosistemos | Modern farming\" \/>\n<meta property=\"og:description\" content=\"Heavy duty feed Mixer PMP - 1 New mixing system with 1: 100,000 mixing accuracy.\" \/>\n<meta property=\"og:url\" content=\"https:\/\/www.agrosistemos.lt\/en\/farming-equipment\/feed-mixers\/dozamech\/\" \/>\n<meta property=\"og:site_name\" content=\"Agrosistemos\" \/>\n<meta property=\"article:publisher\" content=\"https:\/\/www.facebook.com\/agrosistemos\/\" \/>\n<meta property=\"article:modified_time\" content=\"2019-08-01T10:40:01+00:00\" \/>\n<meta property=\"og:image\" content=\"https:\/\/www.agrosistemos.lt\/wp-content\/uploads\/2017\/07\/logo.png\" \/>\n\t<meta property=\"og:image:width\" content=\"170\" \/>\n\t<meta property=\"og:image:height\" content=\"92\" \/>\n\t<meta property=\"og:image:type\" content=\"image\/png\" \/>\n<meta name=\"twitter:card\" content=\"summary_large_image\" \/>\n<meta name=\"twitter:label1\" content=\"Est. reading time\" \/>\n\t<meta name=\"twitter:data1\" content=\"2 minutes\" \/>\n<script type=\"application\/ld+json\" class=\"yoast-schema-graph\">{\"@context\":\"https:\/\/schema.org\",\"@graph\":[{\"@type\":\"WebPage\",\"@id\":\"https:\/\/www.agrosistemos.lt\/en\/farming-equipment\/feed-mixers\/dozamech\/\",\"url\":\"https:\/\/www.agrosistemos.lt\/en\/farming-equipment\/feed-mixers\/dozamech\/\",\"name\":\"Feed mixers Dozamech | Agrosistemos | Modern farming\",\"isPartOf\":{\"@id\":\"https:\/\/www.agrosistemos.lt\/ru\/#website\"},\"datePublished\":\"2018-03-26T10:32:57+00:00\",\"dateModified\":\"2019-08-01T10:40:01+00:00\",\"description\":\"Heavy duty feed Mixer PMP - 1 New mixing system with 1: 100,000 mixing accuracy.\",\"breadcrumb\":{\"@id\":\"https:\/\/www.agrosistemos.lt\/en\/farming-equipment\/feed-mixers\/dozamech\/#breadcrumb\"},\"inLanguage\":\"en-US\",\"potentialAction\":[{\"@type\":\"ReadAction\",\"target\":[\"https:\/\/www.agrosistemos.lt\/en\/farming-equipment\/feed-mixers\/dozamech\/\"]}]},{\"@type\":\"BreadcrumbList\",\"@id\":\"https:\/\/www.agrosistemos.lt\/en\/farming-equipment\/feed-mixers\/dozamech\/#breadcrumb\",\"itemListElement\":[{\"@type\":\"ListItem\",\"position\":1,\"name\":\"Home\",\"item\":\"https:\/\/www.agrosistemos.lt\/en\/\"},{\"@type\":\"ListItem\",\"position\":2,\"name\":\"Gyvulininkyst\u0117s \u012franga\",\"item\":\"https:\/\/www.agrosistemos.lt\/en\/farming-equipment\/\"},{\"@type\":\"ListItem\",\"position\":3,\"name\":\"Pa\u0161ar\u0173 mai\u0161ytuvai\",\"item\":\"https:\/\/www.agrosistemos.lt\/en\/farming-equipment\/feed-mixers\/\"},{\"@type\":\"ListItem\",\"position\":4,\"name\":\"Dozamech\"}]},{\"@type\":\"WebSite\",\"@id\":\"https:\/\/www.agrosistemos.lt\/ru\/#website\",\"url\":\"https:\/\/www.agrosistemos.lt\/ru\/\",\"name\":\"Agrosistemos\",\"description\":\"Viskas moderniam \u016bkiui\",\"publisher\":{\"@id\":\"https:\/\/www.agrosistemos.lt\/ru\/#organization\"},\"potentialAction\":[{\"@type\":\"SearchAction\",\"target\":{\"@type\":\"EntryPoint\",\"urlTemplate\":\"https:\/\/www.agrosistemos.lt\/ru\/?s={search_term_string}\"},\"query-input\":\"required name=search_term_string\"}],\"inLanguage\":\"en-US\"},{\"@type\":\"Organization\",\"@id\":\"https:\/\/www.agrosistemos.lt\/ru\/#organization\",\"name\":\"UAB Agrosistemos\",\"url\":\"https:\/\/www.agrosistemos.lt\/ru\/\",\"logo\":{\"@type\":\"ImageObject\",\"inLanguage\":\"en-US\",\"@id\":\"https:\/\/www.agrosistemos.lt\/ru\/#\/schema\/logo\/image\/\",\"url\":\"https:\/\/www.agrosistemos.lt\/wp-content\/uploads\/2019\/03\/Piktogramai-e1582537433243.png\",\"contentUrl\":\"https:\/\/www.agrosistemos.lt\/wp-content\/uploads\/2019\/03\/Piktogramai-e1582537433243.png\",\"width\":100,\"height\":100,\"caption\":\"UAB Agrosistemos\"},\"image\":{\"@id\":\"https:\/\/www.agrosistemos.lt\/ru\/#\/schema\/logo\/image\/\"},\"sameAs\":[\"https:\/\/www.facebook.com\/agrosistemos\/\"]}]}<\/script>\n<!-- \/ Yoast SEO plugin. -->","yoast_head_json":{"title":"Feed mixers Dozamech | Agrosistemos | Modern farming","description":"Heavy duty feed Mixer PMP - 1 New mixing system with 1: 100,000 mixing accuracy.","robots":{"index":"index","follow":"follow","max-snippet":"max-snippet:-1","max-image-preview":"max-image-preview:large","max-video-preview":"max-video-preview:-1"},"canonical":"https:\/\/www.agrosistemos.lt\/en\/farming-equipment\/feed-mixers\/dozamech\/","og_locale":"en_US","og_type":"article","og_title":"Feed mixers Dozamech | Agrosistemos | Modern farming","og_description":"Heavy duty feed Mixer PMP - 1 New mixing system with 1: 100,000 mixing accuracy.","og_url":"https:\/\/www.agrosistemos.lt\/en\/farming-equipment\/feed-mixers\/dozamech\/","og_site_name":"Agrosistemos","article_publisher":"https:\/\/www.facebook.com\/agrosistemos\/","article_modified_time":"2019-08-01T10:40:01+00:00","og_image":[{"width":170,"height":92,"url":"https:\/\/www.agrosistemos.lt\/wp-content\/uploads\/2017\/07\/logo.png","type":"image\/png"}],"twitter_card":"summary_large_image","twitter_misc":{"Est. reading time":"2 minutes"},"schema":{"@context":"https:\/\/schema.org","@graph":[{"@type":"WebPage","@id":"https:\/\/www.agrosistemos.lt\/en\/farming-equipment\/feed-mixers\/dozamech\/","url":"https:\/\/www.agrosistemos.lt\/en\/farming-equipment\/feed-mixers\/dozamech\/","name":"Feed mixers Dozamech | Agrosistemos | Modern farming","isPartOf":{"@id":"https:\/\/www.agrosistemos.lt\/ru\/#website"},"datePublished":"2018-03-26T10:32:57+00:00","dateModified":"2019-08-01T10:40:01+00:00","description":"Heavy duty feed Mixer PMP - 1 New mixing system with 1: 100,000 mixing accuracy.","breadcrumb":{"@id":"https:\/\/www.agrosistemos.lt\/en\/farming-equipment\/feed-mixers\/dozamech\/#breadcrumb"},"inLanguage":"en-US","potentialAction":[{"@type":"ReadAction","target":["https:\/\/www.agrosistemos.lt\/en\/farming-equipment\/feed-mixers\/dozamech\/"]}]},{"@type":"BreadcrumbList","@id":"https:\/\/www.agrosistemos.lt\/en\/farming-equipment\/feed-mixers\/dozamech\/#breadcrumb","itemListElement":[{"@type":"ListItem","position":1,"name":"Home","item":"https:\/\/www.agrosistemos.lt\/en\/"},{"@type":"ListItem","position":2,"name":"Gyvulininkyst\u0117s \u012franga","item":"https:\/\/www.agrosistemos.lt\/en\/farming-equipment\/"},{"@type":"ListItem","position":3,"name":"Pa\u0161ar\u0173 mai\u0161ytuvai","item":"https:\/\/www.agrosistemos.lt\/en\/farming-equipment\/feed-mixers\/"},{"@type":"ListItem","position":4,"name":"Dozamech"}]},{"@type":"WebSite","@id":"https:\/\/www.agrosistemos.lt\/ru\/#website","url":"https:\/\/www.agrosistemos.lt\/ru\/","name":"Agrosistemos","description":"Viskas moderniam \u016bkiui","publisher":{"@id":"https:\/\/www.agrosistemos.lt\/ru\/#organization"},"potentialAction":[{"@type":"SearchAction","target":{"@type":"EntryPoint","urlTemplate":"https:\/\/www.agrosistemos.lt\/ru\/?s={search_term_string}"},"query-input":"required name=search_term_string"}],"inLanguage":"en-US"},{"@type":"Organization","@id":"https:\/\/www.agrosistemos.lt\/ru\/#organization","name":"UAB Agrosistemos","url":"https:\/\/www.agrosistemos.lt\/ru\/","logo":{"@type":"ImageObject","inLanguage":"en-US","@id":"https:\/\/www.agrosistemos.lt\/ru\/#\/schema\/logo\/image\/","url":"https:\/\/www.agrosistemos.lt\/wp-content\/uploads\/2019\/03\/Piktogramai-e1582537433243.png","contentUrl":"https:\/\/www.agrosistemos.lt\/wp-content\/uploads\/2019\/03\/Piktogramai-e1582537433243.png","width":100,"height":100,"caption":"UAB Agrosistemos"},"image":{"@id":"https:\/\/www.agrosistemos.lt\/ru\/#\/schema\/logo\/image\/"},"sameAs":["https:\/\/www.facebook.com\/agrosistemos\/"]}]}},"_links":{"self":[{"href":"https:\/\/www.agrosistemos.lt\/en\/wp-json\/wp\/v2\/pages\/9098"}],"collection":[{"href":"https:\/\/www.agrosistemos.lt\/en\/wp-json\/wp\/v2\/pages"}],"about":[{"href":"https:\/\/www.agrosistemos.lt\/en\/wp-json\/wp\/v2\/types\/page"}],"author":[{"embeddable":true,"href":"https:\/\/www.agrosistemos.lt\/en\/wp-json\/wp\/v2\/users\/4"}],"replies":[{"embeddable":true,"href":"https:\/\/www.agrosistemos.lt\/en\/wp-json\/wp\/v2\/comments?post=9098"}],"version-history":[{"count":4,"href":"https:\/\/www.agrosistemos.lt\/en\/wp-json\/wp\/v2\/pages\/9098\/revisions"}],"predecessor-version":[{"id":9402,"href":"https:\/\/www.agrosistemos.lt\/en\/wp-json\/wp\/v2\/pages\/9098\/revisions\/9402"}],"up":[{"embeddable":true,"href":"https:\/\/www.agrosistemos.lt\/en\/wp-json\/wp\/v2\/pages\/9094"}],"wp:attachment":[{"href":"https:\/\/www.agrosistemos.lt\/en\/wp-json\/wp\/v2\/media?parent=9098"}],"curies":[{"name":"wp","href":"https:\/\/api.w.org\/{rel}","templated":true}]}}