{"id":9071,"date":"2018-03-26T08:25:33","date_gmt":"2018-03-26T08:25:33","guid":{"rendered":"https:\/\/www.agrosistemos.lt\/farming-equipment\/grudu-malunai\/dozamech\/"},"modified":"2019-08-01T10:35:54","modified_gmt":"2019-08-01T10:35:54","slug":"dozamech","status":"publish","type":"page","link":"https:\/\/www.agrosistemos.lt\/en\/farming-equipment\/grain-mills\/dozamech\/","title":{"rendered":"Dozamech"},"content":{"rendered":"<p>[vc_row][vc_column][vc_column_text]<\/p>\n<h3>Grain mills Dozamech<\/h3>\n<p>[\/vc_column_text][vc_empty_space][\/vc_column][\/vc_row][vc_row][vc_column][vc_column_text]<\/p>\n<h4>Hammer mills with self-suction hose H-119<\/h4>\n<p>[\/vc_column_text][vc_row_inner][vc_column_inner width=&#8221;1\/2&#8243;][vc_column_text]The mills are installed with a slit screen or a mesh screen. Three \u2013 chamber design allows you to increase suction power. Such a construction results cooling the feed and prevents delamination process. That gives us a higher quality feed.<\/p>\n<p>Mills parts wear out more slowly and our production equipment last longer.<\/p>\n<p>Available power of the mill: 7.5 kW, 11 kW, 15 kW, 18.5 kW, 22 kW[\/vc_column_text][\/vc_column_inner][vc_column_inner width=&#8221;1\/2&#8243;][vc_column_text]Standard equipment includes:<\/p>\n<ul>\n<li>suction nozzle with airflow adjustment;<\/li>\n<li>10 m of suction hose;<\/li>\n<li>magnetic trap;<\/li>\n<li>3 m of discharge hose to connect to the mixer<\/li>\n<\/ul>\n<p>Screen types:<\/p>\n<ul>\n<li>Punched &#8211; hole diameter: 3, 4, 5, 6, 8, 10, 12, 15 mm;<\/li>\n<li>Slotted &#8211; slot width: 1.8, 2, 2.5, 3, 4 mm<\/li>\n<\/ul>\n<p>All mills from 15 kW to 30 kW are equipped with an ammeter[\/vc_column_text][vc_empty_space][\/vc_column_inner][\/vc_row_inner][vc_row_inner][vc_column_inner width=&#8221;2\/3&#8243;][vc_column_text]<\/p>\n<style type=\"text\/css\">\n\t<!-- @page { margin: 2cm } TD P { margin-bottom: 0cm } P { margin-bottom: 0.21cm } --><br \/>\n<\/style>\n<table border=\"1\" width=\"100%\" cellspacing=\"0\" cellpadding=\"4\">\n<colgroup>\n<col width=\"55*\" \/>\n<col width=\"40*\" \/>\n<col width=\"41*\" \/>\n<col width=\"44*\" \/>\n<col width=\"41*\" \/>\n<col width=\"36*\" \/> <\/colgroup>\n<tbody>\n<tr valign=\"TOP\">\n<td width=\"22%\">\n<p lang=\"lt-LT\">Model<\/p>\n<\/td>\n<td width=\"16%\">\n<p lang=\"lt-LT\" align=\"CENTER\">H-119\/0<\/p>\n<\/td>\n<td width=\"16%\">\n<p lang=\"lt-LT\" align=\"CENTER\">H-119<\/p>\n<\/td>\n<td width=\"17%\">\n<p lang=\"lt-LT\" align=\"CENTER\">H-119\/2<\/p>\n<\/td>\n<td width=\"16%\">\n<p lang=\"lt-LT\" align=\"CENTER\">H-119\/3<\/p>\n<\/td>\n<td width=\"14%\">\n<p lang=\"lt-LT\" align=\"CENTER\">H-119\/4<\/p>\n<\/td>\n<\/tr>\n<tr valign=\"TOP\">\n<td width=\"22%\">\n<p lang=\"lt-LT\">Efficiency, t\/h<\/p>\n<\/td>\n<td width=\"16%\">\n<p lang=\"lt-LT\" align=\"CENTER\">0,8-1,0<\/p>\n<\/td>\n<td width=\"16%\">\n<p lang=\"lt-LT\" align=\"CENTER\">0,8-1,2<\/p>\n<\/td>\n<td width=\"17%\">\n<p lang=\"lt-LT\" align=\"CENTER\">1,2-1,7<\/p>\n<\/td>\n<td width=\"16%\">\n<p lang=\"lt-LT\" align=\"CENTER\">1,2-2,0<\/p>\n<\/td>\n<td width=\"14%\">\n<p lang=\"lt-LT\" align=\"CENTER\">2,0-2,5<\/p>\n<\/td>\n<\/tr>\n<tr valign=\"TOP\">\n<td width=\"22%\">\n<p lang=\"lt-LT\">Engine, kW<\/p>\n<\/td>\n<td width=\"16%\">\n<p lang=\"lt-LT\" align=\"CENTER\">7,5<\/p>\n<\/td>\n<td width=\"16%\">\n<p lang=\"lt-LT\" align=\"CENTER\">11<\/p>\n<\/td>\n<td width=\"17%\">\n<p lang=\"lt-LT\" align=\"CENTER\">15<\/p>\n<\/td>\n<td width=\"16%\">\n<p lang=\"lt-LT\" align=\"CENTER\">18,5<\/p>\n<\/td>\n<td width=\"14%\">\n<p lang=\"lt-LT\" align=\"CENTER\">22<\/p>\n<\/td>\n<\/tr>\n<tr valign=\"TOP\">\n<td width=\"22%\">\n<p lang=\"lt-LT\">Weight, kg<\/p>\n<\/td>\n<td width=\"16%\">\n<p lang=\"lt-LT\" align=\"CENTER\">200<\/p>\n<\/td>\n<td width=\"16%\">\n<p lang=\"lt-LT\" align=\"CENTER\">210<\/p>\n<\/td>\n<td width=\"17%\">\n<p lang=\"lt-LT\" align=\"CENTER\">270<\/p>\n<\/td>\n<td width=\"16%\">\n<p lang=\"lt-LT\" align=\"CENTER\">300<\/p>\n<\/td>\n<td width=\"14%\">\n<p lang=\"lt-LT\" align=\"CENTER\">350<\/p>\n<\/td>\n<\/tr>\n<\/tbody>\n<\/table>\n<p>[\/vc_column_text][\/vc_column_inner][vc_column_inner width=&#8221;1\/3&#8243;][vc_single_image image=&#8221;5446&#8243; img_size=&#8221;full&#8221; onclick=&#8221;link_image&#8221;][vc_empty_space][\/vc_column_inner][\/vc_row_inner][vc_empty_space][\/vc_column][\/vc_row][vc_row][vc_column][vc_column_text]<\/p>\n<h4>Hammer mills with self-suction hose H-119\/5<\/h4>\n<p>[\/vc_column_text][vc_row_inner][vc_column_inner][vc_column_text]Suction hammer mill H-119\/5 with a 30 kW motor in a special housing for even more convenient operation. Complete with a set of hoses.<\/p>\n<p>Standard equipment includes:<\/p>\n<ul>\n<li>suction nozzle with airflow adjustment;<\/li>\n<li>10 m of suction hose;<\/li>\n<li>magnetic trap;<\/li>\n<li>3 m of discharge hose to connect to the mixer<\/li>\n<\/ul>\n<p>[\/vc_column_text][vc_empty_space][\/vc_column_inner][\/vc_row_inner][vc_row_inner][vc_column_inner width=&#8221;2\/3&#8243;][vc_column_text]<\/p>\n<style type=\"text\/css\">\n\t<!-- @page { margin: 2cm } TD P { margin-bottom: 0cm } P { margin-bottom: 0.21cm } --><br \/>\n<\/style>\n<table border=\"1\" width=\"218\" cellspacing=\"0\" cellpadding=\"4\">\n<colgroup>\n<col width=\"129\" \/>\n<col width=\"72\" \/> <\/colgroup>\n<tbody>\n<tr valign=\"TOP\">\n<td width=\"129\">\n<p lang=\"lt-LT\">Model<\/p>\n<\/td>\n<td width=\"72\">\n<p lang=\"lt-LT\" align=\"CENTER\">H-119\/5<\/p>\n<\/td>\n<\/tr>\n<tr valign=\"TOP\">\n<td width=\"129\">\n<p lang=\"lt-LT\">efficiency, t\/h<\/p>\n<\/td>\n<td width=\"72\">\n<p lang=\"lt-LT\" align=\"CENTER\">3,0-4,5<\/p>\n<\/td>\n<\/tr>\n<tr valign=\"TOP\">\n<td width=\"129\">\n<p lang=\"lt-LT\">Engine, kW<\/p>\n<\/td>\n<td width=\"72\">\n<p lang=\"lt-LT\" align=\"CENTER\">30<\/p>\n<\/td>\n<\/tr>\n<tr valign=\"TOP\">\n<td width=\"129\">\n<p lang=\"lt-LT\">Weight, kg<\/p>\n<\/td>\n<td width=\"72\">\n<p lang=\"lt-LT\" align=\"CENTER\">540<\/p>\n<\/td>\n<\/tr>\n<\/tbody>\n<\/table>\n<p>[\/vc_column_text][\/vc_column_inner][vc_column_inner width=&#8221;1\/3&#8243;][vc_single_image image=&#8221;5447&#8243; img_size=&#8221;full&#8221; onclick=&#8221;link_image&#8221;][vc_empty_space][\/vc_column_inner][\/vc_row_inner][vc_empty_space][\/vc_column][\/vc_row][vc_row][vc_column][vc_column_text]<\/p>\n<h4>Heavy-duty top-loading mill H-119\/5Z<\/h4>\n<p>[\/vc_column_text][vc_row_inner][vc_column_inner][vc_column_text]Heavy-duty top-loading mill H-119\/5Z with a 30 kW motor. The output is from about 6 t of swine feed\/h to about 10 t of poultry feed\/h.<\/p>\n<p>The device has a built-in feed screw conveyor.[\/vc_column_text][vc_empty_space][\/vc_column_inner][\/vc_row_inner][vc_row_inner][vc_column_inner width=&#8221;2\/3&#8243;][vc_column_text]<\/p>\n<style type=\"text\/css\">\n\t<!-- @page { margin: 2cm } TD P { margin-bottom: 0cm } P { margin-bottom: 0.21cm } --><br \/>\n<\/style>\n<table border=\"1\" width=\"100%\" cellspacing=\"0\" cellpadding=\"4\">\n<colgroup>\n<col width=\"49*\" \/>\n<col width=\"35*\" \/>\n<col width=\"36*\" \/>\n<col width=\"38*\" \/>\n<col width=\"36*\" \/>\n<col width=\"31*\" \/>\n<col width=\"31*\" \/> <\/colgroup>\n<tbody>\n<tr valign=\"TOP\">\n<td width=\"19%\">\n<p lang=\"lt-LT\">Model<\/p>\n<\/td>\n<td width=\"14%\">\n<p lang=\"lt-LT\" align=\"CENTER\">H-119\/0\/Z<\/p>\n<\/td>\n<td width=\"14%\">\n<p lang=\"lt-LT\" align=\"CENTER\">H-119\/Z<\/p>\n<\/td>\n<td width=\"15%\">\n<p lang=\"lt-LT\" align=\"CENTER\">H-119\/2\/Z<\/p>\n<\/td>\n<td width=\"14%\">\n<p lang=\"lt-LT\" align=\"CENTER\">H-119\/3\/Z<\/p>\n<\/td>\n<td width=\"12%\">\n<p lang=\"lt-LT\" align=\"CENTER\">H-119\/4\/Z<\/p>\n<\/td>\n<td width=\"12%\">\n<p lang=\"lt-LT\" align=\"CENTER\">H-119\/5\/Z<\/p>\n<\/td>\n<\/tr>\n<tr valign=\"TOP\">\n<td width=\"19%\">\n<p lang=\"lt-LT\">Efficiency, t\/h<\/p>\n<\/td>\n<td width=\"14%\">\n<p lang=\"lt-LT\" align=\"CENTER\">2,5-3,0<\/p>\n<\/td>\n<td width=\"14%\">\n<p lang=\"lt-LT\" align=\"CENTER\">3,0-4,0<\/p>\n<\/td>\n<td width=\"15%\">\n<p lang=\"lt-LT\" align=\"CENTER\">3,5-5,0<\/p>\n<\/td>\n<td width=\"14%\">\n<p lang=\"lt-LT\" align=\"CENTER\">4,5-6,0<\/p>\n<\/td>\n<td width=\"12%\">\n<p lang=\"lt-LT\" align=\"CENTER\">5,0-8,0<\/p>\n<\/td>\n<td width=\"12%\">\n<p lang=\"lt-LT\" align=\"CENTER\">9,0-12,0<\/p>\n<\/td>\n<\/tr>\n<tr valign=\"TOP\">\n<td width=\"19%\">\n<p lang=\"lt-LT\">Engine, kW<\/p>\n<\/td>\n<td width=\"14%\">\n<p lang=\"lt-LT\" align=\"CENTER\">7,5<\/p>\n<\/td>\n<td width=\"14%\">\n<p lang=\"lt-LT\" align=\"CENTER\">11<\/p>\n<\/td>\n<td width=\"15%\">\n<p lang=\"lt-LT\" align=\"CENTER\">15<\/p>\n<\/td>\n<td width=\"14%\">\n<p lang=\"lt-LT\" align=\"CENTER\">18,5<\/p>\n<\/td>\n<td width=\"12%\">\n<p lang=\"lt-LT\" align=\"CENTER\">22<\/p>\n<\/td>\n<td width=\"12%\">\n<p lang=\"lt-LT\" align=\"CENTER\">30<\/p>\n<\/td>\n<\/tr>\n<\/tbody>\n<\/table>\n<p>[\/vc_column_text][vc_empty_space height=&#8221;96px&#8221;]<a itemprop=\"url\" href=\"https:\/\/www.agrosistemos.lt\/en\/farming-equipment\/grain-mills\/\" target=\"_self\"  class=\"mkd-btn mkd-btn-medium mkd-btn-solid\"  >\n    <span class=\"mkd-btn-text\">Back<\/span>\n    <\/a>[\/vc_column_inner][vc_column_inner width=&#8221;1\/3&#8243;][vc_single_image image=&#8221;5448&#8243; img_size=&#8221;full&#8221; onclick=&#8221;link_image&#8221;][vc_empty_space height=&#8221;16px&#8221;][vc_single_image image=&#8221;5449&#8243; img_size=&#8221;full&#8221; onclick=&#8221;link_image&#8221;][vc_empty_space][vc_column_text]\n<div class=\"wpcf7 no-js\" id=\"wpcf7-f7827-o1\" lang=\"en-US\" dir=\"ltr\">\n<div class=\"screen-reader-response\"><p role=\"status\" aria-live=\"polite\" aria-atomic=\"true\"><\/p> <ul><\/ul><\/div>\n<form action=\"\/en\/wp-json\/wp\/v2\/pages\/9071#wpcf7-f7827-o1\" method=\"post\" class=\"wpcf7-form init\" aria-label=\"Contact form\" novalidate=\"novalidate\" data-status=\"init\">\n<div style=\"display: none;\">\n<input type=\"hidden\" name=\"_wpcf7\" value=\"7827\" \/>\n<input type=\"hidden\" name=\"_wpcf7_version\" value=\"5.8.7\" \/>\n<input type=\"hidden\" name=\"_wpcf7_locale\" value=\"en_US\" \/>\n<input type=\"hidden\" name=\"_wpcf7_unit_tag\" value=\"wpcf7-f7827-o1\" \/>\n<input type=\"hidden\" name=\"_wpcf7_container_post\" value=\"0\" \/>\n<input type=\"hidden\" name=\"_wpcf7_posted_data_hash\" value=\"\" \/>\n<input type=\"hidden\" name=\"_wpcf7_recaptcha_response\" value=\"\" \/>\n<\/div>\n<p><label> Your Name<br \/>\n<span class=\"wpcf7-form-control-wrap\" data-name=\"your-name\"><input size=\"40\" class=\"wpcf7-form-control wpcf7-text wpcf7-validates-as-required\" aria-required=\"true\" aria-invalid=\"false\" value=\"\" type=\"text\" name=\"your-name\" \/><\/span> <\/label>\n<\/p>\n<p><label> Your e-mail or phone number<br \/>\n<span class=\"wpcf7-form-control-wrap\" data-name=\"your-email\"><input size=\"40\" class=\"wpcf7-form-control wpcf7-email wpcf7-validates-as-required wpcf7-text wpcf7-validates-as-email\" aria-required=\"true\" aria-invalid=\"false\" value=\"\" type=\"email\" name=\"your-email\" \/><\/span> <\/label>\n<\/p>\n<p><label> Your message<br \/>\n<span class=\"wpcf7-form-control-wrap\" data-name=\"your-message\"><textarea cols=\"40\" rows=\"10\" class=\"wpcf7-form-control wpcf7-textarea\" aria-invalid=\"false\" name=\"your-message\"><\/textarea><\/span> <\/label>\n<\/p>\n<div class=\"wpc7-privacy-box\">\n\t<p><span class=\"wpcf7-form-control-wrap\" data-name=\"acceptance-125\"><span class=\"wpcf7-form-control wpcf7-acceptance\"><span class=\"wpcf7-list-item\"><label><input type=\"checkbox\" name=\"acceptance-125\" value=\"1\" aria-invalid=\"false\" \/><span class=\"wpcf7-list-item-label\">I have read and agree to the <a href=\"\/privacy-policy\" target=\"_blank\">privacy policy<\/a><\/span><\/label><\/span><\/span><\/span>\n\t<\/p>\n<\/div>\n<p><input class=\"wpcf7-form-control wpcf7-submit has-spinner\" type=\"submit\" value=\"Send\" \/>\n<\/p><div class=\"inv-recaptcha-holder\"><\/div><div class=\"wpcf7-response-output\" aria-hidden=\"true\"><\/div>\n<\/form>\n<\/div>\n[\/vc_column_text][\/vc_column_inner][\/vc_row_inner][vc_empty_space][\/vc_column][\/vc_row]<\/p>\n","protected":false},"excerpt":{"rendered":"<p>[vc_row][vc_column][vc_column_text] Grain mills Dozamech [\/vc_column_text][vc_empty_space][\/vc_column][\/vc_row][vc_row][vc_column][vc_column_text] Hammer mills with self-suction hose H-119 [\/vc_column_text][vc_row_inner][vc_column_inner width=&#8221;1\/2&#8243;][vc_column_text]The mills are installed with a slit screen or a mesh screen. Three \u2013 chamber design allows you to increase suction power. Such a construction results cooling the feed and prevents delamination process&#8230;.<\/p>\n","protected":false},"author":4,"featured_media":0,"parent":9067,"menu_order":0,"comment_status":"closed","ping_status":"closed","template":"","meta":{"footnotes":""},"yoast_head":"<!-- This site is optimized with the Yoast SEO plugin v22.1 - https:\/\/yoast.com\/wordpress\/plugins\/seo\/ -->\n<title>Dozamech grain mills | Agrosistemos | Farm equipment<\/title>\n<meta name=\"description\" content=\"Standard equipment includes suction nozzle with airflow adjustment, 10 m of suction hose, magnetic trap, 3 m of discharge hose to connect to the mixer\" \/>\n<meta name=\"robots\" content=\"index, follow, max-snippet:-1, max-image-preview:large, max-video-preview:-1\" \/>\n<link rel=\"canonical\" href=\"https:\/\/www.agrosistemos.lt\/en\/farming-equipment\/grain-mills\/dozamech\/\" \/>\n<meta property=\"og:locale\" content=\"en_US\" \/>\n<meta property=\"og:type\" content=\"article\" \/>\n<meta property=\"og:title\" content=\"Dozamech grain mills | Agrosistemos | Farm equipment\" \/>\n<meta property=\"og:description\" content=\"Standard equipment includes suction nozzle with airflow adjustment, 10 m of suction hose, magnetic trap, 3 m of discharge hose to connect to the mixer\" \/>\n<meta property=\"og:url\" content=\"https:\/\/www.agrosistemos.lt\/en\/farming-equipment\/grain-mills\/dozamech\/\" \/>\n<meta property=\"og:site_name\" content=\"Agrosistemos\" \/>\n<meta property=\"article:publisher\" content=\"https:\/\/www.facebook.com\/agrosistemos\/\" \/>\n<meta property=\"article:modified_time\" content=\"2019-08-01T10:35:54+00:00\" \/>\n<meta property=\"og:image\" content=\"https:\/\/www.agrosistemos.lt\/wp-content\/uploads\/2017\/07\/logo.png\" \/>\n\t<meta property=\"og:image:width\" content=\"170\" \/>\n\t<meta property=\"og:image:height\" content=\"92\" \/>\n\t<meta property=\"og:image:type\" content=\"image\/png\" \/>\n<meta name=\"twitter:card\" content=\"summary_large_image\" \/>\n<meta name=\"twitter:label1\" content=\"Est. reading time\" \/>\n\t<meta name=\"twitter:data1\" content=\"3 minutes\" \/>\n<script type=\"application\/ld+json\" class=\"yoast-schema-graph\">{\"@context\":\"https:\/\/schema.org\",\"@graph\":[{\"@type\":\"WebPage\",\"@id\":\"https:\/\/www.agrosistemos.lt\/en\/farming-equipment\/grain-mills\/dozamech\/\",\"url\":\"https:\/\/www.agrosistemos.lt\/en\/farming-equipment\/grain-mills\/dozamech\/\",\"name\":\"Dozamech grain mills | Agrosistemos | Farm equipment\",\"isPartOf\":{\"@id\":\"https:\/\/www.agrosistemos.lt\/ru\/#website\"},\"datePublished\":\"2018-03-26T08:25:33+00:00\",\"dateModified\":\"2019-08-01T10:35:54+00:00\",\"description\":\"Standard equipment includes suction nozzle with airflow adjustment, 10 m of suction hose, magnetic trap, 3 m of discharge hose to connect to the mixer\",\"breadcrumb\":{\"@id\":\"https:\/\/www.agrosistemos.lt\/en\/farming-equipment\/grain-mills\/dozamech\/#breadcrumb\"},\"inLanguage\":\"en-US\",\"potentialAction\":[{\"@type\":\"ReadAction\",\"target\":[\"https:\/\/www.agrosistemos.lt\/en\/farming-equipment\/grain-mills\/dozamech\/\"]}]},{\"@type\":\"BreadcrumbList\",\"@id\":\"https:\/\/www.agrosistemos.lt\/en\/farming-equipment\/grain-mills\/dozamech\/#breadcrumb\",\"itemListElement\":[{\"@type\":\"ListItem\",\"position\":1,\"name\":\"Home\",\"item\":\"https:\/\/www.agrosistemos.lt\/en\/\"},{\"@type\":\"ListItem\",\"position\":2,\"name\":\"Gyvulininkyst\u0117s \u012franga\",\"item\":\"https:\/\/www.agrosistemos.lt\/en\/farming-equipment\/\"},{\"@type\":\"ListItem\",\"position\":3,\"name\":\"Gr\u016bd\u0173 mal\u016bnai\",\"item\":\"https:\/\/www.agrosistemos.lt\/en\/farming-equipment\/grain-mills\/\"},{\"@type\":\"ListItem\",\"position\":4,\"name\":\"Dozamech\"}]},{\"@type\":\"WebSite\",\"@id\":\"https:\/\/www.agrosistemos.lt\/ru\/#website\",\"url\":\"https:\/\/www.agrosistemos.lt\/ru\/\",\"name\":\"Agrosistemos\",\"description\":\"Viskas moderniam \u016bkiui\",\"publisher\":{\"@id\":\"https:\/\/www.agrosistemos.lt\/ru\/#organization\"},\"potentialAction\":[{\"@type\":\"SearchAction\",\"target\":{\"@type\":\"EntryPoint\",\"urlTemplate\":\"https:\/\/www.agrosistemos.lt\/ru\/?s={search_term_string}\"},\"query-input\":\"required name=search_term_string\"}],\"inLanguage\":\"en-US\"},{\"@type\":\"Organization\",\"@id\":\"https:\/\/www.agrosistemos.lt\/ru\/#organization\",\"name\":\"UAB Agrosistemos\",\"url\":\"https:\/\/www.agrosistemos.lt\/ru\/\",\"logo\":{\"@type\":\"ImageObject\",\"inLanguage\":\"en-US\",\"@id\":\"https:\/\/www.agrosistemos.lt\/ru\/#\/schema\/logo\/image\/\",\"url\":\"https:\/\/www.agrosistemos.lt\/wp-content\/uploads\/2019\/03\/Piktogramai-e1582537433243.png\",\"contentUrl\":\"https:\/\/www.agrosistemos.lt\/wp-content\/uploads\/2019\/03\/Piktogramai-e1582537433243.png\",\"width\":100,\"height\":100,\"caption\":\"UAB Agrosistemos\"},\"image\":{\"@id\":\"https:\/\/www.agrosistemos.lt\/ru\/#\/schema\/logo\/image\/\"},\"sameAs\":[\"https:\/\/www.facebook.com\/agrosistemos\/\"]}]}<\/script>\n<!-- \/ Yoast SEO plugin. -->","yoast_head_json":{"title":"Dozamech grain mills | Agrosistemos | Farm equipment","description":"Standard equipment includes suction nozzle with airflow adjustment, 10 m of suction hose, magnetic trap, 3 m of discharge hose to connect to the mixer","robots":{"index":"index","follow":"follow","max-snippet":"max-snippet:-1","max-image-preview":"max-image-preview:large","max-video-preview":"max-video-preview:-1"},"canonical":"https:\/\/www.agrosistemos.lt\/en\/farming-equipment\/grain-mills\/dozamech\/","og_locale":"en_US","og_type":"article","og_title":"Dozamech grain mills | Agrosistemos | Farm equipment","og_description":"Standard equipment includes suction nozzle with airflow adjustment, 10 m of suction hose, magnetic trap, 3 m of discharge hose to connect to the mixer","og_url":"https:\/\/www.agrosistemos.lt\/en\/farming-equipment\/grain-mills\/dozamech\/","og_site_name":"Agrosistemos","article_publisher":"https:\/\/www.facebook.com\/agrosistemos\/","article_modified_time":"2019-08-01T10:35:54+00:00","og_image":[{"width":170,"height":92,"url":"https:\/\/www.agrosistemos.lt\/wp-content\/uploads\/2017\/07\/logo.png","type":"image\/png"}],"twitter_card":"summary_large_image","twitter_misc":{"Est. reading time":"3 minutes"},"schema":{"@context":"https:\/\/schema.org","@graph":[{"@type":"WebPage","@id":"https:\/\/www.agrosistemos.lt\/en\/farming-equipment\/grain-mills\/dozamech\/","url":"https:\/\/www.agrosistemos.lt\/en\/farming-equipment\/grain-mills\/dozamech\/","name":"Dozamech grain mills | Agrosistemos | Farm equipment","isPartOf":{"@id":"https:\/\/www.agrosistemos.lt\/ru\/#website"},"datePublished":"2018-03-26T08:25:33+00:00","dateModified":"2019-08-01T10:35:54+00:00","description":"Standard equipment includes suction nozzle with airflow adjustment, 10 m of suction hose, magnetic trap, 3 m of discharge hose to connect to the mixer","breadcrumb":{"@id":"https:\/\/www.agrosistemos.lt\/en\/farming-equipment\/grain-mills\/dozamech\/#breadcrumb"},"inLanguage":"en-US","potentialAction":[{"@type":"ReadAction","target":["https:\/\/www.agrosistemos.lt\/en\/farming-equipment\/grain-mills\/dozamech\/"]}]},{"@type":"BreadcrumbList","@id":"https:\/\/www.agrosistemos.lt\/en\/farming-equipment\/grain-mills\/dozamech\/#breadcrumb","itemListElement":[{"@type":"ListItem","position":1,"name":"Home","item":"https:\/\/www.agrosistemos.lt\/en\/"},{"@type":"ListItem","position":2,"name":"Gyvulininkyst\u0117s \u012franga","item":"https:\/\/www.agrosistemos.lt\/en\/farming-equipment\/"},{"@type":"ListItem","position":3,"name":"Gr\u016bd\u0173 mal\u016bnai","item":"https:\/\/www.agrosistemos.lt\/en\/farming-equipment\/grain-mills\/"},{"@type":"ListItem","position":4,"name":"Dozamech"}]},{"@type":"WebSite","@id":"https:\/\/www.agrosistemos.lt\/ru\/#website","url":"https:\/\/www.agrosistemos.lt\/ru\/","name":"Agrosistemos","description":"Viskas moderniam \u016bkiui","publisher":{"@id":"https:\/\/www.agrosistemos.lt\/ru\/#organization"},"potentialAction":[{"@type":"SearchAction","target":{"@type":"EntryPoint","urlTemplate":"https:\/\/www.agrosistemos.lt\/ru\/?s={search_term_string}"},"query-input":"required name=search_term_string"}],"inLanguage":"en-US"},{"@type":"Organization","@id":"https:\/\/www.agrosistemos.lt\/ru\/#organization","name":"UAB Agrosistemos","url":"https:\/\/www.agrosistemos.lt\/ru\/","logo":{"@type":"ImageObject","inLanguage":"en-US","@id":"https:\/\/www.agrosistemos.lt\/ru\/#\/schema\/logo\/image\/","url":"https:\/\/www.agrosistemos.lt\/wp-content\/uploads\/2019\/03\/Piktogramai-e1582537433243.png","contentUrl":"https:\/\/www.agrosistemos.lt\/wp-content\/uploads\/2019\/03\/Piktogramai-e1582537433243.png","width":100,"height":100,"caption":"UAB Agrosistemos"},"image":{"@id":"https:\/\/www.agrosistemos.lt\/ru\/#\/schema\/logo\/image\/"},"sameAs":["https:\/\/www.facebook.com\/agrosistemos\/"]}]}},"_links":{"self":[{"href":"https:\/\/www.agrosistemos.lt\/en\/wp-json\/wp\/v2\/pages\/9071"}],"collection":[{"href":"https:\/\/www.agrosistemos.lt\/en\/wp-json\/wp\/v2\/pages"}],"about":[{"href":"https:\/\/www.agrosistemos.lt\/en\/wp-json\/wp\/v2\/types\/page"}],"author":[{"embeddable":true,"href":"https:\/\/www.agrosistemos.lt\/en\/wp-json\/wp\/v2\/users\/4"}],"replies":[{"embeddable":true,"href":"https:\/\/www.agrosistemos.lt\/en\/wp-json\/wp\/v2\/comments?post=9071"}],"version-history":[{"count":4,"href":"https:\/\/www.agrosistemos.lt\/en\/wp-json\/wp\/v2\/pages\/9071\/revisions"}],"predecessor-version":[{"id":9073,"href":"https:\/\/www.agrosistemos.lt\/en\/wp-json\/wp\/v2\/pages\/9071\/revisions\/9073"}],"up":[{"embeddable":true,"href":"https:\/\/www.agrosistemos.lt\/en\/wp-json\/wp\/v2\/pages\/9067"}],"wp:attachment":[{"href":"https:\/\/www.agrosistemos.lt\/en\/wp-json\/wp\/v2\/media?parent=9071"}],"curies":[{"name":"wp","href":"https:\/\/api.w.org\/{rel}","templated":true}]}}