{"id":9060,"date":"2018-03-26T07:26:19","date_gmt":"2018-03-26T07:26:19","guid":{"rendered":"https:\/\/www.agrosistemos.lt\/farming-equipment\/grain-crushers\/skiold\/"},"modified":"2019-08-01T10:33:51","modified_gmt":"2019-08-01T10:33:51","slug":"skiold","status":"publish","type":"page","link":"https:\/\/www.agrosistemos.lt\/en\/farming-equipment\/grain-crushers\/skiold\/","title":{"rendered":"Skiold"},"content":{"rendered":"<p>[vc_row][vc_column width=&#8221;2\/3&#8243;][vc_column_text]<\/p>\n<h3>Grain crushers Skiold<\/h3>\n<p>[\/vc_column_text][vc_empty_space][vc_column_text]Compact design Skiold grain crushers made to meet the highest quality standards and for crushing all kinds of cereal grains as well as for peas, beans, buckwheat, corn, flax seeds and the like. Low energy consumption, up to 70% less energy consumed than grinding. Easy operation and adjustment, easy service and maintenance. Extremely safe to use, made of the highest quality materials. Grain crusher rollers are made of cast iron. The main advantages of cast iron are the extremely low melting temperature, resistance to deformation and abrasion, which ensures roller durability. All crushers are equipped with short or long standing legs, funnel and protective magnets to remove metal impurities from the grain.[\/vc_column_text][vc_empty_space][\/vc_column][vc_column width=&#8221;1\/3&#8243;][vc_single_image image=&#8221;9214&#8243; img_size=&#8221;full&#8221; alignment=&#8221;right&#8221; onclick=&#8221;link_image&#8221;][\/vc_column][\/vc_row][vc_row][vc_column width=&#8221;1\/2&#8243;][vc_column_text]<\/p>\n<h4>RS-280<\/h4>\n<p>[\/vc_column_text][vc_empty_space][vc_column_text]<\/p>\n<table border=\"1\" width=\"619\" cellspacing=\"0\" cellpadding=\"4\">\n<colgroup>\n<col width=\"155\" \/>\n<col width=\"197\" \/>\n<col width=\"241\" \/> <\/colgroup>\n<tbody>\n<tr valign=\"TOP\">\n<td width=\"155\"><\/td>\n<td width=\"197\">RS280 \u2013 5,5 kW<\/td>\n<td width=\"241\">RS280 \u2013 7,5 kW<\/td>\n<\/tr>\n<tr valign=\"TOP\">\n<td width=\"155\">Noise level, dBa<\/td>\n<td width=\"197\">91-96<\/td>\n<td width=\"241\">91-96<\/td>\n<\/tr>\n<tr valign=\"TOP\">\n<td width=\"155\">Number of rollers<\/td>\n<td width=\"197\">2<\/td>\n<td width=\"241\">2<\/td>\n<\/tr>\n<tr valign=\"TOP\">\n<td width=\"155\">Roller diameter, mm<\/td>\n<td width=\"197\">312<\/td>\n<td width=\"241\">312<\/td>\n<\/tr>\n<tr valign=\"TOP\">\n<td width=\"155\">Roller width, mm<\/td>\n<td width=\"197\">170<\/td>\n<td width=\"241\">170<\/td>\n<\/tr>\n<tr valign=\"TOP\">\n<td width=\"155\">Motor 1500 rpm, kW<\/td>\n<td width=\"197\">5,5<\/td>\n<td width=\"241\">7,5<\/td>\n<\/tr>\n<tr valign=\"TOP\">\n<td width=\"155\">Weight, kg<\/td>\n<td width=\"197\">310<\/td>\n<td width=\"241\">320<\/td>\n<\/tr>\n<tr>\n<td colspan=\"3\" valign=\"TOP\" width=\"609\">\n<p align=\"CENTER\">Effiency, kg\/h<\/p>\n<\/td>\n<\/tr>\n<tr valign=\"TOP\">\n<td width=\"155\">Barley<\/td>\n<td width=\"197\">900<\/td>\n<td width=\"241\">1200<\/td>\n<\/tr>\n<tr valign=\"TOP\">\n<td width=\"155\">Wheat<\/td>\n<td width=\"197\">1300<\/td>\n<td width=\"241\">1750<\/td>\n<\/tr>\n<tr valign=\"TOP\">\n<td width=\"155\">Oats<\/td>\n<td width=\"197\">1000<\/td>\n<td width=\"241\">1350<\/td>\n<\/tr>\n<tr valign=\"TOP\">\n<td width=\"155\">Maize<\/td>\n<td width=\"197\">1100<\/td>\n<td width=\"241\">1400<\/td>\n<\/tr>\n<tr valign=\"TOP\">\n<td width=\"155\">Peas<\/td>\n<td width=\"197\">750<\/td>\n<td width=\"241\">1000<\/td>\n<\/tr>\n<\/tbody>\n<\/table>\n<p>[\/vc_column_text][\/vc_column][vc_column width=&#8221;1\/2&#8243;][vc_column_text]<\/p>\n<h4>RS-350<\/h4>\n<p>[\/vc_column_text][vc_empty_space][vc_column_text]<\/p>\n<table border=\"1\" width=\"619\" cellspacing=\"0\" cellpadding=\"4\">\n<colgroup>\n<col width=\"155\" \/>\n<col width=\"197\" \/>\n<col width=\"241\" \/> <\/colgroup>\n<tbody>\n<tr valign=\"TOP\">\n<td width=\"155\"><\/td>\n<td width=\"197\">RS350 \u2013 5,5 kW<\/td>\n<td width=\"241\">RS350 \u2013 7,5 kW<\/td>\n<\/tr>\n<tr valign=\"TOP\">\n<td width=\"155\">Noise level, dBa<\/td>\n<td width=\"197\">91-96<\/td>\n<td width=\"241\">91-96<\/td>\n<\/tr>\n<tr valign=\"TOP\">\n<td width=\"155\">Number of rollers<\/td>\n<td width=\"197\">3<\/td>\n<td width=\"241\">3<\/td>\n<\/tr>\n<tr valign=\"TOP\">\n<td width=\"155\">Roller diameter, mm<\/td>\n<td width=\"197\">130-312<\/td>\n<td width=\"241\">130-312<\/td>\n<\/tr>\n<tr valign=\"TOP\">\n<td width=\"155\">Roller width, mm<\/td>\n<td width=\"197\">170<\/td>\n<td width=\"241\">170<\/td>\n<\/tr>\n<tr valign=\"TOP\">\n<td width=\"155\">Motor 1500 rpm, kW<\/td>\n<td width=\"197\">5,5<\/td>\n<td width=\"241\">7,5<\/td>\n<\/tr>\n<tr valign=\"TOP\">\n<td width=\"155\">Weight, kg<\/td>\n<td width=\"197\">320<\/td>\n<td width=\"241\">335<\/td>\n<\/tr>\n<tr>\n<td colspan=\"3\" valign=\"TOP\" width=\"609\">\n<p align=\"CENTER\">Effiency, kg\/h<\/p>\n<\/td>\n<\/tr>\n<tr valign=\"TOP\">\n<td width=\"155\">Barley<\/td>\n<td width=\"197\">900<\/td>\n<td width=\"241\">1200<\/td>\n<\/tr>\n<tr valign=\"TOP\">\n<td width=\"155\">Wheat<\/td>\n<td width=\"197\">1300<\/td>\n<td width=\"241\">1750<\/td>\n<\/tr>\n<tr valign=\"TOP\">\n<td width=\"155\">Oats<\/td>\n<td width=\"197\">1000<\/td>\n<td width=\"241\">1350<\/td>\n<\/tr>\n<tr valign=\"TOP\">\n<td width=\"155\">Maize<\/td>\n<td width=\"197\">1100<\/td>\n<td width=\"241\">1400<\/td>\n<\/tr>\n<tr valign=\"TOP\">\n<td width=\"155\">Peas<\/td>\n<td width=\"197\">750<\/td>\n<td width=\"241\">1000<\/td>\n<\/tr>\n<\/tbody>\n<\/table>\n<p>[\/vc_column_text][\/vc_column][\/vc_row][vc_row][vc_column][vc_empty_space][vc_column_text]\n<div class=\"wpcf7 no-js\" id=\"wpcf7-f7827-o1\" lang=\"en-US\" dir=\"ltr\">\n<div class=\"screen-reader-response\"><p role=\"status\" aria-live=\"polite\" aria-atomic=\"true\"><\/p> <ul><\/ul><\/div>\n<form action=\"\/en\/wp-json\/wp\/v2\/pages\/9060#wpcf7-f7827-o1\" method=\"post\" class=\"wpcf7-form init\" aria-label=\"Contact form\" novalidate=\"novalidate\" data-status=\"init\">\n<div style=\"display: none;\">\n<input type=\"hidden\" name=\"_wpcf7\" value=\"7827\" \/>\n<input type=\"hidden\" name=\"_wpcf7_version\" value=\"5.8.7\" \/>\n<input type=\"hidden\" name=\"_wpcf7_locale\" value=\"en_US\" \/>\n<input type=\"hidden\" name=\"_wpcf7_unit_tag\" value=\"wpcf7-f7827-o1\" \/>\n<input type=\"hidden\" name=\"_wpcf7_container_post\" value=\"0\" \/>\n<input type=\"hidden\" name=\"_wpcf7_posted_data_hash\" value=\"\" \/>\n<input type=\"hidden\" name=\"_wpcf7_recaptcha_response\" value=\"\" \/>\n<\/div>\n<p><label> Your Name<br \/>\n<span class=\"wpcf7-form-control-wrap\" data-name=\"your-name\"><input size=\"40\" class=\"wpcf7-form-control wpcf7-text wpcf7-validates-as-required\" aria-required=\"true\" aria-invalid=\"false\" value=\"\" type=\"text\" name=\"your-name\" \/><\/span> <\/label>\n<\/p>\n<p><label> Your e-mail or phone number<br \/>\n<span class=\"wpcf7-form-control-wrap\" data-name=\"your-email\"><input size=\"40\" class=\"wpcf7-form-control wpcf7-email wpcf7-validates-as-required wpcf7-text wpcf7-validates-as-email\" aria-required=\"true\" aria-invalid=\"false\" value=\"\" type=\"email\" name=\"your-email\" \/><\/span> <\/label>\n<\/p>\n<p><label> Your message<br \/>\n<span class=\"wpcf7-form-control-wrap\" data-name=\"your-message\"><textarea cols=\"40\" rows=\"10\" class=\"wpcf7-form-control wpcf7-textarea\" aria-invalid=\"false\" name=\"your-message\"><\/textarea><\/span> <\/label>\n<\/p>\n<div class=\"wpc7-privacy-box\">\n\t<p><span class=\"wpcf7-form-control-wrap\" data-name=\"acceptance-125\"><span class=\"wpcf7-form-control wpcf7-acceptance\"><span class=\"wpcf7-list-item\"><label><input type=\"checkbox\" name=\"acceptance-125\" value=\"1\" aria-invalid=\"false\" \/><span class=\"wpcf7-list-item-label\">I have read and agree to the <a href=\"\/privacy-policy\" target=\"_blank\">privacy policy<\/a><\/span><\/label><\/span><\/span><\/span>\n\t<\/p>\n<\/div>\n<p><input class=\"wpcf7-form-control wpcf7-submit has-spinner\" type=\"submit\" value=\"Send\" \/>\n<\/p><div class=\"inv-recaptcha-holder\"><\/div><div class=\"wpcf7-response-output\" aria-hidden=\"true\"><\/div>\n<\/form>\n<\/div>\n[\/vc_column_text][vc_empty_space]<a itemprop=\"url\" href=\"https:\/\/www.agrosistemos.lt\/en\/farming-equipment\/grain-crushers\/\" target=\"_self\"  class=\"mkd-btn mkd-btn-medium mkd-btn-solid\"  >\n    <span class=\"mkd-btn-text\">Back<\/span>\n    <\/a>[vc_empty_space][\/vc_column][\/vc_row]<\/p>\n","protected":false},"excerpt":{"rendered":"<p>[vc_row][vc_column width=&#8221;2\/3&#8243;][vc_column_text] Grain crushers Skiold [\/vc_column_text][vc_empty_space][vc_column_text]Compact design Skiold grain crushers made to meet the highest quality standards and for crushing all kinds of cereal grains as well as for peas, beans, buckwheat, corn, flax seeds and the like. Low energy consumption, up to 70% less&#8230;<\/p>\n","protected":false},"author":4,"featured_media":0,"parent":9052,"menu_order":0,"comment_status":"closed","ping_status":"closed","template":"","meta":{"footnotes":""},"yoast_head":"<!-- This site is optimized with the Yoast SEO plugin v22.1 - https:\/\/yoast.com\/wordpress\/plugins\/seo\/ -->\n<title>Grain crushers Skiold | Agrosistemos | Farming equipment<\/title>\n<meta name=\"description\" content=\"Compact design Skiold grain crushers are up to the highest quality standards for crushing all types of grain.\" \/>\n<meta name=\"robots\" content=\"index, follow, max-snippet:-1, max-image-preview:large, max-video-preview:-1\" \/>\n<link rel=\"canonical\" href=\"https:\/\/www.agrosistemos.lt\/en\/farming-equipment\/grain-crushers\/skiold\/\" \/>\n<meta property=\"og:locale\" content=\"en_US\" \/>\n<meta property=\"og:type\" content=\"article\" \/>\n<meta property=\"og:title\" content=\"Grain crushers Skiold | Agrosistemos | Farming equipment\" \/>\n<meta property=\"og:description\" content=\"Compact design Skiold grain crushers are up to the highest quality standards for crushing all types of grain.\" \/>\n<meta property=\"og:url\" content=\"https:\/\/www.agrosistemos.lt\/en\/farming-equipment\/grain-crushers\/skiold\/\" \/>\n<meta property=\"og:site_name\" content=\"Agrosistemos\" \/>\n<meta property=\"article:publisher\" content=\"https:\/\/www.facebook.com\/agrosistemos\/\" \/>\n<meta property=\"article:modified_time\" content=\"2019-08-01T10:33:51+00:00\" \/>\n<meta property=\"og:image\" content=\"https:\/\/www.agrosistemos.lt\/wp-content\/uploads\/2017\/07\/logo.png\" \/>\n\t<meta property=\"og:image:width\" content=\"170\" \/>\n\t<meta property=\"og:image:height\" content=\"92\" \/>\n\t<meta property=\"og:image:type\" content=\"image\/png\" \/>\n<meta name=\"twitter:card\" content=\"summary_large_image\" \/>\n<meta name=\"twitter:label1\" content=\"Est. reading time\" \/>\n\t<meta name=\"twitter:data1\" content=\"2 minutes\" \/>\n<script type=\"application\/ld+json\" class=\"yoast-schema-graph\">{\"@context\":\"https:\/\/schema.org\",\"@graph\":[{\"@type\":\"WebPage\",\"@id\":\"https:\/\/www.agrosistemos.lt\/en\/farming-equipment\/grain-crushers\/skiold\/\",\"url\":\"https:\/\/www.agrosistemos.lt\/en\/farming-equipment\/grain-crushers\/skiold\/\",\"name\":\"Grain crushers Skiold | Agrosistemos | Farming equipment\",\"isPartOf\":{\"@id\":\"https:\/\/www.agrosistemos.lt\/ru\/#website\"},\"datePublished\":\"2018-03-26T07:26:19+00:00\",\"dateModified\":\"2019-08-01T10:33:51+00:00\",\"description\":\"Compact design Skiold grain crushers are up to the highest quality standards for crushing all types of grain.\",\"breadcrumb\":{\"@id\":\"https:\/\/www.agrosistemos.lt\/en\/farming-equipment\/grain-crushers\/skiold\/#breadcrumb\"},\"inLanguage\":\"en-US\",\"potentialAction\":[{\"@type\":\"ReadAction\",\"target\":[\"https:\/\/www.agrosistemos.lt\/en\/farming-equipment\/grain-crushers\/skiold\/\"]}]},{\"@type\":\"BreadcrumbList\",\"@id\":\"https:\/\/www.agrosistemos.lt\/en\/farming-equipment\/grain-crushers\/skiold\/#breadcrumb\",\"itemListElement\":[{\"@type\":\"ListItem\",\"position\":1,\"name\":\"Home\",\"item\":\"https:\/\/www.agrosistemos.lt\/en\/\"},{\"@type\":\"ListItem\",\"position\":2,\"name\":\"Gyvulininkyst\u0117s \u012franga\",\"item\":\"https:\/\/www.agrosistemos.lt\/en\/farming-equipment\/\"},{\"@type\":\"ListItem\",\"position\":3,\"name\":\"Gr\u016bd\u0173 trai\u0161kytuvai\",\"item\":\"https:\/\/www.agrosistemos.lt\/en\/farming-equipment\/grain-crushers\/\"},{\"@type\":\"ListItem\",\"position\":4,\"name\":\"Skiold\"}]},{\"@type\":\"WebSite\",\"@id\":\"https:\/\/www.agrosistemos.lt\/ru\/#website\",\"url\":\"https:\/\/www.agrosistemos.lt\/ru\/\",\"name\":\"Agrosistemos\",\"description\":\"Viskas moderniam \u016bkiui\",\"publisher\":{\"@id\":\"https:\/\/www.agrosistemos.lt\/ru\/#organization\"},\"potentialAction\":[{\"@type\":\"SearchAction\",\"target\":{\"@type\":\"EntryPoint\",\"urlTemplate\":\"https:\/\/www.agrosistemos.lt\/ru\/?s={search_term_string}\"},\"query-input\":\"required name=search_term_string\"}],\"inLanguage\":\"en-US\"},{\"@type\":\"Organization\",\"@id\":\"https:\/\/www.agrosistemos.lt\/ru\/#organization\",\"name\":\"UAB Agrosistemos\",\"url\":\"https:\/\/www.agrosistemos.lt\/ru\/\",\"logo\":{\"@type\":\"ImageObject\",\"inLanguage\":\"en-US\",\"@id\":\"https:\/\/www.agrosistemos.lt\/ru\/#\/schema\/logo\/image\/\",\"url\":\"https:\/\/www.agrosistemos.lt\/wp-content\/uploads\/2019\/03\/Piktogramai-e1582537433243.png\",\"contentUrl\":\"https:\/\/www.agrosistemos.lt\/wp-content\/uploads\/2019\/03\/Piktogramai-e1582537433243.png\",\"width\":100,\"height\":100,\"caption\":\"UAB Agrosistemos\"},\"image\":{\"@id\":\"https:\/\/www.agrosistemos.lt\/ru\/#\/schema\/logo\/image\/\"},\"sameAs\":[\"https:\/\/www.facebook.com\/agrosistemos\/\"]}]}<\/script>\n<!-- \/ Yoast SEO plugin. -->","yoast_head_json":{"title":"Grain crushers Skiold | Agrosistemos | Farming equipment","description":"Compact design Skiold grain crushers are up to the highest quality standards for crushing all types of grain.","robots":{"index":"index","follow":"follow","max-snippet":"max-snippet:-1","max-image-preview":"max-image-preview:large","max-video-preview":"max-video-preview:-1"},"canonical":"https:\/\/www.agrosistemos.lt\/en\/farming-equipment\/grain-crushers\/skiold\/","og_locale":"en_US","og_type":"article","og_title":"Grain crushers Skiold | Agrosistemos | Farming equipment","og_description":"Compact design Skiold grain crushers are up to the highest quality standards for crushing all types of grain.","og_url":"https:\/\/www.agrosistemos.lt\/en\/farming-equipment\/grain-crushers\/skiold\/","og_site_name":"Agrosistemos","article_publisher":"https:\/\/www.facebook.com\/agrosistemos\/","article_modified_time":"2019-08-01T10:33:51+00:00","og_image":[{"width":170,"height":92,"url":"https:\/\/www.agrosistemos.lt\/wp-content\/uploads\/2017\/07\/logo.png","type":"image\/png"}],"twitter_card":"summary_large_image","twitter_misc":{"Est. reading time":"2 minutes"},"schema":{"@context":"https:\/\/schema.org","@graph":[{"@type":"WebPage","@id":"https:\/\/www.agrosistemos.lt\/en\/farming-equipment\/grain-crushers\/skiold\/","url":"https:\/\/www.agrosistemos.lt\/en\/farming-equipment\/grain-crushers\/skiold\/","name":"Grain crushers Skiold | Agrosistemos | Farming equipment","isPartOf":{"@id":"https:\/\/www.agrosistemos.lt\/ru\/#website"},"datePublished":"2018-03-26T07:26:19+00:00","dateModified":"2019-08-01T10:33:51+00:00","description":"Compact design Skiold grain crushers are up to the highest quality standards for crushing all types of grain.","breadcrumb":{"@id":"https:\/\/www.agrosistemos.lt\/en\/farming-equipment\/grain-crushers\/skiold\/#breadcrumb"},"inLanguage":"en-US","potentialAction":[{"@type":"ReadAction","target":["https:\/\/www.agrosistemos.lt\/en\/farming-equipment\/grain-crushers\/skiold\/"]}]},{"@type":"BreadcrumbList","@id":"https:\/\/www.agrosistemos.lt\/en\/farming-equipment\/grain-crushers\/skiold\/#breadcrumb","itemListElement":[{"@type":"ListItem","position":1,"name":"Home","item":"https:\/\/www.agrosistemos.lt\/en\/"},{"@type":"ListItem","position":2,"name":"Gyvulininkyst\u0117s \u012franga","item":"https:\/\/www.agrosistemos.lt\/en\/farming-equipment\/"},{"@type":"ListItem","position":3,"name":"Gr\u016bd\u0173 trai\u0161kytuvai","item":"https:\/\/www.agrosistemos.lt\/en\/farming-equipment\/grain-crushers\/"},{"@type":"ListItem","position":4,"name":"Skiold"}]},{"@type":"WebSite","@id":"https:\/\/www.agrosistemos.lt\/ru\/#website","url":"https:\/\/www.agrosistemos.lt\/ru\/","name":"Agrosistemos","description":"Viskas moderniam \u016bkiui","publisher":{"@id":"https:\/\/www.agrosistemos.lt\/ru\/#organization"},"potentialAction":[{"@type":"SearchAction","target":{"@type":"EntryPoint","urlTemplate":"https:\/\/www.agrosistemos.lt\/ru\/?s={search_term_string}"},"query-input":"required name=search_term_string"}],"inLanguage":"en-US"},{"@type":"Organization","@id":"https:\/\/www.agrosistemos.lt\/ru\/#organization","name":"UAB Agrosistemos","url":"https:\/\/www.agrosistemos.lt\/ru\/","logo":{"@type":"ImageObject","inLanguage":"en-US","@id":"https:\/\/www.agrosistemos.lt\/ru\/#\/schema\/logo\/image\/","url":"https:\/\/www.agrosistemos.lt\/wp-content\/uploads\/2019\/03\/Piktogramai-e1582537433243.png","contentUrl":"https:\/\/www.agrosistemos.lt\/wp-content\/uploads\/2019\/03\/Piktogramai-e1582537433243.png","width":100,"height":100,"caption":"UAB Agrosistemos"},"image":{"@id":"https:\/\/www.agrosistemos.lt\/ru\/#\/schema\/logo\/image\/"},"sameAs":["https:\/\/www.facebook.com\/agrosistemos\/"]}]}},"_links":{"self":[{"href":"https:\/\/www.agrosistemos.lt\/en\/wp-json\/wp\/v2\/pages\/9060"}],"collection":[{"href":"https:\/\/www.agrosistemos.lt\/en\/wp-json\/wp\/v2\/pages"}],"about":[{"href":"https:\/\/www.agrosistemos.lt\/en\/wp-json\/wp\/v2\/types\/page"}],"author":[{"embeddable":true,"href":"https:\/\/www.agrosistemos.lt\/en\/wp-json\/wp\/v2\/users\/4"}],"replies":[{"embeddable":true,"href":"https:\/\/www.agrosistemos.lt\/en\/wp-json\/wp\/v2\/comments?post=9060"}],"version-history":[{"count":6,"href":"https:\/\/www.agrosistemos.lt\/en\/wp-json\/wp\/v2\/pages\/9060\/revisions"}],"predecessor-version":[{"id":9397,"href":"https:\/\/www.agrosistemos.lt\/en\/wp-json\/wp\/v2\/pages\/9060\/revisions\/9397"}],"up":[{"embeddable":true,"href":"https:\/\/www.agrosistemos.lt\/en\/wp-json\/wp\/v2\/pages\/9052"}],"wp:attachment":[{"href":"https:\/\/www.agrosistemos.lt\/en\/wp-json\/wp\/v2\/media?parent=9060"}],"curies":[{"name":"wp","href":"https:\/\/api.w.org\/{rel}","templated":true}]}}