{"id":8744,"date":"2018-03-28T10:32:08","date_gmt":"2018-03-28T10:32:08","guid":{"rendered":"https:\/\/www.agrosistemos.lt\/agricultural-machinery\/mowers\/rotacines-sieapjoves\/"},"modified":"2019-08-01T12:06:27","modified_gmt":"2019-08-01T12:06:27","slug":"rotary-mowers","status":"publish","type":"page","link":"https:\/\/www.agrosistemos.lt\/en\/agricultural-machinery\/mowers\/rotary-mowers\/","title":{"rendered":"Rotacin\u0117s \u0161ienapjov\u0117s"},"content":{"rendered":"<p>[vc_row][vc_column][vc_column_text]<\/p>\n<h3>Rotary mowers Talex<\/h3>\n<p>[\/vc_column_text][vc_empty_space][\/vc_column][\/vc_row][vc_row][vc_column width=&#8221;2\/3&#8243;][vc_column_text]<\/p>\n<h4>MINI MINI<\/h4>\n<p>The TALEX Mini Mini mower with a working width of 135 cm is a rotary mower with a central suspension for tractors from 14 HP. There are 4 blades in each of the two planes mounted on the three point system. The standard mower includes a working shaft, a protective sheet and two blades.[\/vc_column_text][vc_empty_space][vc_column_text]<\/p>\n<style type=\"text\/css\">\n\t<!-- @page { margin: 2cm } TD P { margin-bottom: 0cm } P { margin-bottom: 0.21cm } --><br \/>\n<\/style>\n<table border=\"1\" width=\"319\" cellspacing=\"0\" cellpadding=\"4\">\n<colgroup>\n<col width=\"201\" \/>\n<col width=\"100\" \/> <\/colgroup>\n<tbody>\n<tr valign=\"TOP\">\n<td width=\"201\">Type<\/td>\n<td width=\"100\">\n<p align=\"CENTER\">Z079<\/p>\n<\/td>\n<\/tr>\n<tr valign=\"TOP\">\n<td width=\"201\">Working width, m<\/td>\n<td width=\"100\">\n<p align=\"CENTER\">1,35<\/p>\n<\/td>\n<\/tr>\n<tr valign=\"TOP\">\n<td width=\"201\">Min tractor power, HP<\/td>\n<td width=\"100\">\n<p align=\"CENTER\">14<\/p>\n<\/td>\n<\/tr>\n<tr valign=\"TOP\">\n<td width=\"201\">Knife number<\/td>\n<td width=\"100\">\n<p align=\"CENTER\">8<\/p>\n<\/td>\n<\/tr>\n<tr valign=\"TOP\">\n<td width=\"201\">RPM<\/td>\n<td width=\"100\">\n<p align=\"CENTER\">540<\/p>\n<\/td>\n<\/tr>\n<tr valign=\"TOP\">\n<td width=\"201\">Weight, kg<\/td>\n<td width=\"100\">\n<p align=\"CENTER\">180<\/p>\n<\/td>\n<\/tr>\n<tr valign=\"TOP\">\n<td width=\"201\">PTO, Nm<\/td>\n<td width=\"100\">\n<p align=\"CENTER\">460<\/p>\n<\/td>\n<\/tr>\n<\/tbody>\n<\/table>\n<p>[\/vc_column_text][vc_empty_space][\/vc_column][vc_column width=&#8221;1\/3&#8243;][vc_single_image image=&#8221;4381&#8243; img_size=&#8221;full&#8221; onclick=&#8221;link_image&#8221;][vc_empty_space height=&#8221;16px&#8221;][vc_single_image image=&#8221;4382&#8243; img_size=&#8221;full&#8221; onclick=&#8221;link_image&#8221;][vc_empty_space height=&#8221;16px&#8221;][vc_single_image image=&#8221;4383&#8243; img_size=&#8221;full&#8221; onclick=&#8221;link_image&#8221;][vc_empty_space][\/vc_column][\/vc_row][vc_row][vc_column width=&#8221;2\/3&#8243;][vc_column_text]<\/p>\n<h4>MINI<\/h4>\n<p>This mower is mostly used width small tractors. Shorter design and reduced weight are its main advantages. The MINI rotary mower is designed for cutting grass or other small meadows. Reduced size is ideal for cutting in gardens, farmsteads or other places where open space is limited.[\/vc_column_text][vc_empty_space][vc_column_text]<\/p>\n<style type=\"text\/css\">\n\t<!-- @page { margin: 2cm } TD P { margin-bottom: 0cm } P { margin-bottom: 0.21cm } --><br \/>\n<\/style>\n<table border=\"1\" width=\"319\" cellspacing=\"0\" cellpadding=\"4\">\n<colgroup>\n<col width=\"201\" \/>\n<col width=\"100\" \/> <\/colgroup>\n<tbody>\n<tr valign=\"TOP\">\n<td width=\"201\">Type<\/td>\n<td width=\"100\">\n<p align=\"CENTER\">Z083<\/p>\n<\/td>\n<\/tr>\n<tr valign=\"TOP\">\n<td width=\"201\">Working width, m<\/td>\n<td width=\"100\">\n<p align=\"CENTER\">1,35<\/p>\n<\/td>\n<\/tr>\n<tr valign=\"TOP\">\n<td width=\"201\">Min tractor power, HP<\/td>\n<td width=\"100\">\n<p align=\"CENTER\">25<\/p>\n<\/td>\n<\/tr>\n<tr valign=\"TOP\">\n<td width=\"201\">Knife number<\/td>\n<td width=\"100\">\n<p align=\"CENTER\">4<\/p>\n<\/td>\n<\/tr>\n<tr valign=\"TOP\">\n<td width=\"201\">RPM<\/td>\n<td width=\"100\">\n<p align=\"CENTER\">540<\/p>\n<\/td>\n<\/tr>\n<tr valign=\"TOP\">\n<td width=\"201\">Weight, kg<\/td>\n<td width=\"100\">\n<p align=\"CENTER\">300<\/p>\n<\/td>\n<\/tr>\n<tr valign=\"TOP\">\n<td width=\"201\">PTO, Nm<\/td>\n<td width=\"100\">\n<p align=\"CENTER\">270<\/p>\n<\/td>\n<\/tr>\n<\/tbody>\n<\/table>\n<p>[\/vc_column_text][vc_empty_space][\/vc_column][vc_column width=&#8221;1\/3&#8243;][vc_single_image image=&#8221;4384&#8243; img_size=&#8221;full&#8221; onclick=&#8221;link_image&#8221;][vc_empty_space height=&#8221;16px&#8221;][vc_single_image image=&#8221;4385&#8243; img_size=&#8221;full&#8221; onclick=&#8221;link_image&#8221;][vc_empty_space][\/vc_column][\/vc_row][vc_row][vc_column width=&#8221;2\/3&#8243;][vc_column_text]<\/p>\n<h4>Z042<\/h4>\n<p>[\/vc_column_text][vc_empty_space][vc_column_text]<\/p>\n<style type=\"text\/css\">\n\t<!-- @page { margin: 2cm } TD P { margin-bottom: 0cm } P { margin-bottom: 0.21cm } --><br \/>\n<\/style>\n<table border=\"1\" width=\"537\" cellspacing=\"0\" cellpadding=\"4\">\n<colgroup>\n<col width=\"174\" \/>\n<col width=\"108\" \/>\n<col width=\"106\" \/>\n<col width=\"115\" \/> <\/colgroup>\n<tbody>\n<tr valign=\"TOP\">\n<td width=\"174\">Type<\/td>\n<td width=\"108\">\n<p align=\"CENTER\">Z042<\/p>\n<\/td>\n<td width=\"106\">\n<p align=\"CENTER\">Z042\/1<\/p>\n<\/td>\n<td width=\"115\">\n<p align=\"CENTER\">Z042\/2<\/p>\n<\/td>\n<\/tr>\n<tr valign=\"TOP\">\n<td width=\"174\">Working width, m<\/td>\n<td width=\"108\">\n<p align=\"CENTER\">1,35<\/p>\n<\/td>\n<td width=\"106\">\n<p align=\"CENTER\">1,65<\/p>\n<\/td>\n<td width=\"115\">\n<p align=\"CENTER\">1,85<\/p>\n<\/td>\n<\/tr>\n<tr valign=\"TOP\">\n<td width=\"174\">Min tractor power, HP<\/td>\n<td width=\"108\">\n<p align=\"CENTER\">25<\/p>\n<\/td>\n<td width=\"106\">\n<p align=\"CENTER\">40<\/p>\n<\/td>\n<td width=\"115\">\n<p align=\"CENTER\">60<\/p>\n<\/td>\n<\/tr>\n<tr valign=\"TOP\">\n<td width=\"174\">Knife number<\/td>\n<td width=\"108\">\n<p align=\"CENTER\">4<\/p>\n<\/td>\n<td width=\"106\">\n<p align=\"CENTER\">6<\/p>\n<\/td>\n<td width=\"115\">\n<p align=\"CENTER\">6<\/p>\n<\/td>\n<\/tr>\n<tr valign=\"TOP\">\n<td width=\"174\">RPM<\/td>\n<td width=\"108\">\n<p align=\"CENTER\">540<\/p>\n<\/td>\n<td width=\"106\">\n<p align=\"CENTER\">540<\/p>\n<\/td>\n<td width=\"115\">\n<p align=\"CENTER\">540<\/p>\n<\/td>\n<\/tr>\n<tr valign=\"TOP\">\n<td width=\"174\">Weight, kg<\/td>\n<td width=\"108\">\n<p align=\"CENTER\">300<\/p>\n<\/td>\n<td width=\"106\">\n<p align=\"CENTER\">349<\/p>\n<\/td>\n<td width=\"115\">\n<p align=\"CENTER\">410<\/p>\n<\/td>\n<\/tr>\n<tr valign=\"TOP\">\n<td width=\"174\">PTO, Nm<\/td>\n<td width=\"108\">\n<p align=\"CENTER\">270<\/p>\n<\/td>\n<td width=\"106\">\n<p align=\"CENTER\">270<\/p>\n<\/td>\n<td width=\"115\">\n<p align=\"CENTER\">460<\/p>\n<\/td>\n<\/tr>\n<\/tbody>\n<\/table>\n<p>[\/vc_column_text][vc_empty_space height=&#8221;64px&#8221;]<a itemprop=\"url\" href=\"https:\/\/www.agrosistemos.lt\/en\/agricultural-machinery\/mowers\/\" target=\"_self\"  class=\"mkd-btn mkd-btn-medium mkd-btn-solid\"  >\n    <span class=\"mkd-btn-text\">Back<\/span>\n    <\/a>[\/vc_column][vc_column width=&#8221;1\/3&#8243;][vc_single_image image=&#8221;4387&#8243; img_size=&#8221;full&#8221; onclick=&#8221;link_image&#8221;][vc_empty_space height=&#8221;16px&#8221;][vc_single_image image=&#8221;4388&#8243; img_size=&#8221;full&#8221; onclick=&#8221;link_image&#8221;][vc_empty_space][vc_column_text]\n<div class=\"wpcf7 no-js\" id=\"wpcf7-f7827-o1\" lang=\"en-US\" dir=\"ltr\">\n<div class=\"screen-reader-response\"><p role=\"status\" aria-live=\"polite\" aria-atomic=\"true\"><\/p> <ul><\/ul><\/div>\n<form action=\"\/en\/wp-json\/wp\/v2\/pages\/8744#wpcf7-f7827-o1\" method=\"post\" class=\"wpcf7-form init\" aria-label=\"Contact form\" novalidate=\"novalidate\" data-status=\"init\">\n<div style=\"display: none;\">\n<input type=\"hidden\" name=\"_wpcf7\" value=\"7827\" \/>\n<input type=\"hidden\" name=\"_wpcf7_version\" value=\"5.8.7\" \/>\n<input type=\"hidden\" name=\"_wpcf7_locale\" value=\"en_US\" \/>\n<input type=\"hidden\" name=\"_wpcf7_unit_tag\" value=\"wpcf7-f7827-o1\" \/>\n<input type=\"hidden\" name=\"_wpcf7_container_post\" value=\"0\" \/>\n<input type=\"hidden\" name=\"_wpcf7_posted_data_hash\" value=\"\" \/>\n<input type=\"hidden\" name=\"_wpcf7_recaptcha_response\" value=\"\" \/>\n<\/div>\n<p><label> Your Name<br \/>\n<span class=\"wpcf7-form-control-wrap\" data-name=\"your-name\"><input size=\"40\" class=\"wpcf7-form-control wpcf7-text wpcf7-validates-as-required\" aria-required=\"true\" aria-invalid=\"false\" value=\"\" type=\"text\" name=\"your-name\" \/><\/span> <\/label>\n<\/p>\n<p><label> Your e-mail or phone number<br \/>\n<span class=\"wpcf7-form-control-wrap\" data-name=\"your-email\"><input size=\"40\" class=\"wpcf7-form-control wpcf7-email wpcf7-validates-as-required wpcf7-text wpcf7-validates-as-email\" aria-required=\"true\" aria-invalid=\"false\" value=\"\" type=\"email\" name=\"your-email\" \/><\/span> <\/label>\n<\/p>\n<p><label> Your message<br \/>\n<span class=\"wpcf7-form-control-wrap\" data-name=\"your-message\"><textarea cols=\"40\" rows=\"10\" class=\"wpcf7-form-control wpcf7-textarea\" aria-invalid=\"false\" name=\"your-message\"><\/textarea><\/span> <\/label>\n<\/p>\n<div class=\"wpc7-privacy-box\">\n\t<p><span class=\"wpcf7-form-control-wrap\" data-name=\"acceptance-125\"><span class=\"wpcf7-form-control wpcf7-acceptance\"><span class=\"wpcf7-list-item\"><label><input type=\"checkbox\" name=\"acceptance-125\" value=\"1\" aria-invalid=\"false\" \/><span class=\"wpcf7-list-item-label\">I have read and agree to the <a href=\"\/privacy-policy\" target=\"_blank\">privacy policy<\/a><\/span><\/label><\/span><\/span><\/span>\n\t<\/p>\n<\/div>\n<p><input class=\"wpcf7-form-control wpcf7-submit has-spinner\" type=\"submit\" value=\"Send\" \/>\n<\/p><div class=\"inv-recaptcha-holder\"><\/div><div class=\"wpcf7-response-output\" aria-hidden=\"true\"><\/div>\n<\/form>\n<\/div>\n[\/vc_column_text][vc_empty_space][\/vc_column][\/vc_row]<\/p>\n","protected":false},"excerpt":{"rendered":"<p>[vc_row][vc_column][vc_column_text] Rotary mowers Talex [\/vc_column_text][vc_empty_space][\/vc_column][\/vc_row][vc_row][vc_column width=&#8221;2\/3&#8243;][vc_column_text] MINI MINI The TALEX Mini Mini mower with a working width of 135 cm is a rotary mower with a central suspension for tractors from 14 HP. There are 4 blades in each of the two planes mounted on&#8230;<\/p>\n","protected":false},"author":4,"featured_media":0,"parent":8735,"menu_order":0,"comment_status":"closed","ping_status":"closed","template":"","meta":{"footnotes":""},"yoast_head":"<!-- This site is optimized with the Yoast SEO plugin v22.1 - https:\/\/yoast.com\/wordpress\/plugins\/seo\/ -->\n<title>Rotary mowers | Agrosistemos | Agricultural machinery<\/title>\n<meta name=\"description\" content=\"The TALEX Mini Mini mower with a working width of 135 cm is a rotary mower with a central suspension for tractors from 14 HP.\" \/>\n<meta name=\"robots\" content=\"index, follow, max-snippet:-1, max-image-preview:large, max-video-preview:-1\" \/>\n<link rel=\"canonical\" href=\"https:\/\/www.agrosistemos.lt\/en\/agricultural-machinery\/mowers\/rotary-mowers\/\" \/>\n<meta property=\"og:locale\" content=\"en_US\" \/>\n<meta property=\"og:type\" content=\"article\" \/>\n<meta property=\"og:title\" content=\"Rotary mowers | Agrosistemos | Agricultural machinery\" \/>\n<meta property=\"og:description\" content=\"The TALEX Mini Mini mower with a working width of 135 cm is a rotary mower with a central suspension for tractors from 14 HP.\" \/>\n<meta property=\"og:url\" content=\"https:\/\/www.agrosistemos.lt\/en\/agricultural-machinery\/mowers\/rotary-mowers\/\" \/>\n<meta property=\"og:site_name\" content=\"Agrosistemos\" \/>\n<meta property=\"article:publisher\" content=\"https:\/\/www.facebook.com\/agrosistemos\/\" \/>\n<meta property=\"article:modified_time\" content=\"2019-08-01T12:06:27+00:00\" \/>\n<meta property=\"og:image\" content=\"https:\/\/www.agrosistemos.lt\/wp-content\/uploads\/2017\/07\/logo.png\" \/>\n\t<meta property=\"og:image:width\" content=\"170\" \/>\n\t<meta property=\"og:image:height\" content=\"92\" \/>\n\t<meta property=\"og:image:type\" content=\"image\/png\" \/>\n<meta name=\"twitter:card\" content=\"summary_large_image\" \/>\n<meta name=\"twitter:label1\" content=\"Est. reading time\" \/>\n\t<meta name=\"twitter:data1\" content=\"2 minutes\" \/>\n<script type=\"application\/ld+json\" class=\"yoast-schema-graph\">{\"@context\":\"https:\/\/schema.org\",\"@graph\":[{\"@type\":\"WebPage\",\"@id\":\"https:\/\/www.agrosistemos.lt\/en\/agricultural-machinery\/mowers\/rotary-mowers\/\",\"url\":\"https:\/\/www.agrosistemos.lt\/en\/agricultural-machinery\/mowers\/rotary-mowers\/\",\"name\":\"Rotary mowers | Agrosistemos | Agricultural machinery\",\"isPartOf\":{\"@id\":\"https:\/\/www.agrosistemos.lt\/ru\/#website\"},\"datePublished\":\"2018-03-28T10:32:08+00:00\",\"dateModified\":\"2019-08-01T12:06:27+00:00\",\"description\":\"The TALEX Mini Mini mower with a working width of 135 cm is a rotary mower with a central suspension for tractors from 14 HP.\",\"breadcrumb\":{\"@id\":\"https:\/\/www.agrosistemos.lt\/en\/agricultural-machinery\/mowers\/rotary-mowers\/#breadcrumb\"},\"inLanguage\":\"en-US\",\"potentialAction\":[{\"@type\":\"ReadAction\",\"target\":[\"https:\/\/www.agrosistemos.lt\/en\/agricultural-machinery\/mowers\/rotary-mowers\/\"]}]},{\"@type\":\"BreadcrumbList\",\"@id\":\"https:\/\/www.agrosistemos.lt\/en\/agricultural-machinery\/mowers\/rotary-mowers\/#breadcrumb\",\"itemListElement\":[{\"@type\":\"ListItem\",\"position\":1,\"name\":\"Home\",\"item\":\"https:\/\/www.agrosistemos.lt\/en\/\"},{\"@type\":\"ListItem\",\"position\":2,\"name\":\"Agricultural machinery\",\"item\":\"https:\/\/www.agrosistemos.lt\/en\/agricultural-machinery\/\"},{\"@type\":\"ListItem\",\"position\":3,\"name\":\"Private: \u0160ienapjov\u0117s\",\"item\":\"https:\/\/www.agrosistemos.lt\/en\/?page_id=8735\"},{\"@type\":\"ListItem\",\"position\":4,\"name\":\"Rotacin\u0117s \u0161ienapjov\u0117s\"}]},{\"@type\":\"WebSite\",\"@id\":\"https:\/\/www.agrosistemos.lt\/ru\/#website\",\"url\":\"https:\/\/www.agrosistemos.lt\/ru\/\",\"name\":\"Agrosistemos\",\"description\":\"Viskas moderniam \u016bkiui\",\"publisher\":{\"@id\":\"https:\/\/www.agrosistemos.lt\/ru\/#organization\"},\"potentialAction\":[{\"@type\":\"SearchAction\",\"target\":{\"@type\":\"EntryPoint\",\"urlTemplate\":\"https:\/\/www.agrosistemos.lt\/ru\/?s={search_term_string}\"},\"query-input\":\"required name=search_term_string\"}],\"inLanguage\":\"en-US\"},{\"@type\":\"Organization\",\"@id\":\"https:\/\/www.agrosistemos.lt\/ru\/#organization\",\"name\":\"UAB Agrosistemos\",\"url\":\"https:\/\/www.agrosistemos.lt\/ru\/\",\"logo\":{\"@type\":\"ImageObject\",\"inLanguage\":\"en-US\",\"@id\":\"https:\/\/www.agrosistemos.lt\/ru\/#\/schema\/logo\/image\/\",\"url\":\"https:\/\/www.agrosistemos.lt\/wp-content\/uploads\/2019\/03\/Piktogramai-e1582537433243.png\",\"contentUrl\":\"https:\/\/www.agrosistemos.lt\/wp-content\/uploads\/2019\/03\/Piktogramai-e1582537433243.png\",\"width\":100,\"height\":100,\"caption\":\"UAB Agrosistemos\"},\"image\":{\"@id\":\"https:\/\/www.agrosistemos.lt\/ru\/#\/schema\/logo\/image\/\"},\"sameAs\":[\"https:\/\/www.facebook.com\/agrosistemos\/\"]}]}<\/script>\n<!-- \/ Yoast SEO plugin. -->","yoast_head_json":{"title":"Rotary mowers | Agrosistemos | Agricultural machinery","description":"The TALEX Mini Mini mower with a working width of 135 cm is a rotary mower with a central suspension for tractors from 14 HP.","robots":{"index":"index","follow":"follow","max-snippet":"max-snippet:-1","max-image-preview":"max-image-preview:large","max-video-preview":"max-video-preview:-1"},"canonical":"https:\/\/www.agrosistemos.lt\/en\/agricultural-machinery\/mowers\/rotary-mowers\/","og_locale":"en_US","og_type":"article","og_title":"Rotary mowers | Agrosistemos | Agricultural machinery","og_description":"The TALEX Mini Mini mower with a working width of 135 cm is a rotary mower with a central suspension for tractors from 14 HP.","og_url":"https:\/\/www.agrosistemos.lt\/en\/agricultural-machinery\/mowers\/rotary-mowers\/","og_site_name":"Agrosistemos","article_publisher":"https:\/\/www.facebook.com\/agrosistemos\/","article_modified_time":"2019-08-01T12:06:27+00:00","og_image":[{"width":170,"height":92,"url":"https:\/\/www.agrosistemos.lt\/wp-content\/uploads\/2017\/07\/logo.png","type":"image\/png"}],"twitter_card":"summary_large_image","twitter_misc":{"Est. reading time":"2 minutes"},"schema":{"@context":"https:\/\/schema.org","@graph":[{"@type":"WebPage","@id":"https:\/\/www.agrosistemos.lt\/en\/agricultural-machinery\/mowers\/rotary-mowers\/","url":"https:\/\/www.agrosistemos.lt\/en\/agricultural-machinery\/mowers\/rotary-mowers\/","name":"Rotary mowers | Agrosistemos | Agricultural machinery","isPartOf":{"@id":"https:\/\/www.agrosistemos.lt\/ru\/#website"},"datePublished":"2018-03-28T10:32:08+00:00","dateModified":"2019-08-01T12:06:27+00:00","description":"The TALEX Mini Mini mower with a working width of 135 cm is a rotary mower with a central suspension for tractors from 14 HP.","breadcrumb":{"@id":"https:\/\/www.agrosistemos.lt\/en\/agricultural-machinery\/mowers\/rotary-mowers\/#breadcrumb"},"inLanguage":"en-US","potentialAction":[{"@type":"ReadAction","target":["https:\/\/www.agrosistemos.lt\/en\/agricultural-machinery\/mowers\/rotary-mowers\/"]}]},{"@type":"BreadcrumbList","@id":"https:\/\/www.agrosistemos.lt\/en\/agricultural-machinery\/mowers\/rotary-mowers\/#breadcrumb","itemListElement":[{"@type":"ListItem","position":1,"name":"Home","item":"https:\/\/www.agrosistemos.lt\/en\/"},{"@type":"ListItem","position":2,"name":"Agricultural machinery","item":"https:\/\/www.agrosistemos.lt\/en\/agricultural-machinery\/"},{"@type":"ListItem","position":3,"name":"Private: \u0160ienapjov\u0117s","item":"https:\/\/www.agrosistemos.lt\/en\/?page_id=8735"},{"@type":"ListItem","position":4,"name":"Rotacin\u0117s \u0161ienapjov\u0117s"}]},{"@type":"WebSite","@id":"https:\/\/www.agrosistemos.lt\/ru\/#website","url":"https:\/\/www.agrosistemos.lt\/ru\/","name":"Agrosistemos","description":"Viskas moderniam \u016bkiui","publisher":{"@id":"https:\/\/www.agrosistemos.lt\/ru\/#organization"},"potentialAction":[{"@type":"SearchAction","target":{"@type":"EntryPoint","urlTemplate":"https:\/\/www.agrosistemos.lt\/ru\/?s={search_term_string}"},"query-input":"required name=search_term_string"}],"inLanguage":"en-US"},{"@type":"Organization","@id":"https:\/\/www.agrosistemos.lt\/ru\/#organization","name":"UAB Agrosistemos","url":"https:\/\/www.agrosistemos.lt\/ru\/","logo":{"@type":"ImageObject","inLanguage":"en-US","@id":"https:\/\/www.agrosistemos.lt\/ru\/#\/schema\/logo\/image\/","url":"https:\/\/www.agrosistemos.lt\/wp-content\/uploads\/2019\/03\/Piktogramai-e1582537433243.png","contentUrl":"https:\/\/www.agrosistemos.lt\/wp-content\/uploads\/2019\/03\/Piktogramai-e1582537433243.png","width":100,"height":100,"caption":"UAB Agrosistemos"},"image":{"@id":"https:\/\/www.agrosistemos.lt\/ru\/#\/schema\/logo\/image\/"},"sameAs":["https:\/\/www.facebook.com\/agrosistemos\/"]}]}},"_links":{"self":[{"href":"https:\/\/www.agrosistemos.lt\/en\/wp-json\/wp\/v2\/pages\/8744"}],"collection":[{"href":"https:\/\/www.agrosistemos.lt\/en\/wp-json\/wp\/v2\/pages"}],"about":[{"href":"https:\/\/www.agrosistemos.lt\/en\/wp-json\/wp\/v2\/types\/page"}],"author":[{"embeddable":true,"href":"https:\/\/www.agrosistemos.lt\/en\/wp-json\/wp\/v2\/users\/4"}],"replies":[{"embeddable":true,"href":"https:\/\/www.agrosistemos.lt\/en\/wp-json\/wp\/v2\/comments?post=8744"}],"version-history":[{"count":4,"href":"https:\/\/www.agrosistemos.lt\/en\/wp-json\/wp\/v2\/pages\/8744\/revisions"}],"predecessor-version":[{"id":9472,"href":"https:\/\/www.agrosistemos.lt\/en\/wp-json\/wp\/v2\/pages\/8744\/revisions\/9472"}],"up":[{"embeddable":true,"href":"https:\/\/www.agrosistemos.lt\/en\/wp-json\/wp\/v2\/pages\/8735"}],"wp:attachment":[{"href":"https:\/\/www.agrosistemos.lt\/en\/wp-json\/wp\/v2\/media?parent=8744"}],"curies":[{"name":"wp","href":"https:\/\/api.w.org\/{rel}","templated":true}]}}