{"id":8249,"date":"2018-04-04T05:56:34","date_gmt":"2018-04-04T05:56:34","guid":{"rendered":"https:\/\/www.agrosistemos.lt\/gallery\/ka-pasesi\/"},"modified":"2020-02-20T07:47:41","modified_gmt":"2020-02-20T07:47:41","slug":"ka-pasesi","status":"publish","type":"page","link":"https:\/\/www.agrosistemos.lt\/en\/gallery\/ka-pasesi\/","title":{"rendered":"&#8220;K\u0105 pas\u0117si&#8230;&#8221;"},"content":{"rendered":"<p>[vc_row][vc_column width=&#8221;5\/12&#8243;][vc_column_text]<\/p>\n<h4 style=\"text-align: center;\">&#8220;K\u0105 pas\u0117si&#8230;2018&#8221;<\/h4>\n<p>[\/vc_column_text][vc_empty_space][vc_gallery type=&#8221;flexslider_slide&#8221; interval=&#8221;0&#8243; images=&#8221;4837,4838,4839,4840,4851,4841,4842,4843,4844,4845,4846,4847,4848,4849,4850,4852,4853,4854,4855,4856,4857,4858,4859,4860,4861,4835,4832&#8243; img_size=&#8221;full&#8221;][vc_empty_space][\/vc_column][vc_column width=&#8221;1\/12&#8243;][\/vc_column][vc_column width=&#8221;5\/12&#8243;][vc_column_text]<\/p>\n<h4 style=\"text-align: center;\">&#8220;K\u0105 pas\u0117si&#8230;2017&#8221;<\/h4>\n<p>[\/vc_column_text][vc_empty_space][vc_gallery type=&#8221;flexslider_slide&#8221; interval=&#8221;0&#8243; images=&#8221;4862,4863,4864,4865,4866,4867,4868,4869,4870,4871,4872,4874,4875,4876,4877,4878&#8243; img_size=&#8221;full&#8221;][vc_empty_space][\/vc_column][\/vc_row][vc_row][vc_column][vc_empty_space]<a itemprop=\"url\" href=\"http:\/\/www.agrosistemos.lt\/galerija\/\" target=\"_self\"  class=\"mkd-btn mkd-btn-medium mkd-btn-solid\"  >\n    <span class=\"mkd-btn-text\">Gr\u012f\u017eti atgal<\/span>\n    <\/a>[vc_empty_space][\/vc_column][\/vc_row]<\/p>\n","protected":false},"excerpt":{"rendered":"<p>[vc_row][vc_column width=&#8221;5\/12&#8243;][vc_column_text] &#8220;K\u0105 pas\u0117si&#8230;2018&#8221; [\/vc_column_text][vc_empty_space][vc_gallery type=&#8221;flexslider_slide&#8221; interval=&#8221;0&#8243; images=&#8221;4837,4838,4839,4840,4851,4841,4842,4843,4844,4845,4846,4847,4848,4849,4850,4852,4853,4854,4855,4856,4857,4858,4859,4860,4861,4835,4832&#8243; img_size=&#8221;full&#8221;][vc_empty_space][\/vc_column][vc_column width=&#8221;1\/12&#8243;][\/vc_column][vc_column width=&#8221;5\/12&#8243;][vc_column_text] &#8220;K\u0105 pas\u0117si&#8230;2017&#8221; [\/vc_column_text][vc_empty_space][vc_gallery type=&#8221;flexslider_slide&#8221; interval=&#8221;0&#8243; images=&#8221;4862,4863,4864,4865,4866,4867,4868,4869,4870,4871,4872,4874,4875,4876,4877,4878&#8243; img_size=&#8221;full&#8221;][vc_empty_space][\/vc_column][\/vc_row][vc_row][vc_column][vc_empty_space][vc_empty_space][\/vc_column][\/vc_row]<\/p>\n","protected":false},"author":4,"featured_media":0,"parent":7818,"menu_order":0,"comment_status":"closed","ping_status":"closed","template":"","meta":{"footnotes":""},"yoast_head":"<!-- This site is optimized with the Yoast SEO plugin v22.1 - https:\/\/yoast.com\/wordpress\/plugins\/seo\/ -->\n<title>&quot;K\u0105 pas\u0117si...&quot; | Agrosistemos | Moderniam \u016bkiui<\/title>\n<meta name=\"description\" content=\"Dalyvavome parodoje K\u0105 pas\u0117si 2018 o \u010dia akimirkos i\u0161 parodos. Patyr\u0119 \u017eem\u0117s \u016bkio specialistai dalinosi savo patirtimi su \u016akininkais.\" \/>\n<meta name=\"robots\" content=\"index, follow, max-snippet:-1, max-image-preview:large, max-video-preview:-1\" \/>\n<link rel=\"canonical\" href=\"https:\/\/www.agrosistemos.lt\/en\/gallery\/ka-pasesi\/\" \/>\n<meta property=\"og:locale\" content=\"en_US\" \/>\n<meta property=\"og:type\" content=\"article\" \/>\n<meta property=\"og:title\" content=\"&quot;K\u0105 pas\u0117si...&quot; | Agrosistemos | Moderniam \u016bkiui\" \/>\n<meta property=\"og:description\" content=\"Dalyvavome parodoje K\u0105 pas\u0117si 2018 o \u010dia akimirkos i\u0161 parodos. Patyr\u0119 \u017eem\u0117s \u016bkio specialistai dalinosi savo patirtimi su \u016akininkais.\" \/>\n<meta property=\"og:url\" content=\"https:\/\/www.agrosistemos.lt\/en\/gallery\/ka-pasesi\/\" \/>\n<meta property=\"og:site_name\" content=\"Agrosistemos\" \/>\n<meta property=\"article:publisher\" content=\"https:\/\/www.facebook.com\/agrosistemos\/\" \/>\n<meta property=\"article:modified_time\" content=\"2020-02-20T07:47:41+00:00\" \/>\n<meta property=\"og:image\" content=\"https:\/\/www.agrosistemos.lt\/wp-content\/uploads\/2017\/07\/logo.png\" \/>\n\t<meta property=\"og:image:width\" content=\"170\" \/>\n\t<meta property=\"og:image:height\" content=\"92\" \/>\n\t<meta property=\"og:image:type\" content=\"image\/png\" \/>\n<meta name=\"twitter:card\" content=\"summary_large_image\" \/>\n<meta name=\"twitter:label1\" content=\"Est. reading time\" \/>\n\t<meta name=\"twitter:data1\" content=\"1 minute\" \/>\n<script type=\"application\/ld+json\" class=\"yoast-schema-graph\">{\"@context\":\"https:\/\/schema.org\",\"@graph\":[{\"@type\":\"WebPage\",\"@id\":\"https:\/\/www.agrosistemos.lt\/en\/gallery\/ka-pasesi\/\",\"url\":\"https:\/\/www.agrosistemos.lt\/en\/gallery\/ka-pasesi\/\",\"name\":\"\\\"K\u0105 pas\u0117si...\\\" | Agrosistemos | Moderniam \u016bkiui\",\"isPartOf\":{\"@id\":\"https:\/\/www.agrosistemos.lt\/ru\/#website\"},\"datePublished\":\"2018-04-04T05:56:34+00:00\",\"dateModified\":\"2020-02-20T07:47:41+00:00\",\"description\":\"Dalyvavome parodoje K\u0105 pas\u0117si 2018 o \u010dia akimirkos i\u0161 parodos. Patyr\u0119 \u017eem\u0117s \u016bkio specialistai dalinosi savo patirtimi su \u016akininkais.\",\"breadcrumb\":{\"@id\":\"https:\/\/www.agrosistemos.lt\/en\/gallery\/ka-pasesi\/#breadcrumb\"},\"inLanguage\":\"en-US\",\"potentialAction\":[{\"@type\":\"ReadAction\",\"target\":[\"https:\/\/www.agrosistemos.lt\/en\/gallery\/ka-pasesi\/\"]}]},{\"@type\":\"BreadcrumbList\",\"@id\":\"https:\/\/www.agrosistemos.lt\/en\/gallery\/ka-pasesi\/#breadcrumb\",\"itemListElement\":[{\"@type\":\"ListItem\",\"position\":1,\"name\":\"Home\",\"item\":\"https:\/\/www.agrosistemos.lt\/en\/\"},{\"@type\":\"ListItem\",\"position\":2,\"name\":\"Gallery\",\"item\":\"https:\/\/www.agrosistemos.lt\/en\/gallery\/\"},{\"@type\":\"ListItem\",\"position\":3,\"name\":\"&#8220;K\u0105 pas\u0117si&#8230;&#8221;\"}]},{\"@type\":\"WebSite\",\"@id\":\"https:\/\/www.agrosistemos.lt\/ru\/#website\",\"url\":\"https:\/\/www.agrosistemos.lt\/ru\/\",\"name\":\"Agrosistemos\",\"description\":\"Viskas moderniam \u016bkiui\",\"publisher\":{\"@id\":\"https:\/\/www.agrosistemos.lt\/ru\/#organization\"},\"potentialAction\":[{\"@type\":\"SearchAction\",\"target\":{\"@type\":\"EntryPoint\",\"urlTemplate\":\"https:\/\/www.agrosistemos.lt\/ru\/?s={search_term_string}\"},\"query-input\":\"required name=search_term_string\"}],\"inLanguage\":\"en-US\"},{\"@type\":\"Organization\",\"@id\":\"https:\/\/www.agrosistemos.lt\/ru\/#organization\",\"name\":\"UAB Agrosistemos\",\"url\":\"https:\/\/www.agrosistemos.lt\/ru\/\",\"logo\":{\"@type\":\"ImageObject\",\"inLanguage\":\"en-US\",\"@id\":\"https:\/\/www.agrosistemos.lt\/ru\/#\/schema\/logo\/image\/\",\"url\":\"https:\/\/www.agrosistemos.lt\/wp-content\/uploads\/2019\/03\/Piktogramai-e1582537433243.png\",\"contentUrl\":\"https:\/\/www.agrosistemos.lt\/wp-content\/uploads\/2019\/03\/Piktogramai-e1582537433243.png\",\"width\":100,\"height\":100,\"caption\":\"UAB Agrosistemos\"},\"image\":{\"@id\":\"https:\/\/www.agrosistemos.lt\/ru\/#\/schema\/logo\/image\/\"},\"sameAs\":[\"https:\/\/www.facebook.com\/agrosistemos\/\"]}]}<\/script>\n<!-- \/ Yoast SEO plugin. -->","yoast_head_json":{"title":"\"K\u0105 pas\u0117si...\" | Agrosistemos | Moderniam \u016bkiui","description":"Dalyvavome parodoje K\u0105 pas\u0117si 2018 o \u010dia akimirkos i\u0161 parodos. Patyr\u0119 \u017eem\u0117s \u016bkio specialistai dalinosi savo patirtimi su \u016akininkais.","robots":{"index":"index","follow":"follow","max-snippet":"max-snippet:-1","max-image-preview":"max-image-preview:large","max-video-preview":"max-video-preview:-1"},"canonical":"https:\/\/www.agrosistemos.lt\/en\/gallery\/ka-pasesi\/","og_locale":"en_US","og_type":"article","og_title":"\"K\u0105 pas\u0117si...\" | Agrosistemos | Moderniam \u016bkiui","og_description":"Dalyvavome parodoje K\u0105 pas\u0117si 2018 o \u010dia akimirkos i\u0161 parodos. Patyr\u0119 \u017eem\u0117s \u016bkio specialistai dalinosi savo patirtimi su \u016akininkais.","og_url":"https:\/\/www.agrosistemos.lt\/en\/gallery\/ka-pasesi\/","og_site_name":"Agrosistemos","article_publisher":"https:\/\/www.facebook.com\/agrosistemos\/","article_modified_time":"2020-02-20T07:47:41+00:00","og_image":[{"width":170,"height":92,"url":"https:\/\/www.agrosistemos.lt\/wp-content\/uploads\/2017\/07\/logo.png","type":"image\/png"}],"twitter_card":"summary_large_image","twitter_misc":{"Est. reading time":"1 minute"},"schema":{"@context":"https:\/\/schema.org","@graph":[{"@type":"WebPage","@id":"https:\/\/www.agrosistemos.lt\/en\/gallery\/ka-pasesi\/","url":"https:\/\/www.agrosistemos.lt\/en\/gallery\/ka-pasesi\/","name":"\"K\u0105 pas\u0117si...\" | Agrosistemos | Moderniam \u016bkiui","isPartOf":{"@id":"https:\/\/www.agrosistemos.lt\/ru\/#website"},"datePublished":"2018-04-04T05:56:34+00:00","dateModified":"2020-02-20T07:47:41+00:00","description":"Dalyvavome parodoje K\u0105 pas\u0117si 2018 o \u010dia akimirkos i\u0161 parodos. Patyr\u0119 \u017eem\u0117s \u016bkio specialistai dalinosi savo patirtimi su \u016akininkais.","breadcrumb":{"@id":"https:\/\/www.agrosistemos.lt\/en\/gallery\/ka-pasesi\/#breadcrumb"},"inLanguage":"en-US","potentialAction":[{"@type":"ReadAction","target":["https:\/\/www.agrosistemos.lt\/en\/gallery\/ka-pasesi\/"]}]},{"@type":"BreadcrumbList","@id":"https:\/\/www.agrosistemos.lt\/en\/gallery\/ka-pasesi\/#breadcrumb","itemListElement":[{"@type":"ListItem","position":1,"name":"Home","item":"https:\/\/www.agrosistemos.lt\/en\/"},{"@type":"ListItem","position":2,"name":"Gallery","item":"https:\/\/www.agrosistemos.lt\/en\/gallery\/"},{"@type":"ListItem","position":3,"name":"&#8220;K\u0105 pas\u0117si&#8230;&#8221;"}]},{"@type":"WebSite","@id":"https:\/\/www.agrosistemos.lt\/ru\/#website","url":"https:\/\/www.agrosistemos.lt\/ru\/","name":"Agrosistemos","description":"Viskas moderniam \u016bkiui","publisher":{"@id":"https:\/\/www.agrosistemos.lt\/ru\/#organization"},"potentialAction":[{"@type":"SearchAction","target":{"@type":"EntryPoint","urlTemplate":"https:\/\/www.agrosistemos.lt\/ru\/?s={search_term_string}"},"query-input":"required name=search_term_string"}],"inLanguage":"en-US"},{"@type":"Organization","@id":"https:\/\/www.agrosistemos.lt\/ru\/#organization","name":"UAB Agrosistemos","url":"https:\/\/www.agrosistemos.lt\/ru\/","logo":{"@type":"ImageObject","inLanguage":"en-US","@id":"https:\/\/www.agrosistemos.lt\/ru\/#\/schema\/logo\/image\/","url":"https:\/\/www.agrosistemos.lt\/wp-content\/uploads\/2019\/03\/Piktogramai-e1582537433243.png","contentUrl":"https:\/\/www.agrosistemos.lt\/wp-content\/uploads\/2019\/03\/Piktogramai-e1582537433243.png","width":100,"height":100,"caption":"UAB Agrosistemos"},"image":{"@id":"https:\/\/www.agrosistemos.lt\/ru\/#\/schema\/logo\/image\/"},"sameAs":["https:\/\/www.facebook.com\/agrosistemos\/"]}]}},"_links":{"self":[{"href":"https:\/\/www.agrosistemos.lt\/en\/wp-json\/wp\/v2\/pages\/8249"}],"collection":[{"href":"https:\/\/www.agrosistemos.lt\/en\/wp-json\/wp\/v2\/pages"}],"about":[{"href":"https:\/\/www.agrosistemos.lt\/en\/wp-json\/wp\/v2\/types\/page"}],"author":[{"embeddable":true,"href":"https:\/\/www.agrosistemos.lt\/en\/wp-json\/wp\/v2\/users\/4"}],"replies":[{"embeddable":true,"href":"https:\/\/www.agrosistemos.lt\/en\/wp-json\/wp\/v2\/comments?post=8249"}],"version-history":[{"count":3,"href":"https:\/\/www.agrosistemos.lt\/en\/wp-json\/wp\/v2\/pages\/8249\/revisions"}],"predecessor-version":[{"id":9657,"href":"https:\/\/www.agrosistemos.lt\/en\/wp-json\/wp\/v2\/pages\/8249\/revisions\/9657"}],"up":[{"embeddable":true,"href":"https:\/\/www.agrosistemos.lt\/en\/wp-json\/wp\/v2\/pages\/7818"}],"wp:attachment":[{"href":"https:\/\/www.agrosistemos.lt\/en\/wp-json\/wp\/v2\/media?parent=8249"}],"curies":[{"name":"wp","href":"https:\/\/api.w.org\/{rel}","templated":true}]}}