{"id":7823,"date":"2016-10-27T12:48:31","date_gmt":"2016-10-27T12:48:31","guid":{"rendered":"https:\/\/www.agrosistemos.lt\/kontaktai\/"},"modified":"2020-12-01T20:22:23","modified_gmt":"2020-12-01T20:22:23","slug":"contact-us","status":"publish","type":"page","link":"https:\/\/www.agrosistemos.lt\/en\/contact-us\/","title":{"rendered":"Contact us"},"content":{"rendered":"<p>[vc_row][vc_column][vc_raw_html]JTNDaWZyYW1lJTIwc3JjJTNEJTIyaHR0cHMlM0ElMkYlMkZ3d3cuZ29vZ2xlLmNvbSUyRm1hcHMlMkZlbWJlZCUzRnBiJTNEJTIxMW0xOCUyMTFtMTIlMjExbTMlMjExZDIyOTAuOTg1Mzg4MjMwMDc2MyUyMTJkMjMuOTAyOTM3MTE2MjQwNDglMjEzZDU0Ljk1NTgxNjg4MDM0Nzc3JTIxMm0zJTIxMWYwJTIxMmYwJTIxM2YwJTIxM20yJTIxMWkxMDI0JTIxMmk3NjglMjE0ZjEzLjElMjEzbTMlMjExbTIlMjExczB4NDZlNzFmMWRlMTA1OWUxMSUyNTNBMHg1NzVhYTJmYzlkOTIzZjUyJTIxMnNBZ3Jvc2lzdGVtb3MlMjE1ZTAlMjEzbTIlMjExc2VuJTIxMnNsdCUyMTR2MTUzNTQ4MDQzMDAyNSUyMiUyMHdpZHRoJTNEJTIyMTAwJTI1JTIyJTIwaGVpZ2h0JTNEJTIyNDUwJTIyJTIwZnJhbWVib3JkZXIlM0QlMjIwJTIyJTIwc3R5bGUlM0QlMjJib3JkZXIlM0EwJTIyJTIwYWxsb3dmdWxsc2NyZWVuJTNFJTNDJTJGaWZyYW1lJTNF[\/vc_raw_html][\/vc_column][\/vc_row][vc_row content_width=&#8221;grid&#8221; css=&#8221;.vc_custom_1477575832892{padding-top: 61px !important;padding-bottom: 56px !important;}&#8221;][vc_column offset=&#8221;vc_col-lg-6&#8243;][vc_column_text]<\/p>\n<h2>Contact Us<\/h2>\n<p>[\/vc_column_text]<div class=\"mkd-separator-holder clearfix  mkd-separator-left\">\n\t<div class=\"mkd-separator\" style=\"border-color: #fdc94b;width: 40px;border-bottom-width: 2px;margin-top: 22px;margin-bottom: 22px\"><\/div>\n<\/div>\n[vc_row_inner][vc_column_inner width=&#8221;1\/2&#8243;][vc_column_text]<\/p>\n<h5>UAB \u201eAgrosistemos\u201c<\/h5>\n<p>[\/vc_column_text][vc_empty_space height=&#8221;28px&#8221;]\n<div class=\"mkd-unordered-list \" >\n\n            <ul>\n                            <li class=\"mkd-list-item\">\n\n                    \n                    <span class=\"icon\"><i class=\"mkd-icon-simple-line-icon icon-location-pin \" style=\"color:#fdc94b;font-size:18px\" ><\/i><\/span>\n                    <span class=\"text\" style=\"color:#929191;font-size:15px\">Muitin\u0117s g. 2A, Domeikavos k., Kauno raj. LT-54359<\/span>\n                <\/li>\n                            <li class=\"mkd-list-item\">\n\n                    \n                    <span class=\"icon\"><i class=\"mkd-icon-simple-line-icon icon-phone \" style=\"color:#fdc94b;font-size:18px\" ><\/i><\/span>\n                    <span class=\"text\" style=\"color:#929191;font-size:15px\">+370 37 261612<\/span>\n                <\/li>\n                            <li class=\"mkd-list-item\">\n\n                    \n                    <span class=\"icon\"><i class=\"mkd-icon-simple-line-icon icon-envelope-open \" style=\"color:#fdc94b;font-size:18px\" ><\/i><\/span>\n                    <span class=\"text\" style=\"color:#929191;font-size:15px\">info@agrosistemos.lt<\/span>\n                <\/li>\n                    <\/ul>\n    \n<\/div>[vc_empty_space height=&#8221;30px&#8221;][vc_column_text]<\/p>\n<h5>Company details<\/h5>\n<p>[\/vc_column_text][vc_empty_space height=&#8221;28px&#8221;]\n<div class=\"mkd-unordered-list \" >\n\n            <ul>\n                            <li class=\"mkd-list-item\">\n\n                    \n                    <span class=\"icon\"><i class=\"mkd-icon-simple-line-icon icon-note \" style=\"color:#fdc94b;font-size:18px\" ><\/i><\/span>\n                    <span class=\"text\" style=\"color:#929191;font-size:15px\">Reg. No. 302498218<\/span>\n                <\/li>\n                            <li class=\"mkd-list-item\">\n\n                    \n                    <span class=\"icon\"><i class=\"mkd-icon-simple-line-icon icon-info \" style=\"color:#fdc94b;font-size:18px\" ><\/i><\/span>\n                    <span class=\"text\" style=\"color:#929191;font-size:15px\">VAT LT100005313011<\/span>\n                <\/li>\n                            <li class=\"mkd-list-item\">\n\n                    \n                    <span class=\"icon\"><i class=\"mkd-icon-simple-line-icon icon-credit-card \" style=\"color:#fdc94b;font-size:18px\" ><\/i><\/span>\n                    <span class=\"text\" style=\"color:#929191;font-size:15px\">Checking acc. No. LT35 4010 0425 0283 2746 AB Luminor bankas, Bank code40100<\/span>\n                <\/li>\n                            <li class=\"mkd-list-item\">\n\n                    \n                    <span class=\"icon\"><i class=\"mkd-icon-simple-line-icon icon-credit-card \" style=\"color:#fdc94b;font-size:18px\" ><\/i><\/span>\n                    <span class=\"text\" style=\"color:#929191;font-size:15px\">Checking acc. No. LT89 7044 0600 0787 1986 AB SEB bankas, Bank code 70440<\/span>\n                <\/li>\n                    <\/ul>\n    \n<\/div>[\/vc_column_inner][vc_column_inner width=&#8221;1\/2&#8243;][vc_empty_space height=&#8221;30px&#8221;][\/vc_column_inner][\/vc_row_inner][vc_empty_space height=&#8221;9px&#8221;][\/vc_column][vc_column offset=&#8221;vc_col-lg-6&#8243;][vc_row_inner][vc_column_inner width=&#8221;1\/3&#8243;][vc_column_text]<\/p>\n<h4 style=\"text-align: left;\">Partners in Latvia<\/h4>\n<p><strong>SIA Agrosistemos LV<\/strong><\/p>\n<p>Avi\u0101cijas iela 18, Jelgava<br \/>\nMob. +37129991797<br \/>\nMob. +37127095705<br \/>\n<a href=\"mailto:info@agrosistemos.lv\">info@agrosistemos.lv<\/a><br \/>\n<a href=\"http:\/\/www.agrosistemos.lv\">www.agrosistemos.lv<\/a>[\/vc_column_text][\/vc_column_inner][vc_column_inner width=&#8221;2\/3&#8243;][vc_column_text]<\/p>\n<h4 style=\"text-align: left;\">Partners in Estonia<\/h4>\n<p><strong>Agrosistemos EE O\u00dc<\/strong><\/p>\n<p>Miiduranna tee 46, Miiduranna kula, EE-74015, Viimsi vald, Harju maakond<br \/>\nMob. +37255634634<br \/>\n<a href=\"mailto:info@agrosistemos.ee\">info@agrosistemos.ee<\/a><br \/>\n<a href=\"http:\/\/www.agrosistemos.ee\">www.agrosistemos.ee<\/a>[\/vc_column_text][\/vc_column_inner][\/vc_row_inner][vc_empty_space height=&#8221;29px&#8221;][vc_column_text]Fill in the form and we will contact you as soon as possible.[\/vc_column_text][vc_empty_space]\n<div class=\"wpcf7 no-js\" id=\"wpcf7-f7827-o1\" lang=\"en-US\" dir=\"ltr\">\n<div class=\"screen-reader-response\"><p role=\"status\" aria-live=\"polite\" aria-atomic=\"true\"><\/p> <ul><\/ul><\/div>\n<form action=\"\/en\/wp-json\/wp\/v2\/pages\/7823#wpcf7-f7827-o1\" method=\"post\" class=\"wpcf7-form init\" aria-label=\"Contact form\" novalidate=\"novalidate\" data-status=\"init\">\n<div style=\"display: none;\">\n<input type=\"hidden\" name=\"_wpcf7\" value=\"7827\" \/>\n<input type=\"hidden\" name=\"_wpcf7_version\" value=\"5.8.7\" \/>\n<input type=\"hidden\" name=\"_wpcf7_locale\" value=\"en_US\" \/>\n<input type=\"hidden\" name=\"_wpcf7_unit_tag\" value=\"wpcf7-f7827-o1\" \/>\n<input type=\"hidden\" name=\"_wpcf7_container_post\" value=\"0\" \/>\n<input type=\"hidden\" name=\"_wpcf7_posted_data_hash\" value=\"\" \/>\n<input type=\"hidden\" name=\"_wpcf7_recaptcha_response\" value=\"\" \/>\n<\/div>\n<p><label> Your Name<br \/>\n<span class=\"wpcf7-form-control-wrap\" data-name=\"your-name\"><input size=\"40\" class=\"wpcf7-form-control wpcf7-text wpcf7-validates-as-required\" aria-required=\"true\" aria-invalid=\"false\" value=\"\" type=\"text\" name=\"your-name\" \/><\/span> <\/label>\n<\/p>\n<p><label> Your e-mail or phone number<br \/>\n<span class=\"wpcf7-form-control-wrap\" data-name=\"your-email\"><input size=\"40\" class=\"wpcf7-form-control wpcf7-email wpcf7-validates-as-required wpcf7-text wpcf7-validates-as-email\" aria-required=\"true\" aria-invalid=\"false\" value=\"\" type=\"email\" name=\"your-email\" \/><\/span> <\/label>\n<\/p>\n<p><label> Your message<br \/>\n<span class=\"wpcf7-form-control-wrap\" data-name=\"your-message\"><textarea cols=\"40\" rows=\"10\" class=\"wpcf7-form-control wpcf7-textarea\" aria-invalid=\"false\" name=\"your-message\"><\/textarea><\/span> <\/label>\n<\/p>\n<div class=\"wpc7-privacy-box\">\n\t<p><span class=\"wpcf7-form-control-wrap\" data-name=\"acceptance-125\"><span class=\"wpcf7-form-control wpcf7-acceptance\"><span class=\"wpcf7-list-item\"><label><input type=\"checkbox\" name=\"acceptance-125\" value=\"1\" aria-invalid=\"false\" \/><span class=\"wpcf7-list-item-label\">I have read and agree to the <a href=\"\/privacy-policy\" target=\"_blank\">privacy policy<\/a><\/span><\/label><\/span><\/span><\/span>\n\t<\/p>\n<\/div>\n<p><input class=\"wpcf7-form-control wpcf7-submit has-spinner\" type=\"submit\" value=\"Send\" \/>\n<\/p><div class=\"inv-recaptcha-holder\"><\/div><div class=\"wpcf7-response-output\" aria-hidden=\"true\"><\/div>\n<\/form>\n<\/div>\n[\/vc_column][\/vc_row][vc_row content_width=&#8221;grid&#8221;][vc_column][vc_column_text]<\/p>\n<h2>Team<\/h2>\n<p>[\/vc_column_text]<div class=\"mkd-separator-holder clearfix  mkd-separator-left\">\n\t<div class=\"mkd-separator\" style=\"border-color: #fdc94b;width: 40px;border-bottom-width: 2px;margin-top: 22px;margin-bottom: 22px\"><\/div>\n<\/div>\n[\/vc_column][\/vc_row][vc_row content_width=&#8221;grid&#8221;][vc_column width=&#8221;1\/3&#8243;][vc_column_text]<\/p>\n<h5 style=\"text-align: left;\">Administrator<\/h5>\n<p style=\"text-align: left;\"><strong>Sandra Pa\u0161kevi\u010dien\u0117<\/strong><\/p>\n<p style=\"text-align: left;\">+370 37 261612<br \/>\ne-mail: <a href=\"mailto:info@agrosistemos.lt\">info@agrosistemos.lt<\/a><\/p>\n<p>[\/vc_column_text][\/vc_column][vc_column width=&#8221;1\/3&#8243;][vc_column_text]<\/p>\n<h5 style=\"text-align: left;\">Director<\/h5>\n<p style=\"text-align: left;\"><strong>Audrius Guzevi\u010dius<\/strong><\/p>\n<p style=\"text-align: left;\">+370 679 28387<br \/>\ne-mail: <a href=\"mailto:audrius@agrosistemos.lt\">audrius@agrosistemos.lt<\/a><\/p>\n<p>[\/vc_column_text][\/vc_column][vc_column width=&#8221;1\/3&#8243;][vc_column_text]<\/p>\n<h5 style=\"text-align: left;\">Chief accountant<\/h5>\n<p style=\"text-align: left;\"><strong>Vilija U\u017ealonien\u0117<\/strong><\/p>\n<p style=\"text-align: left;\">+370 679 28138<br \/>\ne-mail: <a href=\"mailto:buhalterija@agrosistemos.lt\">buhalterija@agrosistemos.lt<\/a><\/p>\n<p>[\/vc_column_text][\/vc_column][\/vc_row][vc_row][vc_column][vc_empty_space][\/vc_column][\/vc_row][vc_row content_width=&#8221;grid&#8221;][vc_column width=&#8221;1\/3&#8243;][vc_column_text]<\/p>\n<h5 style=\"text-align: left;\">Deputy Director<\/h5>\n<p style=\"text-align: left;\"><strong>Mindaugas Ciplinskas<\/strong><\/p>\n<p style=\"text-align: left;\">+370 679 28381<br \/>\ne-mail: <a href=\"mailto:mindaugas@agrosistemos.lt\">mindaugas@agrosistemos.lt<\/a><\/p>\n<p>[\/vc_column_text][\/vc_column][vc_column width=&#8221;1\/3&#8243;][vc_column_text]<\/p>\n<h5 style=\"text-align: left;\">Sales manager<\/h5>\n<p style=\"text-align: left;\"><strong>Vilius Indrikonis<\/strong> (grain storage equipment)<\/p>\n<p style=\"text-align: left;\">+370 652 35007<br \/>\ne-mail: <a href=\"mailto:vilius@agrosistemos.lt\">vilius@agrosistemos.lt<\/a><\/p>\n<p>[\/vc_column_text][\/vc_column][vc_column width=&#8221;1\/3&#8243;][vc_column_text]<\/p>\n<h5 style=\"text-align: left;\">Supervisor<\/h5>\n<p style=\"text-align: left;\"><strong>Audrius Imbrasas<\/strong><\/p>\n<p style=\"text-align: left;\">+370 604 58545<br \/>\ne-mail: <a href=\"mailto:montavimas@agrosistemos.lt\">montavimas@agrosistemos.lt<\/a><\/p>\n<p>[\/vc_column_text][\/vc_column][\/vc_row][vc_row][vc_column][vc_empty_space][\/vc_column][\/vc_row][vc_row content_width=&#8221;grid&#8221;][vc_column width=&#8221;1\/3&#8243;][vc_column_text]<\/p>\n<h5 style=\"text-align: left;\">Project manager (grain storage equipment)<\/h5>\n<p style=\"text-align: left;\"><strong>Erikas Basakirskas<\/strong><\/p>\n<p style=\"text-align: left;\">+370 650 94113<br \/>\ne-mail: <a href=\"mailto:erikas@agrosistemos.lt\">erikas@agrosistemos.lt<\/a><\/p>\n<p>[\/vc_column_text][\/vc_column][vc_column width=&#8221;1\/3&#8243;][vc_column_text]<\/p>\n<h5 style=\"text-align: left;\">Project manager (agricultural machinery)<\/h5>\n<p style=\"text-align: left;\"><strong>Rimantas Savickis<\/strong><\/p>\n<p style=\"text-align: left;\">+370 685 87800<br \/>\ne-mail: <a href=\"mailto:rimantas@agrosistemos.lt\">rimantas@agrosistemos.lt<\/a><\/p>\n<p>[\/vc_column_text][\/vc_column][vc_column width=&#8221;1\/3&#8243;][vc_column_text]<\/p>\n<h5 style=\"text-align: left;\">Constructor<\/h5>\n<p style=\"text-align: left;\"><strong>Renatas Strumskis<\/strong><\/p>\n<p style=\"text-align: left;\">+370 694 65685<br \/>\ne-mail: <a href=\"mailto:renatas@agrosistemos.lt\">renatas@agrosistemos.lt<\/a><\/p>\n<p>[\/vc_column_text][\/vc_column][\/vc_row][vc_row][vc_column][vc_empty_space height=&#8221;64px&#8221;][\/vc_column][\/vc_row][vc_row content_width=&#8221;grid&#8221;][vc_column width=&#8221;1\/3&#8243;][vc_column_text]<\/p>\n<h5 style=\"text-align: left;\">Manager<\/h5>\n<p style=\"text-align: left;\"><strong>Donatas Guzevi\u010dius<\/strong><\/p>\n<p style=\"text-align: left;\">+370 672 44058<br \/>\ne-mail: <a href=\"mailto:donatas@agrosistemos.lt\">donatas@agrosistemos.lt<\/a><\/p>\n<p>[\/vc_column_text][\/vc_column][vc_column width=&#8221;1\/3&#8243;][vc_column_text]<\/p>\n<h5 style=\"text-align: left;\">Manager<\/h5>\n<p style=\"text-align: left;\"><strong>Juris Orbidans<\/strong><\/p>\n<p style=\"text-align: left;\">+370 620 11329<br \/>\n+371 270 95705<br \/>\ne-mail: <a href=\"mailto:juris@agrosistemos.lv\">juris@agrosistemos.lv<\/a><\/p>\n<p>[\/vc_column_text][\/vc_column][vc_column width=&#8221;1\/3&#8243;][vc_column_text]<\/p>\n<h5 style=\"text-align: left;\">Warehouse keeper<\/h5>\n<p style=\"text-align: left;\"><strong>Mindaugas Nak\u010di\u016bnas<\/strong><\/p>\n<p style=\"text-align: left;\">+370\u00a0647 82630<br \/>\ne-mail: <a href=\"mailto:sandelys@agrosistemos.lt\">sandelys@agrosistemos.lt<\/a><\/p>\n<p>[\/vc_column_text][\/vc_column][\/vc_row][vc_row][vc_column][vc_empty_space][\/vc_column][\/vc_row][vc_row][vc_column][vc_empty_space][\/vc_column][\/vc_row][vc_row content_width=&#8221;grid&#8221;][vc_column width=&#8221;1\/3&#8243;][\/vc_column][vc_column width=&#8221;1\/3&#8243;][\/vc_column][vc_column width=&#8221;1\/3&#8243;][\/vc_column][\/vc_row][vc_row][vc_column][vc_empty_space][\/vc_column][\/vc_row]<\/p>\n","protected":false},"excerpt":{"rendered":"<p>[vc_row][vc_column][vc_raw_html]JTNDaWZyYW1lJTIwc3JjJTNEJTIyaHR0cHMlM0ElMkYlMkZ3d3cuZ29vZ2xlLmNvbSUyRm1hcHMlMkZlbWJlZCUzRnBiJTNEJTIxMW0xOCUyMTFtMTIlMjExbTMlMjExZDIyOTAuOTg1Mzg4MjMwMDc2MyUyMTJkMjMuOTAyOTM3MTE2MjQwNDglMjEzZDU0Ljk1NTgxNjg4MDM0Nzc3JTIxMm0zJTIxMWYwJTIxMmYwJTIxM2YwJTIxM20yJTIxMWkxMDI0JTIxMmk3NjglMjE0ZjEzLjElMjEzbTMlMjExbTIlMjExczB4NDZlNzFmMWRlMTA1OWUxMSUyNTNBMHg1NzVhYTJmYzlkOTIzZjUyJTIxMnNBZ3Jvc2lzdGVtb3MlMjE1ZTAlMjEzbTIlMjExc2VuJTIxMnNsdCUyMTR2MTUzNTQ4MDQzMDAyNSUyMiUyMHdpZHRoJTNEJTIyMTAwJTI1JTIyJTIwaGVpZ2h0JTNEJTIyNDUwJTIyJTIwZnJhbWVib3JkZXIlM0QlMjIwJTIyJTIwc3R5bGUlM0QlMjJib3JkZXIlM0EwJTIyJTIwYWxsb3dmdWxsc2NyZWVuJTNFJTNDJTJGaWZyYW1lJTNF[\/vc_raw_html][\/vc_column][\/vc_row][vc_row content_width=&#8221;grid&#8221; css=&#8221;.vc_custom_1477575832892{padding-top: 61px !important;padding-bottom: 56px !important;}&#8221;][vc_column offset=&#8221;vc_col-lg-6&#8243;][vc_column_text] Contact Us [\/vc_column_text][vc_row_inner][vc_column_inner width=&#8221;1\/2&#8243;][vc_column_text] UAB \u201eAgrosistemos\u201c [\/vc_column_text][vc_empty_space height=&#8221;28px&#8221;][vc_empty_space height=&#8221;30px&#8221;][vc_column_text] Company details [\/vc_column_text][vc_empty_space height=&#8221;28px&#8221;][\/vc_column_inner][vc_column_inner width=&#8221;1\/2&#8243;][vc_empty_space height=&#8221;30px&#8221;][\/vc_column_inner][\/vc_row_inner][vc_empty_space height=&#8221;9px&#8221;][\/vc_column][vc_column offset=&#8221;vc_col-lg-6&#8243;][vc_row_inner][vc_column_inner width=&#8221;1\/3&#8243;][vc_column_text] Partners in Latvia SIA Agrosistemos LV Avi\u0101cijas iela 18, Jelgava Mob. +37129991797 Mob. +37127095705 info@agrosistemos.lv www.agrosistemos.lv[\/vc_column_text][\/vc_column_inner][vc_column_inner width=&#8221;2\/3&#8243;][vc_column_text] Partners in&#8230;<\/p>\n","protected":false},"author":4,"featured_media":0,"parent":0,"menu_order":0,"comment_status":"closed","ping_status":"closed","template":"full-width.php","meta":{"footnotes":""},"yoast_head":"<!-- This site is optimized with the Yoast SEO plugin v22.1 - https:\/\/yoast.com\/wordpress\/plugins\/seo\/ -->\n<title>Kontaktai | \u017dem\u0117s \u016bkio technika | \u017dem\u0117s \u016bkio \u012frengimai | Atsargin\u0117s dalys<\/title>\n<meta name=\"description\" content=\"Kontaktai | \u017dem\u0117s \u016bkio technika | \u017dem\u0117s \u016bkio \u012frengimai | Atsargin\u0117s dalys. Agrosistemos viskas J\u016bs\u0173 moderniam \u016bkiui.\" \/>\n<meta name=\"robots\" content=\"index, follow, max-snippet:-1, max-image-preview:large, max-video-preview:-1\" \/>\n<link rel=\"canonical\" href=\"https:\/\/www.agrosistemos.lt\/en\/contact-us\/\" \/>\n<meta property=\"og:locale\" content=\"en_US\" \/>\n<meta property=\"og:type\" content=\"article\" \/>\n<meta property=\"og:title\" content=\"Kontaktai | \u017dem\u0117s \u016bkio technika | \u017dem\u0117s \u016bkio \u012frengimai | Atsargin\u0117s dalys\" \/>\n<meta property=\"og:description\" content=\"Kontaktai | \u017dem\u0117s \u016bkio technika | \u017dem\u0117s \u016bkio \u012frengimai | Atsargin\u0117s dalys. Agrosistemos viskas J\u016bs\u0173 moderniam \u016bkiui.\" \/>\n<meta property=\"og:url\" content=\"https:\/\/www.agrosistemos.lt\/en\/contact-us\/\" \/>\n<meta property=\"og:site_name\" content=\"Agrosistemos\" \/>\n<meta property=\"article:publisher\" content=\"https:\/\/www.facebook.com\/agrosistemos\/\" \/>\n<meta property=\"article:modified_time\" content=\"2020-12-01T20:22:23+00:00\" \/>\n<meta property=\"og:image\" content=\"https:\/\/www.agrosistemos.lt\/wp-content\/uploads\/2017\/07\/logo.png\" \/>\n\t<meta property=\"og:image:width\" content=\"170\" \/>\n\t<meta property=\"og:image:height\" content=\"92\" \/>\n\t<meta property=\"og:image:type\" content=\"image\/png\" \/>\n<meta name=\"twitter:card\" content=\"summary_large_image\" \/>\n<meta name=\"twitter:label1\" content=\"Est. reading time\" \/>\n\t<meta name=\"twitter:data1\" content=\"5 minutes\" \/>\n<script type=\"application\/ld+json\" class=\"yoast-schema-graph\">{\"@context\":\"https:\/\/schema.org\",\"@graph\":[{\"@type\":\"WebPage\",\"@id\":\"https:\/\/www.agrosistemos.lt\/en\/contact-us\/\",\"url\":\"https:\/\/www.agrosistemos.lt\/en\/contact-us\/\",\"name\":\"Kontaktai | \u017dem\u0117s \u016bkio technika | \u017dem\u0117s \u016bkio \u012frengimai | Atsargin\u0117s dalys\",\"isPartOf\":{\"@id\":\"https:\/\/www.agrosistemos.lt\/ru\/#website\"},\"datePublished\":\"2016-10-27T12:48:31+00:00\",\"dateModified\":\"2020-12-01T20:22:23+00:00\",\"description\":\"Kontaktai | \u017dem\u0117s \u016bkio technika | \u017dem\u0117s \u016bkio \u012frengimai | Atsargin\u0117s dalys. Agrosistemos viskas J\u016bs\u0173 moderniam \u016bkiui.\",\"breadcrumb\":{\"@id\":\"https:\/\/www.agrosistemos.lt\/en\/contact-us\/#breadcrumb\"},\"inLanguage\":\"en-US\",\"potentialAction\":[{\"@type\":\"ReadAction\",\"target\":[\"https:\/\/www.agrosistemos.lt\/en\/contact-us\/\"]}]},{\"@type\":\"BreadcrumbList\",\"@id\":\"https:\/\/www.agrosistemos.lt\/en\/contact-us\/#breadcrumb\",\"itemListElement\":[{\"@type\":\"ListItem\",\"position\":1,\"name\":\"Home\",\"item\":\"https:\/\/www.agrosistemos.lt\/en\/\"},{\"@type\":\"ListItem\",\"position\":2,\"name\":\"Contact us\"}]},{\"@type\":\"WebSite\",\"@id\":\"https:\/\/www.agrosistemos.lt\/ru\/#website\",\"url\":\"https:\/\/www.agrosistemos.lt\/ru\/\",\"name\":\"Agrosistemos\",\"description\":\"Viskas moderniam \u016bkiui\",\"publisher\":{\"@id\":\"https:\/\/www.agrosistemos.lt\/ru\/#organization\"},\"potentialAction\":[{\"@type\":\"SearchAction\",\"target\":{\"@type\":\"EntryPoint\",\"urlTemplate\":\"https:\/\/www.agrosistemos.lt\/ru\/?s={search_term_string}\"},\"query-input\":\"required name=search_term_string\"}],\"inLanguage\":\"en-US\"},{\"@type\":\"Organization\",\"@id\":\"https:\/\/www.agrosistemos.lt\/ru\/#organization\",\"name\":\"UAB Agrosistemos\",\"url\":\"https:\/\/www.agrosistemos.lt\/ru\/\",\"logo\":{\"@type\":\"ImageObject\",\"inLanguage\":\"en-US\",\"@id\":\"https:\/\/www.agrosistemos.lt\/ru\/#\/schema\/logo\/image\/\",\"url\":\"https:\/\/www.agrosistemos.lt\/wp-content\/uploads\/2019\/03\/Piktogramai-e1582537433243.png\",\"contentUrl\":\"https:\/\/www.agrosistemos.lt\/wp-content\/uploads\/2019\/03\/Piktogramai-e1582537433243.png\",\"width\":100,\"height\":100,\"caption\":\"UAB Agrosistemos\"},\"image\":{\"@id\":\"https:\/\/www.agrosistemos.lt\/ru\/#\/schema\/logo\/image\/\"},\"sameAs\":[\"https:\/\/www.facebook.com\/agrosistemos\/\"]}]}<\/script>\n<!-- \/ Yoast SEO plugin. -->","yoast_head_json":{"title":"Kontaktai | \u017dem\u0117s \u016bkio technika | \u017dem\u0117s \u016bkio \u012frengimai | Atsargin\u0117s dalys","description":"Kontaktai | \u017dem\u0117s \u016bkio technika | \u017dem\u0117s \u016bkio \u012frengimai | Atsargin\u0117s dalys. Agrosistemos viskas J\u016bs\u0173 moderniam \u016bkiui.","robots":{"index":"index","follow":"follow","max-snippet":"max-snippet:-1","max-image-preview":"max-image-preview:large","max-video-preview":"max-video-preview:-1"},"canonical":"https:\/\/www.agrosistemos.lt\/en\/contact-us\/","og_locale":"en_US","og_type":"article","og_title":"Kontaktai | \u017dem\u0117s \u016bkio technika | \u017dem\u0117s \u016bkio \u012frengimai | Atsargin\u0117s dalys","og_description":"Kontaktai | \u017dem\u0117s \u016bkio technika | \u017dem\u0117s \u016bkio \u012frengimai | Atsargin\u0117s dalys. Agrosistemos viskas J\u016bs\u0173 moderniam \u016bkiui.","og_url":"https:\/\/www.agrosistemos.lt\/en\/contact-us\/","og_site_name":"Agrosistemos","article_publisher":"https:\/\/www.facebook.com\/agrosistemos\/","article_modified_time":"2020-12-01T20:22:23+00:00","og_image":[{"width":170,"height":92,"url":"https:\/\/www.agrosistemos.lt\/wp-content\/uploads\/2017\/07\/logo.png","type":"image\/png"}],"twitter_card":"summary_large_image","twitter_misc":{"Est. reading time":"5 minutes"},"schema":{"@context":"https:\/\/schema.org","@graph":[{"@type":"WebPage","@id":"https:\/\/www.agrosistemos.lt\/en\/contact-us\/","url":"https:\/\/www.agrosistemos.lt\/en\/contact-us\/","name":"Kontaktai | \u017dem\u0117s \u016bkio technika | \u017dem\u0117s \u016bkio \u012frengimai | Atsargin\u0117s dalys","isPartOf":{"@id":"https:\/\/www.agrosistemos.lt\/ru\/#website"},"datePublished":"2016-10-27T12:48:31+00:00","dateModified":"2020-12-01T20:22:23+00:00","description":"Kontaktai | \u017dem\u0117s \u016bkio technika | \u017dem\u0117s \u016bkio \u012frengimai | Atsargin\u0117s dalys. Agrosistemos viskas J\u016bs\u0173 moderniam \u016bkiui.","breadcrumb":{"@id":"https:\/\/www.agrosistemos.lt\/en\/contact-us\/#breadcrumb"},"inLanguage":"en-US","potentialAction":[{"@type":"ReadAction","target":["https:\/\/www.agrosistemos.lt\/en\/contact-us\/"]}]},{"@type":"BreadcrumbList","@id":"https:\/\/www.agrosistemos.lt\/en\/contact-us\/#breadcrumb","itemListElement":[{"@type":"ListItem","position":1,"name":"Home","item":"https:\/\/www.agrosistemos.lt\/en\/"},{"@type":"ListItem","position":2,"name":"Contact us"}]},{"@type":"WebSite","@id":"https:\/\/www.agrosistemos.lt\/ru\/#website","url":"https:\/\/www.agrosistemos.lt\/ru\/","name":"Agrosistemos","description":"Viskas moderniam \u016bkiui","publisher":{"@id":"https:\/\/www.agrosistemos.lt\/ru\/#organization"},"potentialAction":[{"@type":"SearchAction","target":{"@type":"EntryPoint","urlTemplate":"https:\/\/www.agrosistemos.lt\/ru\/?s={search_term_string}"},"query-input":"required name=search_term_string"}],"inLanguage":"en-US"},{"@type":"Organization","@id":"https:\/\/www.agrosistemos.lt\/ru\/#organization","name":"UAB Agrosistemos","url":"https:\/\/www.agrosistemos.lt\/ru\/","logo":{"@type":"ImageObject","inLanguage":"en-US","@id":"https:\/\/www.agrosistemos.lt\/ru\/#\/schema\/logo\/image\/","url":"https:\/\/www.agrosistemos.lt\/wp-content\/uploads\/2019\/03\/Piktogramai-e1582537433243.png","contentUrl":"https:\/\/www.agrosistemos.lt\/wp-content\/uploads\/2019\/03\/Piktogramai-e1582537433243.png","width":100,"height":100,"caption":"UAB Agrosistemos"},"image":{"@id":"https:\/\/www.agrosistemos.lt\/ru\/#\/schema\/logo\/image\/"},"sameAs":["https:\/\/www.facebook.com\/agrosistemos\/"]}]}},"_links":{"self":[{"href":"https:\/\/www.agrosistemos.lt\/en\/wp-json\/wp\/v2\/pages\/7823"}],"collection":[{"href":"https:\/\/www.agrosistemos.lt\/en\/wp-json\/wp\/v2\/pages"}],"about":[{"href":"https:\/\/www.agrosistemos.lt\/en\/wp-json\/wp\/v2\/types\/page"}],"author":[{"embeddable":true,"href":"https:\/\/www.agrosistemos.lt\/en\/wp-json\/wp\/v2\/users\/4"}],"replies":[{"embeddable":true,"href":"https:\/\/www.agrosistemos.lt\/en\/wp-json\/wp\/v2\/comments?post=7823"}],"version-history":[{"count":9,"href":"https:\/\/www.agrosistemos.lt\/en\/wp-json\/wp\/v2\/pages\/7823\/revisions"}],"predecessor-version":[{"id":9900,"href":"https:\/\/www.agrosistemos.lt\/en\/wp-json\/wp\/v2\/pages\/7823\/revisions\/9900"}],"wp:attachment":[{"href":"https:\/\/www.agrosistemos.lt\/en\/wp-json\/wp\/v2\/media?parent=7823"}],"curies":[{"name":"wp","href":"https:\/\/api.w.org\/{rel}","templated":true}]}}