{"id":12553,"date":"2018-03-09T13:00:58","date_gmt":"2018-03-09T13:00:58","guid":{"rendered":"https:\/\/www.agrosistemos.lt\/grain-storage-equipment\/dregnomaciai\/"},"modified":"2026-03-13T06:25:45","modified_gmt":"2026-03-13T06:25:45","slug":"dregnomaciai","status":"publish","type":"page","link":"https:\/\/www.agrosistemos.lt\/en\/grain-storage-equipment\/dregnomaciai\/","title":{"rendered":"Moisture analyzers"},"content":{"rendered":"<p>[vc_row][vc_column][vc_column_text]<\/p>\n<h3>Moisture analyzers<\/h3>\n<p>[\/vc_column_text][vc_empty_space][vc_column_text]<\/p>\n<div class=\"flex flex-col text-sm\">\n<article class=\"text-token-text-primary w-full focus:outline-none [--shadow-height:45px] has-data-writing-block:pointer-events-none has-data-writing-block:-mt-(--shadow-height) has-data-writing-block:pt-(--shadow-height) [&amp;:has([data-writing-block])&gt;*]:pointer-events-auto scroll-mt-[calc(var(--header-height)+min(200px,max(70px,20svh)))]\" dir=\"auto\" tabindex=\"-1\" data-turn-id=\"request-WEB:bae32c60-b251-481a-acef-12541187ddeb-8\" data-testid=\"conversation-turn-18\" data-scroll-anchor=\"true\" data-turn=\"assistant\">\n<div class=\"text-base my-auto mx-auto pb-10 [--thread-content-margin:var(--thread-content-margin-xs,calc(var(--spacing)*4))] @w-sm\/main:[--thread-content-margin:var(--thread-content-margin-sm,calc(var(--spacing)*6))] @w-lg\/main:[--thread-content-margin:var(--thread-content-margin-lg,calc(var(--spacing)*16))] px-(--thread-content-margin)\">\n<div class=\"[--thread-content-max-width:40rem] @w-lg\/main:[--thread-content-max-width:48rem] mx-auto max-w-(--thread-content-max-width) flex-1 group\/turn-messages focus-visible:outline-hidden relative flex w-full min-w-0 flex-col agent-turn\" tabindex=\"-1\">\n<div class=\"flex max-w-full flex-col gap-4 grow\">\n<div class=\"min-h-8 text-message relative flex w-full flex-col items-end gap-2 text-start break-words whitespace-normal [.text-message+&amp;]:mt-1\" dir=\"auto\" data-message-author-role=\"assistant\" data-message-id=\"686732e8-a823-46e3-b3c7-d6f7356b140a\" data-message-model-slug=\"gpt-5-3\">\n<div class=\"flex w-full flex-col gap-1 empty:hidden\">\n<div class=\"markdown prose dark:prose-invert w-full wrap-break-word light markdown-new-styling\">\n<p data-start=\"29\" data-end=\"231\">In farm conditions, measuring moisture content is the simplest and most important method of evaluating grain quality. On farms, it is suitable to use moisture meters that measure quickly and accurately.<\/p>\n<p data-start=\"233\" data-end=\"451\" data-is-last-node=\"\" data-is-only-node=\"\">The Danish company <strong>Supertech Agroline APS<\/strong>, with more than 20 years of experience in manufacturing high-quality moisture and temperature measuring equipment, offers these very convenient and easy-to-use moisture meters.<\/p>\n<\/div>\n<\/div>\n<\/div>\n<\/div>\n<div class=\"z-0 flex min-h-[46px] justify-start\"><\/div>\n<\/div>\n<\/div>\n<\/article>\n<\/div>\n<div class=\"pointer-events-none h-px w-px absolute bottom-0\" aria-hidden=\"true\" data-edge=\"true\"><\/div>\n<p>[\/vc_column_text][vc_empty_space][\/vc_column][\/vc_row][vc_row][vc_column width=&#8221;1\/2&#8243;][vc_column_text]<\/p>\n<h3 style=\"text-align: center;\"><a href=\" https:\/\/www.agrosistemos.lt\/grudu-sandeliavimo-ir-transportavimo-technika\/dregnomaciai\/dregnomatis-supertech-superpro\/\">Moisture analyzer Supertech Superpro<\/a><\/h3>\n<p>[\/vc_column_text][vc_empty_space][vc_single_image image=&#8221;5335&#8243; img_size=&#8221;full&#8221; onclick=&#8221;custom_link&#8221; link=&#8221;https:\/\/www.agrosistemos.lt\/en\/grain-storage-equipment\/grain-moisture-meters\/&#8221;][vc_empty_space][\/vc_column][vc_column width=&#8221;1\/2&#8243;][vc_column_text]<\/p>\n<h3 style=\"text-align: center;\"><a href=\"https:\/\/www.agrosistemos.lt\/en\/grain-storage-equipment\/dregnomaciai\/c-pro\/\">Moisture analyzer C-PRO<\/a><\/h3>\n<p>[\/vc_column_text][vc_empty_space][vc_single_image image=&#8221;10011&#8243; img_size=&#8221;full&#8221; onclick=&#8221;custom_link&#8221; link=&#8221;https:\/\/www.agrosistemos.lt\/en\/grain-storage-equipment\/dregnomaciai\/c-pro\/&#8221;][vc_empty_space][\/vc_column][\/vc_row][vc_row][vc_column]<a itemprop=\"url\" href=\"https:\/\/www.agrosistemos.lt\/en\/grain-storage-equipment\/\" target=\"_self\"  class=\"mkd-btn mkd-btn-medium mkd-btn-solid\"  >\n    <span class=\"mkd-btn-text\">Back<\/span>\n    <\/a>[\/vc_column][\/vc_row]<\/p>\n","protected":false},"excerpt":{"rendered":"<p>[vc_row][vc_column][vc_column_text] Moisture analyzers [\/vc_column_text][vc_empty_space][vc_column_text] In farm conditions, measuring moisture content is the simplest and most important method of evaluating grain quality. On farms, it is suitable to use moisture meters that measure quickly and accurately. The Danish company Supertech Agroline APS, with more than 20&#8230;<\/p>\n","protected":false},"author":4,"featured_media":0,"parent":7224,"menu_order":0,"comment_status":"closed","ping_status":"closed","template":"","meta":{"footnotes":""},"yoast_head":"<!-- This site is optimized with the Yoast SEO plugin v22.1 - https:\/\/yoast.com\/wordpress\/plugins\/seo\/ -->\n<title>Moisture analyzers | Agrosistemos | Gr\u016bd\u0173 sand\u0117liavimui<\/title>\n<meta name=\"description\" content=\"In farm conditions, measuring moisture content is the simplest and most important method of evaluating grain quality. On farms, it is suitable to use moisture meters that measure quickly and accurately\" \/>\n<meta name=\"robots\" content=\"index, follow, max-snippet:-1, max-image-preview:large, max-video-preview:-1\" \/>\n<link rel=\"canonical\" href=\"https:\/\/www.agrosistemos.lt\/en\/grain-storage-equipment\/dregnomaciai\/\" \/>\n<meta property=\"og:locale\" content=\"en_US\" \/>\n<meta property=\"og:type\" content=\"article\" \/>\n<meta property=\"og:title\" content=\"Moisture analyzers | Agrosistemos | Gr\u016bd\u0173 sand\u0117liavimui\" \/>\n<meta property=\"og:description\" content=\"In farm conditions, measuring moisture content is the simplest and most important method of evaluating grain quality. On farms, it is suitable to use moisture meters that measure quickly and accurately\" \/>\n<meta property=\"og:url\" content=\"https:\/\/www.agrosistemos.lt\/en\/grain-storage-equipment\/dregnomaciai\/\" \/>\n<meta property=\"og:site_name\" content=\"Agrosistemos\" \/>\n<meta property=\"article:publisher\" content=\"https:\/\/www.facebook.com\/agrosistemos\/\" \/>\n<meta property=\"article:modified_time\" content=\"2026-03-13T06:25:45+00:00\" \/>\n<meta property=\"og:image\" content=\"https:\/\/www.agrosistemos.lt\/wp-content\/uploads\/2017\/07\/logo.png\" \/>\n\t<meta property=\"og:image:width\" content=\"170\" \/>\n\t<meta property=\"og:image:height\" content=\"92\" \/>\n\t<meta property=\"og:image:type\" content=\"image\/png\" \/>\n<meta name=\"twitter:card\" content=\"summary_large_image\" \/>\n<meta name=\"twitter:label1\" content=\"Est. reading time\" \/>\n\t<meta name=\"twitter:data1\" content=\"1 minute\" \/>\n<script type=\"application\/ld+json\" class=\"yoast-schema-graph\">{\"@context\":\"https:\/\/schema.org\",\"@graph\":[{\"@type\":\"WebPage\",\"@id\":\"https:\/\/www.agrosistemos.lt\/en\/grain-storage-equipment\/dregnomaciai\/\",\"url\":\"https:\/\/www.agrosistemos.lt\/en\/grain-storage-equipment\/dregnomaciai\/\",\"name\":\"Moisture analyzers | Agrosistemos | Gr\u016bd\u0173 sand\u0117liavimui\",\"isPartOf\":{\"@id\":\"https:\/\/www.agrosistemos.lt\/ru\/#website\"},\"datePublished\":\"2018-03-09T13:00:58+00:00\",\"dateModified\":\"2026-03-13T06:25:45+00:00\",\"description\":\"In farm conditions, measuring moisture content is the simplest and most important method of evaluating grain quality. On farms, it is suitable to use moisture meters that measure quickly and accurately\",\"breadcrumb\":{\"@id\":\"https:\/\/www.agrosistemos.lt\/en\/grain-storage-equipment\/dregnomaciai\/#breadcrumb\"},\"inLanguage\":\"en-US\",\"potentialAction\":[{\"@type\":\"ReadAction\",\"target\":[\"https:\/\/www.agrosistemos.lt\/en\/grain-storage-equipment\/dregnomaciai\/\"]}]},{\"@type\":\"BreadcrumbList\",\"@id\":\"https:\/\/www.agrosistemos.lt\/en\/grain-storage-equipment\/dregnomaciai\/#breadcrumb\",\"itemListElement\":[{\"@type\":\"ListItem\",\"position\":1,\"name\":\"Home\",\"item\":\"https:\/\/www.agrosistemos.lt\/en\/\"},{\"@type\":\"ListItem\",\"position\":2,\"name\":\"Grain storage equipment\",\"item\":\"https:\/\/www.agrosistemos.lt\/en\/grain-storage-equipment\/\"},{\"@type\":\"ListItem\",\"position\":3,\"name\":\"Moisture analyzers\"}]},{\"@type\":\"WebSite\",\"@id\":\"https:\/\/www.agrosistemos.lt\/ru\/#website\",\"url\":\"https:\/\/www.agrosistemos.lt\/ru\/\",\"name\":\"Agrosistemos\",\"description\":\"Viskas moderniam \u016bkiui\",\"publisher\":{\"@id\":\"https:\/\/www.agrosistemos.lt\/ru\/#organization\"},\"potentialAction\":[{\"@type\":\"SearchAction\",\"target\":{\"@type\":\"EntryPoint\",\"urlTemplate\":\"https:\/\/www.agrosistemos.lt\/ru\/?s={search_term_string}\"},\"query-input\":\"required name=search_term_string\"}],\"inLanguage\":\"en-US\"},{\"@type\":\"Organization\",\"@id\":\"https:\/\/www.agrosistemos.lt\/ru\/#organization\",\"name\":\"UAB Agrosistemos\",\"url\":\"https:\/\/www.agrosistemos.lt\/ru\/\",\"logo\":{\"@type\":\"ImageObject\",\"inLanguage\":\"en-US\",\"@id\":\"https:\/\/www.agrosistemos.lt\/ru\/#\/schema\/logo\/image\/\",\"url\":\"https:\/\/www.agrosistemos.lt\/wp-content\/uploads\/2019\/03\/Piktogramai-e1582537433243.png\",\"contentUrl\":\"https:\/\/www.agrosistemos.lt\/wp-content\/uploads\/2019\/03\/Piktogramai-e1582537433243.png\",\"width\":100,\"height\":100,\"caption\":\"UAB Agrosistemos\"},\"image\":{\"@id\":\"https:\/\/www.agrosistemos.lt\/ru\/#\/schema\/logo\/image\/\"},\"sameAs\":[\"https:\/\/www.facebook.com\/agrosistemos\/\"]}]}<\/script>\n<!-- \/ Yoast SEO plugin. -->","yoast_head_json":{"title":"Moisture analyzers | Agrosistemos | Gr\u016bd\u0173 sand\u0117liavimui","description":"In farm conditions, measuring moisture content is the simplest and most important method of evaluating grain quality. On farms, it is suitable to use moisture meters that measure quickly and accurately","robots":{"index":"index","follow":"follow","max-snippet":"max-snippet:-1","max-image-preview":"max-image-preview:large","max-video-preview":"max-video-preview:-1"},"canonical":"https:\/\/www.agrosistemos.lt\/en\/grain-storage-equipment\/dregnomaciai\/","og_locale":"en_US","og_type":"article","og_title":"Moisture analyzers | Agrosistemos | Gr\u016bd\u0173 sand\u0117liavimui","og_description":"In farm conditions, measuring moisture content is the simplest and most important method of evaluating grain quality. On farms, it is suitable to use moisture meters that measure quickly and accurately","og_url":"https:\/\/www.agrosistemos.lt\/en\/grain-storage-equipment\/dregnomaciai\/","og_site_name":"Agrosistemos","article_publisher":"https:\/\/www.facebook.com\/agrosistemos\/","article_modified_time":"2026-03-13T06:25:45+00:00","og_image":[{"width":170,"height":92,"url":"https:\/\/www.agrosistemos.lt\/wp-content\/uploads\/2017\/07\/logo.png","type":"image\/png"}],"twitter_card":"summary_large_image","twitter_misc":{"Est. reading time":"1 minute"},"schema":{"@context":"https:\/\/schema.org","@graph":[{"@type":"WebPage","@id":"https:\/\/www.agrosistemos.lt\/en\/grain-storage-equipment\/dregnomaciai\/","url":"https:\/\/www.agrosistemos.lt\/en\/grain-storage-equipment\/dregnomaciai\/","name":"Moisture analyzers | Agrosistemos | Gr\u016bd\u0173 sand\u0117liavimui","isPartOf":{"@id":"https:\/\/www.agrosistemos.lt\/ru\/#website"},"datePublished":"2018-03-09T13:00:58+00:00","dateModified":"2026-03-13T06:25:45+00:00","description":"In farm conditions, measuring moisture content is the simplest and most important method of evaluating grain quality. On farms, it is suitable to use moisture meters that measure quickly and accurately","breadcrumb":{"@id":"https:\/\/www.agrosistemos.lt\/en\/grain-storage-equipment\/dregnomaciai\/#breadcrumb"},"inLanguage":"en-US","potentialAction":[{"@type":"ReadAction","target":["https:\/\/www.agrosistemos.lt\/en\/grain-storage-equipment\/dregnomaciai\/"]}]},{"@type":"BreadcrumbList","@id":"https:\/\/www.agrosistemos.lt\/en\/grain-storage-equipment\/dregnomaciai\/#breadcrumb","itemListElement":[{"@type":"ListItem","position":1,"name":"Home","item":"https:\/\/www.agrosistemos.lt\/en\/"},{"@type":"ListItem","position":2,"name":"Grain storage equipment","item":"https:\/\/www.agrosistemos.lt\/en\/grain-storage-equipment\/"},{"@type":"ListItem","position":3,"name":"Moisture analyzers"}]},{"@type":"WebSite","@id":"https:\/\/www.agrosistemos.lt\/ru\/#website","url":"https:\/\/www.agrosistemos.lt\/ru\/","name":"Agrosistemos","description":"Viskas moderniam \u016bkiui","publisher":{"@id":"https:\/\/www.agrosistemos.lt\/ru\/#organization"},"potentialAction":[{"@type":"SearchAction","target":{"@type":"EntryPoint","urlTemplate":"https:\/\/www.agrosistemos.lt\/ru\/?s={search_term_string}"},"query-input":"required name=search_term_string"}],"inLanguage":"en-US"},{"@type":"Organization","@id":"https:\/\/www.agrosistemos.lt\/ru\/#organization","name":"UAB Agrosistemos","url":"https:\/\/www.agrosistemos.lt\/ru\/","logo":{"@type":"ImageObject","inLanguage":"en-US","@id":"https:\/\/www.agrosistemos.lt\/ru\/#\/schema\/logo\/image\/","url":"https:\/\/www.agrosistemos.lt\/wp-content\/uploads\/2019\/03\/Piktogramai-e1582537433243.png","contentUrl":"https:\/\/www.agrosistemos.lt\/wp-content\/uploads\/2019\/03\/Piktogramai-e1582537433243.png","width":100,"height":100,"caption":"UAB Agrosistemos"},"image":{"@id":"https:\/\/www.agrosistemos.lt\/ru\/#\/schema\/logo\/image\/"},"sameAs":["https:\/\/www.facebook.com\/agrosistemos\/"]}]}},"_links":{"self":[{"href":"https:\/\/www.agrosistemos.lt\/en\/wp-json\/wp\/v2\/pages\/12553"}],"collection":[{"href":"https:\/\/www.agrosistemos.lt\/en\/wp-json\/wp\/v2\/pages"}],"about":[{"href":"https:\/\/www.agrosistemos.lt\/en\/wp-json\/wp\/v2\/types\/page"}],"author":[{"embeddable":true,"href":"https:\/\/www.agrosistemos.lt\/en\/wp-json\/wp\/v2\/users\/4"}],"replies":[{"embeddable":true,"href":"https:\/\/www.agrosistemos.lt\/en\/wp-json\/wp\/v2\/comments?post=12553"}],"version-history":[{"count":3,"href":"https:\/\/www.agrosistemos.lt\/en\/wp-json\/wp\/v2\/pages\/12553\/revisions"}],"predecessor-version":[{"id":12581,"href":"https:\/\/www.agrosistemos.lt\/en\/wp-json\/wp\/v2\/pages\/12553\/revisions\/12581"}],"up":[{"embeddable":true,"href":"https:\/\/www.agrosistemos.lt\/en\/wp-json\/wp\/v2\/pages\/7224"}],"wp:attachment":[{"href":"https:\/\/www.agrosistemos.lt\/en\/wp-json\/wp\/v2\/media?parent=12553"}],"curies":[{"name":"wp","href":"https:\/\/api.w.org\/{rel}","templated":true}]}}