{"id":11058,"date":"2026-02-06T13:01:41","date_gmt":"2026-02-06T13:01:41","guid":{"rendered":"https:\/\/www.agrosistemos.lt\/grain-storage-equipment\/grain-storage-silos\/cone-shaped-silos\/konusiniai-grudu-bokstai-mysilo\/"},"modified":"2026-03-05T12:25:22","modified_gmt":"2026-03-05T12:25:22","slug":"konusiniai-grudu-bokstai-mysilo","status":"publish","type":"page","link":"https:\/\/www.agrosistemos.lt\/en\/grain-storage-equipment\/grain-storage-silos\/cone-shaped-silos\/konusiniai-grudu-bokstai-mysilo\/","title":{"rendered":"Cone-shaped grain silos MYSiLO"},"content":{"rendered":"<p>[vc_row][vc_column width=&#8221;2\/3&#8243;][vc_column_text]<\/p>\n<h3>Cone-shaped grain silos MYSiLO<\/h3>\n<p>[\/vc_column_text][vc_empty_space][vc_column_text]Economical conical bottom silos are ideal for small capacity grain and feed storage requirements.<br \/>\nEconomical conical bottom silos are designed for safe storage of grain and feed with different diameters between 2.75m and 6.41m and a maximum capacity of 270m\u00b3.<br \/>\nIdeal for easy discharge of stored grain or feed.<br \/>\nConical base angles of 45-60\u00b0 are designed according to the type of product to be stored.<\/p>\n<p>Sidewall Sheets:<br \/>\nMysilo, manufacturing more durable silos thanks to the narrowest corrugated sidewall sheet of 65 mm, has a huge advantage against its competitors with this feature.<\/p>\n<p>Mysilo uses 600 gr\/m\u00b2 galvanized sidewall sheets at total on both surfaces which makes Mysilo silos long-lasting. With this, Mysilo is making a difference to their competitors who use less coating..[\/vc_column_text][vc_empty_space][vc_single_image image=&#8221;11027&#8243; img_size=&#8221;300&#215;100&#8243; onclick=&#8221;link_image&#8221;][vc_empty_space][vc_column_text]Mysilo,<br \/>\nBy further narrowing the wall sheet, which is considered to be the narrowest corrugated in the world (67.6 mm \/ 2.66 \u201c), Mysilo is proud to be the only company to produce silos from the worlds narrowest corrugated wall (65mm \/ 2.56 \u201c)<\/p>\n<p>Bolt:<br \/>\nAt all junction points of sidewall sheets and stiffeners, DACROMET 500 coated 10.9 quality bolts are used in order to ensure the maximum durability. Thanks to the high density polyethylene conical gaskets found in bolts, sealing is kept at the highest level.<\/p>\n<p>\u0130nsulation:<br \/>\nHot and cold resistant insulations is used in the joints of sidewall sheets to provide excellent sealling in all climates.[\/vc_column_text][vc_empty_space][\/vc_column][vc_column width=&#8221;1\/3&#8243;][vc_single_image image=&#8221;11035&#8243; img_size=&#8221;full&#8221; alignment=&#8221;center&#8221;][vc_empty_space][vc_single_image image=&#8221;11048&#8243; img_size=&#8221;full&#8221;][vc_empty_space][vc_single_image image=&#8221;11554&#8243; img_size=&#8221;full&#8221;][\/vc_column][\/vc_row][vc_row][vc_column width=&#8221;1\/3&#8243;]<a itemprop=\"url\" href=\"https:\/\/mysilo.com\/en\/category\/19\/economic-hopper-base-silos#product\" target=\"_blank\" style=\"color: #0a0a0a\" class=\"mkd-btn mkd-btn-large mkd-btn-minimal mkd-btn-custom-hover-color\" data-hover-color=\"#fdc94b\" >\n    <span class=\"mkd-btn-text\">Link to the manufacturer\u2019s website: Economic Hopper Base Silos<\/span>\n    <span aria-hidden=\"true\" class=\"mkd-icon-font-elegant  \" ><\/span><\/a>[vc_empty_space height=&#8221;16px&#8221;][\/vc_column][vc_column width=&#8221;1\/3&#8243;]<a itemprop=\"url\" href=\"https:\/\/mysilo.com\/en\/category\/18\/commercial-hopper-base-silos\" target=\"_blank\" style=\"color: #0a0a0a\" class=\"mkd-btn mkd-btn-large mkd-btn-minimal mkd-btn-custom-hover-color mkd-btn-icon\" data-hover-color=\"#fdc94b\" >\n    <span class=\"mkd-btn-text\">Link to the manufacturer\u2019s website: Commercial Hopper Base Silos<\/span>\n    <span aria-hidden=\"true\" class=\"mkd-icon-font-elegant arrow_right \" ><\/span><\/a>[\/vc_column][\/vc_row][vc_row][vc_column width=&#8221;1\/4&#8243;][vc_single_image image=&#8221;11541&#8243; img_size=&#8221;220&#215;150&#8243; onclick=&#8221;link_image&#8221;][\/vc_column][vc_column width=&#8221;1\/4&#8243;][vc_single_image image=&#8221;11544&#8243; img_size=&#8221;220&#215;150&#8243; onclick=&#8221;link_image&#8221;][\/vc_column][vc_column width=&#8221;1\/4&#8243;][vc_single_image image=&#8221;11547&#8243; img_size=&#8221;220&#215;150&#8243; onclick=&#8221;link_image&#8221;][\/vc_column][vc_column width=&#8221;1\/4&#8243;][vc_single_image image=&#8221;11550&#8243; img_size=&#8221;220&#215;150&#8243; onclick=&#8221;link_image&#8221;][\/vc_column][\/vc_row][vc_row][vc_column width=&#8221;1\/3&#8243;][vc_empty_space height=&#8221;40px&#8221;][vc_single_image image=&#8221;11062&#8243; img_size=&#8221;full&#8221; alignment=&#8221;center&#8221; onclick=&#8221;link_image&#8221;][vc_empty_space]<a itemprop=\"url\" href=\"https:\/\/www.agrosistemos.lt\/en\/grain-storage-equipment\/grain-storage-silos\/cone-shaped-silos\/\" target=\"_self\"  class=\"mkd-btn mkd-btn-medium mkd-btn-solid\"  >\n    <span class=\"mkd-btn-text\">Back<\/span>\n    <\/a>[\/vc_column][vc_column width=&#8221;1\/3&#8243;][vc_empty_space height=&#8221;40px&#8221;][vc_single_image image=&#8221;11131&#8243; img_size=&#8221;full&#8221; onclick=&#8221;link_image&#8221;][\/vc_column][vc_column width=&#8221;1\/3&#8243;][vc_empty_space][vc_column_text]\n<div class=\"wpcf7 no-js\" id=\"wpcf7-f7827-o1\" lang=\"en-US\" dir=\"ltr\">\n<div class=\"screen-reader-response\"><p role=\"status\" aria-live=\"polite\" aria-atomic=\"true\"><\/p> <ul><\/ul><\/div>\n<form action=\"\/en\/wp-json\/wp\/v2\/pages\/11058#wpcf7-f7827-o1\" method=\"post\" class=\"wpcf7-form init\" aria-label=\"Contact form\" novalidate=\"novalidate\" data-status=\"init\">\n<div style=\"display: none;\">\n<input type=\"hidden\" name=\"_wpcf7\" value=\"7827\" \/>\n<input type=\"hidden\" name=\"_wpcf7_version\" value=\"5.8.7\" \/>\n<input type=\"hidden\" name=\"_wpcf7_locale\" value=\"en_US\" \/>\n<input type=\"hidden\" name=\"_wpcf7_unit_tag\" value=\"wpcf7-f7827-o1\" \/>\n<input type=\"hidden\" name=\"_wpcf7_container_post\" value=\"0\" \/>\n<input type=\"hidden\" name=\"_wpcf7_posted_data_hash\" value=\"\" \/>\n<input type=\"hidden\" name=\"_wpcf7_recaptcha_response\" value=\"\" \/>\n<\/div>\n<p><label> Your Name<br \/>\n<span class=\"wpcf7-form-control-wrap\" data-name=\"your-name\"><input size=\"40\" class=\"wpcf7-form-control wpcf7-text wpcf7-validates-as-required\" aria-required=\"true\" aria-invalid=\"false\" value=\"\" type=\"text\" name=\"your-name\" \/><\/span> <\/label>\n<\/p>\n<p><label> Your e-mail or phone number<br \/>\n<span class=\"wpcf7-form-control-wrap\" data-name=\"your-email\"><input size=\"40\" class=\"wpcf7-form-control wpcf7-email wpcf7-validates-as-required wpcf7-text wpcf7-validates-as-email\" aria-required=\"true\" aria-invalid=\"false\" value=\"\" type=\"email\" name=\"your-email\" \/><\/span> <\/label>\n<\/p>\n<p><label> Your message<br \/>\n<span class=\"wpcf7-form-control-wrap\" data-name=\"your-message\"><textarea cols=\"40\" rows=\"10\" class=\"wpcf7-form-control wpcf7-textarea\" aria-invalid=\"false\" name=\"your-message\"><\/textarea><\/span> <\/label>\n<\/p>\n<div class=\"wpc7-privacy-box\">\n\t<p><span class=\"wpcf7-form-control-wrap\" data-name=\"acceptance-125\"><span class=\"wpcf7-form-control wpcf7-acceptance\"><span class=\"wpcf7-list-item\"><label><input type=\"checkbox\" name=\"acceptance-125\" value=\"1\" aria-invalid=\"false\" \/><span class=\"wpcf7-list-item-label\">I have read and agree to the <a href=\"\/privacy-policy\" target=\"_blank\">privacy policy<\/a><\/span><\/label><\/span><\/span><\/span>\n\t<\/p>\n<\/div>\n<p><input class=\"wpcf7-form-control wpcf7-submit has-spinner\" type=\"submit\" value=\"Send\" \/>\n<\/p><div class=\"inv-recaptcha-holder\"><\/div><div class=\"wpcf7-response-output\" aria-hidden=\"true\"><\/div>\n<\/form>\n<\/div>\n[\/vc_column_text][vc_empty_space][\/vc_column][\/vc_row]<\/p>\n","protected":false},"excerpt":{"rendered":"<p>[vc_row][vc_column width=&#8221;2\/3&#8243;][vc_column_text] Cone-shaped grain silos MYSiLO [\/vc_column_text][vc_empty_space][vc_column_text]Economical conical bottom silos are ideal for small capacity grain and feed storage requirements. Economical conical bottom silos are designed for safe storage of grain and feed with different diameters between 2.75m and 6.41m and a maximum capacity of&#8230;<\/p>\n","protected":false},"author":4,"featured_media":0,"parent":7246,"menu_order":0,"comment_status":"closed","ping_status":"closed","template":"","meta":{"footnotes":""},"yoast_head":"<!-- This site is optimized with the Yoast SEO plugin v22.1 - https:\/\/yoast.com\/wordpress\/plugins\/seo\/ -->\n<title>Cone-shaped grain silos MYSiLO | Agrosistemos<\/title>\n<meta name=\"description\" content=\"MYSiLO konusinio dugno bok\u0161tai idealiai tinka ma\u017eos talpos gr\u016bd\u0173 ir pa\u0161ar\u0173 sand\u0117liavimui.\" \/>\n<meta name=\"robots\" content=\"index, follow, max-snippet:-1, max-image-preview:large, max-video-preview:-1\" \/>\n<link rel=\"canonical\" href=\"https:\/\/www.agrosistemos.lt\/en\/grain-storage-equipment\/grain-storage-silos\/cone-shaped-silos\/konusiniai-grudu-bokstai-mysilo\/\" \/>\n<meta property=\"og:locale\" content=\"en_US\" \/>\n<meta property=\"og:type\" content=\"article\" \/>\n<meta property=\"og:title\" content=\"Cone-shaped grain silos MYSiLO | Agrosistemos\" \/>\n<meta property=\"og:description\" content=\"MYSiLO konusinio dugno bok\u0161tai idealiai tinka ma\u017eos talpos gr\u016bd\u0173 ir pa\u0161ar\u0173 sand\u0117liavimui.\" \/>\n<meta property=\"og:url\" content=\"https:\/\/www.agrosistemos.lt\/en\/grain-storage-equipment\/grain-storage-silos\/cone-shaped-silos\/konusiniai-grudu-bokstai-mysilo\/\" \/>\n<meta property=\"og:site_name\" content=\"Agrosistemos\" \/>\n<meta property=\"article:publisher\" content=\"https:\/\/www.facebook.com\/agrosistemos\/\" \/>\n<meta property=\"article:modified_time\" content=\"2026-03-05T12:25:22+00:00\" \/>\n<meta property=\"og:image\" content=\"https:\/\/www.agrosistemos.lt\/wp-content\/uploads\/2017\/07\/logo.png\" \/>\n\t<meta property=\"og:image:width\" content=\"170\" \/>\n\t<meta property=\"og:image:height\" content=\"92\" \/>\n\t<meta property=\"og:image:type\" content=\"image\/png\" \/>\n<meta name=\"twitter:card\" content=\"summary_large_image\" \/>\n<meta name=\"twitter:label1\" content=\"Est. reading time\" \/>\n\t<meta name=\"twitter:data1\" content=\"2 minutes\" \/>\n<script type=\"application\/ld+json\" class=\"yoast-schema-graph\">{\"@context\":\"https:\/\/schema.org\",\"@graph\":[{\"@type\":\"WebPage\",\"@id\":\"https:\/\/www.agrosistemos.lt\/en\/grain-storage-equipment\/grain-storage-silos\/cone-shaped-silos\/konusiniai-grudu-bokstai-mysilo\/\",\"url\":\"https:\/\/www.agrosistemos.lt\/en\/grain-storage-equipment\/grain-storage-silos\/cone-shaped-silos\/konusiniai-grudu-bokstai-mysilo\/\",\"name\":\"Cone-shaped grain silos MYSiLO | Agrosistemos\",\"isPartOf\":{\"@id\":\"https:\/\/www.agrosistemos.lt\/ru\/#website\"},\"datePublished\":\"2026-02-06T13:01:41+00:00\",\"dateModified\":\"2026-03-05T12:25:22+00:00\",\"description\":\"MYSiLO konusinio dugno bok\u0161tai idealiai tinka ma\u017eos talpos gr\u016bd\u0173 ir pa\u0161ar\u0173 sand\u0117liavimui.\",\"breadcrumb\":{\"@id\":\"https:\/\/www.agrosistemos.lt\/en\/grain-storage-equipment\/grain-storage-silos\/cone-shaped-silos\/konusiniai-grudu-bokstai-mysilo\/#breadcrumb\"},\"inLanguage\":\"en-US\",\"potentialAction\":[{\"@type\":\"ReadAction\",\"target\":[\"https:\/\/www.agrosistemos.lt\/en\/grain-storage-equipment\/grain-storage-silos\/cone-shaped-silos\/konusiniai-grudu-bokstai-mysilo\/\"]}]},{\"@type\":\"BreadcrumbList\",\"@id\":\"https:\/\/www.agrosistemos.lt\/en\/grain-storage-equipment\/grain-storage-silos\/cone-shaped-silos\/konusiniai-grudu-bokstai-mysilo\/#breadcrumb\",\"itemListElement\":[{\"@type\":\"ListItem\",\"position\":1,\"name\":\"Home\",\"item\":\"https:\/\/www.agrosistemos.lt\/en\/\"},{\"@type\":\"ListItem\",\"position\":2,\"name\":\"Grain storage equipment\",\"item\":\"https:\/\/www.agrosistemos.lt\/en\/grain-storage-equipment\/\"},{\"@type\":\"ListItem\",\"position\":3,\"name\":\"Grain storage silos\",\"item\":\"https:\/\/www.agrosistemos.lt\/en\/grain-storage-equipment\/grain-storage-silos\/\"},{\"@type\":\"ListItem\",\"position\":4,\"name\":\"Cone-shaped grain silos\",\"item\":\"https:\/\/www.agrosistemos.lt\/en\/grain-storage-equipment\/grain-storage-silos\/cone-shaped-silos\/\"},{\"@type\":\"ListItem\",\"position\":5,\"name\":\"Cone-shaped grain silos MYSiLO\"}]},{\"@type\":\"WebSite\",\"@id\":\"https:\/\/www.agrosistemos.lt\/ru\/#website\",\"url\":\"https:\/\/www.agrosistemos.lt\/ru\/\",\"name\":\"Agrosistemos\",\"description\":\"Viskas moderniam \u016bkiui\",\"publisher\":{\"@id\":\"https:\/\/www.agrosistemos.lt\/ru\/#organization\"},\"potentialAction\":[{\"@type\":\"SearchAction\",\"target\":{\"@type\":\"EntryPoint\",\"urlTemplate\":\"https:\/\/www.agrosistemos.lt\/ru\/?s={search_term_string}\"},\"query-input\":\"required name=search_term_string\"}],\"inLanguage\":\"en-US\"},{\"@type\":\"Organization\",\"@id\":\"https:\/\/www.agrosistemos.lt\/ru\/#organization\",\"name\":\"UAB Agrosistemos\",\"url\":\"https:\/\/www.agrosistemos.lt\/ru\/\",\"logo\":{\"@type\":\"ImageObject\",\"inLanguage\":\"en-US\",\"@id\":\"https:\/\/www.agrosistemos.lt\/ru\/#\/schema\/logo\/image\/\",\"url\":\"https:\/\/www.agrosistemos.lt\/wp-content\/uploads\/2019\/03\/Piktogramai-e1582537433243.png\",\"contentUrl\":\"https:\/\/www.agrosistemos.lt\/wp-content\/uploads\/2019\/03\/Piktogramai-e1582537433243.png\",\"width\":100,\"height\":100,\"caption\":\"UAB Agrosistemos\"},\"image\":{\"@id\":\"https:\/\/www.agrosistemos.lt\/ru\/#\/schema\/logo\/image\/\"},\"sameAs\":[\"https:\/\/www.facebook.com\/agrosistemos\/\"]}]}<\/script>\n<!-- \/ Yoast SEO plugin. -->","yoast_head_json":{"title":"Cone-shaped grain silos MYSiLO | Agrosistemos","description":"MYSiLO konusinio dugno bok\u0161tai idealiai tinka ma\u017eos talpos gr\u016bd\u0173 ir pa\u0161ar\u0173 sand\u0117liavimui.","robots":{"index":"index","follow":"follow","max-snippet":"max-snippet:-1","max-image-preview":"max-image-preview:large","max-video-preview":"max-video-preview:-1"},"canonical":"https:\/\/www.agrosistemos.lt\/en\/grain-storage-equipment\/grain-storage-silos\/cone-shaped-silos\/konusiniai-grudu-bokstai-mysilo\/","og_locale":"en_US","og_type":"article","og_title":"Cone-shaped grain silos MYSiLO | Agrosistemos","og_description":"MYSiLO konusinio dugno bok\u0161tai idealiai tinka ma\u017eos talpos gr\u016bd\u0173 ir pa\u0161ar\u0173 sand\u0117liavimui.","og_url":"https:\/\/www.agrosistemos.lt\/en\/grain-storage-equipment\/grain-storage-silos\/cone-shaped-silos\/konusiniai-grudu-bokstai-mysilo\/","og_site_name":"Agrosistemos","article_publisher":"https:\/\/www.facebook.com\/agrosistemos\/","article_modified_time":"2026-03-05T12:25:22+00:00","og_image":[{"width":170,"height":92,"url":"https:\/\/www.agrosistemos.lt\/wp-content\/uploads\/2017\/07\/logo.png","type":"image\/png"}],"twitter_card":"summary_large_image","twitter_misc":{"Est. reading time":"2 minutes"},"schema":{"@context":"https:\/\/schema.org","@graph":[{"@type":"WebPage","@id":"https:\/\/www.agrosistemos.lt\/en\/grain-storage-equipment\/grain-storage-silos\/cone-shaped-silos\/konusiniai-grudu-bokstai-mysilo\/","url":"https:\/\/www.agrosistemos.lt\/en\/grain-storage-equipment\/grain-storage-silos\/cone-shaped-silos\/konusiniai-grudu-bokstai-mysilo\/","name":"Cone-shaped grain silos MYSiLO | Agrosistemos","isPartOf":{"@id":"https:\/\/www.agrosistemos.lt\/ru\/#website"},"datePublished":"2026-02-06T13:01:41+00:00","dateModified":"2026-03-05T12:25:22+00:00","description":"MYSiLO konusinio dugno bok\u0161tai idealiai tinka ma\u017eos talpos gr\u016bd\u0173 ir pa\u0161ar\u0173 sand\u0117liavimui.","breadcrumb":{"@id":"https:\/\/www.agrosistemos.lt\/en\/grain-storage-equipment\/grain-storage-silos\/cone-shaped-silos\/konusiniai-grudu-bokstai-mysilo\/#breadcrumb"},"inLanguage":"en-US","potentialAction":[{"@type":"ReadAction","target":["https:\/\/www.agrosistemos.lt\/en\/grain-storage-equipment\/grain-storage-silos\/cone-shaped-silos\/konusiniai-grudu-bokstai-mysilo\/"]}]},{"@type":"BreadcrumbList","@id":"https:\/\/www.agrosistemos.lt\/en\/grain-storage-equipment\/grain-storage-silos\/cone-shaped-silos\/konusiniai-grudu-bokstai-mysilo\/#breadcrumb","itemListElement":[{"@type":"ListItem","position":1,"name":"Home","item":"https:\/\/www.agrosistemos.lt\/en\/"},{"@type":"ListItem","position":2,"name":"Grain storage equipment","item":"https:\/\/www.agrosistemos.lt\/en\/grain-storage-equipment\/"},{"@type":"ListItem","position":3,"name":"Grain storage silos","item":"https:\/\/www.agrosistemos.lt\/en\/grain-storage-equipment\/grain-storage-silos\/"},{"@type":"ListItem","position":4,"name":"Cone-shaped grain silos","item":"https:\/\/www.agrosistemos.lt\/en\/grain-storage-equipment\/grain-storage-silos\/cone-shaped-silos\/"},{"@type":"ListItem","position":5,"name":"Cone-shaped grain silos MYSiLO"}]},{"@type":"WebSite","@id":"https:\/\/www.agrosistemos.lt\/ru\/#website","url":"https:\/\/www.agrosistemos.lt\/ru\/","name":"Agrosistemos","description":"Viskas moderniam \u016bkiui","publisher":{"@id":"https:\/\/www.agrosistemos.lt\/ru\/#organization"},"potentialAction":[{"@type":"SearchAction","target":{"@type":"EntryPoint","urlTemplate":"https:\/\/www.agrosistemos.lt\/ru\/?s={search_term_string}"},"query-input":"required name=search_term_string"}],"inLanguage":"en-US"},{"@type":"Organization","@id":"https:\/\/www.agrosistemos.lt\/ru\/#organization","name":"UAB Agrosistemos","url":"https:\/\/www.agrosistemos.lt\/ru\/","logo":{"@type":"ImageObject","inLanguage":"en-US","@id":"https:\/\/www.agrosistemos.lt\/ru\/#\/schema\/logo\/image\/","url":"https:\/\/www.agrosistemos.lt\/wp-content\/uploads\/2019\/03\/Piktogramai-e1582537433243.png","contentUrl":"https:\/\/www.agrosistemos.lt\/wp-content\/uploads\/2019\/03\/Piktogramai-e1582537433243.png","width":100,"height":100,"caption":"UAB Agrosistemos"},"image":{"@id":"https:\/\/www.agrosistemos.lt\/ru\/#\/schema\/logo\/image\/"},"sameAs":["https:\/\/www.facebook.com\/agrosistemos\/"]}]}},"_links":{"self":[{"href":"https:\/\/www.agrosistemos.lt\/en\/wp-json\/wp\/v2\/pages\/11058"}],"collection":[{"href":"https:\/\/www.agrosistemos.lt\/en\/wp-json\/wp\/v2\/pages"}],"about":[{"href":"https:\/\/www.agrosistemos.lt\/en\/wp-json\/wp\/v2\/types\/page"}],"author":[{"embeddable":true,"href":"https:\/\/www.agrosistemos.lt\/en\/wp-json\/wp\/v2\/users\/4"}],"replies":[{"embeddable":true,"href":"https:\/\/www.agrosistemos.lt\/en\/wp-json\/wp\/v2\/comments?post=11058"}],"version-history":[{"count":9,"href":"https:\/\/www.agrosistemos.lt\/en\/wp-json\/wp\/v2\/pages\/11058\/revisions"}],"predecessor-version":[{"id":12437,"href":"https:\/\/www.agrosistemos.lt\/en\/wp-json\/wp\/v2\/pages\/11058\/revisions\/12437"}],"up":[{"embeddable":true,"href":"https:\/\/www.agrosistemos.lt\/en\/wp-json\/wp\/v2\/pages\/7246"}],"wp:attachment":[{"href":"https:\/\/www.agrosistemos.lt\/en\/wp-json\/wp\/v2\/media?parent=11058"}],"curies":[{"name":"wp","href":"https:\/\/api.w.org\/{rel}","templated":true}]}}